{"id":9791,"date":"2020-03-24T12:54:08","date_gmt":"2020-03-24T12:54:08","guid":{"rendered":"https:\/\/agaca.coop\/go-grass-2\/"},"modified":"2024-03-06T10:46:31","modified_gmt":"2024-03-06T10:46:31","slug":"go-grass","status":"publish","type":"page","link":"https:\/\/agaca.coop\/gl\/go-grass\/","title":{"rendered":"GO-GRASS"},"content":{"rendered":"<p>[vc_row][vc_column][vc_column_text]<\/p>\n<h3><img loading=\"lazy\" decoding=\"async\" class=\"wp-image-18879 alignright\" src=\"https:\/\/agaca.coop\/wp-content\/uploads\/2021\/02\/go-grass_logo.png\" alt=\"go-grass_logo\" width=\"121\" height=\"137\" \/>GO-GRASS desenvolver\u00e1 un novo sistema agroalimentario circular e integral cuxa principal aplicaci\u00f3n ser\u00e1 en pasteiros e que se probar\u00e1 a pequena escala. Proporcionar\u00e1 modelos de negocio para empresarios e autoridades locais, con tecnolox\u00edas innovadoras e procesos e ferramentas aplicables en 4 rexi\u00f3ns europeas. Para iso, consider\u00e1ronse todas as circunstancias sociais, econ\u00f3micas e ambientales en \u00e1reas rurais.<\/h3>\n<p>&nbsp;<\/p>\n<table>\n<tbody>\n<tr>\n<td width=\"\"><strong><span style=\"color: #7baa7e;\">EN CIFRAS<\/span>:<\/strong><\/td>\n<td width=\"\"><strong>|\u00a0 <\/strong><strong>22 SOCIOS\u00a0 <\/strong><br \/>\n<strong>|\u00a0 <\/strong><strong>8 PA\u00cdSES\u00a0 <\/strong><br \/>\n<strong>|\u00a0 <\/strong><strong>14 M \u20ac <\/strong><br \/>\n<strong>|\u00a0 <\/strong><strong>2019-2023\u00a0 <\/strong><\/td>\n<td width=\"\"><img loading=\"lazy\" decoding=\"async\" class=\"wp-image-6789 aligncenter\" src=\"https:\/\/agaca.coop\/wp-content\/uploads\/2021\/02\/wb_bandera_UE.jpg\" alt=\"wb_bandera_UE\" width=\"86\" height=\"57\" \/><\/td>\n<td style=\"padding-left: 30px;\" width=\"400\"><em>This project has received funding from the European Union&#8217;s Horizon 2020 research and innovation programme under grant agreement N\u00ba 862674. <\/em><\/td>\n<\/tr>\n<\/tbody>\n<\/table>\n<p><span style=\"color: #7baa7e;\"><strong>OBXECTIVOS<\/strong><\/span><\/p>\n<p>O proxecto prop\u00f3n unha alternativa \u00e1 econom\u00eda europea reducindo a cantidade de importaci\u00f3ns dalg\u00fans materiais crus cr\u00edticos, inclu\u00eddos nutrientes como o f\u00f3sforo ou mesmo prote\u00ednas.[\/vc_column_text][\/vc_column][\/vc_row][vc_row][vc_column width=&#8221;2\/3&#8243;][vc_column_text]GO-GRASS busca <strong>reducir o impacto ambiental<\/strong> ao reducir a dependencia dos combustibles f\u00f3siles.<\/p>\n<p>As turbeiras abandonadas establecidas con alpiste cinta (<em>Phalaris arundinacea<\/em>) almacenar\u00e1n m\u00e1is carbono no chan que se o chan non se utiliza.<\/p>\n<p>O aumento de carbono org\u00e1nico nos solos aumentar\u00e1 a capacidade de retenci\u00f3n de auga e un aumento da oferta de nutrientes dos solos, recuperando as s\u00faas propiedades e logrando mellores rendementos.<\/p>\n<p>GO-GRASS est\u00e1 a <strong>adaptar tecnolox\u00edas seleccionadas<\/strong> (tecnolox\u00edas de briquetizaci\u00f3n e dixesti\u00f3n, procesos de conversi\u00f3n por pir\u00f3lise e carbonizaci\u00f3n hidrotermal) a pequena escala, para que poidan implementarse a nivel de granxa.<\/p>\n<p>GO-GRASS est\u00e1 a <strong>desenvolver novos produtos<\/strong> (fibras para papel e cart\u00f3ns, cama para animais, fertilizantes de alto valor, prote\u00ednas para pensos)<\/p>\n<p>O uso de fibras de herba na produci\u00f3n de cart\u00f3ns de ovos (demostraci\u00f3n holandesa) d\u00e1 como resultado unha reduci\u00f3n do 50% no uso de auga e un 10% menos de escape de gases de efecto invernadoiro. Os cart\u00f3ns son 100% reciclables.<\/p>\n<blockquote><p>Utilizando especies novas e subutilizadas, GO-GRASS apoiar\u00e1 os obxectivos da estratexia de biodiversidade da UE.<\/p><\/blockquote>\n<p>As novas alternativas analizadas en GO-GRASS <strong>axudar\u00e1n \u00e1 permanencia dos mozos nas zonas rurais<\/strong>, dando novas alternativas aos mozos e empresarios. Con esa fixaci\u00f3n da poboaci\u00f3n, esp\u00e9rase minimizar o envellecemento da poboaci\u00f3n.<\/p>\n<p>GO-GRASS <strong>crea tecnolox\u00edas innovadoras<\/strong>, con resultados abertos:[\/vc_column_text][\/vc_column][vc_column width=&#8221;1\/3&#8243;][vc_column_text]<iframe loading=\"lazy\" title=\"YouTube video player\" src=\"https:\/\/www.youtube.com\/embed\/PkU3Ndz6Gxk\" width=\"560\" height=\"315\" frameborder=\"0\" allowfullscreen=\"allowfullscreen\"><\/iframe>[\/vc_column_text][\/vc_column][\/vc_row][vc_row][vc_column][vc_column_text]<span style=\"color: #7baa7e;\"><strong>4 <em>SITIOS-DEMO<\/em><\/strong><\/span><\/p>\n<p>Para desenvolver modelos comerciais rendibles e circulares que poidan explotar o potencial infrautilizado dos recursos de c\u00e9spede, os socios de GO-GRASS probar\u00e1n unha ampla gama de soluci\u00f3ns en catro sitios de demostraci\u00f3n rexionais prometedores situados nos Pa\u00edses Baixos, Suecia, Alema\u00f1a e Dinamarca.[\/vc_column_text][\/vc_column][\/vc_row][vc_row][vc_column width=&#8221;1\/4&#8243;][vc_video link=&#8221;https:\/\/www.youtube.com\/watch?v=-SQOvnutkNY&#8221;][\/vc_column][vc_column width=&#8221;3\/4&#8243;][vc_column_text]O <strong>sitio DEMO de Dinamarca<\/strong> investiga o potencial da herba como fonte proteica para porcos, en substituci\u00f3n da soia; ademais, trata de aproveitar os residuos xerados nese proceso.[\/vc_column_text][\/vc_column][\/vc_row][vc_row][vc_column width=&#8221;1\/4&#8243;][vc_video link=&#8221;https:\/\/www.youtube.com\/watch?v=S5DtmosrNi8&#8243;][\/vc_column][vc_column width=&#8221;3\/4&#8243;][vc_column_text]O <strong>sitio DEMO de Suecia<\/strong> investiga o potencial do alpiste cinta (<em>reed canary grass<\/em>) para facer camas para animaais, en substituci\u00f3n doutros materiais m\u00e1is tradicionais como a palla (dif\u00edcil esparexer e non tan absorvente) ou as labras de madeira (moi finas e de degradado moi lento). O alpiste cinta \u00e9 suave, o que reduce el riesgo de ferida nos animais, e non \u00e9 necesario cambialo cada d\u00eda, como labras de madeira, polo que reduce a carga de traballo. Ademais, o esterco procedente do alpiste cinta produce un 10% m\u00e1is de biog\u00e1s, segundo as investigac\u00f3ns do proxecto[\/vc_column_text][\/vc_column][\/vc_row][vc_row][vc_column width=&#8221;1\/4&#8243;][vc_video link=&#8221;https:\/\/www.youtube.com\/watch?v=wKa1kxyo5tA&#8221;][\/vc_column][vc_column width=&#8221;3\/4&#8243;][vc_column_text]O <strong>sitio DEMO de Pa\u00edses Baixos<\/strong> investiga como obter papel a partir de restos de herba procedentes das marxes das estradas, tendo en conta a importancia do balance entre dureza e deshidrataci\u00f3n das tiras de celulosa no proceso de elaboraci\u00f3n das follas.[\/vc_column_text][\/vc_column][\/vc_row][vc_row][vc_column width=&#8221;1\/4&#8243;][vc_video link=&#8221;https:\/\/www.youtube.com\/watch?v=Jo4VFeIp2Ik&#8221;][\/vc_column][vc_column width=&#8221;3\/4&#8243;][vc_column_text]O\u00a0<strong>sitio DEMO de Alema\u00f1a<\/strong> investiga como transformar o pasto de baixa calidade nutricional dos humidais en biochar mediante pir\u00f3lise ou carbonaci\u00f3n hidrotermal (HTC).\u00a0 O biochar pode ser un suplemento para a produci\u00f3n de enerx\u00eda en plantas de biog\u00e1s.<\/p>\n<p>O produto final pode ser utilizado en terras agr\u00edcolas, aumentando a capacidade de retenci\u00f3n de auga e os nutrientes e actuando como substituto dos fertilizantes minerais. O piloto tam\u00e9n desenvolver\u00e1 tecnolox\u00edas para a colleita, preprocesado e conservaci\u00f3n do pasto.[\/vc_column_text][\/vc_column][\/vc_row][vc_row][vc_column][vc_column_text]<\/p>\n<h3 style=\"text-align: left;\">+ informaci\u00f3n sobre o proxecto en:<\/h3>\n<p>[\/vc_column_text][\/vc_column][\/vc_row][vc_row][vc_column width=&#8221;1\/4&#8243;][vc_column_text]<img loading=\"lazy\" decoding=\"async\" class=\"aligleft wp-image-18888\" src=\"https:\/\/agaca.coop\/wp-content\/uploads\/2021\/02\/go-grass-photo-768x576-1.jpg\" alt=\"go-grass-photo-768x576\" width=\"140\" height=\"105\" \/>[\/vc_column_text][\/vc_column][vc_column width=&#8221;3\/4&#8243;][vc_column_text]- Web: <a style=\"color: blue; text-decoration: underline;\"  href=\"https:\/\/agaca.coop\/gl\/?goto=TEoTW1kWBwFNDw9dS0RyAxYRSAAeLDsW\">go-grass.eu<\/a><br \/>\n&#8211; Twitter: <a style=\"color: blue; text-decoration: underline;\"  href=\"https:\/\/agaca.coop\/gl\/?goto=TEoTW1kWBwFODxEHWE4tSgcfVlx3JglLKQU8BxY\">https:\/\/twitter.com\/GoGrassEU<\/a><br \/>\n&#8211; Linkedin: <a style=\"color: blue; text-decoration: underline;\"  href=\"https:\/\/agaca.coop\/gl\/?goto=TEoTW1kWBwFNDw9dQEIxDwEUUh0eKiFUZxUgLzNKLwF_PVgOU0ARXjc\">https:\/\/www.linkedin.com\/company\/go-grass<\/a><br \/>\n&#8211; Instagram: <a style=\"color: blue; text-decoration: underline;\"  href=\"https:\/\/agaca.coop\/gl\/?goto=TEoTW1kWBwFNDw9dRUUsEAUXSRJdZy1WJVkoLSRZIAsjP0IM\">https:\/\/www.instagram.com\/gograsseu\/<\/a><br \/>\n&#8211; Folleto: <a style=\"color: blue; text-decoration: underline;\"  href=\"https:\/\/agaca.coop\/wp-content\/uploads\/2022\/01\/GO-GRASS-folleto.pdf\">formato PDF, 1 MB<\/a>[\/vc_column_text][\/vc_column][\/vc_row][vc_row][vc_column][vc_column_text]O 12 de xullo de 2022 tivo lugar unha breve presentaci\u00f3n do proxecto no marco dunha xornada organizada por AGACA, que levou por t\u00edtulo \u00abSostibilidade, Pegada de Carbono e Pegada H\u00eddrica na produci\u00f3n de leite\u00bb. A presentaci\u00f3n pode consultarse aqu\u00ed: <a style=\"color: blue; text-decoration: underline;\"  href=\"https:\/\/agaca.coop\/wp-content\/uploads\/2022\/07\/cepes-xornada-sostibilidade-2022-GO-GRASS-Mosquera-Vazquez.pdf\">descargar PDF<\/a>.[\/vc_column_text][\/vc_column][\/vc_row]<\/p>\n","protected":false},"excerpt":{"rendered":"<p>[vc_row][vc_column][vc_column_text] GO-GRASS desenvolver\u00e1 un novo sistema agroalimentario circular e integral cuxa principal aplicaci\u00f3n ser\u00e1 en pasteiros e que se probar\u00e1 a pequena escala. Proporcionar\u00e1 modelos de negocio para empresarios e autoridades locais, con tecnolox\u00edas innovadoras e procesos e ferramentas aplicables en 4 rexi\u00f3ns europeas. Para iso, consider\u00e1ronse todas as circunstancias sociais, econ\u00f3micas e ambientales en [&hellip;]<\/p>\n","protected":false},"author":1,"featured_media":0,"parent":0,"menu_order":0,"comment_status":"open","ping_status":"open","template":"","meta":{"_monsterinsights_skip_tracking":false,"_monsterinsights_sitenote_active":false,"_monsterinsights_sitenote_note":"","_monsterinsights_sitenote_category":0,"footnotes":""},"class_list":["post-9791","page","type-page","status-publish","hentry"],"yoast_head":"<!-- This site is optimized with the Yoast SEO plugin v19.11 - https:\/\/yoast.com\/wordpress\/plugins\/seo\/ -->\n<title>GO-GRASS - AGACA<\/title>\n<meta name=\"robots\" content=\"index, follow, max-snippet:-1, max-image-preview:large, max-video-preview:-1\" \/>\n<link rel=\"canonical\" href=\"https:\/\/agaca.coop\/gl\/go-grass\/\" \/>\n<meta property=\"og:locale\" content=\"gl_ES\" \/>\n<meta property=\"og:type\" content=\"article\" \/>\n<meta property=\"og:title\" content=\"GO-GRASS - AGACA\" \/>\n<meta property=\"og:description\" content=\"[vc_row][vc_column][vc_column_text] GO-GRASS desenvolver\u00e1 un novo sistema agroalimentario circular e integral cuxa principal aplicaci\u00f3n ser\u00e1 en pasteiros e que se probar\u00e1 a pequena escala. Proporcionar\u00e1 modelos de negocio para empresarios e autoridades locais, con tecnolox\u00edas innovadoras e procesos e ferramentas aplicables en 4 rexi\u00f3ns europeas. Para iso, consider\u00e1ronse todas as circunstancias sociais, econ\u00f3micas e ambientales en [&hellip;]\" \/>\n<meta property=\"og:url\" content=\"https:\/\/agaca.coop\/gl\/go-grass\/\" \/>\n<meta property=\"og:site_name\" content=\"AGACA\" \/>\n<meta property=\"article:modified_time\" content=\"2024-03-06T10:46:31+00:00\" \/>\n<meta property=\"og:image\" content=\"https:\/\/agaca.coop\/wp-content\/uploads\/2021\/02\/go-grass_logo.png\" \/>\n<meta name=\"twitter:card\" content=\"summary_large_image\" \/>\n<meta name=\"twitter:label1\" content=\"Tempo de lectura\" \/>\n\t<meta name=\"twitter:data1\" content=\"4 minutos\" \/>\n<script type=\"application\/ld+json\" class=\"yoast-schema-graph\">{\"@context\":\"https:\/\/schema.org\",\"@graph\":[{\"@type\":\"WebPage\",\"@id\":\"https:\/\/agaca.coop\/gl\/go-grass\/\",\"url\":\"https:\/\/agaca.coop\/gl\/go-grass\/\",\"name\":\"GO-GRASS - AGACA\",\"isPartOf\":{\"@id\":\"https:\/\/agaca.coop\/#website\"},\"datePublished\":\"2020-03-24T12:54:08+00:00\",\"dateModified\":\"2024-03-06T10:46:31+00:00\",\"breadcrumb\":{\"@id\":\"https:\/\/agaca.coop\/gl\/go-grass\/#breadcrumb\"},\"inLanguage\":\"gl-ES\",\"potentialAction\":[{\"@type\":\"ReadAction\",\"target\":[\"https:\/\/agaca.coop\/gl\/go-grass\/\"]}]},{\"@type\":\"BreadcrumbList\",\"@id\":\"https:\/\/agaca.coop\/gl\/go-grass\/#breadcrumb\",\"itemListElement\":[{\"@type\":\"ListItem\",\"position\":1,\"name\":\"Portada\",\"item\":\"https:\/\/agaca.coop\/gl\/\"},{\"@type\":\"ListItem\",\"position\":2,\"name\":\"GO-GRASS\"}]},{\"@type\":\"WebSite\",\"@id\":\"https:\/\/agaca.coop\/#website\",\"url\":\"https:\/\/agaca.coop\/\",\"name\":\"AGACA\",\"description\":\"Asociaci\u00f3n Galega de Cooperativas Agrarias\",\"potentialAction\":[{\"@type\":\"SearchAction\",\"target\":{\"@type\":\"EntryPoint\",\"urlTemplate\":\"https:\/\/agaca.coop\/?s={search_term_string}\"},\"query-input\":\"required name=search_term_string\"}],\"inLanguage\":\"gl-ES\"}]}<\/script>\n<!-- \/ Yoast SEO plugin. -->","yoast_head_json":{"title":"GO-GRASS - AGACA","robots":{"index":"index","follow":"follow","max-snippet":"max-snippet:-1","max-image-preview":"max-image-preview:large","max-video-preview":"max-video-preview:-1"},"canonical":"https:\/\/agaca.coop\/gl\/go-grass\/","og_locale":"gl_ES","og_type":"article","og_title":"GO-GRASS - AGACA","og_description":"[vc_row][vc_column][vc_column_text] GO-GRASS desenvolver\u00e1 un novo sistema agroalimentario circular e integral cuxa principal aplicaci\u00f3n ser\u00e1 en pasteiros e que se probar\u00e1 a pequena escala. Proporcionar\u00e1 modelos de negocio para empresarios e autoridades locais, con tecnolox\u00edas innovadoras e procesos e ferramentas aplicables en 4 rexi\u00f3ns europeas. Para iso, consider\u00e1ronse todas as circunstancias sociais, econ\u00f3micas e ambientales en [&hellip;]","og_url":"https:\/\/agaca.coop\/gl\/go-grass\/","og_site_name":"AGACA","article_modified_time":"2024-03-06T10:46:31+00:00","og_image":[{"url":"https:\/\/agaca.coop\/wp-content\/uploads\/2021\/02\/go-grass_logo.png"}],"twitter_card":"summary_large_image","twitter_misc":{"Tempo de lectura":"4 minutos"},"schema":{"@context":"https:\/\/schema.org","@graph":[{"@type":"WebPage","@id":"https:\/\/agaca.coop\/gl\/go-grass\/","url":"https:\/\/agaca.coop\/gl\/go-grass\/","name":"GO-GRASS - AGACA","isPartOf":{"@id":"https:\/\/agaca.coop\/#website"},"datePublished":"2020-03-24T12:54:08+00:00","dateModified":"2024-03-06T10:46:31+00:00","breadcrumb":{"@id":"https:\/\/agaca.coop\/gl\/go-grass\/#breadcrumb"},"inLanguage":"gl-ES","potentialAction":[{"@type":"ReadAction","target":["https:\/\/agaca.coop\/gl\/go-grass\/"]}]},{"@type":"BreadcrumbList","@id":"https:\/\/agaca.coop\/gl\/go-grass\/#breadcrumb","itemListElement":[{"@type":"ListItem","position":1,"name":"Portada","item":"https:\/\/agaca.coop\/gl\/"},{"@type":"ListItem","position":2,"name":"GO-GRASS"}]},{"@type":"WebSite","@id":"https:\/\/agaca.coop\/#website","url":"https:\/\/agaca.coop\/","name":"AGACA","description":"Asociaci\u00f3n Galega de Cooperativas Agrarias","potentialAction":[{"@type":"SearchAction","target":{"@type":"EntryPoint","urlTemplate":"https:\/\/agaca.coop\/?s={search_term_string}"},"query-input":"required name=search_term_string"}],"inLanguage":"gl-ES"}]}},"_links":{"self":[{"href":"https:\/\/agaca.coop\/gl\/wp-json\/wp\/v2\/pages\/9791","targetHints":{"allow":["GET"]}}],"collection":[{"href":"https:\/\/agaca.coop\/gl\/wp-json\/wp\/v2\/pages"}],"about":[{"href":"https:\/\/agaca.coop\/gl\/wp-json\/wp\/v2\/types\/page"}],"author":[{"embeddable":true,"href":"https:\/\/agaca.coop\/gl\/wp-json\/wp\/v2\/users\/1"}],"replies":[{"embeddable":true,"href":"https:\/\/agaca.coop\/gl\/wp-json\/wp\/v2\/comments?post=9791"}],"version-history":[{"count":16,"href":"https:\/\/agaca.coop\/gl\/wp-json\/wp\/v2\/pages\/9791\/revisions"}],"predecessor-version":[{"id":19676,"href":"https:\/\/agaca.coop\/gl\/wp-json\/wp\/v2\/pages\/9791\/revisions\/19676"}],"wp:attachment":[{"href":"https:\/\/agaca.coop\/gl\/wp-json\/wp\/v2\/media?parent=9791"}],"curies":[{"name":"wp","href":"https:\/\/api.w.org\/{rel}","templated":true}]}}