{"id":9781,"date":"2019-02-22T10:26:21","date_gmt":"2019-02-22T10:26:21","guid":{"rendered":"https:\/\/agaca.coop\/queixas-e-suxestions-2\/"},"modified":"2022-06-23T08:53:47","modified_gmt":"2022-06-23T08:53:47","slug":"queixas-e-suxestions-2","status":"publish","type":"page","link":"https:\/\/agaca.coop\/gl\/queixas-e-suxestions-2\/","title":{"rendered":"Queixas e suxesti\u00f3ns. Asesoramento ao Gandeiro"},"content":{"rendered":"<h3><strong>Servizo de Asesoramento ao Gandeiro<\/strong><\/h3>\n<div role=\"form\" class=\"wpcf7\" id=\"wpcf7-f9462-o1\" lang=\"es-ES\" dir=\"ltr\">\n<div class=\"screen-reader-response\"><p role=\"status\" aria-live=\"polite\" aria-atomic=\"true\"><\/p> <ul><\/ul><\/div>\n<form action=\"\/gl\/wp-json\/wp\/v2\/pages\/9781#wpcf7-f9462-o1\" method=\"post\" class=\"wpcf7-form init\" novalidate=\"novalidate\" data-status=\"init\">\n<div style=\"display: none;\">\n<input type=\"hidden\" name=\"_wpcf7\" value=\"9462\" \/>\n<input type=\"hidden\" name=\"_wpcf7_version\" value=\"5.5.6.1\" \/>\n<input type=\"hidden\" name=\"_wpcf7_locale\" value=\"es_ES\" \/>\n<input type=\"hidden\" name=\"_wpcf7_unit_tag\" value=\"wpcf7-f9462-o1\" \/>\n<input type=\"hidden\" name=\"_wpcf7_container_post\" value=\"0\" \/>\n<input type=\"hidden\" name=\"_wpcf7_posted_data_hash\" value=\"\" \/>\n<\/div>\n<p><label> Gandeiro (nome completo e apelidos) (requirido)<br \/>\n    <span class=\"wpcf7-form-control-wrap gandeiro\"><input type=\"text\" name=\"gandeiro\" value=\"\" size=\"40\" class=\"wpcf7-form-control wpcf7-text wpcf7-validates-as-required\" aria-required=\"true\" aria-invalid=\"false\" \/><\/span> <\/label><\/p>\n<p><label> Gander\u00eda (requirido)<br \/>\n    <span class=\"wpcf7-form-control-wrap ganderia\"><input type=\"text\" name=\"ganderia\" value=\"\" size=\"40\" class=\"wpcf7-form-control wpcf7-text wpcf7-validates-as-required\" aria-required=\"true\" aria-invalid=\"false\" \/><\/span> <\/label><\/p>\n<p><label> NIF (requirido)<br \/>\n    <span class=\"wpcf7-form-control-wrap nif\"><input type=\"text\" name=\"nif\" value=\"\" size=\"40\" class=\"wpcf7-form-control wpcf7-text wpcf7-validates-as-required\" aria-required=\"true\" aria-invalid=\"false\" \/><\/span> <\/label><\/p>\n<p><label> CIF (requirido)<br \/>\n    <span class=\"wpcf7-form-control-wrap cif\"><input type=\"text\" name=\"cif\" value=\"\" size=\"40\" class=\"wpcf7-form-control wpcf7-text wpcf7-validates-as-required\" aria-required=\"true\" aria-invalid=\"false\" \/><\/span> <\/label><\/p>\n<p><label> REGA (requirido)<br \/>\n    <span class=\"wpcf7-form-control-wrap rega\"><input type=\"text\" name=\"rega\" value=\"\" size=\"40\" class=\"wpcf7-form-control wpcf7-text wpcf7-validates-as-required\" aria-required=\"true\" aria-invalid=\"false\" \/><\/span> <\/label><\/p>\n<p><label> Descrici\u00f3n (requirido)<\/p>\n<p>    <span class=\"wpcf7-form-control-wrap descricion\"><textarea name=\"descricion\" cols=\"40\" rows=\"10\" class=\"wpcf7-form-control wpcf7-textarea wpcf7-validates-as-required\" aria-required=\"true\" aria-invalid=\"false\"><\/textarea><\/span> <\/label><\/p>\n<p><label> Causa posible (requirido)<\/p>\n<p>    <span class=\"wpcf7-form-control-wrap causa\"><textarea name=\"causa\" cols=\"40\" rows=\"10\" class=\"wpcf7-form-control wpcf7-textarea wpcf7-validates-as-required\" aria-required=\"true\" aria-invalid=\"false\"><\/textarea><\/span> <\/label><\/p>\n<p><br><br><\/p>\n<p><span class=\"wpcf7-form-control-wrap reclamacion\"><span class=\"wpcf7-form-control wpcf7-checkbox wpcf7-validates-as-required wpcf7-exclusive-checkbox\"><span class=\"wpcf7-list-item first\"><input type=\"checkbox\" name=\"reclamacion\" value=\"Reclamaci\u00f3n puntual\" \/><span class=\"wpcf7-list-item-label\">Reclamaci\u00f3n puntual<\/span><\/span><span class=\"wpcf7-list-item last\"><input type=\"checkbox\" name=\"reclamacion\" value=\"Reclamaci\u00f3n reiterada\" \/><span class=\"wpcf7-list-item-label\">Reclamaci\u00f3n reiterada<\/span><\/span><\/span><\/span><br \/>\n<br><br \/>\n<span class=\"wpcf7-form-control-wrap gravedad\"><span class=\"wpcf7-form-control wpcf7-checkbox wpcf7-validates-as-required wpcf7-exclusive-checkbox\"><span class=\"wpcf7-list-item first\"><input type=\"checkbox\" name=\"gravedad\" value=\"Grave\" \/><span class=\"wpcf7-list-item-label\">Grave<\/span><\/span><span class=\"wpcf7-list-item last\"><input type=\"checkbox\" name=\"gravedad\" value=\"Leve\" \/><span class=\"wpcf7-list-item-label\">Leve<\/span><\/span><\/span><\/span><\/p>\n<p>\n<br><br><br \/>\nOs datos de car\u00e1cter persoal que nos facilitou ser\u00e1n tratados por UNI\u00d3N DE COOPERATIVAS ASOCIACI\u00d3N GALEGA DE COOPERATIVAS AGRARIAS AGACA, con CIF: ESF15156557, coa finalidade de tramitar a queixa\/suxesti\u00f3n presentada por vostede. Os seus datos ser\u00e1n conservados o tempo necesario para cumprir as obrigaci\u00f3ns legais.<\/p>\n<p>Non se ceder\u00e1n a terceiros salvo nos casos nos que exista obrigaci\u00f3n legal. Se desexa m\u00e1is informaci\u00f3n respecto ao tratamento dos seus datos, rectificar aqueles que sexan inexactos, oporse e\/ou limitar alg\u00fan tratamento que considere que non \u00e9 necesario, ou solicitar a cancelaci\u00f3n do tratamento cando os datos xa non sexan necesarios, pode dirixirse por escrito (sempre acreditando a s\u00faa identidade) a UNI\u00d3N DE COOPERATIVAS ASOCIACI\u00d3N GALEGA DE COOPERATIVAS AGRARIAS AGACA en R\u00daA TOMI\u00d1O, 22 ENT., 15703 - SANTIAGO DE COMPOSTELA (A Coru\u00f1a) ou mediante correo electr\u00f3nico a derechoslopd@agaca.coop.<br \/>\n<br><br>\n<\/p>\n<p><span class=\"wpcf7-form-control-wrap acceptance-907\"><span class=\"wpcf7-form-control wpcf7-acceptance\"><span class=\"wpcf7-list-item\"><input type=\"checkbox\" name=\"acceptance-907\" value=\"1\" aria-invalid=\"false\" \/><\/span><\/span><\/span> Lin e acepto a <u><a  href=\"https:\/\/agaca.coop\/gl\/politica-de-privacidade\/\" target=\"_blank\">pol\u00edtica de privacidade (ler) <\/a><\/u><\/p>\n<p><br><br><br \/>\n<input type=\"submit\" value=\"Enviar\" class=\"wpcf7-form-control has-spinner wpcf7-submit\" \/><\/p>\n<p style=\"display: none !important;\"><label>&#916;<textarea name=\"_wpcf7_ak_hp_textarea\" cols=\"45\" rows=\"8\" maxlength=\"100\"><\/textarea><\/label><input type=\"hidden\" id=\"ak_js_1\" name=\"_wpcf7_ak_js\" value=\"121\"\/><script>document.getElementById( \"ak_js_1\" ).setAttribute( \"value\", ( new Date() ).getTime() );<\/script><\/p><div class=\"wpcf7-response-output\" aria-hidden=\"true\"><\/div><\/form><\/div>\n","protected":false},"excerpt":{"rendered":"<p>Servizo de Asesoramento ao Gandeiro<\/p>\n","protected":false},"author":1,"featured_media":0,"parent":0,"menu_order":0,"comment_status":"open","ping_status":"open","template":"","meta":{"_monsterinsights_skip_tracking":false,"_monsterinsights_sitenote_active":false,"_monsterinsights_sitenote_note":"","_monsterinsights_sitenote_category":0,"footnotes":""},"class_list":["post-9781","page","type-page","status-publish","hentry"],"yoast_head":"<!-- This site is optimized with the Yoast SEO plugin v19.11 - https:\/\/yoast.com\/wordpress\/plugins\/seo\/ -->\n<title>Queixas e suxesti\u00f3ns. Asesoramento ao Gandeiro - AGACA<\/title>\n<meta name=\"robots\" content=\"index, follow, max-snippet:-1, max-image-preview:large, max-video-preview:-1\" \/>\n<link rel=\"canonical\" href=\"https:\/\/agaca.coop\/gl\/queixas-e-suxestions-2\/\" \/>\n<meta property=\"og:locale\" content=\"gl_ES\" \/>\n<meta property=\"og:type\" content=\"article\" \/>\n<meta property=\"og:title\" content=\"Queixas e suxesti\u00f3ns. Asesoramento ao Gandeiro - AGACA\" \/>\n<meta property=\"og:description\" content=\"Servizo de Asesoramento ao Gandeiro\" \/>\n<meta property=\"og:url\" content=\"https:\/\/agaca.coop\/gl\/queixas-e-suxestions-2\/\" \/>\n<meta property=\"og:site_name\" content=\"AGACA\" \/>\n<meta property=\"article:modified_time\" content=\"2022-06-23T08:53:47+00:00\" \/>\n<meta name=\"twitter:card\" content=\"summary_large_image\" \/>\n<script type=\"application\/ld+json\" class=\"yoast-schema-graph\">{\"@context\":\"https:\/\/schema.org\",\"@graph\":[{\"@type\":\"WebPage\",\"@id\":\"https:\/\/agaca.coop\/gl\/queixas-e-suxestions-2\/\",\"url\":\"https:\/\/agaca.coop\/gl\/queixas-e-suxestions-2\/\",\"name\":\"Queixas e suxesti\u00f3ns. Asesoramento ao Gandeiro - AGACA\",\"isPartOf\":{\"@id\":\"https:\/\/agaca.coop\/#website\"},\"datePublished\":\"2019-02-22T10:26:21+00:00\",\"dateModified\":\"2022-06-23T08:53:47+00:00\",\"breadcrumb\":{\"@id\":\"https:\/\/agaca.coop\/gl\/queixas-e-suxestions-2\/#breadcrumb\"},\"inLanguage\":\"gl-ES\",\"potentialAction\":[{\"@type\":\"ReadAction\",\"target\":[\"https:\/\/agaca.coop\/gl\/queixas-e-suxestions-2\/\"]}]},{\"@type\":\"BreadcrumbList\",\"@id\":\"https:\/\/agaca.coop\/gl\/queixas-e-suxestions-2\/#breadcrumb\",\"itemListElement\":[{\"@type\":\"ListItem\",\"position\":1,\"name\":\"Portada\",\"item\":\"https:\/\/agaca.coop\/gl\/\"},{\"@type\":\"ListItem\",\"position\":2,\"name\":\"Queixas e suxesti\u00f3ns. Asesoramento ao Gandeiro\"}]},{\"@type\":\"WebSite\",\"@id\":\"https:\/\/agaca.coop\/#website\",\"url\":\"https:\/\/agaca.coop\/\",\"name\":\"AGACA\",\"description\":\"Asociaci\u00f3n Galega de Cooperativas Agrarias\",\"potentialAction\":[{\"@type\":\"SearchAction\",\"target\":{\"@type\":\"EntryPoint\",\"urlTemplate\":\"https:\/\/agaca.coop\/?s={search_term_string}\"},\"query-input\":\"required name=search_term_string\"}],\"inLanguage\":\"gl-ES\"}]}<\/script>\n<!-- \/ Yoast SEO plugin. -->","yoast_head_json":{"title":"Queixas e suxesti\u00f3ns. Asesoramento ao Gandeiro - AGACA","robots":{"index":"index","follow":"follow","max-snippet":"max-snippet:-1","max-image-preview":"max-image-preview:large","max-video-preview":"max-video-preview:-1"},"canonical":"https:\/\/agaca.coop\/gl\/queixas-e-suxestions-2\/","og_locale":"gl_ES","og_type":"article","og_title":"Queixas e suxesti\u00f3ns. Asesoramento ao Gandeiro - AGACA","og_description":"Servizo de Asesoramento ao Gandeiro","og_url":"https:\/\/agaca.coop\/gl\/queixas-e-suxestions-2\/","og_site_name":"AGACA","article_modified_time":"2022-06-23T08:53:47+00:00","twitter_card":"summary_large_image","schema":{"@context":"https:\/\/schema.org","@graph":[{"@type":"WebPage","@id":"https:\/\/agaca.coop\/gl\/queixas-e-suxestions-2\/","url":"https:\/\/agaca.coop\/gl\/queixas-e-suxestions-2\/","name":"Queixas e suxesti\u00f3ns. Asesoramento ao Gandeiro - AGACA","isPartOf":{"@id":"https:\/\/agaca.coop\/#website"},"datePublished":"2019-02-22T10:26:21+00:00","dateModified":"2022-06-23T08:53:47+00:00","breadcrumb":{"@id":"https:\/\/agaca.coop\/gl\/queixas-e-suxestions-2\/#breadcrumb"},"inLanguage":"gl-ES","potentialAction":[{"@type":"ReadAction","target":["https:\/\/agaca.coop\/gl\/queixas-e-suxestions-2\/"]}]},{"@type":"BreadcrumbList","@id":"https:\/\/agaca.coop\/gl\/queixas-e-suxestions-2\/#breadcrumb","itemListElement":[{"@type":"ListItem","position":1,"name":"Portada","item":"https:\/\/agaca.coop\/gl\/"},{"@type":"ListItem","position":2,"name":"Queixas e suxesti\u00f3ns. Asesoramento ao Gandeiro"}]},{"@type":"WebSite","@id":"https:\/\/agaca.coop\/#website","url":"https:\/\/agaca.coop\/","name":"AGACA","description":"Asociaci\u00f3n Galega de Cooperativas Agrarias","potentialAction":[{"@type":"SearchAction","target":{"@type":"EntryPoint","urlTemplate":"https:\/\/agaca.coop\/?s={search_term_string}"},"query-input":"required name=search_term_string"}],"inLanguage":"gl-ES"}]}},"_links":{"self":[{"href":"https:\/\/agaca.coop\/gl\/wp-json\/wp\/v2\/pages\/9781","targetHints":{"allow":["GET"]}}],"collection":[{"href":"https:\/\/agaca.coop\/gl\/wp-json\/wp\/v2\/pages"}],"about":[{"href":"https:\/\/agaca.coop\/gl\/wp-json\/wp\/v2\/types\/page"}],"author":[{"embeddable":true,"href":"https:\/\/agaca.coop\/gl\/wp-json\/wp\/v2\/users\/1"}],"replies":[{"embeddable":true,"href":"https:\/\/agaca.coop\/gl\/wp-json\/wp\/v2\/comments?post=9781"}],"version-history":[{"count":2,"href":"https:\/\/agaca.coop\/gl\/wp-json\/wp\/v2\/pages\/9781\/revisions"}],"predecessor-version":[{"id":13291,"href":"https:\/\/agaca.coop\/gl\/wp-json\/wp\/v2\/pages\/9781\/revisions\/13291"}],"wp:attachment":[{"href":"https:\/\/agaca.coop\/gl\/wp-json\/wp\/v2\/media?parent=9781"}],"curies":[{"name":"wp","href":"https:\/\/api.w.org\/{rel}","templated":true}]}}