{"id":9780,"date":"2019-01-04T12:35:11","date_gmt":"2019-01-04T12:35:11","guid":{"rendered":"https:\/\/agaca.coop\/aviso-legal-proteccion-datos\/"},"modified":"2022-03-14T14:44:40","modified_gmt":"2022-03-14T14:44:40","slug":"aviso-legal-proteccion-datos","status":"publish","type":"page","link":"https:\/\/agaca.coop\/gl\/aviso-legal-proteccion-datos\/","title":{"rendered":"AVISO LEGAL"},"content":{"rendered":"<h1><span style=\"color: #218a3d;\">Aviso legal<\/span><\/h1>\n<h3><span style=\"color: #a6ce39;\"><strong>LEI DE SERVIZOS DA SOCIEDADE DA INFORMACI\u00d3N E COMERCIO ELECTR\u00d3NICO<\/strong><\/span><\/h3>\n<p>En cumprimento do disposto no\u00a0 Artigo 10 da Lei 34\/2002 de 11 de xullo de Servizos da Sociedade da Informaci\u00f3n ( L. S. S.I.), d\u00e1se a co\u00f1ecer a seguinte Informaci\u00f3n Xeral:<\/p>\n<p>Que o dominio www.agaca.coop a partir de agora sitio web est\u00e1 rexistrado a nome de UNI\u00d3N DE COOPERATIVAS ASOCIACI\u00d3N GALEGA DE COOPERATIVAS AGRARIAS AGACA con domicilio social en R\u00daA TOMI\u00d1O, 22 ENT. , 15703 &#8211; SANTIAGO DE COMPOSTELA (A Coru\u00f1a) ou mediante correo electr\u00f3nico a agaca@agaca.coop; sociedade inscrita no Rexistro Central de Cooperativas de Galicia, no Libro de Inscrici\u00f3n de Asociaci\u00f3ns Cooperativas a Tomo I, folla 5-SCTA. CIF F15156557.<\/p>\n<h3><span style=\"color: #a6ce39;\">CONDICI\u00d3NS DE USO<\/span><\/h3>\n<h4>I.- USUARIOS\/AS<\/h4>\n<p>O acceso a e\/ou uso do sitio web de http:\/\/www.agaca.coop atrib\u00fae a quen o realiza a condici\u00f3n de usuario\/a, aceptando, dende ese mesmo momento, plenamente e sen reserva algunha, as presentes condici\u00f3ns xerais, as\u00ed como as condici\u00f3ns particulares que, no seu caso, complementen, modifiquen ou substit\u00faan as condici\u00f3ns xerais en relaci\u00f3n con determinados servizos e contidos do sitio web.<\/p>\n<h4>II.- USO DEL SITIO WEB, SUS SERVICIOS Y CONTENIDOS<\/h4>\n<p>O\/a usuario\/a comprom\u00e9tese a utilizar o sitio web e os seus servizos e contidos sen contravir a lexislaci\u00f3n vixente, a boa fe, os usos xeralmente aceptados e a orde p\u00fablica.<\/p>\n<p>As\u00ed mesmo, queda prohibido o uso da Web con fins il\u00edcitos ou lesivos contra O TITULAR ou calquera terceiro\/a, ou que, de calquera forma, poidan causar prexu\u00edzo ou impedir o normal funcionamento do sitio web.<\/p>\n<p>Respecto dos contidos (informaci\u00f3ns, textos, gr\u00e1ficos, arquivos de son e\/ou imaxe, fotograf\u00edas, dese\u00f1os, etc.), proh\u00edbese:<\/p>\n<ul>\n<li>A s\u00faa reproduci\u00f3n, distribuci\u00f3n ou modificaci\u00f3n, a menos que se conte coa autorizaci\u00f3n dos seus lex\u00edtimos\/as titulares ou resulte legalmente permitido.<\/li>\n<li>Calquera vulneraci\u00f3n dos dereitos de O TITULAR ou dos seus lex\u00edtimos\/as titulares sobre os mesmos.<\/li>\n<li>A s\u00faa utilizaci\u00f3n para todo tipo de fins comerciais ou publicitarios, distintos dos estritamente permitidos.<\/li>\n<li>Calquera intento de obter os contidos do sitio web por calquera medio distinto dos que se po\u00f1an a disposici\u00f3n dos\/as usuarios\/as as\u00ed como dos que habitualmente se empreguen na rede, sempre que non causen prexu\u00edzo alg\u00fan ao sitio web.<\/li>\n<\/ul>\n<h4>III.- MODIFICACI\u00d3N UNILATERAL<\/h4>\n<p>O TITULAR poder\u00e1 modificar unilateralmente e sen previo aviso, sempre que o considere oportuno, a estrutura e dese\u00f1o do sitio web, as\u00ed como modificar ou eliminar os servizos, os contidos e as condici\u00f3ns de acceso e\/ou uso do sitio web.<\/p>\n<h4>IV.- HIPERLIGAZ\u00d3NS<\/h4>\n<p>O establecemento de &#8220;calquera hiperenligaz\u00f3n&#8221; entre unha p\u00e1xina web e o sitio web de estar\u00e1 sometido \u00e1s seguintes condici\u00f3ns:<\/p>\n<ul>\n<li>Non se permite a reproduci\u00f3n nin total nin parcial de ning\u00fan dos servizos nin contidos do sitio web.<\/li>\n<li>Salvo consentimento previo e expreso, a p\u00e1xina web na que se estableza a hiperligaz\u00f3n non conter\u00e1 ningunha marca, nome comercial, r\u00f3tulo de establecemento, denominaci\u00f3n, logotipo, slogan ou outros signos distintivos pertencentes ao TITULAR.<\/li>\n<li>Baixo ningunha circunstancia, O TITULAR ser\u00e1 responsable dos contidos ou servizos postos a disposici\u00f3n do p\u00fablico na p\u00e1xina web dende a que se realice a &#8220;hiperligaz\u00f3n&#8221; nin das informaci\u00f3ns e manifestaci\u00f3ns inclu\u00eddas nas mesmas.<\/li>\n<\/ul>\n<h4>V. EXCLUSI\u00d3N DE GARANT\u00cdAS E RESPONSABILIDADE<\/h4>\n<p>O TITULAR non outorga ningunha garant\u00eda nin se fai responsable, en ning\u00fan caso, dos danos e prexu\u00edzos de calquera natureza que puidesen traer causa de:<\/p>\n<ul>\n<li>A falta dispo\u00f1ibilidade, mantemento e efectivo funcionamento da Web e\/ou dos seus servizos ou contidos.<\/li>\n<li>A falta de utilidade, adecuaci\u00f3n ou validez da Web e\/ou dos seus servizos ou contidos para satisfacer necesidades, actividades ou resultados concretos ou expectativas dos usuarios.<\/li>\n<li>A existencia de virus, programas maliciosos ou lesivos nos contidos.<\/li>\n<li>A recepci\u00f3n, obtenci\u00f3n, almacenamento, difusi\u00f3n ou transmisi\u00f3n, por parte dos\/os usuarios\/as, dos contidos.<\/li>\n<li>O uso il\u00edcito, neglixente, fraudulento, contrario \u00e1s presentes Condici\u00f3ns Xerais, \u00e1 boa fe, aos usos xeralmente aceptados ou \u00e1 orde p\u00fablica, do sitio web, os seus servizos ou contidos, por parte dos usuarios.<\/li>\n<li>A falta de licitude, calidade, fiabilidade, utilidade e dispo\u00f1ibilidade dos servizos prestados por terceiros\/as e postos a disposici\u00f3n dos\/os usuarios\/as no sitio web.<\/li>\n<li>O incumprimento por parte de terceiros das s\u00faas obrigaci\u00f3ns ou compromisos en relaci\u00f3n cos servizos prestados aos usuarios\/as a trav\u00e9s do sitio web.<\/li>\n<\/ul>\n<h4>VI. DURACI\u00d3N<\/h4>\n<p>A duraci\u00f3n da prestaci\u00f3n do servizo do sitio web e dos servizos \u00e9 de car\u00e1cter indefinido.<br \/>\nSen prexu\u00edzo do anterior, O TITULAR res\u00e9rvase o dereito para, interromper, suspender ou terminar a prestaci\u00f3n do servizo da Web ou de calquera dos servizos que o integran, nos mesmos termos que se recollen na condici\u00f3n terceira.<\/p>\n<h4>VII. LEXISLACI\u00d3N APLICABLE E XURISDICI\u00d3N<\/h4>\n<p>As presentes Condici\u00f3ns Xerais rexeranse pola lexislaci\u00f3n espa\u00f1ola.<\/p>\n<p>UNI\u00d3N DE COOPERATIVAS ASOCIACI\u00d3N GALEGA DE COOPERATIVAS AGRARIAS AGACA e o usuario\/a, con renuncia expresa a calquera outro foro que puidese corresponderlles, som\u00e9tense \u00e1 Xurisdici\u00f3n dos Xulgados e Tribunais do domicilio do usuario para cantas cuesti\u00f3ns puidesen suscitarse ou acci\u00f3ns exercitarse derivadas da prestaci\u00f3n do servizo da Web e dos seus servizos e contidos e sobre a interpretaci\u00f3n, aplicaci\u00f3n, cumprimento ou incumprimento do aqu\u00ed establecido.<\/p>\n<p>No caso de que o Usuario\/a te\u00f1a o seu domicilio f\u00f3ra de Espa\u00f1a, UNI\u00d3N DE COOPERATIVAS ASOCIACI\u00d3N GALEGA DE COOPERATIVAS AGRARIAS AGACA e o Usuario\/a, con renuncia expresa a calquera outro foro que puidese corresponderlles, som\u00e9tense \u00e1 Xurisdici\u00f3n dos Xulgados e Tribunais de SANTIAGO DE COMPOSTELA.<\/p>\n<h3><span style=\"color: #a6ce39;\">USO DE COOKIES<\/span><\/h3>\n<p>O sitio web de UNI\u00d3N DE COOPERATIVAS ASOCIACI\u00d3N GALLEGA DE COOPERATIVAS AGRARIAS AGACA pode utilizar cookies cando un USUARIO\/A navega polos sitios e p\u00e1xinas web do SITIO WEB. As cookies utilizadas polo sitio web as\u00f3cianse unicamente cun USUARIO\/A an\u00f3nimo e o seu computador e non proporcionan por si o nome e apelidos do USUARIO. Grazas \u00e1s cookies, resulta posible reco\u00f1ecer aos\/os USUARIOS\/AS rexistrados despois de que estes se rexistren por primeira vez, sen que te\u00f1an que rexistrarse en cada visita para acceder \u00e1s \u00e1reas e servizos reservados exclusivamente a eles (en caso de que sexa necesario rexistro). As cookies utilizadas non poden ler datos do seu disco duro nin ler os arquivos cookie creados por outros provedores. Os datos identificativos de cada USUARIO son cifrados para maior seguridade.<\/p>\n<p>O\/a USUARIO\/A ten a posibilidade de configurar o seu navegador para ser avisado en pantalla da recepci\u00f3n de cookies e para impedir a s\u00faa instalaci\u00f3n no seu disco duro. Por favor, consulte as instruci\u00f3ns e manuais do seu navegador para ampliar esta informaci\u00f3n. Para utilizar o SITIO WEB, non resulta necesario que o\/a USUARIO\/A permita a instalaci\u00f3n das cookies enviadas polo sitio web, sen prexu\u00edzo de que en tal caso ser\u00e1 necesario que o Usuario\/a se rexistre como usuario de cada un dos servizos cuxa prestaci\u00f3n requira o previo rexistro.<\/p>\n<p>De igual maneira, os nosos servidores web detectan de maneira autom\u00e1tica a direcci\u00f3n IP e o nome de dominio utilizados polo usuario\/a. Toda esta informaci\u00f3n \u00e9 rexistrada nun ficheiro de actividade do servidor que permite o posterior procesamento dos datos co fin de obter medici\u00f3ns estat\u00edsticas que nos permitan co\u00f1ecer o n\u00famero de impresi\u00f3ns de p\u00e1xinas, o n\u00famero de visitas realizadas aos nosos servizos web etc.<\/p>\n<h3><span style=\"color: #a6ce39;\">BAIXA DE COMUNICACI\u00d3NS COMERCIAIS<\/span><\/h3>\n<p>De conformidade coa lei de servizos da sociedade da informaci\u00f3n 34\/2002 gar\u00e1ntese ao usuario a posibilidade de deixar de recibir informaci\u00f3n comercial nun prazo m\u00e1ximo de 10 d\u00edas dende que comunique a s\u00faa vontade mediante correo electr\u00f3nico dirixido a \u00a0derechoslopd@agaca.coop.<\/p>\n<p>&nbsp;<\/p>\n","protected":false},"excerpt":{"rendered":"<p>Aviso legal LEI DE SERVIZOS DA SOCIEDADE DA INFORMACI\u00d3N E COMERCIO ELECTR\u00d3NICO En cumprimento do disposto no\u00a0 Artigo 10 da Lei 34\/2002 de 11 de xullo de Servizos da Sociedade da Informaci\u00f3n ( L. S. S.I.), d\u00e1se a co\u00f1ecer a seguinte Informaci\u00f3n Xeral: Que o dominio www.agaca.coop a partir de agora sitio web est\u00e1 rexistrado [&hellip;]<\/p>\n","protected":false},"author":1,"featured_media":0,"parent":0,"menu_order":0,"comment_status":"open","ping_status":"open","template":"","meta":{"_monsterinsights_skip_tracking":false,"_monsterinsights_sitenote_active":false,"_monsterinsights_sitenote_note":"","_monsterinsights_sitenote_category":0,"footnotes":""},"class_list":["post-9780","page","type-page","status-publish","hentry"],"yoast_head":"<!-- This site is optimized with the Yoast SEO plugin v19.11 - https:\/\/yoast.com\/wordpress\/plugins\/seo\/ -->\n<title>AVISO LEGAL - AGACA<\/title>\n<meta name=\"robots\" content=\"index, follow, max-snippet:-1, max-image-preview:large, max-video-preview:-1\" \/>\n<link rel=\"canonical\" href=\"https:\/\/agaca.coop\/gl\/aviso-legal-proteccion-datos\/\" \/>\n<meta property=\"og:locale\" content=\"gl_ES\" \/>\n<meta property=\"og:type\" content=\"article\" \/>\n<meta property=\"og:title\" content=\"AVISO LEGAL - AGACA\" \/>\n<meta property=\"og:description\" content=\"Aviso legal LEI DE SERVIZOS DA SOCIEDADE DA INFORMACI\u00d3N E COMERCIO ELECTR\u00d3NICO En cumprimento do disposto no\u00a0 Artigo 10 da Lei 34\/2002 de 11 de xullo de Servizos da Sociedade da Informaci\u00f3n ( L. S. S.I.), d\u00e1se a co\u00f1ecer a seguinte Informaci\u00f3n Xeral: Que o dominio www.agaca.coop a partir de agora sitio web est\u00e1 rexistrado [&hellip;]\" \/>\n<meta property=\"og:url\" content=\"https:\/\/agaca.coop\/gl\/aviso-legal-proteccion-datos\/\" \/>\n<meta property=\"og:site_name\" content=\"AGACA\" \/>\n<meta property=\"article:modified_time\" content=\"2022-03-14T14:44:40+00:00\" \/>\n<meta name=\"twitter:card\" content=\"summary_large_image\" \/>\n<meta name=\"twitter:label1\" content=\"Tempo de lectura\" \/>\n\t<meta name=\"twitter:data1\" content=\"7 minutos\" \/>\n<script type=\"application\/ld+json\" class=\"yoast-schema-graph\">{\"@context\":\"https:\/\/schema.org\",\"@graph\":[{\"@type\":\"WebPage\",\"@id\":\"https:\/\/agaca.coop\/gl\/aviso-legal-proteccion-datos\/\",\"url\":\"https:\/\/agaca.coop\/gl\/aviso-legal-proteccion-datos\/\",\"name\":\"AVISO LEGAL - AGACA\",\"isPartOf\":{\"@id\":\"https:\/\/agaca.coop\/#website\"},\"datePublished\":\"2019-01-04T12:35:11+00:00\",\"dateModified\":\"2022-03-14T14:44:40+00:00\",\"breadcrumb\":{\"@id\":\"https:\/\/agaca.coop\/gl\/aviso-legal-proteccion-datos\/#breadcrumb\"},\"inLanguage\":\"gl-ES\",\"potentialAction\":[{\"@type\":\"ReadAction\",\"target\":[\"https:\/\/agaca.coop\/gl\/aviso-legal-proteccion-datos\/\"]}]},{\"@type\":\"BreadcrumbList\",\"@id\":\"https:\/\/agaca.coop\/gl\/aviso-legal-proteccion-datos\/#breadcrumb\",\"itemListElement\":[{\"@type\":\"ListItem\",\"position\":1,\"name\":\"Portada\",\"item\":\"https:\/\/agaca.coop\/gl\/\"},{\"@type\":\"ListItem\",\"position\":2,\"name\":\"AVISO LEGAL\"}]},{\"@type\":\"WebSite\",\"@id\":\"https:\/\/agaca.coop\/#website\",\"url\":\"https:\/\/agaca.coop\/\",\"name\":\"AGACA\",\"description\":\"Asociaci\u00f3n Galega de Cooperativas Agrarias\",\"potentialAction\":[{\"@type\":\"SearchAction\",\"target\":{\"@type\":\"EntryPoint\",\"urlTemplate\":\"https:\/\/agaca.coop\/?s={search_term_string}\"},\"query-input\":\"required name=search_term_string\"}],\"inLanguage\":\"gl-ES\"}]}<\/script>\n<!-- \/ Yoast SEO plugin. -->","yoast_head_json":{"title":"AVISO LEGAL - AGACA","robots":{"index":"index","follow":"follow","max-snippet":"max-snippet:-1","max-image-preview":"max-image-preview:large","max-video-preview":"max-video-preview:-1"},"canonical":"https:\/\/agaca.coop\/gl\/aviso-legal-proteccion-datos\/","og_locale":"gl_ES","og_type":"article","og_title":"AVISO LEGAL - AGACA","og_description":"Aviso legal LEI DE SERVIZOS DA SOCIEDADE DA INFORMACI\u00d3N E COMERCIO ELECTR\u00d3NICO En cumprimento do disposto no\u00a0 Artigo 10 da Lei 34\/2002 de 11 de xullo de Servizos da Sociedade da Informaci\u00f3n ( L. S. S.I.), d\u00e1se a co\u00f1ecer a seguinte Informaci\u00f3n Xeral: Que o dominio www.agaca.coop a partir de agora sitio web est\u00e1 rexistrado [&hellip;]","og_url":"https:\/\/agaca.coop\/gl\/aviso-legal-proteccion-datos\/","og_site_name":"AGACA","article_modified_time":"2022-03-14T14:44:40+00:00","twitter_card":"summary_large_image","twitter_misc":{"Tempo de lectura":"7 minutos"},"schema":{"@context":"https:\/\/schema.org","@graph":[{"@type":"WebPage","@id":"https:\/\/agaca.coop\/gl\/aviso-legal-proteccion-datos\/","url":"https:\/\/agaca.coop\/gl\/aviso-legal-proteccion-datos\/","name":"AVISO LEGAL - AGACA","isPartOf":{"@id":"https:\/\/agaca.coop\/#website"},"datePublished":"2019-01-04T12:35:11+00:00","dateModified":"2022-03-14T14:44:40+00:00","breadcrumb":{"@id":"https:\/\/agaca.coop\/gl\/aviso-legal-proteccion-datos\/#breadcrumb"},"inLanguage":"gl-ES","potentialAction":[{"@type":"ReadAction","target":["https:\/\/agaca.coop\/gl\/aviso-legal-proteccion-datos\/"]}]},{"@type":"BreadcrumbList","@id":"https:\/\/agaca.coop\/gl\/aviso-legal-proteccion-datos\/#breadcrumb","itemListElement":[{"@type":"ListItem","position":1,"name":"Portada","item":"https:\/\/agaca.coop\/gl\/"},{"@type":"ListItem","position":2,"name":"AVISO LEGAL"}]},{"@type":"WebSite","@id":"https:\/\/agaca.coop\/#website","url":"https:\/\/agaca.coop\/","name":"AGACA","description":"Asociaci\u00f3n Galega de Cooperativas Agrarias","potentialAction":[{"@type":"SearchAction","target":{"@type":"EntryPoint","urlTemplate":"https:\/\/agaca.coop\/?s={search_term_string}"},"query-input":"required name=search_term_string"}],"inLanguage":"gl-ES"}]}},"_links":{"self":[{"href":"https:\/\/agaca.coop\/gl\/wp-json\/wp\/v2\/pages\/9780","targetHints":{"allow":["GET"]}}],"collection":[{"href":"https:\/\/agaca.coop\/gl\/wp-json\/wp\/v2\/pages"}],"about":[{"href":"https:\/\/agaca.coop\/gl\/wp-json\/wp\/v2\/types\/page"}],"author":[{"embeddable":true,"href":"https:\/\/agaca.coop\/gl\/wp-json\/wp\/v2\/users\/1"}],"replies":[{"embeddable":true,"href":"https:\/\/agaca.coop\/gl\/wp-json\/wp\/v2\/comments?post=9780"}],"version-history":[{"count":1,"href":"https:\/\/agaca.coop\/gl\/wp-json\/wp\/v2\/pages\/9780\/revisions"}],"predecessor-version":[{"id":11987,"href":"https:\/\/agaca.coop\/gl\/wp-json\/wp\/v2\/pages\/9780\/revisions\/11987"}],"wp:attachment":[{"href":"https:\/\/agaca.coop\/gl\/wp-json\/wp\/v2\/media?parent=9780"}],"curies":[{"name":"wp","href":"https:\/\/api.w.org\/{rel}","templated":true}]}}