{"id":9779,"date":"2018-12-10T11:58:41","date_gmt":"2018-12-10T11:58:41","guid":{"rendered":"https:\/\/agaca.coop\/formacion\/certificados-profesionalidade\/"},"modified":"2026-02-03T11:54:45","modified_gmt":"2026-02-03T11:54:45","slug":"certificados-profesionalidade","status":"publish","type":"page","link":"https:\/\/agaca.coop\/gl\/formacion\/certificados-profesionalidade\/","title":{"rendered":"CERTIFICADOS DE PROFESIONALIDADE"},"content":{"rendered":"<p>[vc_row][vc_column][vc_column_text]Os certificados de profesionalidade, regulados polo Real Decreto 34\/2008, do 18 de xaneiro, o Real Decreto 1675\/2010, de 10 de decembro, e o Real Decreto 62\/2022, de 25 de xaneiro, enm\u00e1rcanse dentro do Sistema Nacional de Cualificaci\u00f3ns e Formaci\u00f3n Profesional, polo que <strong>son reco\u00f1ecidos polo Ministerio de Educaci\u00f3n mediante a convalidaci\u00f3n de m\u00f3dulos correspondentes aos t\u00edtulos de Formaci\u00f3n Profesional.<\/strong><\/p>\n<p><strong>Acreditan<\/strong> o conxunto de <strong>competencias profesionais que capacitan para o desenvolvemento dunha actividade laboral<\/strong> identificable no sistema produtivo.<\/p>\n<p><strong>Te\u00f1en car\u00e1cter oficial e validez en todo o territorio nacional<\/strong>. Son expedidos polo SEPE (Servizo P\u00fablico de Emprego Estatal) e as Comunidades Aut\u00f3nomas.<\/p>\n<blockquote><p>Posu\u00edr un certificado de profesionalidade completa un curr\u00edculo profesional; ao ser un documento oficial que pode ser valorado en calquera proceso de selecci\u00f3n convocado polas Administraci\u00f3ns P\u00fablicas ou a empresa privada. Para o traballador\/a que non ten outra titulaci\u00f3n pero si co\u00f1ecementos e experiencia profesional, pode abrirlle a porta do mercado laboral.<\/p><\/blockquote>\n<p>Os certificados de profesionalidade constan de tres niveis de cualificaci\u00f3n profesional, sendo 1 o m\u00e1is b\u00e1sico e 3 o m\u00e1is complexo.<\/p>\n<p>Se queres saber que cursos imparte AGACA gratu\u00edtamente, podes chamar para informarte:<br \/>\nDepartamento de Formaci\u00f3n: Loli Couso 609 070 135 | Berta P\u00e9rez 621 152 722<\/p>\n<p><img loading=\"lazy\" decoding=\"async\" class=\"wp-image-18554 aligncenter\" src=\"https:\/\/agaca.coop\/wp-content\/uploads\/2024\/11\/2024-25-logo-afd-certificados-conselleira-ministerio.png\" alt=\"Conseller\u00eda de Emprego, Comercio e Emigraci\u00f3n. Ministerio de Educaci\u00f3n, Formaci\u00f3n Profesional y Deporte\" width=\"491\" height=\"36\" \/><\/p>\n<hr \/>\n<p>[\/vc_column_text][\/vc_column][\/vc_row]<\/p>\n","protected":false},"excerpt":{"rendered":"<p>[vc_row][vc_column][vc_column_text]Os certificados de profesionalidade, regulados polo Real Decreto 34\/2008, do 18 de xaneiro, o Real Decreto 1675\/2010, de 10 de decembro, e o Real Decreto 62\/2022, de 25 de xaneiro, enm\u00e1rcanse dentro do Sistema Nacional de Cualificaci\u00f3ns e Formaci\u00f3n Profesional, polo que son reco\u00f1ecidos polo Ministerio de Educaci\u00f3n mediante a convalidaci\u00f3n de m\u00f3dulos correspondentes aos [&hellip;]<\/p>\n","protected":false},"author":1,"featured_media":0,"parent":11734,"menu_order":0,"comment_status":"open","ping_status":"open","template":"","meta":{"_monsterinsights_skip_tracking":false,"_monsterinsights_sitenote_active":false,"_monsterinsights_sitenote_note":"","_monsterinsights_sitenote_category":0,"footnotes":""},"class_list":["post-9779","page","type-page","status-publish","hentry"],"yoast_head":"<!-- This site is optimized with the Yoast SEO plugin v19.11 - https:\/\/yoast.com\/wordpress\/plugins\/seo\/ -->\n<title>CERTIFICADOS DE PROFESIONALIDADE - AGACA<\/title>\n<meta name=\"robots\" content=\"index, follow, max-snippet:-1, max-image-preview:large, max-video-preview:-1\" \/>\n<link rel=\"canonical\" href=\"https:\/\/agaca.coop\/gl\/formacion\/certificados-profesionalidade\/\" \/>\n<meta property=\"og:locale\" content=\"gl_ES\" \/>\n<meta property=\"og:type\" content=\"article\" \/>\n<meta property=\"og:title\" content=\"CERTIFICADOS DE PROFESIONALIDADE - AGACA\" \/>\n<meta property=\"og:description\" content=\"[vc_row][vc_column][vc_column_text]Os certificados de profesionalidade, regulados polo Real Decreto 34\/2008, do 18 de xaneiro, o Real Decreto 1675\/2010, de 10 de decembro, e o Real Decreto 62\/2022, de 25 de xaneiro, enm\u00e1rcanse dentro do Sistema Nacional de Cualificaci\u00f3ns e Formaci\u00f3n Profesional, polo que son reco\u00f1ecidos polo Ministerio de Educaci\u00f3n mediante a convalidaci\u00f3n de m\u00f3dulos correspondentes aos [&hellip;]\" \/>\n<meta property=\"og:url\" content=\"https:\/\/agaca.coop\/gl\/formacion\/certificados-profesionalidade\/\" \/>\n<meta property=\"og:site_name\" content=\"AGACA\" \/>\n<meta property=\"article:modified_time\" content=\"2026-02-03T11:54:45+00:00\" \/>\n<meta property=\"og:image\" content=\"https:\/\/agaca.coop\/wp-content\/uploads\/2024\/11\/2024-25-logo-afd-certificados-conselleira-ministerio.png\" \/>\n<meta name=\"twitter:card\" content=\"summary_large_image\" \/>\n<meta name=\"twitter:label1\" content=\"Tempo de lectura\" \/>\n\t<meta name=\"twitter:data1\" content=\"2 minutos\" \/>\n<script type=\"application\/ld+json\" class=\"yoast-schema-graph\">{\"@context\":\"https:\/\/schema.org\",\"@graph\":[{\"@type\":\"WebPage\",\"@id\":\"https:\/\/agaca.coop\/gl\/formacion\/certificados-profesionalidade\/\",\"url\":\"https:\/\/agaca.coop\/gl\/formacion\/certificados-profesionalidade\/\",\"name\":\"CERTIFICADOS DE PROFESIONALIDADE - AGACA\",\"isPartOf\":{\"@id\":\"https:\/\/agaca.coop\/#website\"},\"datePublished\":\"2018-12-10T11:58:41+00:00\",\"dateModified\":\"2026-02-03T11:54:45+00:00\",\"breadcrumb\":{\"@id\":\"https:\/\/agaca.coop\/gl\/formacion\/certificados-profesionalidade\/#breadcrumb\"},\"inLanguage\":\"gl-ES\",\"potentialAction\":[{\"@type\":\"ReadAction\",\"target\":[\"https:\/\/agaca.coop\/gl\/formacion\/certificados-profesionalidade\/\"]}]},{\"@type\":\"BreadcrumbList\",\"@id\":\"https:\/\/agaca.coop\/gl\/formacion\/certificados-profesionalidade\/#breadcrumb\",\"itemListElement\":[{\"@type\":\"ListItem\",\"position\":1,\"name\":\"Portada\",\"item\":\"https:\/\/agaca.coop\/gl\/\"},{\"@type\":\"ListItem\",\"position\":2,\"name\":\"Formaci\u00f3n\",\"item\":\"https:\/\/agaca.coop\/gl\/formacion\/\"},{\"@type\":\"ListItem\",\"position\":3,\"name\":\"CERTIFICADOS DE PROFESIONALIDADE\"}]},{\"@type\":\"WebSite\",\"@id\":\"https:\/\/agaca.coop\/#website\",\"url\":\"https:\/\/agaca.coop\/\",\"name\":\"AGACA\",\"description\":\"Asociaci\u00f3n Galega de Cooperativas Agrarias\",\"potentialAction\":[{\"@type\":\"SearchAction\",\"target\":{\"@type\":\"EntryPoint\",\"urlTemplate\":\"https:\/\/agaca.coop\/?s={search_term_string}\"},\"query-input\":\"required name=search_term_string\"}],\"inLanguage\":\"gl-ES\"}]}<\/script>\n<!-- \/ Yoast SEO plugin. -->","yoast_head_json":{"title":"CERTIFICADOS DE PROFESIONALIDADE - AGACA","robots":{"index":"index","follow":"follow","max-snippet":"max-snippet:-1","max-image-preview":"max-image-preview:large","max-video-preview":"max-video-preview:-1"},"canonical":"https:\/\/agaca.coop\/gl\/formacion\/certificados-profesionalidade\/","og_locale":"gl_ES","og_type":"article","og_title":"CERTIFICADOS DE PROFESIONALIDADE - AGACA","og_description":"[vc_row][vc_column][vc_column_text]Os certificados de profesionalidade, regulados polo Real Decreto 34\/2008, do 18 de xaneiro, o Real Decreto 1675\/2010, de 10 de decembro, e o Real Decreto 62\/2022, de 25 de xaneiro, enm\u00e1rcanse dentro do Sistema Nacional de Cualificaci\u00f3ns e Formaci\u00f3n Profesional, polo que son reco\u00f1ecidos polo Ministerio de Educaci\u00f3n mediante a convalidaci\u00f3n de m\u00f3dulos correspondentes aos [&hellip;]","og_url":"https:\/\/agaca.coop\/gl\/formacion\/certificados-profesionalidade\/","og_site_name":"AGACA","article_modified_time":"2026-02-03T11:54:45+00:00","og_image":[{"url":"https:\/\/agaca.coop\/wp-content\/uploads\/2024\/11\/2024-25-logo-afd-certificados-conselleira-ministerio.png"}],"twitter_card":"summary_large_image","twitter_misc":{"Tempo de lectura":"2 minutos"},"schema":{"@context":"https:\/\/schema.org","@graph":[{"@type":"WebPage","@id":"https:\/\/agaca.coop\/gl\/formacion\/certificados-profesionalidade\/","url":"https:\/\/agaca.coop\/gl\/formacion\/certificados-profesionalidade\/","name":"CERTIFICADOS DE PROFESIONALIDADE - AGACA","isPartOf":{"@id":"https:\/\/agaca.coop\/#website"},"datePublished":"2018-12-10T11:58:41+00:00","dateModified":"2026-02-03T11:54:45+00:00","breadcrumb":{"@id":"https:\/\/agaca.coop\/gl\/formacion\/certificados-profesionalidade\/#breadcrumb"},"inLanguage":"gl-ES","potentialAction":[{"@type":"ReadAction","target":["https:\/\/agaca.coop\/gl\/formacion\/certificados-profesionalidade\/"]}]},{"@type":"BreadcrumbList","@id":"https:\/\/agaca.coop\/gl\/formacion\/certificados-profesionalidade\/#breadcrumb","itemListElement":[{"@type":"ListItem","position":1,"name":"Portada","item":"https:\/\/agaca.coop\/gl\/"},{"@type":"ListItem","position":2,"name":"Formaci\u00f3n","item":"https:\/\/agaca.coop\/gl\/formacion\/"},{"@type":"ListItem","position":3,"name":"CERTIFICADOS DE PROFESIONALIDADE"}]},{"@type":"WebSite","@id":"https:\/\/agaca.coop\/#website","url":"https:\/\/agaca.coop\/","name":"AGACA","description":"Asociaci\u00f3n Galega de Cooperativas Agrarias","potentialAction":[{"@type":"SearchAction","target":{"@type":"EntryPoint","urlTemplate":"https:\/\/agaca.coop\/?s={search_term_string}"},"query-input":"required name=search_term_string"}],"inLanguage":"gl-ES"}]}},"_links":{"self":[{"href":"https:\/\/agaca.coop\/gl\/wp-json\/wp\/v2\/pages\/9779","targetHints":{"allow":["GET"]}}],"collection":[{"href":"https:\/\/agaca.coop\/gl\/wp-json\/wp\/v2\/pages"}],"about":[{"href":"https:\/\/agaca.coop\/gl\/wp-json\/wp\/v2\/types\/page"}],"author":[{"embeddable":true,"href":"https:\/\/agaca.coop\/gl\/wp-json\/wp\/v2\/users\/1"}],"replies":[{"embeddable":true,"href":"https:\/\/agaca.coop\/gl\/wp-json\/wp\/v2\/comments?post=9779"}],"version-history":[{"count":68,"href":"https:\/\/agaca.coop\/gl\/wp-json\/wp\/v2\/pages\/9779\/revisions"}],"predecessor-version":[{"id":26475,"href":"https:\/\/agaca.coop\/gl\/wp-json\/wp\/v2\/pages\/9779\/revisions\/26475"}],"up":[{"embeddable":true,"href":"https:\/\/agaca.coop\/gl\/wp-json\/wp\/v2\/pages\/11734"}],"wp:attachment":[{"href":"https:\/\/agaca.coop\/gl\/wp-json\/wp\/v2\/media?parent=9779"}],"curies":[{"name":"wp","href":"https:\/\/api.w.org\/{rel}","templated":true}]}}