{"id":9762,"date":"2016-07-04T16:08:27","date_gmt":"2016-07-04T16:08:27","guid":{"rendered":"https:\/\/agaca.coop\/asociate\/"},"modified":"2016-07-04T16:08:27","modified_gmt":"2016-07-04T16:08:27","slug":"asociate","status":"publish","type":"page","link":"https:\/\/agaca.coop\/gl\/asociate\/","title":{"rendered":"As\u00f3ciate"},"content":{"rendered":"<p>[vc_row][vc_column][vc_column_text]<\/p>\n<h3 style=\"color: #218a3d; text-align: center;\">Engade valor ao teu traballo, engade valor aos teus produtos, engade valor \u00e1 t\u00faa cooperativa.<\/h3>\n<p><a title=\"Por que unirme a AGACA?\"  href=\"https:\/\/agaca.coop\/gl\/quen-somos\/\"><img loading=\"lazy\" decoding=\"async\" class=\"wp-image-8327 size-full alignright\" src=\"https:\/\/agaca.coop\/wp-content\/uploads\/2021\/02\/slider_como_asociarse.jpg\" alt=\"Asociate\" width=\"303\" height=\"193\" \/><\/a>Asociarse, unirse, \u00e9 o \u00fanico xeito de conseguir capacidade negociadora para as cooperativas, de potenciar a competitividade e\u00a0facerse cun mellor lugar no\u00a0mercado, de optimizar as condici\u00f3ns\u00a0de traballo dos profesionais do sector agroalimentario, de frear posibles abusos e imposici\u00f3ns e\u00a0ga\u00f1ar voz e\u00a0forza.<\/p>\n<blockquote><p>AGACA integra xa m\u00e1is de 100 entidades, que significan m\u00e1is de 20.000 persoas asociadas. \u00danete a elas, aproveita as oportunidades que sup\u00f3n contar cun cadro de\u00a0profesionais especializados nas distintas \u00e1reas ligadas ao mundo agroalimentario.<\/p><\/blockquote>\n<p>&nbsp;<\/p>\n<h2>SERVIZOS<\/h2>\n<p>[\/vc_column_text][\/vc_column][\/vc_row][vc_row][vc_column width=&#8221;1\/3&#8243;][vc_column_text css=&#8221;.vc_custom_1467629968482{margin-right: 4px !important;border-top-width: 2px !important;border-right-width: 2px !important;border-bottom-width: 2px !important;border-left-width: 2px !important;padding-bottom: 10px !important;border-left-color: #adadad !important;border-left-style: solid !important;border-right-color: #adadad !important;border-right-style: solid !important;border-top-color: #adadad !important;border-top-style: solid !important;border-bottom-color: #adadad !important;border-bottom-style: solid !important;border-radius: 10px !important;}&#8221;]<a title=\"Representaci\u00f3n\"  href=\"https:\/\/agaca.coop\/gl\/quen-somos\/institucion-g\/\"><img loading=\"lazy\" decoding=\"async\" class=\"wp-image-8340 aligncenter\" src=\"https:\/\/agaca.coop\/wp-content\/uploads\/2021\/02\/representacion_boton.jpg\" alt=\"representacion_boton\" width=\"90\" height=\"90\" \/><\/a><\/p>\n<h3 style=\"text-align: center;\"><a style=\"color: #218a3d;\"  href=\"https:\/\/agaca.coop\/gl\/quen-somos\/institucion-g\/\">Representaci\u00f3n<\/a><\/h3>\n<p>[\/vc_column_text][vc_column_text css=&#8221;.vc_custom_1467630010035{margin-right: 4px !important;border-top-width: 2px !important;border-right-width: 2px !important;border-bottom-width: 2px !important;border-left-width: 2px !important;padding-bottom: 10px !important;border-left-color: #adadad !important;border-left-style: solid !important;border-right-color: #adadad !important;border-right-style: solid !important;border-top-color: #adadad !important;border-top-style: solid !important;border-bottom-color: #adadad !important;border-bottom-style: solid !important;border-radius: 10px !important;}&#8221;]<a title=\"Calidade\"  href=\"https:\/\/agaca.coop\/gl\/calidade\/\"><img loading=\"lazy\" decoding=\"async\" class=\"wp-image-8340 aligncenter\" src=\"https:\/\/agaca.coop\/wp-content\/uploads\/2021\/02\/calidade_boton.jpg\" alt=\"calidad_boton\" width=\"90\" height=\"90\" \/><\/a><\/p>\n<h3 style=\"text-align: center;\"><a style=\"color: #218a3d;\"  href=\"https:\/\/agaca.coop\/gl\/calidade\/\">Calidade<\/a><\/h3>\n<p>[\/vc_column_text][vc_column_text css=&#8221;.vc_custom_1467630114792{border-top-width: 2px !important;border-right-width: 2px !important;border-bottom-width: 2px !important;border-left-width: 2px !important;padding-bottom: 10px !important;border-left-color: #adadad !important;border-left-style: solid !important;border-right-color: #adadad !important;border-right-style: solid !important;border-top-color: #adadad !important;border-top-style: solid !important;border-bottom-color: #adadad !important;border-bottom-style: solid !important;border-radius: 10px !important;}&#8221;]<a title=\"Formaci\u00f3n\"  href=\"https:\/\/agaca.coop\/gl\/formacion\/\"><img loading=\"lazy\" decoding=\"async\" class=\"wp-image-8340 aligncenter\" src=\"https:\/\/agaca.coop\/wp-content\/uploads\/2021\/02\/formacion_boton.jpg\" alt=\"formacion_boton\" width=\"90\" height=\"90\" \/><\/a><\/p>\n<h3 style=\"text-align: center;\"><a style=\"color: #218a3d;\"  href=\"https:\/\/agaca.coop\/gl\/formacion\/\">Formaci\u00f3n<\/a><\/h3>\n<p>[\/vc_column_text][\/vc_column][vc_column width=&#8221;1\/3&#8243;][vc_column_text css=&#8221;.vc_custom_1467630185829{margin-right: 4px !important;border-top-width: 2px !important;border-right-width: 2px !important;border-bottom-width: 2px !important;border-left-width: 2px !important;padding-bottom: 10px !important;border-left-color: #adadad !important;border-left-style: solid !important;border-right-color: #adadad !important;border-right-style: solid !important;border-top-color: #adadad !important;border-top-style: solid !important;border-bottom-color: #adadad !important;border-bottom-style: solid !important;border-radius: 10px !important;}&#8221;]<a title=\"Captaci\u00f3n de proxectos e alianzas\"  href=\"https:\/\/agaca.coop\/gl\/consultoria\/\"><img loading=\"lazy\" decoding=\"async\" class=\"size-full wp-image-8334 aligncenter\" src=\"https:\/\/agaca.coop\/wp-content\/uploads\/2021\/02\/captacion_boton.jpg\" alt=\"captacion_boton\" width=\"90\" height=\"90\" \/><\/a><\/p>\n<h3 style=\"text-align: center;\"><a style=\"color: #218a3d;\"  href=\"https:\/\/agaca.coop\/gl\/consultoria\/\">Captaci\u00f3n de Proxectos e Alianzas<\/a><\/h3>\n<p>[\/vc_column_text][vc_column_text css=&#8221;.vc_custom_1467630233903{border-top-width: 2px !important;border-right-width: 2px !important;border-bottom-width: 2px !important;border-left-width: 2px !important;padding-bottom: 10px !important;border-left-color: #adadad !important;border-left-style: solid !important;border-right-color: #adadad !important;border-right-style: solid !important;border-top-color: #adadad !important;border-top-style: solid !important;border-bottom-color: #adadad !important;border-bottom-style: solid !important;border-radius: 10px !important;}&#8221;]<a title=\"Comercio e Internacionalizaci\u00f3n\"  href=\"https:\/\/agaca.coop\/gl\/comercio-e-internacionalizacion\/\"><img loading=\"lazy\" decoding=\"async\" class=\"size-full wp-image-8337 aligncenter\" src=\"https:\/\/agaca.coop\/wp-content\/uploads\/2021\/02\/Comercializacion_boton.jpg\" alt=\"Consultoria_boton\" width=\"90\" height=\"90\" \/><\/a><\/p>\n<h3 style=\"text-align: center;\"><a style=\"color: #218a3d;\"  href=\"https:\/\/agaca.coop\/gl\/comercio-e-internacionalizacion\/\">Comercio e Internacionalizaci\u00f3n<\/a><\/h3>\n<p>[\/vc_column_text][vc_column_text css=&#8221;.vc_custom_1467630275069{border-top-width: 2px !important;border-right-width: 2px !important;border-bottom-width: 2px !important;border-left-width: 2px !important;padding-bottom: 10px !important;border-left-color: #adadad !important;border-left-style: solid !important;border-right-color: #adadad !important;border-right-style: solid !important;border-top-color: #adadad !important;border-top-style: solid !important;border-bottom-color: #adadad !important;border-bottom-style: solid !important;border-radius: 10px !important;}&#8221;]<a title=\"Seguros\"  href=\"https:\/\/agaca.coop\/gl\/seguros\/\"><img loading=\"lazy\" decoding=\"async\" class=\"wp-image-8334 aligncenter\" src=\"https:\/\/agaca.coop\/wp-content\/uploads\/2021\/02\/Seguros_boton.jpg\" alt=\"seguros_boton\" width=\"90\" height=\"90\" \/><\/a><\/p>\n<h3 style=\"text-align: center;\"><a style=\"color: #218a3d;\"  href=\"https:\/\/agaca.coop\/gl\/seguros\/\">Seguros<\/a><\/h3>\n<p>[\/vc_column_text][\/vc_column][vc_column width=&#8221;1\/3&#8243;][vc_column_text css=&#8221;.vc_custom_1467630328952{border-top-width: 2px !important;border-right-width: 2px !important;border-bottom-width: 2px !important;border-left-width: 2px !important;padding-bottom: 10px !important;border-left-color: #adadad !important;border-left-style: solid !important;border-right-color: #adadad !important;border-right-style: solid !important;border-top-color: #adadad !important;border-top-style: solid !important;border-bottom-color: #adadad !important;border-bottom-style: solid !important;border-radius: 10px !important;}&#8221;]<a title=\"Consultor\u00eda\"  href=\"https:\/\/agaca.coop\/gl\/consultoria\/\"><img loading=\"lazy\" decoding=\"async\" class=\"size-full wp-image-8337 aligncenter\" src=\"https:\/\/agaca.coop\/wp-content\/uploads\/2021\/02\/Consultoria_boton.png\" alt=\"Consultoria_boton\" width=\"90\" height=\"90\" \/><\/a><\/p>\n<h3 style=\"text-align: center;\"><a style=\"color: #218a3d;\"  href=\"https:\/\/agaca.coop\/gl\/consultoria\/\">Consultor\u00eda<\/a><\/h3>\n<p>[\/vc_column_text][vc_column_text css=&#8221;.vc_custom_1467630381641{margin-right: 4px !important;border-top-width: 2px !important;border-right-width: 2px !important;border-bottom-width: 2px !important;border-left-width: 2px !important;padding-bottom: 10px !important;border-left-color: #adadad !important;border-left-style: solid !important;border-right-color: #adadad !important;border-right-style: solid !important;border-top-color: #adadad !important;border-top-style: solid !important;border-bottom-color: #adadad !important;border-bottom-style: solid !important;border-radius: 10px !important;}&#8221;]<a title=\"Investigaci\u00f3n, Desenvolvemento e Innovaci\u00f3n\"  href=\"https:\/\/agaca.coop\/gl\/iniciativas-g\/\"><img loading=\"lazy\" decoding=\"async\" class=\"size-full wp-image-8334 aligncenter\" src=\"https:\/\/agaca.coop\/wp-content\/uploads\/2021\/02\/IDi_boton.jpg\" alt=\"I+D+i_boton\" width=\"90\" height=\"90\" \/><\/a><\/p>\n<h3 style=\"text-align: center;\"><a style=\"color: #218a3d;\"  href=\"https:\/\/agaca.coop\/gl\/iniciativas-g\/\">I+D+i<\/a><\/h3>\n<p>[\/vc_column_text][vc_column_text css=&#8221;.vc_custom_1467630424901{border-top-width: 2px !important;border-right-width: 2px !important;border-bottom-width: 2px !important;border-left-width: 2px !important;padding-bottom: 10px !important;border-left-color: #adadad !important;border-left-style: solid !important;border-right-color: #adadad !important;border-right-style: solid !important;border-top-color: #adadad !important;border-top-style: solid !important;border-bottom-color: #adadad !important;border-bottom-style: solid !important;border-radius: 10px !important;}&#8221;]<a title=\"Comunicaci\u00f3n\"  href=\"https:\/\/agaca.coop\/gl\/comunicacion\/\"><img loading=\"lazy\" decoding=\"async\" class=\"size-full wp-image-8337 aligncenter\" src=\"https:\/\/agaca.coop\/wp-content\/uploads\/2021\/02\/Comunicacion_boton.jpg\" alt=\"Comunicacion_boton\" width=\"90\" height=\"90\" \/><\/a><\/p>\n<h3 style=\"text-align: center;\"><a style=\"color: #218a3d;\"  href=\"https:\/\/agaca.coop\/gl\/comunicacion\/\">Comunicaci\u00f3n<\/a><\/h3>\n<p>[\/vc_column_text][\/vc_column][\/vc_row][vc_row][vc_column width=&#8221;1\/2&#8243;][vc_column_text]<\/p>\n<h4 style=\"text-decoration: underline;\">QUERES ASOCIARTE? ESCR\u00cdBENOS!<\/h4>\n<p>Ou chama ao 981 58 47 83.[\/vc_column_text][\/vc_column][vc_column width=&#8221;1\/2&#8243;][vc_column_text]<\/p>\n<h4 style=\"text-align: right;\"><a  href=\"https:\/\/agaca.coop\/gl\/?goto=TEoTW1kWBwFbHxkQTQUsV0oVTl5HLD1NZUVhIy5KOxc-O0BQGlEfQGtIehRAGRB2GxE_SCREWi0_O1MwBj0nBktNOGptbWtvZQ8dEQJbOwI\" rel=\"\">Descarga o noso cat\u00e1logo de servizos (PDF, 2Mb)<\/a><\/h4>\n<p>[\/vc_column_text][\/vc_column][\/vc_row][vc_row][vc_column][vc_column_text][vc_row][vc_column][vc_column_text css=&#8221;.vc_custom_1449667493097{border-left-width: 2px !important;padding-left: 10px !important;border-left-color: #218a3d !important;border-left-style: solid !important;}&#8221;][contact-form-7 404 \"Non encontrado\"][\/vc_column_text][\/vc_column][\/vc_row]<\/p>\n","protected":false},"excerpt":{"rendered":"<p>[vc_row][vc_column][vc_column_text] Engade valor ao teu traballo, engade valor aos teus produtos, engade valor \u00e1 t\u00faa cooperativa. Asociarse, unirse, \u00e9 o \u00fanico xeito de conseguir capacidade negociadora para as cooperativas, de potenciar a competitividade e\u00a0facerse cun mellor lugar no\u00a0mercado, de optimizar as condici\u00f3ns\u00a0de traballo dos profesionais do sector agroalimentario, de frear posibles abusos e imposici\u00f3ns e\u00a0ga\u00f1ar [&hellip;]<\/p>\n","protected":false},"author":1,"featured_media":9763,"parent":0,"menu_order":0,"comment_status":"open","ping_status":"open","template":"","meta":{"_monsterinsights_skip_tracking":false,"_monsterinsights_sitenote_active":false,"_monsterinsights_sitenote_note":"","_monsterinsights_sitenote_category":0,"footnotes":""},"class_list":["post-9762","page","type-page","status-publish","has-post-thumbnail","hentry"],"yoast_head":"<!-- This site is optimized with the Yoast SEO plugin v19.11 - https:\/\/yoast.com\/wordpress\/plugins\/seo\/ -->\n<title>As\u00f3ciate - AGACA<\/title>\n<meta name=\"robots\" content=\"index, follow, max-snippet:-1, max-image-preview:large, max-video-preview:-1\" \/>\n<link rel=\"canonical\" href=\"https:\/\/agaca.coop\/gl\/asociate\/\" \/>\n<meta property=\"og:locale\" content=\"gl_ES\" \/>\n<meta property=\"og:type\" content=\"article\" \/>\n<meta property=\"og:title\" content=\"As\u00f3ciate - AGACA\" \/>\n<meta property=\"og:description\" content=\"[vc_row][vc_column][vc_column_text] Engade valor ao teu traballo, engade valor aos teus produtos, engade valor \u00e1 t\u00faa cooperativa. Asociarse, unirse, \u00e9 o \u00fanico xeito de conseguir capacidade negociadora para as cooperativas, de potenciar a competitividade e\u00a0facerse cun mellor lugar no\u00a0mercado, de optimizar as condici\u00f3ns\u00a0de traballo dos profesionais do sector agroalimentario, de frear posibles abusos e imposici\u00f3ns e\u00a0ga\u00f1ar [&hellip;]\" \/>\n<meta property=\"og:url\" content=\"https:\/\/agaca.coop\/gl\/asociate\/\" \/>\n<meta property=\"og:site_name\" content=\"AGACA\" \/>\n<meta property=\"og:image\" content=\"https:\/\/agaca.coop\/wp-content\/uploads\/2021\/02\/slider_como_asociarse.jpg\" \/>\n\t<meta property=\"og:image:width\" content=\"600\" \/>\n\t<meta property=\"og:image:height\" content=\"382\" \/>\n\t<meta property=\"og:image:type\" content=\"image\/jpeg\" \/>\n<meta name=\"twitter:card\" content=\"summary_large_image\" \/>\n<meta name=\"twitter:label1\" content=\"Tempo de lectura\" \/>\n\t<meta name=\"twitter:data1\" content=\"4 minutos\" \/>\n<script type=\"application\/ld+json\" class=\"yoast-schema-graph\">{\"@context\":\"https:\/\/schema.org\",\"@graph\":[{\"@type\":\"WebPage\",\"@id\":\"https:\/\/agaca.coop\/gl\/asociate\/\",\"url\":\"https:\/\/agaca.coop\/gl\/asociate\/\",\"name\":\"As\u00f3ciate - AGACA\",\"isPartOf\":{\"@id\":\"https:\/\/agaca.coop\/#website\"},\"datePublished\":\"2016-07-04T16:08:27+00:00\",\"dateModified\":\"2016-07-04T16:08:27+00:00\",\"breadcrumb\":{\"@id\":\"https:\/\/agaca.coop\/gl\/asociate\/#breadcrumb\"},\"inLanguage\":\"gl-ES\",\"potentialAction\":[{\"@type\":\"ReadAction\",\"target\":[\"https:\/\/agaca.coop\/gl\/asociate\/\"]}]},{\"@type\":\"BreadcrumbList\",\"@id\":\"https:\/\/agaca.coop\/gl\/asociate\/#breadcrumb\",\"itemListElement\":[{\"@type\":\"ListItem\",\"position\":1,\"name\":\"Portada\",\"item\":\"https:\/\/agaca.coop\/gl\/\"},{\"@type\":\"ListItem\",\"position\":2,\"name\":\"As\u00f3ciate\"}]},{\"@type\":\"WebSite\",\"@id\":\"https:\/\/agaca.coop\/#website\",\"url\":\"https:\/\/agaca.coop\/\",\"name\":\"AGACA\",\"description\":\"Asociaci\u00f3n Galega de Cooperativas Agrarias\",\"potentialAction\":[{\"@type\":\"SearchAction\",\"target\":{\"@type\":\"EntryPoint\",\"urlTemplate\":\"https:\/\/agaca.coop\/?s={search_term_string}\"},\"query-input\":\"required name=search_term_string\"}],\"inLanguage\":\"gl-ES\"}]}<\/script>\n<!-- \/ Yoast SEO plugin. -->","yoast_head_json":{"title":"As\u00f3ciate - AGACA","robots":{"index":"index","follow":"follow","max-snippet":"max-snippet:-1","max-image-preview":"max-image-preview:large","max-video-preview":"max-video-preview:-1"},"canonical":"https:\/\/agaca.coop\/gl\/asociate\/","og_locale":"gl_ES","og_type":"article","og_title":"As\u00f3ciate - AGACA","og_description":"[vc_row][vc_column][vc_column_text] Engade valor ao teu traballo, engade valor aos teus produtos, engade valor \u00e1 t\u00faa cooperativa. Asociarse, unirse, \u00e9 o \u00fanico xeito de conseguir capacidade negociadora para as cooperativas, de potenciar a competitividade e\u00a0facerse cun mellor lugar no\u00a0mercado, de optimizar as condici\u00f3ns\u00a0de traballo dos profesionais do sector agroalimentario, de frear posibles abusos e imposici\u00f3ns e\u00a0ga\u00f1ar [&hellip;]","og_url":"https:\/\/agaca.coop\/gl\/asociate\/","og_site_name":"AGACA","og_image":[{"width":600,"height":382,"url":"https:\/\/agaca.coop\/wp-content\/uploads\/2021\/02\/slider_como_asociarse.jpg","type":"image\/jpeg"}],"twitter_card":"summary_large_image","twitter_misc":{"Tempo de lectura":"4 minutos"},"schema":{"@context":"https:\/\/schema.org","@graph":[{"@type":"WebPage","@id":"https:\/\/agaca.coop\/gl\/asociate\/","url":"https:\/\/agaca.coop\/gl\/asociate\/","name":"As\u00f3ciate - AGACA","isPartOf":{"@id":"https:\/\/agaca.coop\/#website"},"datePublished":"2016-07-04T16:08:27+00:00","dateModified":"2016-07-04T16:08:27+00:00","breadcrumb":{"@id":"https:\/\/agaca.coop\/gl\/asociate\/#breadcrumb"},"inLanguage":"gl-ES","potentialAction":[{"@type":"ReadAction","target":["https:\/\/agaca.coop\/gl\/asociate\/"]}]},{"@type":"BreadcrumbList","@id":"https:\/\/agaca.coop\/gl\/asociate\/#breadcrumb","itemListElement":[{"@type":"ListItem","position":1,"name":"Portada","item":"https:\/\/agaca.coop\/gl\/"},{"@type":"ListItem","position":2,"name":"As\u00f3ciate"}]},{"@type":"WebSite","@id":"https:\/\/agaca.coop\/#website","url":"https:\/\/agaca.coop\/","name":"AGACA","description":"Asociaci\u00f3n Galega de Cooperativas Agrarias","potentialAction":[{"@type":"SearchAction","target":{"@type":"EntryPoint","urlTemplate":"https:\/\/agaca.coop\/?s={search_term_string}"},"query-input":"required name=search_term_string"}],"inLanguage":"gl-ES"}]}},"_links":{"self":[{"href":"https:\/\/agaca.coop\/gl\/wp-json\/wp\/v2\/pages\/9762","targetHints":{"allow":["GET"]}}],"collection":[{"href":"https:\/\/agaca.coop\/gl\/wp-json\/wp\/v2\/pages"}],"about":[{"href":"https:\/\/agaca.coop\/gl\/wp-json\/wp\/v2\/types\/page"}],"author":[{"embeddable":true,"href":"https:\/\/agaca.coop\/gl\/wp-json\/wp\/v2\/users\/1"}],"replies":[{"embeddable":true,"href":"https:\/\/agaca.coop\/gl\/wp-json\/wp\/v2\/comments?post=9762"}],"version-history":[{"count":1,"href":"https:\/\/agaca.coop\/gl\/wp-json\/wp\/v2\/pages\/9762\/revisions"}],"predecessor-version":[{"id":9772,"href":"https:\/\/agaca.coop\/gl\/wp-json\/wp\/v2\/pages\/9762\/revisions\/9772"}],"wp:featuredmedia":[{"embeddable":true,"href":"https:\/\/agaca.coop\/gl\/wp-json\/wp\/v2\/media\/9763"}],"wp:attachment":[{"href":"https:\/\/agaca.coop\/gl\/wp-json\/wp\/v2\/media?parent=9762"}],"curies":[{"name":"wp","href":"https:\/\/api.w.org\/{rel}","templated":true}]}}