{"id":9757,"date":"2015-10-16T11:03:09","date_gmt":"2015-10-16T11:03:09","guid":{"rendered":"https:\/\/agaca.coop\/iniciativas-g\/"},"modified":"2015-10-16T11:03:09","modified_gmt":"2015-10-16T11:03:09","slug":"iniciativas-g","status":"publish","type":"page","link":"https:\/\/agaca.coop\/gl\/iniciativas-g\/","title":{"rendered":"INICIATIVAS"},"content":{"rendered":"<p>[vc_row][vc_column][vc_column_text]<a name=\"anclaarriba\"><\/a><\/p>\n<h3 style=\"text-align: justify;\"><span style=\"color: #3f3f3f;\">AGACA permanece comprometida con diversas iniciativas de desenvolvemento continuo e a longo prazo. Dada a s\u00faa natureza multidisciplinar e transversal, atinxen a diversas \u00e1reas de especializaci\u00f3n e competencia.<\/span><\/h3>\n<h3 style=\"text-align: justify;\"><span style=\"color: #3f3f3f;\"><br \/>\nTodas estas iniciativas e proxectos emprend\u00e9molos coa vontade de que sirvan para o avanzamento e a mellora non s\u00f3 das entidades que se sirvan deles sen\u00f3n tam\u00e9n do contorno rural en todas as s\u00faas facetas.<\/span><\/h3>\n<p style=\"text-align: center;\"><a style=\"color: #3f3f3f; font-size: 16px; text-decoration: underline;\"  href=\"#IDi\">I+D+i<\/a>\u00a0 \u00a0| \u00a0\u00a0<a style=\"color: #3f3f3f; font-size: 16px; text-decoration: underline;\"  href=\"#prl\">Prevenci\u00f3n de riscos laborais<\/a>\u00a0 \u00a0| \u00a0\u00a0<a style=\"color: #3f3f3f; font-size: 16px; text-decoration: underline;\"  href=\"#igualdad\">Igualdade<\/a><\/p>\n<p>[\/vc_column_text][\/vc_column][\/vc_row][vc_row][vc_column][vc_column_text]<\/p>\n<h3 id=\"IDi\"><span style=\"color: #3f3f3f;\"><strong>I+D+i<\/strong><\/span><\/h3>\n<h3 style=\"text-align: justify;\"><span style=\"color: #218a3d;\">Para manter e aumentar a rendibilidade de calquera empresa \u00e9 vital estar ao d\u00eda no relativo\u00a0\u00e1 implantaci\u00f3n de novos procedementos e normativas, as\u00ed como na captaci\u00f3n de oportunidades de investimento<\/span><\/h3>\n<p>En AGACA sinalamos\u00a0estas oportunidades aos nosos asociados en diversas \u00e1reas.<\/p>\n<p>[row][double_paragraph]<\/p>\n<p style=\"color: #218a3d;\">\u00a0MEDIO AMBIENTE<\/p>\n<p>[list]\u00a0[item icon=&#8221;&amp;#9874;&#8221; ]Estudos e auditor\u00edas de impacto ambiental[\/item][item icon=&#8221;&amp;#9874;&#8221; ]Estudos de xesti\u00f3n de residuos e verteduras[\/item][item icon=&#8221;&amp;#9874;&#8221; ]Memoria de Pequeno Produtor de Residuos[\/item][\/list] [\/double_paragraph] [double_paragraph]<\/p>\n<p style=\"color: #218a3d;\">AFORRO E EFICIENCIA ENERX\u00c9TICA<\/p>\n<p>[list][item icon=&#8221;&amp;#9874;&#8221; ]Diagn\u00f3sticos e auditor\u00edas enerx\u00e9ticas[\/item][item icon=&#8221;&amp;#9874;&#8221; ]C\u00e1lculo da pegada de carbono[\/item][item icon=&#8221;&amp;#9874;&#8221; ]Estudos de enerx\u00edas renovables: solar, t\u00e9rmica, biomasa etc.[\/item][item icon=&#8221;&amp;#9874;&#8221; ]Estudos de xesti\u00f3n enerx\u00e9tica[\/item][\/list]<br \/>\n[\/double_paragraph][\/row]<\/p>\n<p>[row][double_paragraph]<\/p>\n<p style=\"text-align: justify;\">Contamos con profesionais especializados en enxe\u00f1er\u00eda sostible, orientados a optimizar os obxectivos das cooperativas en custos, prazos de execuci\u00f3n e calidade, atopando as fontes de financiamento e as soluci\u00f3ns t\u00e9cnicas m\u00e1is axeitadas para cada proxecto.<\/p>\n<p>[\/double_paragraph][double_paragraph]<\/p>\n<p style=\"color: #218a3d;\">ENXE\u00d1ER\u00cdA AGROPECUARIA E AGROINDUSTRIAL<\/p>\n<p>Proxectos de obra civil e instalaci\u00f3ns:<br \/>\n[list][item icon=&#8221;&amp;#9874;&#8221;]Estabulaci\u00f3ns de gando vac\u00fan e porcino[\/item][item icon=&#8221;&amp;#9874;&#8221;]Bodegas, f\u00e1bricas de pensos, centrais hort\u00edcolas[\/item][item icon=&#8221;&amp;#9874;&#8221;]Talleres mec\u00e1nicos, instalaci\u00f3ns de combustibles[\/item][item icon=&#8221;&amp;#9874;&#8221; ]Reformas, ampliaci\u00f3ns, legalizaci\u00f3ns[\/item][\/list][\/double_paragraph] [\/row][\/vc_column_text][\/vc_column][\/vc_row][vc_row css=&#8221;.vc_custom_1443687796638{border-top-width: 2px !important;padding-top: 10px !important;border-color: #218a3d !important;border-style: dotted !important;}&#8221;][vc_column][vc_column_text]<\/p>\n<h3 id=\"prl\"><span style=\"color: #3f3f3f;\">PREVENCI\u00d3N DE RISCOS LABORAIS \u2014 PRL<\/span><\/h3>\n<h3 style=\"text-align: justify;\"><span style=\"color: #218a3d;\">Axudamos a atopar e combater os riscos para a seguridade dos traballadores agropecuarios<\/span><\/h3>\n<p>Xunto con diversos cursos levados a cabo, adaptados \u00e1s necesidades das cooperativas en materias espec\u00edficas para a s\u00faa seguridade (por exemplo manexo de produtos fitosanitarios, manexo de tractor etc.), ACACA conta con persoal cualificado para realizar auditor\u00edas de seguridade laboral nas cooperativas.<\/p>\n<h5><span style=\"color: #99cc00;\">Cursos vixentes<\/span><\/h5>\n<p><span style=\"color: #000000;\">Calquera cooperativa interesada en organizar cursos de prevenci\u00f3n de riscos laborais ou de adecuado uso de maquinarias e procesos de traballo pode contactar coa \u00e1rea\u00a0de <a style=\"color: blue;\" title=\"Ir a Formaci\u00f3n\"  href=\"https:\/\/agaca.coop\/gl\/formacion\/\">Formaci\u00f3n<\/a> para consultar pr\u00f3ximos cursos xa vixentes ou solicitar a s\u00faa realizaci\u00f3n.<\/span><\/p>\n<h5><span style=\"color: #99cc00;\">Revisi\u00f3n de maquinaria <\/span><\/h5>\n<p>En novembro de 2016 termina o prazo para pasar a ITEAF (Inspecci\u00f3n T\u00e9cnica de Equipos de Aplicaci\u00f3n de Fitosanitarios). Se algunha entidade est\u00e1 interesada en que se efect\u00faen nas s\u00faas dependencias as inspecci\u00f3ns dos seus socios, pode contactar con AGACA para que enviemos notificaci\u00f3n \u00e1 Conseller\u00eda.[\/vc_column_text][\/vc_column][\/vc_row][vc_row css=&#8221;.vc_custom_1443687845859{border-top-width: 2px !important;padding-top: 10px !important;border-color: #218a3e !important;border-style: dotted !important;}&#8221;][vc_column][vc_column_text]<\/p>\n<p style=\"text-align: right;\"><a style=\"color: #3f3f3f; font-size: 17px; text-decoration: underline;\"  href=\"#anclaarriba\">Volver arriba<\/a><\/p>\n<h3><\/h3>\n<h3 id=\"igualdad\"><span style=\"color: #3f3f3f;\">IGUALDADE<\/span><\/h3>\n<h3 style=\"text-align: justify;\"><span style=\"color: #218a3d;\">No contorno cooperativo, a igualdade entre mulleres e homes \u00e9 especialmente importante polo seu papel socioecon\u00f3mico. Non s\u00f3 as cooperativas funcionan en \u00e1mbitos\u00a0onde outro tipo de empresa fracasar\u00eda; tam\u00e9n son un modelo de negocio \u00fanico, onde a toma democr\u00e1tica de decisi\u00f3ns e\u00a0a xesti\u00f3n en com\u00fan permiten que cada persoa socia te\u00f1a\u00a0un peso no desenvolvemento da\u00a0entidade. <\/span><\/h3>\n<p>Con todo, os datos estat\u00edsticos recollidos nos nosos\u00a0estudos e enquisas\u00a0reflicten a preocupante realidade de que a\u00ednda as mulleres est\u00e1n pouco representadas nos \u00f3rganos de decisi\u00f3n das\u00a0cooperativas mentres que\u00a0a nivel societario, demogr\u00e1fico ou laboral, a s\u00faa presenza \u00e9 semellante \u00e1 masculina.<\/p>\n<p>Dende AGACA levamos a cabo diversos programas para promover a igualdade de oportunidades entre mulleres e homes nas cooperativas, organizando <strong>talleres de sensibilizaci\u00f3n, motivaci\u00f3n e\u00a0capacitaci\u00f3n<\/strong>, para contribu\u00edr a que a porcentaxe de mulleres reitoras e socias nas cooperativas sexa o adecuado para aproveitar empresarialmente o talento de case o 50% das persoas que compo\u00f1en as cooperativas.<\/p>\n<p>En Prensa pode consultar <a style=\"color: blue;\"  href=\"https:\/\/agaca.coop\/gl\/tag\/igualdade\/\">as novidades en materia de Igualdade<\/a> nas que se implica AGACA.[\/vc_column_text][\/vc_column][\/vc_row][vc_row][vc_column][vc_column_text css=&#8221;.vc_custom_1573754840677{padding-right: 10px !important;}&#8221;]<\/p>\n<h4><span style=\"color: #99cc00;\">Participaci\u00f3n das Mulleres nas Cooperativas Agrarias: Factores para a Conciliaci\u00f3n<\/span><\/h4>\n<p>[\/vc_column_text][vc_column_text css=&#8221;.vc_custom_1573755853464{padding-right: 10px !important;}&#8221;][row][third_paragraph]<img loading=\"lazy\" decoding=\"async\" class=\"aligncenter wp-image-3629\" src=\"https:\/\/agaca.coop\/wp-content\/uploads\/2021\/02\/WebA-muller-nas-coop-agrarias_fact-conciliac-1-1.jpg\" alt=\"A muller nas cooperativas agrarias - Factores de Conciliaci\u00f3n\" width=\"91\" height=\"130\" \/><br \/>\n[\/third_paragraph][paragraph_right]<\/p>\n<p style=\"text-align: left;\">Este documento, publicado en 2010, reflicte as conclusi\u00f3ns dun estudo realizado a partir de enquisas a mulleres do medio rural galego. Amosa cuesti\u00f3ns como a corresponsabilidade no fogar e a relaci\u00f3n das mulleres co mundo laboral, a titularidade das explotaci\u00f3ns, a participaci\u00f3n da renda agraria na renda familiar ou a participaci\u00f3n feminina nas cooperativas.<\/p>\n<p style=\"text-align: center;\"><a style=\"color: blue; text-decoration: underline; text-align: center;\"  href=\"https:\/\/agaca.coop\/gl\/?goto=TEoTW1kWBwFbHxkQTQUsV0oVTl5HLD1NZUVhIy5KOxc-O0BQGlEfQGtIehRDGRB5GwU7XgQFWD88CEUnWSUvDwldCERaAUlJSBkKGk1YAAIFE09eUyYgWiEaJiMgBTEcNg\" target=\"_blank\" rel=\"noopener\">Ver documento (1,26 Mb)<\/a><\/p>\n<p>En <a style=\"color: blue;\"  href=\"https:\/\/agaca.coop\/gl\/publicacions\/\">Publicaci\u00f3ns<\/a> p\u00f3dense consultar m\u00e1is iniciativas sobre igualdade de x\u00e9nero.<br \/>\n[\/paragraph_right] [\/row]<br class=\"clear\" \/><br class=\"clear\" \/><\/p>\n<h4><span style=\"color: #764982;\">ASOCIACI\u00d3N GALEGA DE MULLERES DE COOPERATIVAS AGROALIMENTARIAS N\u00d3S, AS MULLERES<br \/>\n<\/span><\/h4>\n<p><img loading=\"lazy\" decoding=\"async\" class=\"alignleft size-full wp-image-17765\" src=\"https:\/\/agaca.coop\/wp-content\/uploads\/2021\/02\/nos-as-mulleres-300x75-banner-wb.jpg\" alt=\"Nos-as-mulleres-300x75-banner-wb\" width=\"300\" height=\"75\" \/>Nacida en 2019, o obxectivo da Asociaci\u00f3n \u00e9<strong><span style=\"color: #000000;\"> o desenvolvemento efectivo e integral da muller<\/span><\/strong>: das s\u00faas capacidades, da s\u00faa participaci\u00f3n e da promoci\u00f3n da igualdade no seo do movemento das cooperativas e SAT socias de AGACA.<\/p>\n<p><a style=\"color: #a5cd39;\"  href=\"https:\/\/agaca.coop\/gl\/asociacion-galega-de-mulleres-de-cooperativas-agroalimentarias-nos-as-mulleres\/\"><strong>M\u00e1is informaci\u00f3n aqu\u00ed. <\/strong><\/a>[\/vc_column_text][\/vc_column][\/vc_row][vc_row css=&#8221;.vc_custom_1445257470412{border-top-width: 2px !important;padding-top: 10px !important;border-top-color: #218a3d !important;border-top-style: dotted !important;}&#8221;][vc_column][vc_column_text]<\/p>\n<p style=\"text-align: right;\"><a style=\"color: #3f3f3f; font-size: 17px; text-decoration: underline;\"  href=\"#anclaarriba\">Volver arriba<\/a><\/p>\n<p>[\/vc_column_text][\/vc_column][\/vc_row]<\/p>\n","protected":false},"excerpt":{"rendered":"<p>[vc_row][vc_column][vc_column_text] AGACA permanece comprometida con diversas iniciativas de desenvolvemento continuo e a longo prazo. Dada a s\u00faa natureza multidisciplinar e transversal, atinxen a diversas \u00e1reas de especializaci\u00f3n e competencia. Todas estas iniciativas e proxectos emprend\u00e9molos coa vontade de que sirvan para o avanzamento e a mellora non s\u00f3 das entidades que se sirvan deles sen\u00f3n [&hellip;]<\/p>\n","protected":false},"author":1,"featured_media":9487,"parent":0,"menu_order":0,"comment_status":"open","ping_status":"open","template":"","meta":{"_monsterinsights_skip_tracking":false,"_monsterinsights_sitenote_active":false,"_monsterinsights_sitenote_note":"","_monsterinsights_sitenote_category":0,"footnotes":""},"class_list":["post-9757","page","type-page","status-publish","has-post-thumbnail","hentry"],"yoast_head":"<!-- This site is optimized with the Yoast SEO plugin v19.11 - https:\/\/yoast.com\/wordpress\/plugins\/seo\/ -->\n<title>INICIATIVAS - AGACA<\/title>\n<meta name=\"robots\" content=\"index, follow, max-snippet:-1, max-image-preview:large, max-video-preview:-1\" \/>\n<link rel=\"canonical\" href=\"https:\/\/agaca.coop\/gl\/iniciativas-g\/\" \/>\n<meta property=\"og:locale\" content=\"gl_ES\" \/>\n<meta property=\"og:type\" content=\"article\" \/>\n<meta property=\"og:title\" content=\"INICIATIVAS - AGACA\" \/>\n<meta property=\"og:description\" content=\"[vc_row][vc_column][vc_column_text] AGACA permanece comprometida con diversas iniciativas de desenvolvemento continuo e a longo prazo. Dada a s\u00faa natureza multidisciplinar e transversal, atinxen a diversas \u00e1reas de especializaci\u00f3n e competencia. Todas estas iniciativas e proxectos emprend\u00e9molos coa vontade de que sirvan para o avanzamento e a mellora non s\u00f3 das entidades que se sirvan deles sen\u00f3n [&hellip;]\" \/>\n<meta property=\"og:url\" content=\"https:\/\/agaca.coop\/gl\/iniciativas-g\/\" \/>\n<meta property=\"og:site_name\" content=\"AGACA\" \/>\n<meta property=\"og:image\" content=\"https:\/\/agaca.coop\/wp-content\/uploads\/2021\/02\/nos-as-mulleres-300x75-banner-wb.jpg\" \/>\n\t<meta property=\"og:image:width\" content=\"300\" \/>\n\t<meta property=\"og:image:height\" content=\"75\" \/>\n\t<meta property=\"og:image:type\" content=\"image\/jpeg\" \/>\n<meta name=\"twitter:card\" content=\"summary_large_image\" \/>\n<meta name=\"twitter:label1\" content=\"Tempo de lectura\" \/>\n\t<meta name=\"twitter:data1\" content=\"5 minutos\" \/>\n<script type=\"application\/ld+json\" class=\"yoast-schema-graph\">{\"@context\":\"https:\/\/schema.org\",\"@graph\":[{\"@type\":\"WebPage\",\"@id\":\"https:\/\/agaca.coop\/gl\/iniciativas-g\/\",\"url\":\"https:\/\/agaca.coop\/gl\/iniciativas-g\/\",\"name\":\"INICIATIVAS - AGACA\",\"isPartOf\":{\"@id\":\"https:\/\/agaca.coop\/#website\"},\"datePublished\":\"2015-10-16T11:03:09+00:00\",\"dateModified\":\"2015-10-16T11:03:09+00:00\",\"breadcrumb\":{\"@id\":\"https:\/\/agaca.coop\/gl\/iniciativas-g\/#breadcrumb\"},\"inLanguage\":\"gl-ES\",\"potentialAction\":[{\"@type\":\"ReadAction\",\"target\":[\"https:\/\/agaca.coop\/gl\/iniciativas-g\/\"]}]},{\"@type\":\"BreadcrumbList\",\"@id\":\"https:\/\/agaca.coop\/gl\/iniciativas-g\/#breadcrumb\",\"itemListElement\":[{\"@type\":\"ListItem\",\"position\":1,\"name\":\"Portada\",\"item\":\"https:\/\/agaca.coop\/gl\/\"},{\"@type\":\"ListItem\",\"position\":2,\"name\":\"INICIATIVAS\"}]},{\"@type\":\"WebSite\",\"@id\":\"https:\/\/agaca.coop\/#website\",\"url\":\"https:\/\/agaca.coop\/\",\"name\":\"AGACA\",\"description\":\"Asociaci\u00f3n Galega de Cooperativas Agrarias\",\"potentialAction\":[{\"@type\":\"SearchAction\",\"target\":{\"@type\":\"EntryPoint\",\"urlTemplate\":\"https:\/\/agaca.coop\/?s={search_term_string}\"},\"query-input\":\"required name=search_term_string\"}],\"inLanguage\":\"gl-ES\"}]}<\/script>\n<!-- \/ Yoast SEO plugin. -->","yoast_head_json":{"title":"INICIATIVAS - AGACA","robots":{"index":"index","follow":"follow","max-snippet":"max-snippet:-1","max-image-preview":"max-image-preview:large","max-video-preview":"max-video-preview:-1"},"canonical":"https:\/\/agaca.coop\/gl\/iniciativas-g\/","og_locale":"gl_ES","og_type":"article","og_title":"INICIATIVAS - AGACA","og_description":"[vc_row][vc_column][vc_column_text] AGACA permanece comprometida con diversas iniciativas de desenvolvemento continuo e a longo prazo. Dada a s\u00faa natureza multidisciplinar e transversal, atinxen a diversas \u00e1reas de especializaci\u00f3n e competencia. Todas estas iniciativas e proxectos emprend\u00e9molos coa vontade de que sirvan para o avanzamento e a mellora non s\u00f3 das entidades que se sirvan deles sen\u00f3n [&hellip;]","og_url":"https:\/\/agaca.coop\/gl\/iniciativas-g\/","og_site_name":"AGACA","og_image":[{"width":300,"height":75,"url":"https:\/\/agaca.coop\/wp-content\/uploads\/2021\/02\/nos-as-mulleres-300x75-banner-wb.jpg","type":"image\/jpeg"}],"twitter_card":"summary_large_image","twitter_misc":{"Tempo de lectura":"5 minutos"},"schema":{"@context":"https:\/\/schema.org","@graph":[{"@type":"WebPage","@id":"https:\/\/agaca.coop\/gl\/iniciativas-g\/","url":"https:\/\/agaca.coop\/gl\/iniciativas-g\/","name":"INICIATIVAS - AGACA","isPartOf":{"@id":"https:\/\/agaca.coop\/#website"},"datePublished":"2015-10-16T11:03:09+00:00","dateModified":"2015-10-16T11:03:09+00:00","breadcrumb":{"@id":"https:\/\/agaca.coop\/gl\/iniciativas-g\/#breadcrumb"},"inLanguage":"gl-ES","potentialAction":[{"@type":"ReadAction","target":["https:\/\/agaca.coop\/gl\/iniciativas-g\/"]}]},{"@type":"BreadcrumbList","@id":"https:\/\/agaca.coop\/gl\/iniciativas-g\/#breadcrumb","itemListElement":[{"@type":"ListItem","position":1,"name":"Portada","item":"https:\/\/agaca.coop\/gl\/"},{"@type":"ListItem","position":2,"name":"INICIATIVAS"}]},{"@type":"WebSite","@id":"https:\/\/agaca.coop\/#website","url":"https:\/\/agaca.coop\/","name":"AGACA","description":"Asociaci\u00f3n Galega de Cooperativas Agrarias","potentialAction":[{"@type":"SearchAction","target":{"@type":"EntryPoint","urlTemplate":"https:\/\/agaca.coop\/?s={search_term_string}"},"query-input":"required name=search_term_string"}],"inLanguage":"gl-ES"}]}},"_links":{"self":[{"href":"https:\/\/agaca.coop\/gl\/wp-json\/wp\/v2\/pages\/9757","targetHints":{"allow":["GET"]}}],"collection":[{"href":"https:\/\/agaca.coop\/gl\/wp-json\/wp\/v2\/pages"}],"about":[{"href":"https:\/\/agaca.coop\/gl\/wp-json\/wp\/v2\/types\/page"}],"author":[{"embeddable":true,"href":"https:\/\/agaca.coop\/gl\/wp-json\/wp\/v2\/users\/1"}],"replies":[{"embeddable":true,"href":"https:\/\/agaca.coop\/gl\/wp-json\/wp\/v2\/comments?post=9757"}],"version-history":[{"count":1,"href":"https:\/\/agaca.coop\/gl\/wp-json\/wp\/v2\/pages\/9757\/revisions"}],"predecessor-version":[{"id":9769,"href":"https:\/\/agaca.coop\/gl\/wp-json\/wp\/v2\/pages\/9757\/revisions\/9769"}],"wp:featuredmedia":[{"embeddable":true,"href":"https:\/\/agaca.coop\/gl\/wp-json\/wp\/v2\/media\/9487"}],"wp:attachment":[{"href":"https:\/\/agaca.coop\/gl\/wp-json\/wp\/v2\/media?parent=9757"}],"curies":[{"name":"wp","href":"https:\/\/api.w.org\/{rel}","templated":true}]}}