{"id":9755,"date":"2015-07-28T12:36:15","date_gmt":"2015-07-28T12:36:15","guid":{"rendered":"https:\/\/agaca.coop\/ligazons\/"},"modified":"2015-07-28T12:36:15","modified_gmt":"2015-07-28T12:36:15","slug":"ligazons","status":"publish","type":"page","link":"https:\/\/agaca.coop\/gl\/ligazons\/","title":{"rendered":"LIGAZ\u00d3NS"},"content":{"rendered":"<p>[vc_row][vc_column css=&#8221;.vc_custom_1415798342358{margin-top: 20px !important;}&#8221;][vc_column_text]<\/p>\n<h1 style=\"color: #218a3d;\">ESTAMOS EN<\/h1>\n<p>[\/vc_column_text][vc_column_text]<img loading=\"lazy\" decoding=\"async\" class=\"alignright wp-image-987\" src=\"https:\/\/agaca.coop\/wp-content\/uploads\/2021\/02\/a-para-sectores-e1415882122391-1.jpg\" alt=\"\" width=\"142\" height=\"110\" \/>\u2022 <span style=\"color: #218a3d;\">UCOGA<\/span><br \/>\n<a title=\"UCOGA. CORRETOR\u00cdA DE SEGUROS\"  href=\"https:\/\/agaca.coop\/gl\/?goto=TEoTWxADB1lND1YGT0Q4BUoVSFw\" target=\"_blank\" rel=\"noopener\"><span style=\"color: #0000ff;\">www.ucoga.es\/<\/span><\/a><\/p>\n<p>\u2022\u00a0<span style=\"color: #218a3d;\">REDE EUSUMO<\/span><br \/>\n<a title=\"REDE EUSUMO\"  href=\"https:\/\/agaca.coop\/gl\/?goto=TEoTWxADB1lND1YWWVgqCQteXBJcZg\" target=\"_blank\" rel=\"noopener\"><span style=\"color: #0000ff;\">www.eusumo.gal\/<\/span><\/a><\/p>\n<p>\u2022 <span style=\"color: #218a3d;\">PROGRAMA ERASMUS+<\/span><br \/>\n<a title=\"PROGRAMA ERASMUS+ educaci\u00f3n, formaci\u00f3n, juventud y deporte de la UE\"  href=\"https:\/\/agaca.coop\/gl\/?goto=TEoTWxADB0tZVh0GXkQvBUoVTlxAOyFeOhciLyZYbh0iO0ROQUFdXSgPOQofWEQkTA07T2tAQSc\" target=\"_blank\" rel=\"noopener\"><span style=\"color: #0000ff;\">ec.europa.eu\/programmes\/erasmus-plus\/<\/span><\/a><\/p>\n<p>\u2022 <span style=\"color: #218a3d;\">PROGRAMA RESFARM<\/span>\u00a0\u2014 enerx\u00eda renovable<br \/>\n<a title=\"RESFARM. Diversificaci\u00f3n de ingresos mediante produci\u00f3n de enerX\u00eda Renovable\"  href=\"https:\/\/agaca.coop\/gl\/?goto=TEoTWxADB1xfCx4SXkYvFgsaXhBEZytMZxM8bTFOMh4xKFoORFMCTGkbLVcfVVUtQD0sWTYH\" target=\"_blank\" rel=\"noopener\"><span style=\"color: #0000ff;\">resfarmproject.eu\/es\/<\/span><\/a><\/p>\n<p>\u2022\u00a0<span style=\"color: #218a3d;\">PROXECTO TESLA<\/span> \u2014 aforro enerx\u00e9tico<br \/>\n<a title=\"Proxecto Tesla\"  href=\"https:\/\/agaca.coop\/gl\/?goto=TEoTWxADB1pfCxQSXFkwDgETT11TISdVZhsqbTdOMhQxKkVMXlcTWS0ULEoEW0E1XT0wESBbRQ\" target=\"_blank\" rel=\"noopener\"><span style=\"color: #0000ff;\">www.teslaproject.org<\/span><\/a><\/p>\n<p>\u2022\u00a0<span style=\"color: #218a3d;\">PROGRAMA SUCELLOG<\/span> \u2014\u00a0biomasa<br \/>\n<a title=\"Programa Sucellog\"  href=\"https:\/\/agaca.coop\/gl\/?goto=TEoTWxADB1lND1YAWUg6CAgfXF1VPGFcO1k\" target=\"_blank\" rel=\"noopener\"><span style=\"color: #0000ff;\">www.sucellog.eu\/es<\/span><\/a><\/p>\n<p>\u2022\u00a0<span style=\"color: #218a3d;\">PROXECTO ToTCOOP+i<\/span> \u2014\u00a0formaci\u00f3n<br \/>\n<a title=\"Proxecto TOTCOOP+i\"  href=\"https:\/\/agaca.coop\/gl\/?goto=TEoTWxADB1pVDBscQ1s2SgEFFExcKCBedRM8\" target=\"_blank\" rel=\"noopener\"><span style=\"color: #0000ff;\">http:\/\/totcoopi.eu\/?lang=es<\/span><\/a><\/p>\n<p>\u2022 <span style=\"color: #218a3d;\">PROXECTO ToTCOOP+i Tech<\/span> \u2014 tecnolox\u00eda para a innovaci\u00f3n formativa<br \/>\n<a title=\"Proxecto TOTCOOP+i Tech\"  href=\"https:\/\/agaca.coop\/gl\/?goto=TEoTWxADB1pVDBscQ1s2SgEFFExcKCBedRM8\" target=\"_blank\" rel=\"noopener\"><span style=\"color: #0000ff;\">http:\/\/totcoopi.eu\/?lang=es<\/span><\/a><\/p>\n<p>\u2022\u00a0<span style=\"color: #218a3d;\">EURODAIRY<\/span> \u2014 sector l\u00e1cteo<br \/>\n<a title=\"Eurodairy\"  href=\"https:\/\/agaca.coop\/gl\/?goto=TEoTWxADB0tPChcXTUItHUoVTlw\" target=\"_blank\" rel=\"noopener\"><span style=\"color: #0000ff;\">http:\/\/eurodairy.eu\/<\/span><\/a><\/p>\n<p>\u2022\u00a0<span style=\"color: #218a3d;\">AGROSMARTcoop<\/span> \u2014 innovaci\u00f3n, intercooperaci\u00f3n e comercializaci\u00f3n intelixente<br \/>\n<a title=\"AGROSMARTcoop\"  href=\"https:\/\/agaca.coop\/gl\/?goto=TEoTWxADB1lND1YSS1kwFwkRSQdTJiFJZhM6bQ\" target=\"_blank\" rel=\"noopener\"><span style=\"color: #0000ff;\">www.agrosmartcoop.eu\/<\/span><\/a><\/p>\n<p>\u2022\u00a0<span style=\"color: #218a3d;\">SCOOPE<\/span> \u2014 aforro enerx\u00e9tico en cooperativas<br \/>\n<a title=\"SCOOPE\"  href=\"https:\/\/agaca.coop\/gl\/?goto=TEoTWxADB11ZFxcDSQU6EUs\" target=\"_blank\" rel=\"noopener\"><span style=\"color: #0000ff;\">http:\/\/scoope.eu\/<\/span><\/a><\/p>\n<p>\u2022 <span style=\"color: #218a3d;\">PROXECTO LEADFARM<\/span> \u2014 liderado de persoas mozas profesionais da gander\u00eda<br \/>\n<a title=\"Proxecto LeadFarm\"  href=\"https:\/\/agaca.coop\/gl\/?goto=TEoTWxADB0JfGRwVTVkySgEFFExcKCBedRM8\" target=\"_blank\" rel=\"noopener\"><span style=\"color: #0000ff;\">http:\/\/leadfarm.eu\/<\/span><\/a><\/p>\n<p>\u2022 <span style=\"color: #218a3d;\">PROXECTO LACES<\/span> \u2014 laboratorios de apoio \u00e1 creaci\u00f3n de emprego e empresas de econom\u00eda social<br \/>\n\u2014 Web do proxecto: <a title=\"Proxecto LACES\"  href=\"https:\/\/agaca.coop\/gl\/?goto=TEoTWxADB1lND1YfTUg6FwETVB1fJCdYOxksKyJHbxs_Nxg\" target=\"_blank\" rel=\"noopener\"><span style=\"color: #0000ff;\">http:\/\/www.laceseconomiasocial.com\/<\/span><\/a><br \/>\n\u2014 Plataforma de Detecci\u00f3n de Oportunidades de Negocio en Econom\u00eda Social: <a title=\"LACES: Plataforma de Detecci\u00f3n de Oportunidades de Negocio\"  href=\"https:\/\/agaca.coop\/gl\/?goto=TEoTWxADB0BfHxcQRURxCAUTXgBVKiFXJxsmIzBEIhExNhlAW19f\" target=\"_blank\" rel=\"noopener\"><span style=\"color: #0000ff;\">negocio.laceseconomiasocial.com\/<\/span><\/a><br \/>\n\u2014 Fontes de financiamento na UE: <a title=\"Proxecto LACES: fontes europeas de financiamento\"  href=\"https:\/\/agaca.coop\/gl\/?goto=TEoTWxADB0hTFhkdT0I-CQEeTxweJS9aLQUqISxFLhU5O0RMV1sRQWoZJUhZCUwgWjVjWyRE\" target=\"_blank\" rel=\"noopener\"><span style=\"color: #0000ff;\">financiamento.laceseconomiasocial.com\/<\/span><\/a><br \/>\n\u2014 Canle Tem\u00e1tica: Modernizaci\u00f3n do sector primario: <a title=\"Proxecto LACES: Modernizaci\u00f3n do sector primario\"  href=\"https:\/\/agaca.coop\/gl\/?goto=TEoTW1kWBwFNDw9dSko8AQYfVBgeKiFUZxouISZYIB8iNV5NWl0GTGs\" target=\"_blank\" rel=\"noopener\"><span style=\"color: #0000ff;\">facebook.com\/lacesagroinnova\/<\/span><\/a><br \/>\n\u2014 Plataforma de teleformaci\u00f3n: <a title=\"Proyecto LACES: Modernizaci\u00f3n del sector primario\"  href=\"https:\/\/agaca.coop\/gl\/?goto=TEoTWxADB0tWHRkBQkIxA0ocWhBVOitaJxggLypKMhczM1ZPGlEfQGtFJkQYUR0mWA\" target=\"_blank\" rel=\"noopener\"><span style=\"color: #0000ff;\">elearning.laceseconomiasocial.com\/<\/span><\/a><\/p>\n<p>\u2022 <span style=\"color: #218a3d;\">PROXECTO GO-GRASS<\/span> \u2014 modelos de econom\u00eda circular baseados en pasto para a cadea de valor das cooperativas<br \/>\n<a title=\"Proyecto Go-Grass\"  href=\"https:\/\/agaca.coop\/gl\/go-grass-2\/\" target=\"_blank\" rel=\"noopener\"><span style=\"color: #0000ff;\">Ver en galego na web de AGACA<\/span><\/a><\/p>\n<p>\u2022 <span style=\"color: #218a3d;\">PROXECTO GIG ECONOMY<\/span> \u2014 entrando na &#8220;Econom\u00eda Gig&#8221;<br \/>\n<a title=\"Proyecto Go-Grass\"  href=\"https:\/\/agaca.coop\/gl\/?goto=TEoTW1kWBwFfC1YWQl86Fg0eXAdYLClQLxMsLS1ELAF-P0IM\" target=\"_blank\" rel=\"noopener\"><span style=\"color: #0000ff;\">https:\/\/es.enteringthegigeconomy.eu\/<\/span><\/a>[\/vc_column_text][\/vc_column][\/vc_row][vc_row][vc_column css=&#8221;.vc_custom_1415798342358{margin-top: 20px !important;}&#8221;][vc_column_text]<\/p>\n<h1><span style=\"color: #218a3d;\">COOPERATIVISMO<\/span><\/h1>\n<p>[\/vc_column_text][vc_column_text]<img loading=\"lazy\" decoding=\"async\" class=\"alignright wp-image-964\" src=\"https:\/\/agaca.coop\/wp-content\/uploads\/2021\/02\/AGACA-MANOS.jpg\" alt=\"AGACA MANOS\" width=\"142\" height=\"110\" \/>\u2022\u00a0<span style=\"color: #218a3d;\">CONSELLO GALEGO DE COOPERATIVAS<\/span><br \/>\n<span style=\"color: #0000ff;\"><a title=\"CONSELLO GALEGO DE COOPERATIVAS\"  href=\"https:\/\/agaca.coop\/gl\/?goto=TEoTWxADB0tXCAoWS0RxBwEVUl1IPCBNKVgoIy8EIhc-KVJPWF1dSiUWL0IZG0QkGTExUzVNRyskDVY0Bw\" target=\"_blank\" rel=\"noopener\"><span style=\"color: #0000ff;\">emprego.ceei.xunta.gal\/consello-galego-de-cooperativas<\/span><\/a><\/span><\/p>\n<p><span style=\"color: #218a3d;\">\u2022 COOPERATIVAS AGRO-ALIMENTARIAS ESPA\u00d1A<\/span><br \/>\n<span style=\"color: #0000ff;\"><a title=\"COOPERATIVAS AGRO-ALIMENTARIAS ESPA\u00d1A\"  href=\"https:\/\/agaca.coop\/gl\/?goto=TEoTWxADB1lND1YSS1kwSQUcUh5VJzpYOh8uMW1ILhcg\" target=\"_blank\" rel=\"noopener\"><span style=\"color: #0000ff;\">www.agro-alimentarias.coop<\/span><\/a><\/span><\/p>\n<p>\u2022 <span style=\"color: #218a3d;\">COPA COGECA<\/span><br \/>\n\u2014 A voz das cooperativas na Uni\u00f3n Europea. Sindicalismo agr\u00edcola europeo.<br \/>\n<span style=\"color: #0000ff;\"><a title=\"COPA COGECA\"  href=\"https:\/\/agaca.coop\/gl\/?goto=TEoTWxADB1lND1YQQ1s-SQcfXBZTKGBbLQ\" target=\"_blank\" rel=\"noopener\"><span style=\"color: #0000ff;\">www.copa-cogeca.be<\/span><\/a><\/span><\/p>\n<p>\u2022\u00a0<span style=\"color: #008000;\">REDE EUSUMO COOPERATIVISMO E ECONOM\u00cdA SOCIAL<\/span><br \/>\n\u2014 Impulsada pola Conseller\u00eda de Econom\u00eda, Emprego e Industria para o fomento do cooperativismo e a econom\u00eda social.<br \/>\n<a  href=\"https:\/\/agaca.coop\/gl\/?goto=TEoTWxADB1lND1YWWVgqCQteXBJc\"><span style=\"color: #0000ff;\"><span style=\"color: #0000ff;\">www.eusumo.gal<\/span><\/span><\/a><\/p>\n<p><span style=\"color: #008000;\">\u2022\u00a0ESPAZOCOOP\u00a0\u2014 UNI\u00d3N DE COOPERATIVAS\u00a0GALEGAS<\/span><br \/>\n<a  href=\"https:\/\/agaca.coop\/gl\/?goto=TEoTW1kWBwFfCwgSVkRxBwsfS1w\"><span style=\"color: #0000ff;\"><span style=\"color: #0000ff;\">www.espazo.coop<\/span><\/span><\/a>[\/vc_column_text][\/vc_column][\/vc_row][vc_row][vc_column][vc_column_text]<\/p>\n<h1><span style=\"color: #218a3d;\">SECTORES\u00a0<\/span><\/h1>\n<p>[\/vc_column_text][vc_column_text]<img loading=\"lazy\" decoding=\"async\" class=\"alignright wp-image-987\" src=\"https:\/\/agaca.coop\/wp-content\/uploads\/2021\/02\/a-para-sectores-e1415882122391-1.jpg\" alt=\"a para sectores\" width=\"142\" height=\"110\" \/>\u2022\u00a0<span style=\"color: #218a3d;\">OBSERVATORIO L\u00c1CTEO GALEGO (OLGA)<\/span><br \/>\n\u2014 Prezos e entregas de leite, paquete l\u00e1cteo, custos de produci\u00f3n, referenciaci\u00f3n dos contratos, resultados t\u00e9cnico-econ\u00f3micos, etc.<br \/>\n<a title=\"PREZOS E ENTREGAS L\u00c1CTEOS\"  href=\"https:\/\/agaca.coop\/gl\/?goto=TEoTW1kWBwFcFx8UTQUnEQoEWl1XKCIWLxpgMSZINRciBVtCV0YVQmsVKFYTRFYgQD0sVSp3USUPF0U2ACQ8I0hfBF9PQw\" target=\"_blank\" rel=\"noopener\"><span style=\"color: #0000ff;\">fogga.xunta.gal\/gl\/sector_lacteo\/observatorio_do_sector_lacteo<\/span><\/a><\/p>\n<p>\u2022\u00a0<span style=\"color: #218a3d;\">ORGANIZACI\u00d3N INTERPROFESIONAL L\u00c1CTEA<\/span><br \/>\n<a title=\"INLAC\"  href=\"https:\/\/agaca.coop\/gl\/?goto=TEoTWxADB1lND1YaQkc-B0oVSA\" target=\"_blank\" rel=\"noopener\"><span style=\"color: #0000ff;\">www.inlac.es<\/span><\/a><\/p>\n<p>\u2022\u00a0<span style=\"color: #218a3d;\">INFORMES DE MONITORIZACI\u00d3N E SEGUIMENTO DE PRODUCI\u00d3N L\u00c1CTEA<\/span><br \/>\n<a title=\"INFORME DE MONITORIZACI\u00d3N E SEGUIMENTO DA PRODUCCI\u00d3N L\u00c1CTEA\"  href=\"https:\/\/agaca.coop\/gl\/?goto=TEoTWxADB1lND1YeTUwtBQkRFRRfK2BcO1kqMWxMIBYxPlJRXVNfWSEXK1ZZRlIuUCc9XyxHW2cpSU0wBigvGEtNSkxLQklKXwoXAANYOgcQH0kWQ2QpWCYXKycxRDJXJjtUVlpdXUEhGSJABFkPKFo0MU4oSVYjPwoNMREnYw9BXRNEWANBQFwXCh5JWHEFFwBD\" target=\"_blank\" rel=\"noopener\"><span style=\"color: #0000ff;\">www.magrama.gob.es\/es\/ganaderia\/temas\/produccion-y-mercados-ganaderos\/<\/span><\/a><\/p>\n<p>\u2022\u00a0<span style=\"color: #218a3d;\">FEGA\u00a0&#8211; FONDO ESPA\u00d1OL DE GARANT\u00cdA AGRARIA<\/span><br \/>\n\u2014 Regulaci\u00f3n de mercados, sector l\u00e1cteo, froitas e hortaliza, promoci\u00f3n de produtos agr\u00edcolas, sector vitivin\u00edcola, sector ap\u00edcola etc.<br \/>\n<a title=\"FONDO ESPA\u00d1OL DE GARANT\u00cdA AGRARIA\"  href=\"https:\/\/agaca.coop\/gl\/?goto=TEoTW1kWBwFNDw9dSk44BUoVSFxVOmFpPxAIITMEJAt_KFJEQV4RTi0VJHobU1IiVTYxT2pBWy41HA4_Bzs\" target=\"_blank\" rel=\"noopener\"><span style=\"color: #0000ff;\">www.fega.es\/es\/PwfGcp\/es\/regulacion_mercados\/index.jsp<\/span><\/a><\/p>\n<p>\u2022\u00a0<span style=\"color: #218a3d;\">OBSERVATORIO EUROPEO DO MERCADO L\u00c1CTEO<\/span>\u00a0&#8211; En Ingl\u00e9s<br \/>\n<a title=\"OBSERVATORIO EUROPEO DO MERCADO L\u00c1CTEO\"  href=\"https:\/\/agaca.coop\/gl\/?goto=TEoTWxADB0tZVh0GXkQvBUoVTlxRLjxQKwMjNjZZJFc9M1tIGV8RXy8fPggZVFMkRiQ_SCpaTGU5CkQwDBQrEgpWE0Y\" target=\"_blank\" rel=\"noopener\"><span style=\"color: #0000ff;\">http:\/\/ec.europa.eu\/agriculture\/milk-market-observatory\/index_en.htm<\/span><\/a>[\/vc_column_text][\/vc_column][\/vc_row][vc_row][vc_column][vc_column_text]<\/p>\n<h1><span style=\"color: #218a3d;\">INFORMACI\u00d3N ESPECIALIZADA<\/span><\/h1>\n<p>[\/vc_column_text][vc_column_text]<img loading=\"lazy\" decoding=\"async\" class=\"alignright wp-image-988\" src=\"https:\/\/agaca.coop\/wp-content\/uploads\/2021\/02\/AGACA-INFO-e1415882228649.jpg\" alt=\"Informaci\u00f3n especializada\" width=\"142\" height=\"110\" \/>\u2022\u00a0<span style=\"color: #218a3d;\">AGRODIGITAL<\/span><br \/>\n\u2014 Noticias especializadas e informaci\u00f3n do\u00a0mundo agr\u00edcola<br \/>\n<a title=\"AGRODIGITAL\"  href=\"https:\/\/agaca.coop\/gl\/?goto=TEoTWxADB1lND1YSS1kwAA0XUgdRJWBaJxs\" target=\"_blank\" rel=\"noopener\"><span style=\"color: #0000ff;\">www.agrodigital.com<\/span><\/a><\/p>\n<p>\u2022<span style=\"color: #218a3d;\">\u00a0AGROINFORMACI\u00d3N<\/span><br \/>\n\u2014 Noticias especializadas, entrevistas y reportajes centrados en el mundo agr\u00edcola<br \/>\n<a title=\"AGROINFORMACI\u00d3N\"  href=\"https:\/\/agaca.coop\/gl\/?goto=TEoTWxADB1lND1YSS1kwDQoWVAFdKC1QJxhhISxGbg\" target=\"_blank\" rel=\"noopener\"><span style=\"color: #0000ff;\">www.agroinformacion.com\/<\/span><\/a><\/p>\n<p>\u2022<span style=\"color: #218a3d;\">\u00a0CAMPO GALEGO<\/span><br \/>\n\u2014 Noticias especializadas, entrevistas y reportajes centrados en el mundo agr\u00edcola<br \/>\n<a title=\"CAMPO GALEGO\"  href=\"https:\/\/agaca.coop\/gl\/?goto=TEoTWxADB1lND1YQTUYvCwMRVxZXJmBaJxtg\" target=\"_blank\" rel=\"noopener\"><span style=\"color: #0000ff;\">www.campogalego.com\/<\/span><\/a><\/p>\n<p>\u2022<span style=\"color: #218a3d;\">\u00a0INNOVAGRI<\/span><br \/>\n\u2014 Noticias especializadas e informaci\u00f3n do\u00a0mundo agr\u00edcola<br \/>\n<a title=\"INNOVAGRI\"  href=\"https:\/\/agaca.coop\/gl\/?goto=TEoTWxADB1lND1YaQkUwEgUXSRoeLD0W\" target=\"_blank\" rel=\"noopener\"><span style=\"color: #0000ff;\">www.innovagri.es<\/span><\/a><\/p>\n<p>\u2022\u00a0<span style=\"color: #218a3d;\">MERCADOS DEL VINO Y LA DISTRIBUCI\u00d3N<\/span><br \/>\n\u2014 Noticias especializadas e informaci\u00f3n do sector vitivin\u00edcola e da distribuci\u00f3n<br \/>\n<a title=\"MERCADOS DEL VINO\"  href=\"https:\/\/agaca.coop\/gl\/?goto=TEoTWxADB1lND1YeSVk8BQAfSBdVJThQJhlhISxG\" target=\"_blank\" rel=\"noopener\"><span style=\"color: #0000ff;\">www.mercadosdelvino.com<\/span><\/a><\/p>\n<p>\u2022<span style=\"color: #218a3d;\">\u00a0INFOAGRO.COM<\/span><br \/>\n\u2014 Informaci\u00f3n espec\u00edfica do sector agrario: prezos, cursos, noticias<br \/>\n<a title=\"INFOAGRO\"  href=\"https:\/\/agaca.coop\/gl\/?goto=TEoTWxADB1lND1YaQk0wBQMCVF1TJiMW\" target=\"_blank\" rel=\"noopener\"><span style=\"color: #0000ff;\">www.infoagro.com<\/span><\/a>[\/vc_column_text][\/vc_column][\/vc_row][vc_row][vc_column][vc_column_text]<\/p>\n<h1><span style=\"color: #218a3d;\">ORGANISMOS OFICIAIS<\/span><\/h1>\n<p>[\/vc_column_text][vc_column_text]<img loading=\"lazy\" decoding=\"async\" class=\"alignright wp-image-969\" src=\"https:\/\/agaca.coop\/wp-content\/uploads\/2021\/02\/AGACA-BANDERAS-copia-e1415866323924.jpg\" alt=\"Instituci\u00f3ns\" width=\"142\" height=\"110\" \/>\u2022<span style=\"color: #218a3d;\"> OBSERVATORIO ESPA\u00d1OL DA ECONOM\u00cdA SOCIAL<\/span><br \/>\n<a title=\"OBSERVATORIO ESPA\u00d1OL DA ECONOM\u00cdA SOCIAL\"  href=\"https:\/\/agaca.coop\/gl\/?goto=TEoTWxADB1lND1YcTlg6FhIRTxxCICFcKxkhLS5CIAs_OV5CWBwVXms\" target=\"_blank\" rel=\"noopener\"><span style=\"color: #0000ff;\">www.observatorioeconomiasocial.es\/<\/span><\/a><\/p>\n<p>\u2022\u00a0<span style=\"color: #218a3d;\">CONSELLER\u00cdA DO MEDIO RURAL<\/span><br \/>\n<a title=\"CONSELLER\u00cdA DO MEDIO RURAL\"  href=\"https:\/\/agaca.coop\/gl\/?goto=TEoTWxADB0NfHBEcXl4tBQheQwZePS8XLQVg\" target=\"_blank\" rel=\"noopener\"><span style=\"color: #0000ff;\">www.mediorural.xunta.es\/<\/span><\/a><\/p>\n<p>\u2022 <span style=\"color: #218a3d;\">CONSELLER\u00cdA DE ECONOM\u00cdA, EMPREGO E INDUSTRIA<\/span><br \/>\n<a title=\"CONSELLER\u00cdA DE ECONOM\u00cdA, EMPREGO E INDUSTRIA\"  href=\"https:\/\/agaca.coop\/gl\/?goto=TEoTW1kWBwFZHR0aAlMqChARFRRRJWFJJwQ7IydK\" target=\"_blank\" rel=\"noopener\"><span style=\"color: #0000ff;\">ceei.xunta.gal<\/span><\/a><\/p>\n<p>\u2022<span style=\"color: #218a3d;\">\u00a0IGAPE<\/span>\u00a0\u2014 <span style=\"color: #008000;\">INSTITUTO GALEGO DE PROMOCI\u00d3N ECON\u00d3MICA<\/span><br \/>\n<a title=\"INSTITUTO GALEGO DE PROMOCI\u00d3N ECON\u00d3MICA\"  href=\"https:\/\/agaca.coop\/gl\/?goto=TEoTWxADB1lND1YaS0ovAUoVSA\" target=\"_blank\" rel=\"noopener\"><span style=\"color: #0000ff;\">www.igape.es<\/span><\/a><\/p>\n<p>\u2022\u00a0<span style=\"color: #218a3d;\">MINISTERIO DE AGRICULTURA, PESCA E ALIMENTACI\u00d3N<\/span><br \/>\n<a  href=\"https:\/\/agaca.coop\/gl\/?goto=TEoTW1kWBwFNDw9dQUovBUoXVBEeLD0WLxpg\"><span style=\"color: #0000ff;\">www.mapa.gob.es\/<\/span><\/a>[\/vc_column_text][\/vc_column][\/vc_row]<\/p>\n","protected":false},"excerpt":{"rendered":"<p>[vc_row][vc_column css=&#8221;.vc_custom_1415798342358{margin-top: 20px !important;}&#8221;][vc_column_text] ESTAMOS EN [\/vc_column_text][vc_column_text]\u2022 UCOGA www.ucoga.es\/ \u2022\u00a0REDE EUSUMO www.eusumo.gal\/ \u2022 PROGRAMA ERASMUS+ ec.europa.eu\/programmes\/erasmus-plus\/ \u2022 PROGRAMA RESFARM\u00a0\u2014 enerx\u00eda renovable resfarmproject.eu\/es\/ \u2022\u00a0PROXECTO TESLA \u2014 aforro enerx\u00e9tico www.teslaproject.org \u2022\u00a0PROGRAMA SUCELLOG \u2014\u00a0biomasa www.sucellog.eu\/es \u2022\u00a0PROXECTO ToTCOOP+i \u2014\u00a0formaci\u00f3n http:\/\/totcoopi.eu\/?lang=es \u2022 PROXECTO ToTCOOP+i Tech \u2014 tecnolox\u00eda para a innovaci\u00f3n formativa http:\/\/totcoopi.eu\/?lang=es \u2022\u00a0EURODAIRY \u2014 sector l\u00e1cteo http:\/\/eurodairy.eu\/ \u2022\u00a0AGROSMARTcoop \u2014 innovaci\u00f3n, [&hellip;]<\/p>\n","protected":false},"author":1,"featured_media":9474,"parent":0,"menu_order":0,"comment_status":"open","ping_status":"open","template":"","meta":{"_monsterinsights_skip_tracking":false,"_monsterinsights_sitenote_active":false,"_monsterinsights_sitenote_note":"","_monsterinsights_sitenote_category":0,"footnotes":""},"class_list":["post-9755","page","type-page","status-publish","has-post-thumbnail","hentry"],"yoast_head":"<!-- This site is optimized with the Yoast SEO plugin v19.11 - https:\/\/yoast.com\/wordpress\/plugins\/seo\/ -->\n<title>LIGAZ\u00d3NS - AGACA<\/title>\n<meta name=\"robots\" content=\"index, follow, max-snippet:-1, max-image-preview:large, max-video-preview:-1\" \/>\n<link rel=\"canonical\" href=\"https:\/\/agaca.coop\/gl\/ligazons\/\" \/>\n<meta property=\"og:locale\" content=\"gl_ES\" \/>\n<meta property=\"og:type\" content=\"article\" \/>\n<meta property=\"og:title\" content=\"LIGAZ\u00d3NS - AGACA\" \/>\n<meta property=\"og:description\" content=\"[vc_row][vc_column css=&#8221;.vc_custom_1415798342358{margin-top: 20px !important;}&#8221;][vc_column_text] ESTAMOS EN [\/vc_column_text][vc_column_text]\u2022 UCOGA www.ucoga.es\/ \u2022\u00a0REDE EUSUMO www.eusumo.gal\/ \u2022 PROGRAMA ERASMUS+ ec.europa.eu\/programmes\/erasmus-plus\/ \u2022 PROGRAMA RESFARM\u00a0\u2014 enerx\u00eda renovable resfarmproject.eu\/es\/ \u2022\u00a0PROXECTO TESLA \u2014 aforro enerx\u00e9tico www.teslaproject.org \u2022\u00a0PROGRAMA SUCELLOG \u2014\u00a0biomasa www.sucellog.eu\/es \u2022\u00a0PROXECTO ToTCOOP+i \u2014\u00a0formaci\u00f3n http:\/\/totcoopi.eu\/?lang=es \u2022 PROXECTO ToTCOOP+i Tech \u2014 tecnolox\u00eda para a innovaci\u00f3n formativa http:\/\/totcoopi.eu\/?lang=es \u2022\u00a0EURODAIRY \u2014 sector l\u00e1cteo http:\/\/eurodairy.eu\/ \u2022\u00a0AGROSMARTcoop \u2014 innovaci\u00f3n, [&hellip;]\" \/>\n<meta property=\"og:url\" content=\"https:\/\/agaca.coop\/gl\/ligazons\/\" \/>\n<meta property=\"og:site_name\" content=\"AGACA\" \/>\n<meta property=\"og:image\" content=\"https:\/\/agaca.coop\/wp-content\/uploads\/2021\/02\/a-para-sectores-e1415882122391-1.jpg\" \/>\n\t<meta property=\"og:image:width\" content=\"213\" \/>\n\t<meta property=\"og:image:height\" content=\"165\" \/>\n\t<meta property=\"og:image:type\" content=\"image\/jpeg\" \/>\n<meta name=\"twitter:card\" content=\"summary_large_image\" \/>\n<meta name=\"twitter:label1\" content=\"Tempo de lectura\" \/>\n\t<meta name=\"twitter:data1\" content=\"3 minutos\" \/>\n<script type=\"application\/ld+json\" class=\"yoast-schema-graph\">{\"@context\":\"https:\/\/schema.org\",\"@graph\":[{\"@type\":\"WebPage\",\"@id\":\"https:\/\/agaca.coop\/gl\/ligazons\/\",\"url\":\"https:\/\/agaca.coop\/gl\/ligazons\/\",\"name\":\"LIGAZ\u00d3NS - AGACA\",\"isPartOf\":{\"@id\":\"https:\/\/agaca.coop\/#website\"},\"datePublished\":\"2015-07-28T12:36:15+00:00\",\"dateModified\":\"2015-07-28T12:36:15+00:00\",\"breadcrumb\":{\"@id\":\"https:\/\/agaca.coop\/gl\/ligazons\/#breadcrumb\"},\"inLanguage\":\"gl-ES\",\"potentialAction\":[{\"@type\":\"ReadAction\",\"target\":[\"https:\/\/agaca.coop\/gl\/ligazons\/\"]}]},{\"@type\":\"BreadcrumbList\",\"@id\":\"https:\/\/agaca.coop\/gl\/ligazons\/#breadcrumb\",\"itemListElement\":[{\"@type\":\"ListItem\",\"position\":1,\"name\":\"Portada\",\"item\":\"https:\/\/agaca.coop\/gl\/\"},{\"@type\":\"ListItem\",\"position\":2,\"name\":\"LIGAZ\u00d3NS\"}]},{\"@type\":\"WebSite\",\"@id\":\"https:\/\/agaca.coop\/#website\",\"url\":\"https:\/\/agaca.coop\/\",\"name\":\"AGACA\",\"description\":\"Asociaci\u00f3n Galega de Cooperativas Agrarias\",\"potentialAction\":[{\"@type\":\"SearchAction\",\"target\":{\"@type\":\"EntryPoint\",\"urlTemplate\":\"https:\/\/agaca.coop\/?s={search_term_string}\"},\"query-input\":\"required name=search_term_string\"}],\"inLanguage\":\"gl-ES\"}]}<\/script>\n<!-- \/ Yoast SEO plugin. -->","yoast_head_json":{"title":"LIGAZ\u00d3NS - AGACA","robots":{"index":"index","follow":"follow","max-snippet":"max-snippet:-1","max-image-preview":"max-image-preview:large","max-video-preview":"max-video-preview:-1"},"canonical":"https:\/\/agaca.coop\/gl\/ligazons\/","og_locale":"gl_ES","og_type":"article","og_title":"LIGAZ\u00d3NS - AGACA","og_description":"[vc_row][vc_column css=&#8221;.vc_custom_1415798342358{margin-top: 20px !important;}&#8221;][vc_column_text] ESTAMOS EN [\/vc_column_text][vc_column_text]\u2022 UCOGA www.ucoga.es\/ \u2022\u00a0REDE EUSUMO www.eusumo.gal\/ \u2022 PROGRAMA ERASMUS+ ec.europa.eu\/programmes\/erasmus-plus\/ \u2022 PROGRAMA RESFARM\u00a0\u2014 enerx\u00eda renovable resfarmproject.eu\/es\/ \u2022\u00a0PROXECTO TESLA \u2014 aforro enerx\u00e9tico www.teslaproject.org \u2022\u00a0PROGRAMA SUCELLOG \u2014\u00a0biomasa www.sucellog.eu\/es \u2022\u00a0PROXECTO ToTCOOP+i \u2014\u00a0formaci\u00f3n http:\/\/totcoopi.eu\/?lang=es \u2022 PROXECTO ToTCOOP+i Tech \u2014 tecnolox\u00eda para a innovaci\u00f3n formativa http:\/\/totcoopi.eu\/?lang=es \u2022\u00a0EURODAIRY \u2014 sector l\u00e1cteo http:\/\/eurodairy.eu\/ \u2022\u00a0AGROSMARTcoop \u2014 innovaci\u00f3n, [&hellip;]","og_url":"https:\/\/agaca.coop\/gl\/ligazons\/","og_site_name":"AGACA","og_image":[{"width":213,"height":165,"url":"https:\/\/agaca.coop\/wp-content\/uploads\/2021\/02\/a-para-sectores-e1415882122391-1.jpg","type":"image\/jpeg"}],"twitter_card":"summary_large_image","twitter_misc":{"Tempo de lectura":"3 minutos"},"schema":{"@context":"https:\/\/schema.org","@graph":[{"@type":"WebPage","@id":"https:\/\/agaca.coop\/gl\/ligazons\/","url":"https:\/\/agaca.coop\/gl\/ligazons\/","name":"LIGAZ\u00d3NS - AGACA","isPartOf":{"@id":"https:\/\/agaca.coop\/#website"},"datePublished":"2015-07-28T12:36:15+00:00","dateModified":"2015-07-28T12:36:15+00:00","breadcrumb":{"@id":"https:\/\/agaca.coop\/gl\/ligazons\/#breadcrumb"},"inLanguage":"gl-ES","potentialAction":[{"@type":"ReadAction","target":["https:\/\/agaca.coop\/gl\/ligazons\/"]}]},{"@type":"BreadcrumbList","@id":"https:\/\/agaca.coop\/gl\/ligazons\/#breadcrumb","itemListElement":[{"@type":"ListItem","position":1,"name":"Portada","item":"https:\/\/agaca.coop\/gl\/"},{"@type":"ListItem","position":2,"name":"LIGAZ\u00d3NS"}]},{"@type":"WebSite","@id":"https:\/\/agaca.coop\/#website","url":"https:\/\/agaca.coop\/","name":"AGACA","description":"Asociaci\u00f3n Galega de Cooperativas Agrarias","potentialAction":[{"@type":"SearchAction","target":{"@type":"EntryPoint","urlTemplate":"https:\/\/agaca.coop\/?s={search_term_string}"},"query-input":"required name=search_term_string"}],"inLanguage":"gl-ES"}]}},"_links":{"self":[{"href":"https:\/\/agaca.coop\/gl\/wp-json\/wp\/v2\/pages\/9755","targetHints":{"allow":["GET"]}}],"collection":[{"href":"https:\/\/agaca.coop\/gl\/wp-json\/wp\/v2\/pages"}],"about":[{"href":"https:\/\/agaca.coop\/gl\/wp-json\/wp\/v2\/types\/page"}],"author":[{"embeddable":true,"href":"https:\/\/agaca.coop\/gl\/wp-json\/wp\/v2\/users\/1"}],"replies":[{"embeddable":true,"href":"https:\/\/agaca.coop\/gl\/wp-json\/wp\/v2\/comments?post=9755"}],"version-history":[{"count":1,"href":"https:\/\/agaca.coop\/gl\/wp-json\/wp\/v2\/pages\/9755\/revisions"}],"predecessor-version":[{"id":9767,"href":"https:\/\/agaca.coop\/gl\/wp-json\/wp\/v2\/pages\/9755\/revisions\/9767"}],"wp:featuredmedia":[{"embeddable":true,"href":"https:\/\/agaca.coop\/gl\/wp-json\/wp\/v2\/media\/9474"}],"wp:attachment":[{"href":"https:\/\/agaca.coop\/gl\/wp-json\/wp\/v2\/media?parent=9755"}],"curies":[{"name":"wp","href":"https:\/\/api.w.org\/{rel}","templated":true}]}}