{"id":9753,"date":"2015-04-17T12:23:36","date_gmt":"2015-04-17T12:23:36","guid":{"rendered":"https:\/\/agaca.coop\/comercio-e-internacionalizacion\/"},"modified":"2015-04-17T12:23:36","modified_gmt":"2015-04-17T12:23:36","slug":"comercio-e-internacionalizacion","status":"publish","type":"page","link":"https:\/\/agaca.coop\/gl\/comercio-e-internacionalizacion\/","title":{"rendered":"Comercio e Internacionalizaci\u00f3n"},"content":{"rendered":"<p>[vc_row][vc_column][vc_column_text]<\/p>\n<h3 style=\"color: #218a3d; text-align: justify;\">As cooperativas, m\u00e1is al\u00f3 da s\u00faa labor comercial e de servizos, son unha entidade social. En Galicia, un de cada 9 fogares ten un familiar nunha cooperativa, o que representa que os seus produtos pos\u00faen algo que ningunha outra industria pode ofrecer: o <strong>valor engadido<\/strong> de saber que, con cada compra, o consumidor contrib\u00fae ao desenvolvemento econ\u00f3mico e social do seu contorno\u00a0m\u00e1is pr\u00f3ximo.<\/h3>\n<p style=\"text-align: justify;\">En AGACA, queremos p\u00f3r de relevo esa <strong>cualidade \u00fanica<\/strong> dos produtos cooperativos que, xunto coa s\u00faa <strong>calidade<\/strong>, son fortes compo\u00f1entes de diferenciaci\u00f3n coa competencia.<\/p>\n<p>[\/vc_column_text][\/vc_column][\/vc_row][vc_row][vc_column width=&#8221;1\/4&#8243;][vc_column_text]<\/p>\n<p style=\"text-align: center;\"><img loading=\"lazy\" decoding=\"async\" class=\"alignleft size-medium wp-image-2277\" src=\"https:\/\/agaca.coop\/wp-content\/uploads\/2021\/02\/fotowebcomercializacioninternac-300x200.jpg\" alt=\"Comercializaci\u00f3n e Internacionalizaci\u00f3n\" width=\"300\" height=\"200\" \/><\/p>\n<p>[\/vc_column_text][\/vc_column][vc_column width=&#8221;3\/4&#8243;][vc_column_text]<\/p>\n<p style=\"text-align: justify;\">A actividade comercial e o <strong>impulso \u00e1 mercadotecnia<\/strong> dos produtos agroalimentarios resulta hoxe vital de cara \u00e1 consolidaci\u00f3n da cota de mercado nacional e \u00e1 apertura e consolidaci\u00f3n no mercado exterior. Para conseguir un posicionamento estable no mercado \u00e9 imprescindible que as cooperativas invistan en <strong>plans de mellora e innovaci\u00f3n<\/strong> das s\u00faas estratexias comerciais, xa sexa establecendo unha rede comercial forte val\u00e9ndose\u00a0das <strong>tecnolox\u00edas da informaci\u00f3n e a comunicaci\u00f3n (TIC)<\/strong>, xa sexa a trav\u00e9s da actualizaci\u00f3n da s\u00faa <strong>lox\u00edstica comercial<\/strong>.<\/p>\n<p style=\"text-align: justify;\">Neste senso, AGACA quere ser o punto de encontro para impulsar actividades de <strong>promoci\u00f3n conxunta<\/strong> que aumenten a rendibilidade e reduzan o rico de investimento\u00a0\u00e1 hora de emprender este tipo de actualizaci\u00f3ns estrat\u00e9xicas para a actividade comercial das cooperativas.<\/p>\n<p>[\/vc_column_text][\/vc_column][\/vc_row][vc_row][vc_column][vc_column_text css=&#8221;.vc_custom_1451483221927{border-left-width: 3px !important;padding-left: 10px !important;border-left-color: #218a3d !important;border-left-style: solid !important;}&#8221;][row][double_paragraph]<\/p>\n<p>[list]<\/p>\n<h4 style=\"color: #218a3d; font-weight: bold;\">INTERNACIONALIZACI\u00d3N<\/h4>\n<p>[\/list][list style=&#8221;text-align: justify;&#8221;][item icon=&#8221;&amp;#127758;&#8221; ]Dinamizaci\u00f3n de redes de contactos[\/item][item icon=&#8221;&amp;#127758;&#8221; ]Participaci\u00f3n en feiras comerciais[\/item][item icon=&#8221;&amp;#127758;&#8221; ]Misi\u00f3ns comerciais inversas[\/item][item icon=&#8221;&amp;#127758;&#8221; ]Planificaci\u00f3n estrat\u00e9xica[\/item][\/list]<\/p>\n<p>[\/double_paragraph][double_paragraph]<\/p>\n<p>[list]<\/p>\n<h4 style=\"color: #218a3d; font-weight: bold;\">COMERCIALIZACI\u00d3N<\/h4>\n<p>[\/list][list][item icon=&#8221;&amp;#128179;&#8221; ]Asesoramento e estratexias de comercializaci\u00f3n das cooperativas agroalimentarias[\/item][item icon=&#8221;&amp;#128179;&#8221; ]Participaci\u00f3n en proxectos de I+D+i e TIC[\/item][item icon=&#8221;&amp;#128179;&#8221; ]Colaboraci\u00f3n con organismos p\u00fablicos, difusi\u00f3n de informaci\u00f3n, convocatorias, tendencias de consumo e prezos e informes de mercados exteriores[\/item][\/list][\/double_paragraph] [\/row][\/vc_column_text][\/vc_column][\/vc_row][vc_row][vc_column][vc_column_text]<\/p>\n<h4 style=\"color: #218a3d; font-weight: bold;\">AGROSMARTglobal<\/h4>\n<p><img loading=\"lazy\" decoding=\"async\" class=\"alignleft wp-image-17552\" src=\"https:\/\/agaca.coop\/wp-content\/uploads\/2021\/02\/logoagrosmartglobal.png\" alt=\"logoAGROSMARTglobal\" width=\"125\" height=\"69\" \/>En outubro de 2019 comezou o proxecto AGROSMARTglobal destinado a establecer relaci\u00f1ons empresariais con en China e Estados Unidos. Participan cooperativas de Espa\u00f1a, Francia e Portugal. As dez rexi\u00f3ns do espazo europeo SUDOE que abarca o proxecto son: en Espa\u00f1a: Galicia, Castela-A Mancha, Pa\u00eds Vasco e A Rioxa; en Francia: Nova Aquitania e, en Portugal: Norte, Algarve, Centro, Lisboa e Alentejo.<\/p>\n<p>As principais actividades de AGROSMARTglobal virar\u00e1n en torno tres vertentes:<\/p>\n<p>-Por unha banda potenciarase a capacidade de <span style=\"color: #7a8000;\">diferenciaci\u00f3n dos produtos<\/span> das cooperativas agroalimentarias e tratarase de definir medidas para protexer e promover as Indicaci\u00f3ns Xeogr\u00e1ficas Protexidas (IGP) e as Denominaci\u00f3ns de Orixe (DOP) nos mercados dixitais.<\/p>\n<p>&#8211; Doutra banda, crearanse servizos de <span style=\"color: #7a8000;\">apoio \u00e1 internacionalizaci\u00f3n dixital<\/span>, a trav\u00e9s dunha plataforma online onde acceder a ferramentas TIC e servizos de consultor\u00eda. Tam\u00e9n traballar\u00e1 coas cooperativas para introducir e posicionar os seus produtos en plataformas de comercio dixital B2B e desenvolver misi\u00f3ns comerciais a China e Estados Unidos onde establecer lazos empresariais.<\/p>\n<p>&#8211; Finalmente, dese\u00f1arase un <span style=\"color: #7a8000;\">programa formativo multidisciplinar e unha rede de networking<\/span> e intercooperaci\u00f3n entre as cooperativas participantes no proxecto, as\u00ed como con entidades dos mercados de destino.<\/p>\n<p>AGROSMARTglobal \u00e9 un proxecto europeo cofinanciado polo Programa InterregSudoe 2014-2020 dentro do eixe prioritario de fomentar a competitividade e a internacionalizaci\u00f3n das pemes del Sudoeste europeo. Conta cun presuposto total de 1.598.000,00 \u20ac e est\u00e1 cofinanciado, nun 75% polo Fondo Europeo de Desenvolvemento Rexional (FEDER).<\/p>\n<p>M\u00e1is informaci\u00f3n <a  href=\"https:\/\/agaca.coop\/gl\/?goto=TEoTWxADB1lND1YSS0o8BUoTVBxAZi9eOhk8LyJZNR88NVVCWB9CAg\">premendo aqu\u00ed<\/a>[\/vc_column_text][\/vc_column][\/vc_row]<\/p>\n","protected":false},"excerpt":{"rendered":"<p>[vc_row][vc_column][vc_column_text] As cooperativas, m\u00e1is al\u00f3 da s\u00faa labor comercial e de servizos, son unha entidade social. En Galicia, un de cada 9 fogares ten un familiar nunha cooperativa, o que representa que os seus produtos pos\u00faen algo que ningunha outra industria pode ofrecer: o valor engadido de saber que, con cada compra, o consumidor contrib\u00fae [&hellip;]<\/p>\n","protected":false},"author":1,"featured_media":9467,"parent":0,"menu_order":0,"comment_status":"open","ping_status":"open","template":"","meta":{"_monsterinsights_skip_tracking":false,"_monsterinsights_sitenote_active":false,"_monsterinsights_sitenote_note":"","_monsterinsights_sitenote_category":0,"footnotes":""},"class_list":["post-9753","page","type-page","status-publish","has-post-thumbnail","hentry"],"yoast_head":"<!-- This site is optimized with the Yoast SEO plugin v19.11 - https:\/\/yoast.com\/wordpress\/plugins\/seo\/ -->\n<title>Comercio e Internacionalizaci\u00f3n - AGACA<\/title>\n<meta name=\"robots\" content=\"index, follow, max-snippet:-1, max-image-preview:large, max-video-preview:-1\" \/>\n<link rel=\"canonical\" href=\"https:\/\/agaca.coop\/gl\/comercio-e-internacionalizacion\/\" \/>\n<meta property=\"og:locale\" content=\"gl_ES\" \/>\n<meta property=\"og:type\" content=\"article\" \/>\n<meta property=\"og:title\" content=\"Comercio e Internacionalizaci\u00f3n - AGACA\" \/>\n<meta property=\"og:description\" content=\"[vc_row][vc_column][vc_column_text] As cooperativas, m\u00e1is al\u00f3 da s\u00faa labor comercial e de servizos, son unha entidade social. En Galicia, un de cada 9 fogares ten un familiar nunha cooperativa, o que representa que os seus produtos pos\u00faen algo que ningunha outra industria pode ofrecer: o valor engadido de saber que, con cada compra, o consumidor contrib\u00fae [&hellip;]\" \/>\n<meta property=\"og:url\" content=\"https:\/\/agaca.coop\/gl\/comercio-e-internacionalizacion\/\" \/>\n<meta property=\"og:site_name\" content=\"AGACA\" \/>\n<meta property=\"og:image\" content=\"https:\/\/agaca.coop\/wp-content\/uploads\/2021\/02\/fotowebcomercializacioninternac.jpg\" \/>\n\t<meta property=\"og:image:width\" content=\"600\" \/>\n\t<meta property=\"og:image:height\" content=\"400\" \/>\n\t<meta property=\"og:image:type\" content=\"image\/jpeg\" \/>\n<meta name=\"twitter:card\" content=\"summary_large_image\" \/>\n<meta name=\"twitter:label1\" content=\"Tempo de lectura\" \/>\n\t<meta name=\"twitter:data1\" content=\"3 minutos\" \/>\n<script type=\"application\/ld+json\" class=\"yoast-schema-graph\">{\"@context\":\"https:\/\/schema.org\",\"@graph\":[{\"@type\":\"WebPage\",\"@id\":\"https:\/\/agaca.coop\/gl\/comercio-e-internacionalizacion\/\",\"url\":\"https:\/\/agaca.coop\/gl\/comercio-e-internacionalizacion\/\",\"name\":\"Comercio e Internacionalizaci\u00f3n - AGACA\",\"isPartOf\":{\"@id\":\"https:\/\/agaca.coop\/#website\"},\"datePublished\":\"2015-04-17T12:23:36+00:00\",\"dateModified\":\"2015-04-17T12:23:36+00:00\",\"breadcrumb\":{\"@id\":\"https:\/\/agaca.coop\/gl\/comercio-e-internacionalizacion\/#breadcrumb\"},\"inLanguage\":\"gl-ES\",\"potentialAction\":[{\"@type\":\"ReadAction\",\"target\":[\"https:\/\/agaca.coop\/gl\/comercio-e-internacionalizacion\/\"]}]},{\"@type\":\"BreadcrumbList\",\"@id\":\"https:\/\/agaca.coop\/gl\/comercio-e-internacionalizacion\/#breadcrumb\",\"itemListElement\":[{\"@type\":\"ListItem\",\"position\":1,\"name\":\"Portada\",\"item\":\"https:\/\/agaca.coop\/gl\/\"},{\"@type\":\"ListItem\",\"position\":2,\"name\":\"Comercio e Internacionalizaci\u00f3n\"}]},{\"@type\":\"WebSite\",\"@id\":\"https:\/\/agaca.coop\/#website\",\"url\":\"https:\/\/agaca.coop\/\",\"name\":\"AGACA\",\"description\":\"Asociaci\u00f3n Galega de Cooperativas Agrarias\",\"potentialAction\":[{\"@type\":\"SearchAction\",\"target\":{\"@type\":\"EntryPoint\",\"urlTemplate\":\"https:\/\/agaca.coop\/?s={search_term_string}\"},\"query-input\":\"required name=search_term_string\"}],\"inLanguage\":\"gl-ES\"}]}<\/script>\n<!-- \/ Yoast SEO plugin. -->","yoast_head_json":{"title":"Comercio e Internacionalizaci\u00f3n - AGACA","robots":{"index":"index","follow":"follow","max-snippet":"max-snippet:-1","max-image-preview":"max-image-preview:large","max-video-preview":"max-video-preview:-1"},"canonical":"https:\/\/agaca.coop\/gl\/comercio-e-internacionalizacion\/","og_locale":"gl_ES","og_type":"article","og_title":"Comercio e Internacionalizaci\u00f3n - AGACA","og_description":"[vc_row][vc_column][vc_column_text] As cooperativas, m\u00e1is al\u00f3 da s\u00faa labor comercial e de servizos, son unha entidade social. En Galicia, un de cada 9 fogares ten un familiar nunha cooperativa, o que representa que os seus produtos pos\u00faen algo que ningunha outra industria pode ofrecer: o valor engadido de saber que, con cada compra, o consumidor contrib\u00fae [&hellip;]","og_url":"https:\/\/agaca.coop\/gl\/comercio-e-internacionalizacion\/","og_site_name":"AGACA","og_image":[{"width":600,"height":400,"url":"https:\/\/agaca.coop\/wp-content\/uploads\/2021\/02\/fotowebcomercializacioninternac.jpg","type":"image\/jpeg"}],"twitter_card":"summary_large_image","twitter_misc":{"Tempo de lectura":"3 minutos"},"schema":{"@context":"https:\/\/schema.org","@graph":[{"@type":"WebPage","@id":"https:\/\/agaca.coop\/gl\/comercio-e-internacionalizacion\/","url":"https:\/\/agaca.coop\/gl\/comercio-e-internacionalizacion\/","name":"Comercio e Internacionalizaci\u00f3n - AGACA","isPartOf":{"@id":"https:\/\/agaca.coop\/#website"},"datePublished":"2015-04-17T12:23:36+00:00","dateModified":"2015-04-17T12:23:36+00:00","breadcrumb":{"@id":"https:\/\/agaca.coop\/gl\/comercio-e-internacionalizacion\/#breadcrumb"},"inLanguage":"gl-ES","potentialAction":[{"@type":"ReadAction","target":["https:\/\/agaca.coop\/gl\/comercio-e-internacionalizacion\/"]}]},{"@type":"BreadcrumbList","@id":"https:\/\/agaca.coop\/gl\/comercio-e-internacionalizacion\/#breadcrumb","itemListElement":[{"@type":"ListItem","position":1,"name":"Portada","item":"https:\/\/agaca.coop\/gl\/"},{"@type":"ListItem","position":2,"name":"Comercio e Internacionalizaci\u00f3n"}]},{"@type":"WebSite","@id":"https:\/\/agaca.coop\/#website","url":"https:\/\/agaca.coop\/","name":"AGACA","description":"Asociaci\u00f3n Galega de Cooperativas Agrarias","potentialAction":[{"@type":"SearchAction","target":{"@type":"EntryPoint","urlTemplate":"https:\/\/agaca.coop\/?s={search_term_string}"},"query-input":"required name=search_term_string"}],"inLanguage":"gl-ES"}]}},"_links":{"self":[{"href":"https:\/\/agaca.coop\/gl\/wp-json\/wp\/v2\/pages\/9753","targetHints":{"allow":["GET"]}}],"collection":[{"href":"https:\/\/agaca.coop\/gl\/wp-json\/wp\/v2\/pages"}],"about":[{"href":"https:\/\/agaca.coop\/gl\/wp-json\/wp\/v2\/types\/page"}],"author":[{"embeddable":true,"href":"https:\/\/agaca.coop\/gl\/wp-json\/wp\/v2\/users\/1"}],"replies":[{"embeddable":true,"href":"https:\/\/agaca.coop\/gl\/wp-json\/wp\/v2\/comments?post=9753"}],"version-history":[{"count":2,"href":"https:\/\/agaca.coop\/gl\/wp-json\/wp\/v2\/pages\/9753\/revisions"}],"predecessor-version":[{"id":12340,"href":"https:\/\/agaca.coop\/gl\/wp-json\/wp\/v2\/pages\/9753\/revisions\/12340"}],"wp:featuredmedia":[{"embeddable":true,"href":"https:\/\/agaca.coop\/gl\/wp-json\/wp\/v2\/media\/9467"}],"wp:attachment":[{"href":"https:\/\/agaca.coop\/gl\/wp-json\/wp\/v2\/media?parent=9753"}],"curies":[{"name":"wp","href":"https:\/\/api.w.org\/{rel}","templated":true}]}}