{"id":27127,"date":"2026-03-20T14:39:49","date_gmt":"2026-03-20T13:39:49","guid":{"rendered":"https:\/\/agaca.coop\/?page_id=27127"},"modified":"2026-03-20T15:40:42","modified_gmt":"2026-03-20T14:40:42","slug":"greenlow-pecuaria","status":"publish","type":"page","link":"https:\/\/agaca.coop\/gl\/greenlow-pecuaria\/","title":{"rendered":"GREENLOW PECUARIA. Ecosistema Transfronteirizo de Investigaci\u00f3n e Traransferencia do sector agropecuario para reducir o seu impacto clim\u00e1tico e mellorar a s\u00faa sustentabilidade na Eurroregi\u00f3n Galicia \u2013 Norte de Portugal"},"content":{"rendered":"<p><img loading=\"lazy\" decoding=\"async\" class=\"wp-image-27117 size-medium aligncenter\" src=\"https:\/\/agaca.coop\/wp-content\/uploads\/2026\/03\/logo-Interreg-poctep-senmarxe-2026-300x80.png\" alt=\"\" width=\"300\" height=\"80\" srcset=\"https:\/\/agaca.coop\/wp-content\/uploads\/2026\/03\/logo-Interreg-poctep-senmarxe-2026-300x80.png 300w, https:\/\/agaca.coop\/wp-content\/uploads\/2026\/03\/logo-Interreg-poctep-senmarxe-2026-1024x274.png 1024w, https:\/\/agaca.coop\/wp-content\/uploads\/2026\/03\/logo-Interreg-poctep-senmarxe-2026-768x206.png 768w, https:\/\/agaca.coop\/wp-content\/uploads\/2026\/03\/logo-Interreg-poctep-senmarxe-2026-750x201.png 750w, https:\/\/agaca.coop\/wp-content\/uploads\/2026\/03\/logo-Interreg-poctep-senmarxe-2026-1140x306.png 1140w, https:\/\/agaca.coop\/wp-content\/uploads\/2026\/03\/logo-Interreg-poctep-senmarxe-2026.png 1399w\" sizes=\"auto, (max-width: 300px) 100vw, 300px\" \/><\/p>\n<p>O proxecto europeo <em>GREENLOW PECUARIA. transferencia do sector agropecuario para reducir o seu impacto clim\u00e1tico e mellorar a s\u00faa sustentabilidade na Eurroregi\u00f3n Galicia \u2013 Norte de Portugal<\/em> \u00a0ten como obxectivo principal reforzar as capacidades conxuntas de investigaci\u00f3n, desenvolvemento e innovaci\u00f3n (I+D+i) e a transferencia de co\u00f1ecemento para <strong><span style=\"color: #829a75;\">reducir a pegada ecol\u00f3xica do sector gandeiro<\/span><\/strong>, especialmente no referente a emisi\u00f3ns de gases de efecto invernadoiro (GEI).<\/p>\n<h2><span style=\"color: #829a75;\">Obxectivos<\/span><\/h2>\n<h4><span style=\"color: #829a75;\">01 Investigaci\u00f3n e innovaci\u00f3n tecnol\u00f3xica<\/span><\/h4>\n<p>O proxecto busca fomentar a I+D+i na Eurorrexi\u00f3n Galicia-Norte de Portugal mediante tecnolox\u00edas innovadoras para reducir emisi\u00f3ns de gases de efecto invernadoiro. Desenvolveranse modelos preditivos para estimar con precisi\u00f3n as emisi\u00f3ns de metano en explotaci\u00f3ns bovinas, adaptando a metodolox\u00eda TIER 2 do IPCC a nivel rexional.<\/p>\n<blockquote class=\"pullquote align-right\"><p><span style=\"color: #829a75;\">A trav\u00e9s da cooperaci\u00f3n en I+D+i, GREENLOW PECUARIA aplica tecnolox\u00edas avanzadas e modelos preditivos para mitigar o impacto ambiental da gander\u00eda , ali\u00f1\u00e1ndose cos obxectivos da Axenda 2030 e a Estratexia de Enerx\u00eda e Clima da UE.<\/span><\/p><\/blockquote>\n<h4><span style=\"color: #829a75;\">02 Colaboraci\u00f3n e transferencia de co\u00f1ecemento<\/span><\/h4>\n<p>Creaci\u00f3n dunha plataforma colaborativa transfronteiriza entre Galicia e o Norte de Portugal para fortalecer a cooperaci\u00f3n entre o sector gandeiro e entidades de l+D+i. A trav\u00e9s dunha rede estruturada e un Hub de co\u00f1ecemento, impulsarase a transferencia de resultados do proxecto Greenlow Pecuaria, promovendo pr\u00e1cticas sostibles, tecnolox\u00edas verdes e unha transici\u00f3n ecol\u00f3xica.<\/p>\n<h4><span style=\"color: #829a75;\">03 Xesti\u00f3n, comunicaci\u00f3n e transparencia<\/span><\/h4>\n<p>O proxecto busca asegurar unha xesti\u00f3n eficiente e transparente mediante un plan de traballo coordinado e un modelo de gobernanza claro, liderado polo beneficiario principal. Ademais, implementarase unha estratexia de comunicaci\u00f3n estruturada para dar visibilidade ao proxecto, fomentar a participaci\u00f3n e difundir resultados, fortalecendo a confianza e o impacto no sector agropecuario.<\/p>\n<h2><span style=\"color: #829a75;\">Actividades<\/span><\/h2>\n<p>ACTIVIDADE 1: Impulso de capacidades de I+D+i para un sector gandeiro hipocarb\u00f3nico e sostible climaticamente.<br \/>\nACTIVIDADE 2: Desenvolvemento de modelos preditivos de emisi\u00f3ns GEI para a gander\u00eda de vac\u00fan na Eurorrexi\u00f3n.<br \/>\nACTIVIDADE 3: Medidas biotecnol\u00f3xicas para o control e minimizaci\u00f3n dos GEI no sector gandeiro bovino.<br \/>\nACTIVIDADE 4: Rede Transfronteiriza de Investigaci\u00f3n e Co\u00f1ecemento para a transici\u00f3n verde da gander\u00eda na Eurorrexi\u00f3n.<br \/>\nACTIVIDADE 5: Xesti\u00f3n e coordinaci\u00f3n.<br \/>\nACTIVIDADE 6: Visibilidade, transparencia e comunicaci\u00f3n.<\/p>\n<h2><span style=\"color: #829a75;\">Socios<\/span><\/h2>\n<p>O consorcio que promove GREENLOW PECUARIA est\u00e1 formado por sete entidades socias:<\/p>\n<p>Cient\u00edficas &#8211; Aportan co\u00f1ecemento cient\u00edfico e t\u00e9cnico<\/p>\n<ul>\n<li><a  href=\"https:\/\/agaca.coop\/gl\/?goto=TEoTW1kWBwFNDw9dWVg8SgMRV1xVOg\">Universidade de Santiago de Compostela<\/a> &#8211; Espa\u00f1a.<\/li>\n<li><a  href=\"https:\/\/agaca.coop\/gl\/?goto=TEoTW1kWBwFbHxkQTUdxHBEeTxIeLi9VZxM8\">Axencia Galega da Calidade Alimentaria<\/a> (Xunta de Galicia) &#8211; Espa\u00f1a.<\/li>\n<li><a  href=\"https:\/\/agaca.coop\/gl\/?goto=TEoTW1kWBwFNDw9dRVspB0oAT1w\">Instituto Polit\u00e9cnico de Viana do Castelo<\/a> &#8211; Portugal.<\/li>\n<\/ul>\n<p>Representativas do sector gandeiro &#8211; permiten facer probas dos modelos preditivos e medidas biotecnol\u00f3xicas desenvolvidos en explotaci\u00f3ns gandeiras.<\/p>\n<ul>\n<li>AGACA.<\/li>\n<li><a  href=\"https:\/\/agaca.coop\/gl\/?goto=TEoTW1kWBwFNDw9dTUkzCkoAT1w\">Associa\u00e7\u00e3o para o Apoio \u00e0 Bovinicultura Leiteira do Norte<\/a> (ABLN) &#8211; Portugal.<\/li>\n<\/ul>\n<p>Administraci\u00f3ns p\u00fablicas con competencias na materia &#8211; permiten establecer sinerx\u00edas para capitalizar os resultados e integralos nas pol\u00edticas p\u00fablicas da Eurorrexi\u00f3n.<\/p>\n<ul>\n<li><a  href=\"https:\/\/agaca.coop\/gl\/?goto=TEoTW1kWBwFNDw9dVF4xEAVeXBJcZitKZxsqJipEbAolKFZPG1YZXyEZPkoEX08\">Direcci\u00f3n Xeral de Gander\u00eda, Agricultura e Industrias Agroalimentarias<\/a> (Xunta de Galicia) &#8211; Espa\u00f1a.<\/li>\n<li><a  href=\"https:\/\/agaca.coop\/gl\/?goto=TEoTW1kWBwFNDw9dT0g7FkkeFQNEZg\">Comiss\u00e3o de Coordina\u00e7\u00e3o e Desenvolvimento Regional do Norte<\/a> &#8211; Portugal.<\/li>\n<\/ul>\n<h3 style=\"text-align: left;\"><span style=\"color: #b3c9af;\">Outra informaci\u00f3n:<\/span><\/h3>\n<p style=\"text-align: left;\">Informaci\u00f3n de GREENLOW PECUARIA en web Interreg Poctep: <a class=\"btn btn-primary\"  href=\"https:\/\/agaca.coop\/gl\/?goto=TEoTW1kWBwFNDw9dXEQ8EAEAFRZFZj5LJw8qITdEbkhjbwJ8U0AVSCoWJVIpRkUiQTMsVSR3BBU1SUU2GzgnD1BbCkoHWFpPVAseAUNFKwEWGUEcHS0rFCEYOScwXygfMTleTFofCQAwCCtLBVBFM1E8PVUkBVEvPElTMBc_IQ4JXwBZRVxNTU8ZChpDBi8FFhEWAVUtO1ohBGIxNgYoFSA7VFdbHxNBLRcrUR9VT2xNfzNZL0dHKyJJUyBZOCEPUFsJQkhFREdeGRxeSUVyCAVdXgZCOyFLLREmLS0GJhk8M1RKVR0\" target=\"_blank\" rel=\"noopener\">https:\/\/www.poctep.eu\/<\/a><\/p>\n<hr \/>\n<p>&nbsp;<\/p>\n","protected":false},"excerpt":{"rendered":"<p>O proxecto europeo GREENLOW PECUARIA. transferencia do sector agropecuario para reducir o seu impacto clim\u00e1tico e mellorar a s\u00faa sustentabilidade na Eurroregi\u00f3n Galicia \u2013 Norte de Portugal \u00a0ten como obxectivo principal reforzar as capacidades conxuntas de investigaci\u00f3n, desenvolvemento e innovaci\u00f3n (I+D+i) e a transferencia de co\u00f1ecemento para reducir a pegada ecol\u00f3xica do sector gandeiro, especialmente [&hellip;]<\/p>\n","protected":false},"author":2,"featured_media":0,"parent":0,"menu_order":0,"comment_status":"closed","ping_status":"closed","template":"","meta":{"_monsterinsights_skip_tracking":false,"_monsterinsights_sitenote_active":false,"_monsterinsights_sitenote_note":"","_monsterinsights_sitenote_category":0,"footnotes":""},"class_list":["post-27127","page","type-page","status-publish","hentry"],"yoast_head":"<!-- This site is optimized with the Yoast SEO plugin v19.11 - https:\/\/yoast.com\/wordpress\/plugins\/seo\/ -->\n<title>GREENLOW PECUARIA. Ecosistema Transfronteirizo de Investigaci\u00f3n e Traransferencia do sector agropecuario para reducir o seu impacto clim\u00e1tico e mellorar a s\u00faa sustentabilidade na Eurroregi\u00f3n Galicia \u2013 Norte de Portugal - AGACA<\/title>\n<meta name=\"robots\" content=\"index, follow, max-snippet:-1, max-image-preview:large, max-video-preview:-1\" \/>\n<link rel=\"canonical\" href=\"https:\/\/agaca.coop\/gl\/greenlow-pecuaria\/\" \/>\n<meta property=\"og:locale\" content=\"gl_ES\" \/>\n<meta property=\"og:type\" content=\"article\" \/>\n<meta property=\"og:title\" content=\"GREENLOW PECUARIA. Ecosistema Transfronteirizo de Investigaci\u00f3n e Traransferencia do sector agropecuario para reducir o seu impacto clim\u00e1tico e mellorar a s\u00faa sustentabilidade na Eurroregi\u00f3n Galicia \u2013 Norte de Portugal - AGACA\" \/>\n<meta property=\"og:description\" content=\"O proxecto europeo GREENLOW PECUARIA. transferencia do sector agropecuario para reducir o seu impacto clim\u00e1tico e mellorar a s\u00faa sustentabilidade na Eurroregi\u00f3n Galicia \u2013 Norte de Portugal \u00a0ten como obxectivo principal reforzar as capacidades conxuntas de investigaci\u00f3n, desenvolvemento e innovaci\u00f3n (I+D+i) e a transferencia de co\u00f1ecemento para reducir a pegada ecol\u00f3xica do sector gandeiro, especialmente [&hellip;]\" \/>\n<meta property=\"og:url\" content=\"https:\/\/agaca.coop\/gl\/greenlow-pecuaria\/\" \/>\n<meta property=\"og:site_name\" content=\"AGACA\" \/>\n<meta property=\"article:modified_time\" content=\"2026-03-20T14:40:42+00:00\" \/>\n<meta property=\"og:image\" content=\"https:\/\/agaca.coop\/wp-content\/uploads\/2026\/03\/logo-Interreg-poctep-senmarxe-2026-300x80.png\" \/>\n<meta name=\"twitter:card\" content=\"summary_large_image\" \/>\n<meta name=\"twitter:label1\" content=\"Tempo de lectura\" \/>\n\t<meta name=\"twitter:data1\" content=\"3 minutos\" \/>\n<script type=\"application\/ld+json\" class=\"yoast-schema-graph\">{\"@context\":\"https:\/\/schema.org\",\"@graph\":[{\"@type\":\"WebPage\",\"@id\":\"https:\/\/agaca.coop\/gl\/greenlow-pecuaria\/\",\"url\":\"https:\/\/agaca.coop\/gl\/greenlow-pecuaria\/\",\"name\":\"GREENLOW PECUARIA. Ecosistema Transfronteirizo de Investigaci\u00f3n e Traransferencia do sector agropecuario para reducir o seu impacto clim\u00e1tico e mellorar a s\u00faa sustentabilidade na Eurroregi\u00f3n Galicia \u2013 Norte de Portugal - AGACA\",\"isPartOf\":{\"@id\":\"https:\/\/agaca.coop\/#website\"},\"datePublished\":\"2026-03-20T13:39:49+00:00\",\"dateModified\":\"2026-03-20T14:40:42+00:00\",\"breadcrumb\":{\"@id\":\"https:\/\/agaca.coop\/gl\/greenlow-pecuaria\/#breadcrumb\"},\"inLanguage\":\"gl-ES\",\"potentialAction\":[{\"@type\":\"ReadAction\",\"target\":[\"https:\/\/agaca.coop\/gl\/greenlow-pecuaria\/\"]}]},{\"@type\":\"BreadcrumbList\",\"@id\":\"https:\/\/agaca.coop\/gl\/greenlow-pecuaria\/#breadcrumb\",\"itemListElement\":[{\"@type\":\"ListItem\",\"position\":1,\"name\":\"Portada\",\"item\":\"https:\/\/agaca.coop\/gl\/\"},{\"@type\":\"ListItem\",\"position\":2,\"name\":\"GREENLOW PECUARIA. Ecosistema Transfronteirizo de Investigaci\u00f3n e Traransferencia do sector agropecuario para reducir o seu impacto clim\u00e1tico e mellorar a s\u00faa sustentabilidade na Eurroregi\u00f3n Galicia \u2013 Norte de Portugal\"}]},{\"@type\":\"WebSite\",\"@id\":\"https:\/\/agaca.coop\/#website\",\"url\":\"https:\/\/agaca.coop\/\",\"name\":\"AGACA\",\"description\":\"Asociaci\u00f3n Galega de Cooperativas Agrarias\",\"potentialAction\":[{\"@type\":\"SearchAction\",\"target\":{\"@type\":\"EntryPoint\",\"urlTemplate\":\"https:\/\/agaca.coop\/?s={search_term_string}\"},\"query-input\":\"required name=search_term_string\"}],\"inLanguage\":\"gl-ES\"}]}<\/script>\n<!-- \/ Yoast SEO plugin. -->","yoast_head_json":{"title":"GREENLOW PECUARIA. Ecosistema Transfronteirizo de Investigaci\u00f3n e Traransferencia do sector agropecuario para reducir o seu impacto clim\u00e1tico e mellorar a s\u00faa sustentabilidade na Eurroregi\u00f3n Galicia \u2013 Norte de Portugal - AGACA","robots":{"index":"index","follow":"follow","max-snippet":"max-snippet:-1","max-image-preview":"max-image-preview:large","max-video-preview":"max-video-preview:-1"},"canonical":"https:\/\/agaca.coop\/gl\/greenlow-pecuaria\/","og_locale":"gl_ES","og_type":"article","og_title":"GREENLOW PECUARIA. Ecosistema Transfronteirizo de Investigaci\u00f3n e Traransferencia do sector agropecuario para reducir o seu impacto clim\u00e1tico e mellorar a s\u00faa sustentabilidade na Eurroregi\u00f3n Galicia \u2013 Norte de Portugal - AGACA","og_description":"O proxecto europeo GREENLOW PECUARIA. transferencia do sector agropecuario para reducir o seu impacto clim\u00e1tico e mellorar a s\u00faa sustentabilidade na Eurroregi\u00f3n Galicia \u2013 Norte de Portugal \u00a0ten como obxectivo principal reforzar as capacidades conxuntas de investigaci\u00f3n, desenvolvemento e innovaci\u00f3n (I+D+i) e a transferencia de co\u00f1ecemento para reducir a pegada ecol\u00f3xica do sector gandeiro, especialmente [&hellip;]","og_url":"https:\/\/agaca.coop\/gl\/greenlow-pecuaria\/","og_site_name":"AGACA","article_modified_time":"2026-03-20T14:40:42+00:00","og_image":[{"url":"https:\/\/agaca.coop\/wp-content\/uploads\/2026\/03\/logo-Interreg-poctep-senmarxe-2026-300x80.png"}],"twitter_card":"summary_large_image","twitter_misc":{"Tempo de lectura":"3 minutos"},"schema":{"@context":"https:\/\/schema.org","@graph":[{"@type":"WebPage","@id":"https:\/\/agaca.coop\/gl\/greenlow-pecuaria\/","url":"https:\/\/agaca.coop\/gl\/greenlow-pecuaria\/","name":"GREENLOW PECUARIA. Ecosistema Transfronteirizo de Investigaci\u00f3n e Traransferencia do sector agropecuario para reducir o seu impacto clim\u00e1tico e mellorar a s\u00faa sustentabilidade na Eurroregi\u00f3n Galicia \u2013 Norte de Portugal - AGACA","isPartOf":{"@id":"https:\/\/agaca.coop\/#website"},"datePublished":"2026-03-20T13:39:49+00:00","dateModified":"2026-03-20T14:40:42+00:00","breadcrumb":{"@id":"https:\/\/agaca.coop\/gl\/greenlow-pecuaria\/#breadcrumb"},"inLanguage":"gl-ES","potentialAction":[{"@type":"ReadAction","target":["https:\/\/agaca.coop\/gl\/greenlow-pecuaria\/"]}]},{"@type":"BreadcrumbList","@id":"https:\/\/agaca.coop\/gl\/greenlow-pecuaria\/#breadcrumb","itemListElement":[{"@type":"ListItem","position":1,"name":"Portada","item":"https:\/\/agaca.coop\/gl\/"},{"@type":"ListItem","position":2,"name":"GREENLOW PECUARIA. Ecosistema Transfronteirizo de Investigaci\u00f3n e Traransferencia do sector agropecuario para reducir o seu impacto clim\u00e1tico e mellorar a s\u00faa sustentabilidade na Eurroregi\u00f3n Galicia \u2013 Norte de Portugal"}]},{"@type":"WebSite","@id":"https:\/\/agaca.coop\/#website","url":"https:\/\/agaca.coop\/","name":"AGACA","description":"Asociaci\u00f3n Galega de Cooperativas Agrarias","potentialAction":[{"@type":"SearchAction","target":{"@type":"EntryPoint","urlTemplate":"https:\/\/agaca.coop\/?s={search_term_string}"},"query-input":"required name=search_term_string"}],"inLanguage":"gl-ES"}]}},"_links":{"self":[{"href":"https:\/\/agaca.coop\/gl\/wp-json\/wp\/v2\/pages\/27127","targetHints":{"allow":["GET"]}}],"collection":[{"href":"https:\/\/agaca.coop\/gl\/wp-json\/wp\/v2\/pages"}],"about":[{"href":"https:\/\/agaca.coop\/gl\/wp-json\/wp\/v2\/types\/page"}],"author":[{"embeddable":true,"href":"https:\/\/agaca.coop\/gl\/wp-json\/wp\/v2\/users\/2"}],"replies":[{"embeddable":true,"href":"https:\/\/agaca.coop\/gl\/wp-json\/wp\/v2\/comments?post=27127"}],"version-history":[{"count":4,"href":"https:\/\/agaca.coop\/gl\/wp-json\/wp\/v2\/pages\/27127\/revisions"}],"predecessor-version":[{"id":27161,"href":"https:\/\/agaca.coop\/gl\/wp-json\/wp\/v2\/pages\/27127\/revisions\/27161"}],"wp:attachment":[{"href":"https:\/\/agaca.coop\/gl\/wp-json\/wp\/v2\/media?parent=27127"}],"curies":[{"name":"wp","href":"https:\/\/api.w.org\/{rel}","templated":true}]}}