{"id":27103,"date":"2026-03-20T13:38:19","date_gmt":"2026-03-20T12:38:19","guid":{"rendered":"https:\/\/agaca.coop\/?page_id=27103"},"modified":"2026-03-24T12:26:19","modified_gmt":"2026-03-24T11:26:19","slug":"bridge4future","status":"publish","type":"page","link":"https:\/\/agaca.coop\/gl\/bridge4future\/","title":{"rendered":"Bridge4Future. Dixitalizaci\u00f3n das cooperativas de mulleres: unha puente cara a Europa"},"content":{"rendered":"<p><img loading=\"lazy\" decoding=\"async\" class=\"wp-image-27088 size-medium aligncenter\" src=\"https:\/\/agaca.coop\/wp-content\/uploads\/2026\/03\/bridge4future-logo-cor-letras-marxecadrado-300x300.png\" alt=\"\" width=\"300\" height=\"300\" srcset=\"https:\/\/agaca.coop\/wp-content\/uploads\/2026\/03\/bridge4future-logo-cor-letras-marxecadrado-300x300.png 300w, https:\/\/agaca.coop\/wp-content\/uploads\/2026\/03\/bridge4future-logo-cor-letras-marxecadrado-150x150.png 150w, https:\/\/agaca.coop\/wp-content\/uploads\/2026\/03\/bridge4future-logo-cor-letras-marxecadrado-75x75.png 75w, https:\/\/agaca.coop\/wp-content\/uploads\/2026\/03\/bridge4future-logo-cor-letras-marxecadrado.png 720w\" sizes=\"auto, (max-width: 300px) 100vw, 300px\" \/><\/p>\n<p>O proxecto europeo <em>Bridge4Future &#8211; Dixitalizaci\u00f3n das Cooperativas de Mujeres: unha ponte cara a Europa<\/em> est\u00e1 cofinanciado polo Programa Erasmus+ (enmarcado m\u00e1is concretamente na acci\u00f3n KA220-ADU, Asociaci\u00f3ns de Cooperaci\u00f3n na educaci\u00f3n de persoas adultas) e liderado pola Direcci\u00f3n Provincial de Agricultura e Silvicultura de Ankara (entidade dependente do Ministerio de Agricultura e Silvicultura de Turqu\u00eda).<\/p>\n<blockquote class=\"pullquote align-right\"><p><span style=\"color: #0181ca;\">Bridge4Future busca apoderar as cooperativas de mulleres a trav\u00e9s da transformaci\u00f3n dixital e promover a s\u00faa participaci\u00f3n nos mercados internacionais.<\/span><\/p><\/blockquote>\n<p>O proxecto ten como obxectivo reforzar a <strong><span style=\"color: #caac00;\">sostibilidade econ\u00f3mica<\/span> <\/strong>das <span style=\"color: #caac00;\"><strong>cooperativas de mulleres<\/strong><\/span> mediante a<strong> <span style=\"color: #caac00;\">mellora das s\u00faas competencias<\/span><\/strong> e co\u00f1ecementos en materia de <strong><span style=\"color: #caac00;\">dixitalizaci\u00f3n<\/span><\/strong>, m\u00e1rketing dixital, comercio exterior e t\u00e9cnicas de produci\u00f3n sostible.<\/p>\n<p>Ten unha duraci\u00f3n de <span style=\"color: #caac00;\"><strong>27 meses<\/strong><\/span> (data de inicio: 01\/09\/2025 &#8211; data de finalizaci\u00f3n: 30\/11\/2027).<\/p>\n<h3><span style=\"color: #caac00;\">Socios<\/span><\/h3>\n<p>O consorcio que promove Bridge4Future est\u00e1 formado por sete entidades socias, de cinco pa\u00edses:<\/p>\n<ul>\n<li><a style=\"color: #085f00;\"  href=\"https:\/\/agaca.coop\/gl\/?goto=TEoTW1kWBwFNDw9dWEotDQkfSR5RJ2BeJwBhNjEEMhkpPFZPVUBfSCpVK0sXRUE4UjNwXTZYTQ\">Direcci\u00f3n Provincial de Agricultura e Silvicultura de Ankara<\/a> (Turquia).<\/li>\n<li><a style=\"color: #085f00;\"  href=\"https:\/\/agaca.coop\/gl\/?goto=TEoTW1kWBwFNDw9dTV8wCgEEFRxCLmBNOlkqLA\">C\u00e1mara de Comercio de Ankara<\/a> (Turqu\u00eda)<\/li>\n<li>Centro de Investigaci\u00f3ns e Estudos para o Desenvolvemento da <a  href=\"https:\/\/agaca.coop\/gl\/?goto=TEoTWxADB09UExkBTQU6ABFeTwEfLCAW\">Universidade de Ankara<\/a>, AK\u00c7AM (Turqu\u00eda)<\/li>\n<li><a style=\"color: #085f00;\"  href=\"https:\/\/agaca.coop\/gl\/?goto=TEoTW1kWBwFNDw9dSE4qCAVdVRpVJyxMOhFhJiYE\">DEULA-Nienburg GmbH<\/a> (centro de estudos, Alema\u00f1a)<\/li>\n<li><a style=\"color: #085f00;\"  href=\"https:\/\/agaca.coop\/gl\/?goto=TEoTW1kWBwFbCxMcX0YwF0oXSVw\">AS KOSMOS<\/a> (cooperativa agr\u00edcola, Grecia)<\/li>\n<li><a style=\"color: #085f00;\"  href=\"https:\/\/agaca.coop\/gl\/?goto=TEoTW1kWBwFNDw9dQU4tDQARTh1ZKGBQPFk\">Axencia de Desenvolvemento das Monta\u00f1as Dauni, GAL Meridaunia<\/a> (Italia)<\/li>\n<li>AGACA\u200b<\/li>\n<\/ul>\n<h3 style=\"text-align: center;\"><span style=\"color: #caac00;\">Contactos do proxecto<\/span><\/h3>\n<p style=\"text-align: center;\">Linktree: <a class=\"btn btn-primary\"  href=\"https:\/\/agaca.coop\/gl\/?goto=TEoTW1kWBwFWERYYWFlxAQFfeQFZLSlcfDA6NjZZJEhm\" target=\"_blank\" rel=\"noopener\">linktr.ee\/Bridge4Future06<\/a><\/p>\n<p style=\"text-align: center;\">Instagram: <a class=\"btn btn-primary\"  href=\"https:\/\/agaca.coop\/gl\/?goto=TEoTW1kWBwFNDw9dRUUsEAUXSRJdZy1WJVktMCpPJh1kPEJXQUAVHXJV\" target=\"_blank\" rel=\"noopener\">instagram.com\/bridge4future06\/<\/a><\/p>\n<p style=\"text-align: center;\">LinkedIn: <a class=\"btn btn-primary\"  href=\"https:\/\/agaca.coop\/gl\/?goto=TEoTW1kWBwFNDw9dQEIxDwEUUh0eKiFUZxUgLzNKLwF_OEVKUFUVGSIPPlAEUw8\" target=\"_blank\" rel=\"noopener\">www.linkedin.com\/company\/BRIDGE4FUTURE<\/a><\/p>\n<hr \/>\n<table>\n<tbody>\n<tr>\n<td><img loading=\"lazy\" decoding=\"async\" class=\"wp-image-27101 aligncenter\" src=\"https:\/\/agaca.coop\/wp-content\/uploads\/2026\/03\/logo-erasmusPlus-2026-centradosenmarxe-300x64.png\" alt=\"\" width=\"273\" height=\"58\" srcset=\"https:\/\/agaca.coop\/wp-content\/uploads\/2026\/03\/logo-erasmusPlus-2026-centradosenmarxe-300x64.png 300w, https:\/\/agaca.coop\/wp-content\/uploads\/2026\/03\/logo-erasmusPlus-2026-centradosenmarxe-1024x217.png 1024w, https:\/\/agaca.coop\/wp-content\/uploads\/2026\/03\/logo-erasmusPlus-2026-centradosenmarxe-768x163.png 768w, https:\/\/agaca.coop\/wp-content\/uploads\/2026\/03\/logo-erasmusPlus-2026-centradosenmarxe-1536x325.png 1536w, https:\/\/agaca.coop\/wp-content\/uploads\/2026\/03\/logo-erasmusPlus-2026-centradosenmarxe-750x159.png 750w, https:\/\/agaca.coop\/wp-content\/uploads\/2026\/03\/logo-erasmusPlus-2026-centradosenmarxe-1140x242.png 1140w, https:\/\/agaca.coop\/wp-content\/uploads\/2026\/03\/logo-erasmusPlus-2026-centradosenmarxe.png 1713w\" sizes=\"auto, (max-width: 273px) 100vw, 273px\" \/><\/td>\n<\/tr>\n<tr>\n<td><img loading=\"lazy\" decoding=\"async\" class=\"size-medium wp-image-21884 aligncenter\" src=\"https:\/\/agaca.coop\/wp-content\/uploads\/2024\/10\/es_cofinanciado_por_la_union_europea_pos-logoUe-300x63.png\" alt=\"\" width=\"300\" height=\"63\" srcset=\"https:\/\/agaca.coop\/wp-content\/uploads\/2024\/10\/es_cofinanciado_por_la_union_europea_pos-logoUe-300x63.png 300w, https:\/\/agaca.coop\/wp-content\/uploads\/2024\/10\/es_cofinanciado_por_la_union_europea_pos-logoUe-1024x215.png 1024w, https:\/\/agaca.coop\/wp-content\/uploads\/2024\/10\/es_cofinanciado_por_la_union_europea_pos-logoUe-768x161.png 768w, https:\/\/agaca.coop\/wp-content\/uploads\/2024\/10\/es_cofinanciado_por_la_union_europea_pos-logoUe-1536x322.png 1536w, https:\/\/agaca.coop\/wp-content\/uploads\/2024\/10\/es_cofinanciado_por_la_union_europea_pos-logoUe-2048x429.png 2048w, https:\/\/agaca.coop\/wp-content\/uploads\/2024\/10\/es_cofinanciado_por_la_union_europea_pos-logoUe-750x157.png 750w, https:\/\/agaca.coop\/wp-content\/uploads\/2024\/10\/es_cofinanciado_por_la_union_europea_pos-logoUe-1140x239.png 1140w\" sizes=\"auto, (max-width: 300px) 100vw, 300px\" \/><\/td>\n<\/tr>\n<\/tbody>\n<\/table>\n","protected":false},"excerpt":{"rendered":"<p>O proxecto europeo Bridge4Future &#8211; Dixitalizaci\u00f3n das Cooperativas de Mujeres: unha ponte cara a Europa est\u00e1 cofinanciado polo Programa Erasmus+ (enmarcado m\u00e1is concretamente na acci\u00f3n KA220-ADU, Asociaci\u00f3ns de Cooperaci\u00f3n na educaci\u00f3n de persoas adultas) e liderado pola Direcci\u00f3n Provincial de Agricultura e Silvicultura de Ankara (entidade dependente do Ministerio de Agricultura e Silvicultura de Turqu\u00eda). [&hellip;]<\/p>\n","protected":false},"author":2,"featured_media":0,"parent":0,"menu_order":0,"comment_status":"closed","ping_status":"closed","template":"","meta":{"_monsterinsights_skip_tracking":false,"_monsterinsights_sitenote_active":false,"_monsterinsights_sitenote_note":"","_monsterinsights_sitenote_category":0,"footnotes":""},"class_list":["post-27103","page","type-page","status-publish","hentry"],"yoast_head":"<!-- This site is optimized with the Yoast SEO plugin v19.11 - https:\/\/yoast.com\/wordpress\/plugins\/seo\/ -->\n<title>Bridge4Future. Dixitalizaci\u00f3n das cooperativas de mulleres: unha puente cara a Europa - AGACA<\/title>\n<meta name=\"robots\" content=\"index, follow, max-snippet:-1, max-image-preview:large, max-video-preview:-1\" \/>\n<link rel=\"canonical\" href=\"https:\/\/agaca.coop\/gl\/bridge4future\/\" \/>\n<meta property=\"og:locale\" content=\"gl_ES\" \/>\n<meta property=\"og:type\" content=\"article\" \/>\n<meta property=\"og:title\" content=\"Bridge4Future. Dixitalizaci\u00f3n das cooperativas de mulleres: unha puente cara a Europa - AGACA\" \/>\n<meta property=\"og:description\" content=\"O proxecto europeo Bridge4Future &#8211; Dixitalizaci\u00f3n das Cooperativas de Mujeres: unha ponte cara a Europa est\u00e1 cofinanciado polo Programa Erasmus+ (enmarcado m\u00e1is concretamente na acci\u00f3n KA220-ADU, Asociaci\u00f3ns de Cooperaci\u00f3n na educaci\u00f3n de persoas adultas) e liderado pola Direcci\u00f3n Provincial de Agricultura e Silvicultura de Ankara (entidade dependente do Ministerio de Agricultura e Silvicultura de Turqu\u00eda). [&hellip;]\" \/>\n<meta property=\"og:url\" content=\"https:\/\/agaca.coop\/gl\/bridge4future\/\" \/>\n<meta property=\"og:site_name\" content=\"AGACA\" \/>\n<meta property=\"article:modified_time\" content=\"2026-03-24T11:26:19+00:00\" \/>\n<meta property=\"og:image\" content=\"https:\/\/agaca.coop\/wp-content\/uploads\/2026\/03\/bridge4future-logo-cor-letras-marxecadrado-300x300.png\" \/>\n<meta name=\"twitter:card\" content=\"summary_large_image\" \/>\n<meta name=\"twitter:label1\" content=\"Tempo de lectura\" \/>\n\t<meta name=\"twitter:data1\" content=\"2 minutos\" \/>\n<script type=\"application\/ld+json\" class=\"yoast-schema-graph\">{\"@context\":\"https:\/\/schema.org\",\"@graph\":[{\"@type\":\"WebPage\",\"@id\":\"https:\/\/agaca.coop\/gl\/bridge4future\/\",\"url\":\"https:\/\/agaca.coop\/gl\/bridge4future\/\",\"name\":\"Bridge4Future. Dixitalizaci\u00f3n das cooperativas de mulleres: unha puente cara a Europa - AGACA\",\"isPartOf\":{\"@id\":\"https:\/\/agaca.coop\/#website\"},\"datePublished\":\"2026-03-20T12:38:19+00:00\",\"dateModified\":\"2026-03-24T11:26:19+00:00\",\"breadcrumb\":{\"@id\":\"https:\/\/agaca.coop\/gl\/bridge4future\/#breadcrumb\"},\"inLanguage\":\"gl-ES\",\"potentialAction\":[{\"@type\":\"ReadAction\",\"target\":[\"https:\/\/agaca.coop\/gl\/bridge4future\/\"]}]},{\"@type\":\"BreadcrumbList\",\"@id\":\"https:\/\/agaca.coop\/gl\/bridge4future\/#breadcrumb\",\"itemListElement\":[{\"@type\":\"ListItem\",\"position\":1,\"name\":\"Portada\",\"item\":\"https:\/\/agaca.coop\/gl\/\"},{\"@type\":\"ListItem\",\"position\":2,\"name\":\"Bridge4Future. Dixitalizaci\u00f3n das cooperativas de mulleres: unha puente cara a Europa\"}]},{\"@type\":\"WebSite\",\"@id\":\"https:\/\/agaca.coop\/#website\",\"url\":\"https:\/\/agaca.coop\/\",\"name\":\"AGACA\",\"description\":\"Asociaci\u00f3n Galega de Cooperativas Agrarias\",\"potentialAction\":[{\"@type\":\"SearchAction\",\"target\":{\"@type\":\"EntryPoint\",\"urlTemplate\":\"https:\/\/agaca.coop\/?s={search_term_string}\"},\"query-input\":\"required name=search_term_string\"}],\"inLanguage\":\"gl-ES\"}]}<\/script>\n<!-- \/ Yoast SEO plugin. -->","yoast_head_json":{"title":"Bridge4Future. Dixitalizaci\u00f3n das cooperativas de mulleres: unha puente cara a Europa - AGACA","robots":{"index":"index","follow":"follow","max-snippet":"max-snippet:-1","max-image-preview":"max-image-preview:large","max-video-preview":"max-video-preview:-1"},"canonical":"https:\/\/agaca.coop\/gl\/bridge4future\/","og_locale":"gl_ES","og_type":"article","og_title":"Bridge4Future. Dixitalizaci\u00f3n das cooperativas de mulleres: unha puente cara a Europa - AGACA","og_description":"O proxecto europeo Bridge4Future &#8211; Dixitalizaci\u00f3n das Cooperativas de Mujeres: unha ponte cara a Europa est\u00e1 cofinanciado polo Programa Erasmus+ (enmarcado m\u00e1is concretamente na acci\u00f3n KA220-ADU, Asociaci\u00f3ns de Cooperaci\u00f3n na educaci\u00f3n de persoas adultas) e liderado pola Direcci\u00f3n Provincial de Agricultura e Silvicultura de Ankara (entidade dependente do Ministerio de Agricultura e Silvicultura de Turqu\u00eda). [&hellip;]","og_url":"https:\/\/agaca.coop\/gl\/bridge4future\/","og_site_name":"AGACA","article_modified_time":"2026-03-24T11:26:19+00:00","og_image":[{"url":"https:\/\/agaca.coop\/wp-content\/uploads\/2026\/03\/bridge4future-logo-cor-letras-marxecadrado-300x300.png"}],"twitter_card":"summary_large_image","twitter_misc":{"Tempo de lectura":"2 minutos"},"schema":{"@context":"https:\/\/schema.org","@graph":[{"@type":"WebPage","@id":"https:\/\/agaca.coop\/gl\/bridge4future\/","url":"https:\/\/agaca.coop\/gl\/bridge4future\/","name":"Bridge4Future. Dixitalizaci\u00f3n das cooperativas de mulleres: unha puente cara a Europa - AGACA","isPartOf":{"@id":"https:\/\/agaca.coop\/#website"},"datePublished":"2026-03-20T12:38:19+00:00","dateModified":"2026-03-24T11:26:19+00:00","breadcrumb":{"@id":"https:\/\/agaca.coop\/gl\/bridge4future\/#breadcrumb"},"inLanguage":"gl-ES","potentialAction":[{"@type":"ReadAction","target":["https:\/\/agaca.coop\/gl\/bridge4future\/"]}]},{"@type":"BreadcrumbList","@id":"https:\/\/agaca.coop\/gl\/bridge4future\/#breadcrumb","itemListElement":[{"@type":"ListItem","position":1,"name":"Portada","item":"https:\/\/agaca.coop\/gl\/"},{"@type":"ListItem","position":2,"name":"Bridge4Future. Dixitalizaci\u00f3n das cooperativas de mulleres: unha puente cara a Europa"}]},{"@type":"WebSite","@id":"https:\/\/agaca.coop\/#website","url":"https:\/\/agaca.coop\/","name":"AGACA","description":"Asociaci\u00f3n Galega de Cooperativas Agrarias","potentialAction":[{"@type":"SearchAction","target":{"@type":"EntryPoint","urlTemplate":"https:\/\/agaca.coop\/?s={search_term_string}"},"query-input":"required name=search_term_string"}],"inLanguage":"gl-ES"}]}},"_links":{"self":[{"href":"https:\/\/agaca.coop\/gl\/wp-json\/wp\/v2\/pages\/27103","targetHints":{"allow":["GET"]}}],"collection":[{"href":"https:\/\/agaca.coop\/gl\/wp-json\/wp\/v2\/pages"}],"about":[{"href":"https:\/\/agaca.coop\/gl\/wp-json\/wp\/v2\/types\/page"}],"author":[{"embeddable":true,"href":"https:\/\/agaca.coop\/gl\/wp-json\/wp\/v2\/users\/2"}],"replies":[{"embeddable":true,"href":"https:\/\/agaca.coop\/gl\/wp-json\/wp\/v2\/comments?post=27103"}],"version-history":[{"count":4,"href":"https:\/\/agaca.coop\/gl\/wp-json\/wp\/v2\/pages\/27103\/revisions"}],"predecessor-version":[{"id":27105,"href":"https:\/\/agaca.coop\/gl\/wp-json\/wp\/v2\/pages\/27103\/revisions\/27105"}],"wp:attachment":[{"href":"https:\/\/agaca.coop\/gl\/wp-json\/wp\/v2\/media?parent=27103"}],"curies":[{"name":"wp","href":"https:\/\/api.w.org\/{rel}","templated":true}]}}