{"id":23204,"date":"2025-02-05T14:25:34","date_gmt":"2025-02-05T14:25:34","guid":{"rendered":"https:\/\/agaca.coop\/?page_id=23204"},"modified":"2026-02-04T13:03:16","modified_gmt":"2026-02-04T13:03:16","slug":"asesoramento-titulares-explotacions","status":"publish","type":"page","link":"https:\/\/agaca.coop\/gl\/asesoramento-titulares-explotacions\/","title":{"rendered":"Prestaci\u00f3n de servizos de asesoramento a explotaci\u00f3ns agr\u00edcolas ou gandeiras"},"content":{"rendered":"<p>[vc_row][vc_column width=&#8221;1\/2&#8243;][vc_single_image image=&#8221;24867&#8243; img_size=&#8221;full&#8221;][\/vc_column][vc_column width=&#8221;1\/2&#8243;][vc_column_text]Ata o 31 de agosto de 2025 AGACA (Asociaci\u00f3n Galega de Cooperativas Agroalimentarias) presta asesoramento a persoas f\u00edsicas ou xur\u00eddicas titulares de explotaci\u00f3ns agr\u00edcolas ou gandeiras.<\/p>\n<p>O servizo desenv\u00f3lvese ao abeiro da ORDE do 5 de xullo de 2024 pola que se establecen as bases reguladoras das axudas destinadas \u00e1 prestaci\u00f3n de servizos de asesoramento a persoas f\u00edsicas ou xur\u00eddicas titulares de explotaci\u00f3ns agr\u00edcolas ou gandeiras, no marco do Plan estrat\u00e9xico da pol\u00edtica agraria com\u00fan de Espa\u00f1a 2023-2027, cofinanciadas co Fondo Europeo Agr\u00edcola de Desenvolvemento Rural (Feader), e se convocan para o ano 2024 (c\u00f3digo de procedemento MR616B).[\/vc_column_text][\/vc_column][\/vc_row][vc_row][vc_column][vc_separator][\/vc_column][\/vc_row][vc_row][vc_column width=&#8221;1\/2&#8243;][vc_single_image source=&#8221;external_link&#8221; custom_src=&#8221;https:\/\/agaca.coop\/wp-content\/uploads\/2023\/10\/Cartel-ASESORAMENTO-1536&#215;1086.jpg&#8221;][\/vc_column][vc_column width=&#8221;1\/2&#8243;][vc_column_text]Ata o 30 de setembro de 2023 AGACA (Asociaci\u00f3n Galega de Cooperativas Agroalimentarias) presta asesoramento a m\u00e1is de duascentas persoas f\u00edsicas ou xur\u00eddicas titulares de explotaci\u00f3ns agr\u00edcolas ou gandeiras no \u00e1mbito da Comunidade Aut\u00f3noma de Galicia.<\/p>\n<p>O servizo desenv\u00f3lvese ao abeiro da Orde do 3 de outubro de 2022 pola que se establecen as bases reguladoras das axudas destinadas \u00e1 prestaci\u00f3n de servizos de asesoramento a persoas f\u00edsicas ou xur\u00eddicas titulares de explotaci\u00f3ns agr\u00edcolas ou gandeiras, cofinanciadas co Fondo Europeo Agr\u00edcola de Desenvolvemento Rural (FEADER) no marco do Programa de desenvolvemento rural (PDR) de Galicia 2014-2020, e convocadas para o ano 2022 (c\u00f3digo de procedemento MR616B).[\/vc_column_text][\/vc_column][\/vc_row][vc_column][\/vc_column]<\/p>\n","protected":false},"excerpt":{"rendered":"<p>[vc_row][vc_column width=&#8221;1\/2&#8243;][vc_single_image image=&#8221;24867&#8243; img_size=&#8221;full&#8221;][\/vc_column][vc_column width=&#8221;1\/2&#8243;][vc_column_text]Ata o 31 de agosto de 2025 AGACA (Asociaci\u00f3n Galega de Cooperativas Agroalimentarias) presta asesoramento a persoas f\u00edsicas ou xur\u00eddicas titulares de explotaci\u00f3ns agr\u00edcolas ou gandeiras. O servizo desenv\u00f3lvese ao abeiro da ORDE do 5 de xullo de 2024 pola que se establecen as bases reguladoras das axudas destinadas \u00e1 prestaci\u00f3n [&hellip;]<\/p>\n","protected":false},"author":2,"featured_media":0,"parent":0,"menu_order":0,"comment_status":"closed","ping_status":"closed","template":"","meta":{"_monsterinsights_skip_tracking":false,"_monsterinsights_sitenote_active":false,"_monsterinsights_sitenote_note":"","_monsterinsights_sitenote_category":0,"footnotes":""},"class_list":["post-23204","page","type-page","status-publish","hentry"],"yoast_head":"<!-- This site is optimized with the Yoast SEO plugin v19.11 - https:\/\/yoast.com\/wordpress\/plugins\/seo\/ -->\n<title>Prestaci\u00f3n de servizos de asesoramento a explotaci\u00f3ns agr\u00edcolas ou gandeiras - AGACA<\/title>\n<meta name=\"robots\" content=\"index, follow, max-snippet:-1, max-image-preview:large, max-video-preview:-1\" \/>\n<link rel=\"canonical\" href=\"https:\/\/agaca.coop\/gl\/asesoramento-titulares-explotacions\/\" \/>\n<meta property=\"og:locale\" content=\"gl_ES\" \/>\n<meta property=\"og:type\" content=\"article\" \/>\n<meta property=\"og:title\" content=\"Prestaci\u00f3n de servizos de asesoramento a explotaci\u00f3ns agr\u00edcolas ou gandeiras - AGACA\" \/>\n<meta property=\"og:description\" content=\"[vc_row][vc_column width=&#8221;1\/2&#8243;][vc_single_image image=&#8221;24867&#8243; img_size=&#8221;full&#8221;][\/vc_column][vc_column width=&#8221;1\/2&#8243;][vc_column_text]Ata o 31 de agosto de 2025 AGACA (Asociaci\u00f3n Galega de Cooperativas Agroalimentarias) presta asesoramento a persoas f\u00edsicas ou xur\u00eddicas titulares de explotaci\u00f3ns agr\u00edcolas ou gandeiras. O servizo desenv\u00f3lvese ao abeiro da ORDE do 5 de xullo de 2024 pola que se establecen as bases reguladoras das axudas destinadas \u00e1 prestaci\u00f3n [&hellip;]\" \/>\n<meta property=\"og:url\" content=\"https:\/\/agaca.coop\/gl\/asesoramento-titulares-explotacions\/\" \/>\n<meta property=\"og:site_name\" content=\"AGACA\" \/>\n<meta property=\"article:modified_time\" content=\"2026-02-04T13:03:16+00:00\" \/>\n<meta name=\"twitter:card\" content=\"summary_large_image\" \/>\n<meta name=\"twitter:label1\" content=\"Tempo de lectura\" \/>\n\t<meta name=\"twitter:data1\" content=\"1 minuto\" \/>\n<script type=\"application\/ld+json\" class=\"yoast-schema-graph\">{\"@context\":\"https:\/\/schema.org\",\"@graph\":[{\"@type\":\"WebPage\",\"@id\":\"https:\/\/agaca.coop\/gl\/asesoramento-titulares-explotacions\/\",\"url\":\"https:\/\/agaca.coop\/gl\/asesoramento-titulares-explotacions\/\",\"name\":\"Prestaci\u00f3n de servizos de asesoramento a explotaci\u00f3ns agr\u00edcolas ou gandeiras - AGACA\",\"isPartOf\":{\"@id\":\"https:\/\/agaca.coop\/#website\"},\"datePublished\":\"2025-02-05T14:25:34+00:00\",\"dateModified\":\"2026-02-04T13:03:16+00:00\",\"breadcrumb\":{\"@id\":\"https:\/\/agaca.coop\/gl\/asesoramento-titulares-explotacions\/#breadcrumb\"},\"inLanguage\":\"gl-ES\",\"potentialAction\":[{\"@type\":\"ReadAction\",\"target\":[\"https:\/\/agaca.coop\/gl\/asesoramento-titulares-explotacions\/\"]}]},{\"@type\":\"BreadcrumbList\",\"@id\":\"https:\/\/agaca.coop\/gl\/asesoramento-titulares-explotacions\/#breadcrumb\",\"itemListElement\":[{\"@type\":\"ListItem\",\"position\":1,\"name\":\"Portada\",\"item\":\"https:\/\/agaca.coop\/gl\/\"},{\"@type\":\"ListItem\",\"position\":2,\"name\":\"Prestaci\u00f3n de servizos de asesoramento a explotaci\u00f3ns agr\u00edcolas ou gandeiras\"}]},{\"@type\":\"WebSite\",\"@id\":\"https:\/\/agaca.coop\/#website\",\"url\":\"https:\/\/agaca.coop\/\",\"name\":\"AGACA\",\"description\":\"Asociaci\u00f3n Galega de Cooperativas Agrarias\",\"potentialAction\":[{\"@type\":\"SearchAction\",\"target\":{\"@type\":\"EntryPoint\",\"urlTemplate\":\"https:\/\/agaca.coop\/?s={search_term_string}\"},\"query-input\":\"required name=search_term_string\"}],\"inLanguage\":\"gl-ES\"}]}<\/script>\n<!-- \/ Yoast SEO plugin. -->","yoast_head_json":{"title":"Prestaci\u00f3n de servizos de asesoramento a explotaci\u00f3ns agr\u00edcolas ou gandeiras - AGACA","robots":{"index":"index","follow":"follow","max-snippet":"max-snippet:-1","max-image-preview":"max-image-preview:large","max-video-preview":"max-video-preview:-1"},"canonical":"https:\/\/agaca.coop\/gl\/asesoramento-titulares-explotacions\/","og_locale":"gl_ES","og_type":"article","og_title":"Prestaci\u00f3n de servizos de asesoramento a explotaci\u00f3ns agr\u00edcolas ou gandeiras - AGACA","og_description":"[vc_row][vc_column width=&#8221;1\/2&#8243;][vc_single_image image=&#8221;24867&#8243; img_size=&#8221;full&#8221;][\/vc_column][vc_column width=&#8221;1\/2&#8243;][vc_column_text]Ata o 31 de agosto de 2025 AGACA (Asociaci\u00f3n Galega de Cooperativas Agroalimentarias) presta asesoramento a persoas f\u00edsicas ou xur\u00eddicas titulares de explotaci\u00f3ns agr\u00edcolas ou gandeiras. O servizo desenv\u00f3lvese ao abeiro da ORDE do 5 de xullo de 2024 pola que se establecen as bases reguladoras das axudas destinadas \u00e1 prestaci\u00f3n [&hellip;]","og_url":"https:\/\/agaca.coop\/gl\/asesoramento-titulares-explotacions\/","og_site_name":"AGACA","article_modified_time":"2026-02-04T13:03:16+00:00","twitter_card":"summary_large_image","twitter_misc":{"Tempo de lectura":"1 minuto"},"schema":{"@context":"https:\/\/schema.org","@graph":[{"@type":"WebPage","@id":"https:\/\/agaca.coop\/gl\/asesoramento-titulares-explotacions\/","url":"https:\/\/agaca.coop\/gl\/asesoramento-titulares-explotacions\/","name":"Prestaci\u00f3n de servizos de asesoramento a explotaci\u00f3ns agr\u00edcolas ou gandeiras - AGACA","isPartOf":{"@id":"https:\/\/agaca.coop\/#website"},"datePublished":"2025-02-05T14:25:34+00:00","dateModified":"2026-02-04T13:03:16+00:00","breadcrumb":{"@id":"https:\/\/agaca.coop\/gl\/asesoramento-titulares-explotacions\/#breadcrumb"},"inLanguage":"gl-ES","potentialAction":[{"@type":"ReadAction","target":["https:\/\/agaca.coop\/gl\/asesoramento-titulares-explotacions\/"]}]},{"@type":"BreadcrumbList","@id":"https:\/\/agaca.coop\/gl\/asesoramento-titulares-explotacions\/#breadcrumb","itemListElement":[{"@type":"ListItem","position":1,"name":"Portada","item":"https:\/\/agaca.coop\/gl\/"},{"@type":"ListItem","position":2,"name":"Prestaci\u00f3n de servizos de asesoramento a explotaci\u00f3ns agr\u00edcolas ou gandeiras"}]},{"@type":"WebSite","@id":"https:\/\/agaca.coop\/#website","url":"https:\/\/agaca.coop\/","name":"AGACA","description":"Asociaci\u00f3n Galega de Cooperativas Agrarias","potentialAction":[{"@type":"SearchAction","target":{"@type":"EntryPoint","urlTemplate":"https:\/\/agaca.coop\/?s={search_term_string}"},"query-input":"required name=search_term_string"}],"inLanguage":"gl-ES"}]}},"_links":{"self":[{"href":"https:\/\/agaca.coop\/gl\/wp-json\/wp\/v2\/pages\/23204","targetHints":{"allow":["GET"]}}],"collection":[{"href":"https:\/\/agaca.coop\/gl\/wp-json\/wp\/v2\/pages"}],"about":[{"href":"https:\/\/agaca.coop\/gl\/wp-json\/wp\/v2\/types\/page"}],"author":[{"embeddable":true,"href":"https:\/\/agaca.coop\/gl\/wp-json\/wp\/v2\/users\/2"}],"replies":[{"embeddable":true,"href":"https:\/\/agaca.coop\/gl\/wp-json\/wp\/v2\/comments?post=23204"}],"version-history":[{"count":6,"href":"https:\/\/agaca.coop\/gl\/wp-json\/wp\/v2\/pages\/23204\/revisions"}],"predecessor-version":[{"id":26549,"href":"https:\/\/agaca.coop\/gl\/wp-json\/wp\/v2\/pages\/23204\/revisions\/26549"}],"wp:attachment":[{"href":"https:\/\/agaca.coop\/gl\/wp-json\/wp\/v2\/media?parent=23204"}],"curies":[{"name":"wp","href":"https:\/\/api.w.org\/{rel}","templated":true}]}}