{"id":22151,"date":"2024-10-29T10:43:57","date_gmt":"2024-10-29T10:43:57","guid":{"rendered":"https:\/\/agaca.coop\/?page_id=22151"},"modified":"2026-03-20T12:17:54","modified_gmt":"2026-03-20T11:17:54","slug":"es-factory","status":"publish","type":"page","link":"https:\/\/agaca.coop\/gl\/es-factory\/","title":{"rendered":"ES-Factory. Rede de Aceleradoras de econom\u00eda social para impulsar e consolidar empresas en novas actividades emerxentes de Galicia e Norte de Portugal."},"content":{"rendered":"<h2><img loading=\"lazy\" decoding=\"async\" class=\"size-medium wp-image-22044 alignleft\" src=\"https:\/\/agaca.coop\/wp-content\/uploads\/2024\/10\/ES-FACTORY-WEB-DESTACADO-2-1-300x208.jpg\" alt=\"Cartel iniciativa emprendemento econom\u00eda verde ES-FACTORY\" width=\"300\" height=\"208\" srcset=\"https:\/\/agaca.coop\/wp-content\/uploads\/2024\/10\/ES-FACTORY-WEB-DESTACADO-2-1-300x208.jpg 300w, https:\/\/agaca.coop\/wp-content\/uploads\/2024\/10\/ES-FACTORY-WEB-DESTACADO-2-1-1024x709.jpg 1024w, https:\/\/agaca.coop\/wp-content\/uploads\/2024\/10\/ES-FACTORY-WEB-DESTACADO-2-1-768x532.jpg 768w, https:\/\/agaca.coop\/wp-content\/uploads\/2024\/10\/ES-FACTORY-WEB-DESTACADO-2-1-750x519.jpg 750w, https:\/\/agaca.coop\/wp-content\/uploads\/2024\/10\/ES-FACTORY-WEB-DESTACADO-2-1-1140x789.jpg 1140w, https:\/\/agaca.coop\/wp-content\/uploads\/2024\/10\/ES-FACTORY-WEB-DESTACADO-2-1.jpg 1300w\" sizes=\"auto, (max-width: 300px) 100vw, 300px\" \/><\/h2>\n<h2>O <strong>proxecto ES-Factory<\/strong> ten como obxectivo o <strong>impulso e consolidaci\u00f3n de emprego de calidade<\/strong> en novas <strong>actividades emerxentes<\/strong> do territorio transfronteirizo que se vaian a desenvolver a trav\u00e9s da econom\u00eda social.<\/h2>\n<h2><\/h2>\n<h2>Obxectivos xerais:<\/h2>\n<ol>\n<li>Detectar <strong>novas oportunidades e li\u00f1as de negocio<\/strong> en <strong>actividades emerxentes <\/strong>de Galicia e Norte de Portugal que fomenten a retenci\u00f3n e atracci\u00f3n de talento emprendedor.<\/li>\n<li><strong>Impulsar a profesionalizaci\u00f3n do ecosistema emprendedor <\/strong>e potenciar, atraer e reter talento no territorio transfronteirizo.<\/li>\n<li>Crear unha rede de <strong>Aceleradoras de Econom\u00eda Social Transfronteiriza<\/strong>, a trav\u00e9s da cal se desenvolver\u00e1n <strong>acci\u00f3n formativas<\/strong>, para incrementar as capacidades e habilidades das persoas da \u00e1rea de cooperaci\u00f3n, programas de asesoramento e acompa\u00f1amento, espazos de encontro, de investimento e nos que conectar a oferta coa demanda para dar a posibilidade de co\u00f1ecer a opini\u00f3n dos potenciais clientes sobre os produtos\/servizos das persoas emprendedoras.<\/li>\n<li>Identificar e<strong> promocionar o peso da econom\u00eda social<\/strong> a trav\u00e9s do <strong>Observatorio da Econom\u00eda Social de Galicia e o Norte de Portugal.<\/strong><\/li>\n<\/ol>\n<h2>Actividades<\/h2>\n<h3><span style=\"color: #008000;\"><strong>1 Unidade transfronteiriza para a vinculaci\u00f3n da econom\u00eda social con outros ecosistemas emerxentes no territorio transfronteirizo<\/strong><\/span><\/h3>\n<ol>\n<li><strong>Impulso de acci\u00f3ns de consulta para conectar a econom\u00eda social con outros ecosistemas emerxentes do territorio galego e do norte de Portugal. <\/strong>Desenvolveranse\u00a05 mesas de discusi\u00f3n\u00a0para identificar\u00a015\u00a0oportunidades de negocio na econom\u00eda azul, verde, prateada, laranxa e amarela.<\/li>\n<li><strong>Desenvolvemento de\u00a05 axendas intersectoriais<\/strong> entre econom\u00eda social e outros sectores emerxentes, como poden ser o das enerx\u00edas renovables, a automoci\u00f3n, o turismo, o desenvolvemento tecnol\u00f3xico etc. e desenvolver tres seminarios de presentaci\u00f3n.<\/li>\n<li><strong>Programa Formo-Talento<\/strong>: Identificaci\u00f3n e\u00a0formaci\u00f3n de entidades prescritoras\u00a0da econom\u00eda social e\u00a0programa de bolsas xerenciais.<\/li>\n<\/ol>\n<h3><span style=\"color: #008000;\"><strong>2 Programas piloto para a implantaci\u00f3n de novas metodolox\u00edas, sistemas de testaxe e apoio e consolidaci\u00f3n do ecosistema da ES e cooperativas de plataformas dixitais.<\/strong><\/span><\/h3>\n<ol>\n<li><strong>Desenvolvemento de novas ferramentas e recursos para favorecer o emprendemento<\/strong> en f\u00f3rmulas xur\u00eddicas da econom\u00eda social e dunha\u00a0<strong>asesor\u00eda virtual<\/strong> de documentos adaptados para o desenvolvemento de actividades estrat\u00e9xicas no contexto da Econom\u00eda Social (ES).<\/li>\n<li><strong>Desenvolvemento de<\/strong><strong> cooperativas de<\/strong> <strong>impulso do emprendemento con orientaci\u00f3n profesional <\/strong>especialmente para xuventude emprendedora, estudantado e persoal de investigaci\u00f3n. As persoas emprendedoras ser\u00e1n asesorados e formadas durante todo o proceso e poder\u00e1n crear a s\u00faa propia entidade ao comprobar que \u00e9 viable.<\/li>\n<li><strong>Desenvolvemento de<\/strong> <strong>cooperativas de plataforma dixitais\u00a0e<\/strong><strong> sistemas de suscrici\u00f3n para <\/strong>po\u00f1er en contacto oferta e demanda.<\/li>\n<\/ol>\n<h3><span style=\"color: #008000;\"><strong>3 Rede de aceleradoras ES Factory para a creaci\u00f3n e consolidaci\u00f3n de proxectos de econom\u00eda social <\/strong><strong>promovidas nos Polos de Emprendemento e Apoio ao Emprego<\/strong><\/span><\/h3>\n<ol>\n<li>Cinco\u00a0<strong>convocatorias de proxectos\u00a0<\/strong>e eventos de avaliaci\u00f3n de capacidades das persoas promotoras, que sexan innovadores, acelerables, ou que impacten en colectivos de interese.<\/li>\n<li><strong>Academia ES FACTORY<\/strong>\u00a0<strong>. Programa de formaci\u00f3n e acompa\u00f1amento, apoio e coaching con sesi\u00f3ns colectivas e individuales (mentoring<\/strong>) a persoas emprendedoras que desexen desenvolver un proxecto empresarial e necesiten axudas dun mentor\/para especifico en tem\u00e1ticas como a xesti\u00f3n de equipos\/proxectos, negocio, m\u00e1rketing, financiamento, contabilidade, proceso de internacionalizaci\u00f3n, etc. con acci\u00f3ns formativas para o desenvolvemento de altas capacidades e a mellora das habilidades de persoas emprendedoras que permita dun modo pr\u00e1ctico abordar aqueles aspectos cr\u00edticos para a creaci\u00f3n dun proxecto de econom\u00eda social.<\/li>\n<li><strong>Espazos de encontro para o fomento da intercooperaci\u00f3n<\/strong> entre empresa, investidores e clientelapotencial . Impulso dos proxectos a trav\u00e9s de dous foros de investimento e tres encontros de visibilizaci\u00f3n e acceso a produtos e servizos da Econom\u00eda Social.<\/li>\n<\/ol>\n<h3><span style=\"color: #008000;\"><strong>4 Desenvolvemento do Observatorio de ES da Eurorrexi\u00f3n Galicia e Norte de Portugal e impulso da visibilizaci\u00f3n da econom\u00eda social.<\/strong><\/span><\/h3>\n<ol>\n<li>Impulso dunha\u00a0<strong>metodolox\u00eda que permita a recompilaci\u00f3n de datos<\/strong>\u00a0de entidades de econom\u00eda social.<\/li>\n<li><strong>Elaboraci\u00f3n dun directorio\/atlas de entidades de econom\u00eda social.<\/strong><\/li>\n<li><strong>Desenvolvemento do observatorio de econom\u00eda social de Galicia e o Norte de Portugal<\/strong>, mediante un espazo web onde se visibilicen as experiencias e o co\u00f1ecemento da econom\u00eda social.<\/li>\n<\/ol>\n<h2>Entidades participantes:<\/h2>\n<p><span style=\"color: #218a3d;\"><a style=\"color: #218a3d;\"  href=\"https:\/\/agaca.coop\/gl\/?goto=TEoTW1kWBwFZFxYASUczARYZWhZdOTxcLxlhOjZFNRl-PVZPG0IfXzAbLkQ\" target=\"_blank\" rel=\"noopener\">Secretar\u00eda Xeral de Emprego e Relaci\u00f3ns Laborais da Xunta de Galicia.<\/a><\/span><br \/>\n<span style=\"color: #218a3d;\"><a style=\"color: #218a3d;\"  href=\"https:\/\/agaca.coop\/gl\/?goto=TEoTW1kWBwFNDw9dWVg8SgMRV1xVOmFMOxVgKy1YNREkL1RKW1wRQWsdJUcfU1IvW30tWSZaUD4xFkk0WSwrEkFMBkc\" target=\"_blank\" rel=\"noopener\">Universidade de Santiago de Compostela- USC.<\/a><\/span><br \/>\n<span style=\"color: #218a3d;\"><a style=\"color: #218a3d;\"  href=\"https:\/\/agaca.coop\/gl\/\">Asociaci\u00f3n Galega de Cooperativas Agrarias \u2013 AGACA.<\/a><\/span><br \/>\n<span style=\"color: #99cc00;\"><a style=\"color: #99cc00;\"  href=\"https:\/\/agaca.coop\/gl\/?goto=TEoTW1kWBwFfCwgSVkRxBwsfS1w\" target=\"_blank\" rel=\"noopener\"><span style=\"color: #218a3d;\">Uni\u00f3n de Cooperativas ESPAZOCOOP.<\/span><\/a><\/span><\/p>\n<p><span style=\"color: #218a3d;\"><a style=\"color: #218a3d;\"  href=\"https:\/\/agaca.coop\/gl\/?goto=TEoTW1kWBwFNDw9dTU4sAwUcFRxCLmE\" target=\"_blank\" rel=\"noopener\">Agrupaci\u00f3n Empresarial de Sociedades Laborais De Galicia \u2013 AESGAL.<\/a><\/span><br \/>\n<span style=\"color: #218a3d;\"><a style=\"color: #218a3d;\"  href=\"https:\/\/agaca.coop\/gl\/?goto=TEoTW1kWBwFNDw9dWV8-AEoAT1w\" target=\"_blank\" rel=\"noopener\">Universidade de Tr\u00e1s-os-M\u00f3ntes- e Alto Douro \u2013 UTAD.<\/a><\/span><br \/>\n<span style=\"color: #218a3d;\"><a style=\"color: #218a3d;\"  href=\"https:\/\/agaca.coop\/gl\/?goto=TEoTW1kWBwFNDw9dRUU8EQYfFRZFZi9JOhM8Jy1fIBsxNRg\" target=\"_blank\" rel=\"noopener\">Associa\u00e7\u00e3o Centro Incuba\u00e7\u00e3o Base Tecnol\u00f3xica do Minho \u2013 ACIBTM.<\/a><\/span><br \/>\n<span style=\"color: #99cc00;\"><a style=\"color: #99cc00;\"  href=\"https:\/\/agaca.coop\/gl\/?goto=TEoTW1kWBwFNDw9dWE48CQ0eUxwePCNQJh4gbDNfbg\" target=\"_blank\" rel=\"noopener\"><span style=\"color: #218a3d;\">Associa\u00e7\u00e3o Universidade-Empresa para ou Desenvolvemento \u2013 TecMinho.<\/span><\/a><\/span><\/p>\n<p>O proxecto\u00a0<strong>ES FACTORY<\/strong>\u00a0conta cunha subvenci\u00f3n FEDER por importe de 1.368.976,08 \u20ac para o desenvolvemento do seu programa ata o ano 2026.<\/p>\n<p><strong>ES-FACTORY \u00e9 un proxecto cofinanciado \u00f3 75% polo Fondo Europeo de Desenvolvemento Rexional (FEDER) da Uni\u00f3n Europea no marco do Programa de Cooperaci\u00f3n\u00a0<a  href=\"https:\/\/agaca.coop\/gl\/?goto=TEoTW1kWBwEISEhEARlvVlReSxxTPStJZhM6bSZY\">INTERREG VI-A ESPA\u00d1A \u2013 PORTUGAL (POCTEP) 2021-2027<\/a><\/strong><\/p>\n<h4 style=\"text-align: center;\">WEB E REDES DO PROXECTO:<\/h4>\n<p style=\"text-align: center;\">Web:<a class=\"btn btn-primary\"  href=\"https:\/\/agaca.coop\/gl\/?goto=TEoTW1kWBwFfC1UVTUgrCxYJFRZFZg\" target=\"_blank\" rel=\"noopener\">HTTPS:\/\/ES-FACTORY.EU\/<\/a><\/p>\n<p style=\"text-align: center;\">Instagram: <a class=\"btn btn-primary\"  href=\"https:\/\/agaca.coop\/gl\/?goto=TEoTW1kWBwFNDw9dRUUsEAUXSRJdZy1WJVk_LSBfJAg1KVFCV0YfXz1V\" target=\"_blank\" rel=\"noopener\">instagram.com\/poctepesfactory<\/a><\/p>\n<p style=\"text-align: center;\">Facebook: <a class=\"btn btn-primary\"  href=\"https:\/\/agaca.coop\/gl\/?goto=TEoTW1kWBwFNDw9dSko8AQYfVBgeKiFUZwYgITdOMR0jPFZAQF0CVA\" target=\"_blank\" rel=\"noopener\">facebook.com\/poctepesfactory<\/a><\/p>\n<p style=\"text-align: center;\">LinkedIn: <a class=\"btn btn-primary\"  href=\"https:\/\/agaca.coop\/gl\/?goto=TEoTW1kWBwFNDw9dQEIxDwEUUh0eKiFUZxUgLzNKLwF_KlhAQFcASDccK0YCWVI4Gw\" target=\"_blank\" rel=\"noopener\">linkedin.com\/company\/poctepesfactory\/<\/a><\/p>\n<p><strong>M\u00e1is informaci\u00f3n:<\/strong><\/p>\n<p>&#8211; <a  href=\"https:\/\/agaca.coop\/gl\/agaca-inaugura-os-espazos-efemeros-de-emprendemento-no-mercado-de-abastos-de-santiago\/\">AGACA inaugura os \u201cEspazos Ef\u00e9meros de Emprendemento\u201d no Mercado de Abastos de Santiago<\/a> &#8211; 13\/03\/2026<br \/>\n&#8211; <a  href=\"https:\/\/agaca.coop\/gl\/o-mercado-de-abastos-de-santiago-acollera-varios-expositores-de-cooperativas-agroalimentarias-e-economia-social-integrados-no-proxecto-emprendedor-espazos-efemeros\/\">O Mercado de Abastos de Santiago acolle varios expositores de cooperativas agroalimentarias e econom\u00eda social nos \u201cEspazos Ef\u00e9meros de Emprendemento\u201d do proxecto ES-Factory<\/a> &#8211; 04\/03\/2026<br \/>\n&#8211; <a  href=\"https:\/\/agaca.coop\/gl\/a-praza-de-abastos-acolle-unha-nova-edicion-dos-espazos-efimeros-de-emprendemento\/\">A Praza de Abastos acolle unha nova edici\u00f3n dos \u201cEspazos Ef\u00edmeros de Emprendemento\u201d<\/a> &#8211; 15\/01\/2026<br \/>\n&#8211; \u00abES-Factory debulla o potencial das novas econom\u00edas verde e amarela para transformar o rural\u00bb: art\u00edculo publicado en<a  href=\"https:\/\/agaca.coop\/gl\/?goto=TEoTW1kWBwFbHxkQTQU8CwsAFBJXFjxcPh88NiIEIhc_KlJRVVEZQipXLUQaU0cgGTwxDXIeGC41B0U4FjkhURYOVR4F\"> Cooperaci\u00f3n Galega, N\u00ba 176, diciembre 2025. <\/a><br \/>\n&#8211; \u00abES-Factory: novas bolsas xerenciais para atraer talento \u00e1s cooperativas\u00bb: art\u00edculo publicado en<a  href=\"https:\/\/agaca.coop\/gl\/?goto=TEoTW1kWBwFbHxkQTQU8CwsAFBJXFjxcPh88NiIEIhc_KlJRVVEZQipXLUQaU0cgGTwxDXIeGC41B0U4FjkhURYOVR4F\"> Cooperaci\u00f3n Galega, N\u00ba 176, diciembre 2025. <\/a><br \/>\n&#8211; <a  href=\"https:\/\/agaca.coop\/gl\/xornada-de-es-factory-economia-verde-e-amarela\/\">Aberta a inscrici\u00f3n para a xornada de ES-Factory sobre as novas oportunidades da econom\u00eda verde e amarela<\/a> &#8211; 16\/11\/2025<br \/>\n&#8211; \u00abDemostramos que \u00e9 posible combinar viabilidade econ\u00f3mica con compromiso social\u00bb: art\u00edculo publicado en<a  href=\"https:\/\/agaca.coop\/gl\/?goto=TEoTW1kWBwFbHxkQTQU8CwsAFBJXFjxcPh88NiIEIhc_KlJRVVEZQipXLUQaU0cgGWNpCWhHQD4lBlI6WXl-ThER\"> Cooperaci\u00f3n Galega, N\u00ba 175, octubre 2025. <\/a><br \/>\n&#8211; \u00abO programa Formo-Talento, integrado en ES-Factory, impulsa a formaci\u00f3n e o emprego xuvenil nas cooperativas galegas\u00bb: art\u00edculo publicado en<a  href=\"https:\/\/agaca.coop\/gl\/?goto=TEoTW1kWBwFbHxkQTQU8CwsAFBJXFjxcPh88NiIEcE9kBVZEW0EEQnZKeBBZ\"> Cooperaci\u00f3n Galega, N\u00ba 174, agosto 2025. <\/a><br \/>\n&#8211; <a  href=\"https:\/\/agaca.coop\/gl\/bolseiros-esfactory\/\">Nova oportunidade: realiza formaci\u00f3n pr\u00e1ctica en cooperativas con ES-Factory e AGACA<\/a> &#8211; 27\/02\/2025<br \/>\n&#8211; <a  href=\"https:\/\/agaca.coop\/gl\/es-factory-usc\/\">A Universidade de Santiago lanza un programa de aceleraci\u00f3n para proxectos de econom\u00eda social<\/a> &#8211; 24\/02\/2025<br \/>\n&#8211; <a  href=\"https:\/\/agaca.coop\/gl\/formo-talento-persoas\/\">\u00abBuscamos persoas para realizar formaci\u00f3n pr\u00e1ctica en cooperativas con ES-Factory\u00bb<\/a> &#8211; 31\/01\/2025<br \/>\n&#8211; <a  href=\"https:\/\/agaca.coop\/gl\/formo-talento\/\">\u00abOportunidade para acoller a unha persoa en formaci\u00f3n pr\u00e1ctica na cooperativa con ES-Factory e AGACA\u00bb<\/a> &#8211; 17\/01\/2025<br \/>\n&#8211; \u00abES-Factory apoia as cores da econom\u00eda social\u00bb: artigo publicado en<a  href=\"https:\/\/agaca.coop\/gl\/es-factory-apoia-as-cores-da-economia-social\/\"> Cooperaci\u00f3n Galega, N\u00ba 171, decembro 2024. <\/a><br \/>\n&#8211; <a  href=\"https:\/\/agaca.coop\/gl\/emprende-en-laranxa-convocatoria-de-ideas-para-industrias-creativas-e-economia-social\/\">\u00abEmprende en Laranxa \u2013 Convocatoria de Ideas para Industrias Creativas e Econom\u00eda Social\u00bb<\/a> &#8211; 25\/10\/2024<br \/>\n&#8211; <a  href=\"https:\/\/agaca.coop\/gl\/tes-una-idea-de-negocio-ou-iniciativa-de-emprendemento-en-economia-verde\/\">\u00abES-Factory: Tes unha idea de negocio de econom\u00eda verde?\u00bb<\/a> &#8211; 22\/10\/2024<br \/>\n&#8211; <a  href=\"https:\/\/agaca.coop\/gl\/presenta-es-factory\/\">O 3 de xullo pres\u00e9ntase ES-FACTORY: rede de aceleradoras da econom\u00eda social<\/a> &#8211; 27\/06\/2024<\/p>\n","protected":false},"excerpt":{"rendered":"<p>O proxecto ES-Factory ten como obxectivo o impulso e consolidaci\u00f3n de emprego de calidade en novas actividades emerxentes do territorio transfronteirizo que se vaian a desenvolver a trav\u00e9s da econom\u00eda social. Obxectivos xerais: Detectar novas oportunidades e li\u00f1as de negocio en actividades emerxentes de Galicia e Norte de Portugal que fomenten a retenci\u00f3n e atracci\u00f3n [&hellip;]<\/p>\n","protected":false},"author":2,"featured_media":22476,"parent":0,"menu_order":0,"comment_status":"closed","ping_status":"closed","template":"","meta":{"_monsterinsights_skip_tracking":false,"_monsterinsights_sitenote_active":false,"_monsterinsights_sitenote_note":"","_monsterinsights_sitenote_category":0,"footnotes":""},"class_list":["post-22151","page","type-page","status-publish","has-post-thumbnail","hentry"],"yoast_head":"<!-- This site is optimized with the Yoast SEO plugin v19.11 - https:\/\/yoast.com\/wordpress\/plugins\/seo\/ -->\n<title>ES-Factory. Rede de Aceleradoras de econom\u00eda social para impulsar e consolidar empresas en novas actividades emerxentes de Galicia e Norte de Portugal. - AGACA<\/title>\n<meta name=\"robots\" content=\"index, follow, max-snippet:-1, max-image-preview:large, max-video-preview:-1\" \/>\n<link rel=\"canonical\" href=\"https:\/\/agaca.coop\/gl\/es-factory\/\" \/>\n<meta property=\"og:locale\" content=\"gl_ES\" \/>\n<meta property=\"og:type\" content=\"article\" \/>\n<meta property=\"og:title\" content=\"ES-Factory. Rede de Aceleradoras de econom\u00eda social para impulsar e consolidar empresas en novas actividades emerxentes de Galicia e Norte de Portugal. - AGACA\" \/>\n<meta property=\"og:description\" content=\"O proxecto ES-Factory ten como obxectivo o impulso e consolidaci\u00f3n de emprego de calidade en novas actividades emerxentes do territorio transfronteirizo que se vaian a desenvolver a trav\u00e9s da econom\u00eda social. Obxectivos xerais: Detectar novas oportunidades e li\u00f1as de negocio en actividades emerxentes de Galicia e Norte de Portugal que fomenten a retenci\u00f3n e atracci\u00f3n [&hellip;]\" \/>\n<meta property=\"og:url\" content=\"https:\/\/agaca.coop\/gl\/es-factory\/\" \/>\n<meta property=\"og:site_name\" content=\"AGACA\" \/>\n<meta property=\"article:modified_time\" content=\"2026-03-20T11:17:54+00:00\" \/>\n<meta property=\"og:image\" content=\"https:\/\/agaca.coop\/wp-content\/uploads\/2024\/11\/20241122_ES_FACTORY-WEB_gal_provisional-2024.png\" \/>\n\t<meta property=\"og:image:width\" content=\"1331\" \/>\n\t<meta property=\"og:image:height\" content=\"749\" \/>\n\t<meta property=\"og:image:type\" content=\"image\/png\" \/>\n<meta name=\"twitter:card\" content=\"summary_large_image\" \/>\n<meta name=\"twitter:label1\" content=\"Tempo de lectura\" \/>\n\t<meta name=\"twitter:data1\" content=\"5 minutos\" \/>\n<script type=\"application\/ld+json\" class=\"yoast-schema-graph\">{\"@context\":\"https:\/\/schema.org\",\"@graph\":[{\"@type\":\"WebPage\",\"@id\":\"https:\/\/agaca.coop\/gl\/es-factory\/\",\"url\":\"https:\/\/agaca.coop\/gl\/es-factory\/\",\"name\":\"ES-Factory. Rede de Aceleradoras de econom\u00eda social para impulsar e consolidar empresas en novas actividades emerxentes de Galicia e Norte de Portugal. - AGACA\",\"isPartOf\":{\"@id\":\"https:\/\/agaca.coop\/#website\"},\"datePublished\":\"2024-10-29T10:43:57+00:00\",\"dateModified\":\"2026-03-20T11:17:54+00:00\",\"breadcrumb\":{\"@id\":\"https:\/\/agaca.coop\/gl\/es-factory\/#breadcrumb\"},\"inLanguage\":\"gl-ES\",\"potentialAction\":[{\"@type\":\"ReadAction\",\"target\":[\"https:\/\/agaca.coop\/gl\/es-factory\/\"]}]},{\"@type\":\"BreadcrumbList\",\"@id\":\"https:\/\/agaca.coop\/gl\/es-factory\/#breadcrumb\",\"itemListElement\":[{\"@type\":\"ListItem\",\"position\":1,\"name\":\"Portada\",\"item\":\"https:\/\/agaca.coop\/gl\/\"},{\"@type\":\"ListItem\",\"position\":2,\"name\":\"ES-Factory. Rede de Aceleradoras de econom\u00eda social para impulsar e consolidar empresas en novas actividades emerxentes de Galicia e Norte de Portugal.\"}]},{\"@type\":\"WebSite\",\"@id\":\"https:\/\/agaca.coop\/#website\",\"url\":\"https:\/\/agaca.coop\/\",\"name\":\"AGACA\",\"description\":\"Asociaci\u00f3n Galega de Cooperativas Agrarias\",\"potentialAction\":[{\"@type\":\"SearchAction\",\"target\":{\"@type\":\"EntryPoint\",\"urlTemplate\":\"https:\/\/agaca.coop\/?s={search_term_string}\"},\"query-input\":\"required name=search_term_string\"}],\"inLanguage\":\"gl-ES\"}]}<\/script>\n<!-- \/ Yoast SEO plugin. -->","yoast_head_json":{"title":"ES-Factory. Rede de Aceleradoras de econom\u00eda social para impulsar e consolidar empresas en novas actividades emerxentes de Galicia e Norte de Portugal. - AGACA","robots":{"index":"index","follow":"follow","max-snippet":"max-snippet:-1","max-image-preview":"max-image-preview:large","max-video-preview":"max-video-preview:-1"},"canonical":"https:\/\/agaca.coop\/gl\/es-factory\/","og_locale":"gl_ES","og_type":"article","og_title":"ES-Factory. Rede de Aceleradoras de econom\u00eda social para impulsar e consolidar empresas en novas actividades emerxentes de Galicia e Norte de Portugal. - AGACA","og_description":"O proxecto ES-Factory ten como obxectivo o impulso e consolidaci\u00f3n de emprego de calidade en novas actividades emerxentes do territorio transfronteirizo que se vaian a desenvolver a trav\u00e9s da econom\u00eda social. Obxectivos xerais: Detectar novas oportunidades e li\u00f1as de negocio en actividades emerxentes de Galicia e Norte de Portugal que fomenten a retenci\u00f3n e atracci\u00f3n [&hellip;]","og_url":"https:\/\/agaca.coop\/gl\/es-factory\/","og_site_name":"AGACA","article_modified_time":"2026-03-20T11:17:54+00:00","og_image":[{"width":1331,"height":749,"url":"https:\/\/agaca.coop\/wp-content\/uploads\/2024\/11\/20241122_ES_FACTORY-WEB_gal_provisional-2024.png","type":"image\/png"}],"twitter_card":"summary_large_image","twitter_misc":{"Tempo de lectura":"5 minutos"},"schema":{"@context":"https:\/\/schema.org","@graph":[{"@type":"WebPage","@id":"https:\/\/agaca.coop\/gl\/es-factory\/","url":"https:\/\/agaca.coop\/gl\/es-factory\/","name":"ES-Factory. Rede de Aceleradoras de econom\u00eda social para impulsar e consolidar empresas en novas actividades emerxentes de Galicia e Norte de Portugal. - AGACA","isPartOf":{"@id":"https:\/\/agaca.coop\/#website"},"datePublished":"2024-10-29T10:43:57+00:00","dateModified":"2026-03-20T11:17:54+00:00","breadcrumb":{"@id":"https:\/\/agaca.coop\/gl\/es-factory\/#breadcrumb"},"inLanguage":"gl-ES","potentialAction":[{"@type":"ReadAction","target":["https:\/\/agaca.coop\/gl\/es-factory\/"]}]},{"@type":"BreadcrumbList","@id":"https:\/\/agaca.coop\/gl\/es-factory\/#breadcrumb","itemListElement":[{"@type":"ListItem","position":1,"name":"Portada","item":"https:\/\/agaca.coop\/gl\/"},{"@type":"ListItem","position":2,"name":"ES-Factory. Rede de Aceleradoras de econom\u00eda social para impulsar e consolidar empresas en novas actividades emerxentes de Galicia e Norte de Portugal."}]},{"@type":"WebSite","@id":"https:\/\/agaca.coop\/#website","url":"https:\/\/agaca.coop\/","name":"AGACA","description":"Asociaci\u00f3n Galega de Cooperativas Agrarias","potentialAction":[{"@type":"SearchAction","target":{"@type":"EntryPoint","urlTemplate":"https:\/\/agaca.coop\/?s={search_term_string}"},"query-input":"required name=search_term_string"}],"inLanguage":"gl-ES"}]}},"_links":{"self":[{"href":"https:\/\/agaca.coop\/gl\/wp-json\/wp\/v2\/pages\/22151","targetHints":{"allow":["GET"]}}],"collection":[{"href":"https:\/\/agaca.coop\/gl\/wp-json\/wp\/v2\/pages"}],"about":[{"href":"https:\/\/agaca.coop\/gl\/wp-json\/wp\/v2\/types\/page"}],"author":[{"embeddable":true,"href":"https:\/\/agaca.coop\/gl\/wp-json\/wp\/v2\/users\/2"}],"replies":[{"embeddable":true,"href":"https:\/\/agaca.coop\/gl\/wp-json\/wp\/v2\/comments?post=22151"}],"version-history":[{"count":17,"href":"https:\/\/agaca.coop\/gl\/wp-json\/wp\/v2\/pages\/22151\/revisions"}],"predecessor-version":[{"id":27083,"href":"https:\/\/agaca.coop\/gl\/wp-json\/wp\/v2\/pages\/22151\/revisions\/27083"}],"wp:featuredmedia":[{"embeddable":true,"href":"https:\/\/agaca.coop\/gl\/wp-json\/wp\/v2\/media\/22476"}],"wp:attachment":[{"href":"https:\/\/agaca.coop\/gl\/wp-json\/wp\/v2\/media?parent=22151"}],"curies":[{"name":"wp","href":"https:\/\/api.w.org\/{rel}","templated":true}]}}