{"id":20620,"date":"2024-06-05T12:11:33","date_gmt":"2024-06-05T12:11:33","guid":{"rendered":"https:\/\/agaca.coop\/?page_id=20620"},"modified":"2024-10-02T14:29:07","modified_gmt":"2024-10-02T14:29:07","slug":"upfarming","status":"publish","type":"page","link":"https:\/\/agaca.coop\/gl\/upfarming\/","title":{"rendered":"UpFarming"},"content":{"rendered":"<p>[vc_row][vc_column][vc_column_text]<\/p>\n<h1>Apoia pequenas empresas agr\u00edcolas e prop\u00f3n soluci\u00f3ns relacionadas coa aplicaci\u00f3n da sostibilidade<\/h1>\n<p>&nbsp;<\/p>\n<p><img loading=\"lazy\" decoding=\"async\" class=\"aligncenter\" src=\"https:\/\/agaca.coop\/wp-content\/uploads\/2024\/09\/UE-upfarming-logo-2024.png\" width=\"691\" height=\"70\" \/>[\/vc_column_text][\/vc_column][\/vc_row][vc_row][vc_column width=&#8221;1\/4&#8243;][vc_column_text]<\/p>\n<h3>CONSORCIO<\/h3>\n<ul>\n<li>AGACA<\/li>\n<li><a style=\"color: blue; text-decoration: underline;\"  href=\"https:\/\/agaca.coop\/gl\/?goto=TEoTW1kWBwFZERkXSUczAQUcSxoeIDoW\">Confederaci\u00f3n Italiana de Agricultores de los Alpes &#8211; CIA Agricoltori delle Alpi<\/a> (Italia)<\/li>\n<\/ul>\n<h3>DURACI\u00d3N<\/h3>\n<p>O proxecto comeza en xullo 2022 e termina en 2024.[\/vc_column_text][\/vc_column][vc_column width=&#8221;3\/4&#8243;][vc_column_text]<\/p>\n<h3>CONTEXTO<\/h3>\n<p>Os socios de UpFarming est\u00e1n a experimentar agora, a trav\u00e9s das explotaci\u00f3ns gandeiras locais que representan, algunhas dificultades: por unha banda, as recentes alarmas sobre os riscos para a sa\u00fade de consumidores e consumidoras ou os efectos negativos sobre o medio ambiente derivadas de determinadas pr\u00e1cticas produtivas provocaron unha desconfianza por parte da opini\u00f3n p\u00fablica; por outro lado, aparecen novas demandas de produtos alimenticios de calidade e especialidades rexionais.<\/p>\n<p>Quen m\u00e1is pagan por esta condici\u00f3n son as pequenas empresas que, a mi\u00fado e a diferenza das grandes e granxas intensivas, adoitan aplicar alg\u00fan principio de sustentabilidade, a\u00ednda que sexa de forma inconsciente. As\u00ed pois, poder\u00edan aproveitar esta situaci\u00f3n promovendo os seus produtos locais, pero necesitan ser guiadas.<\/p>\n<p>Neste marco, UpFarming quere apoiar \u00e1s pequenas explotaci\u00f3ns e ao proceso de crecemento das cadeas de subministraci\u00f3n zoot\u00e9cnicas e suxerirlles soluci\u00f3ns vinculadas \u00e1 aplicaci\u00f3n da sustentabilidade, actuando en d\u00faas frontes: dunha banda, facendo que agricultores e agricultoras sexan m\u00e1is conscientes diso e, doutra, d\u00e1ndolles apoio na comunicaci\u00f3n co p\u00fablico (provedores, consumidores etc.) do que realmente fan en termos de sustentabilidade.<\/p>\n<p>Para logralo, os socios de UpFarming desenvolveron un curso para formar consultores\/as capaces de acompa\u00f1ar a profesionais do sector agrogandeiro polo cami\u00f1o da sustentabilidade.[\/vc_column_text][\/vc_column][\/vc_row][vc_row][vc_column][vc_column_text]<\/p>\n<div class='photonic-wp-stream photonic-stream ' id='photonic-wp-stream-1'>\n\t<div id='photonic-wp-stream-1-container' class='title-display-tooltip photonic-level-1-container photonic-standard-layout photonic-thumbnail-effect-none sizes-present '  data-photonic-platform=\"wp\" data-photonic-query=\"order=ASC&amp;orderby=post__in&amp;id=18433&amp;itemtag=dl&amp;icontag=dt&amp;captiontag=dd&amp;size=thumbnail&amp;include=13964,16675,20543,20539,20537,20541&amp;exclude=&amp;link=post&amp;layout=square&amp;more=&amp;display=in-page&amp;panel=&amp;filter=&amp;filter_type=include&amp;fx=slide&amp;timeout=4000&amp;speed=1000&amp;pause=1&amp;strip-style=thumbs&amp;controls=hide&amp;popup=hide&amp;custom_classes=&amp;alignment=&amp;caption=title&amp;page=1&amp;count=-1&amp;thumb_width=75&amp;thumb_height=75&amp;thumb_size=thumbnail&amp;slide_size=large&amp;slideshow_height=500&amp;type=default&amp;style=square&amp;columns=4&amp;ids=13964,16675,20543,20539,20537,20541&amp;main_size=large\"  data-photonic-gallery-columns=\"4\" style='--tile-min-height: 200px'>\n<figure class='photonic-gallery-4c photonic-level-1 photonic-thumb'  style='--dw: 150; --dh: 150' >\n\t\t\t<a  class='photonic-lb photonic-baguettebox baguettebox'  rel='lightbox-photonic-wp-stream-1'   href=\"https:\/\/agaca.coop\/wp-content\/uploads\/2022\/07\/20220718-Upfarming-KOM.jpg\" title=\"20220718-Upfarming-KOM\" data-title=\"&lt;a href=&#039;https:\/\/agaca.coop\/gl\/13962\/20220718-upfarming-kom\/&#039; &gt;20220718-Upfarming-KOM&lt;\/a&gt;\" data-photonic-tooltip=\"20220718-Upfarming-KOM\"   data-photonic-media-type=\"image\"  data-content-type=\"image\"  data-photonic-deep=\"gallery[photonic-wp-stream-1]\/13963\/\" >\n\t\t\t\t<img decoding=\"async\" alt=\"20220718-Upfarming-KOM\" src=\"https:\/\/agaca.coop\/wp-content\/uploads\/2022\/07\/20220718-Upfarming-KOM-150x150.jpg\"  class='square'  loading='eager'  width='150' height='150' \/>\n\t\t\t\t\n\t\t\t<\/a>\n\t\t<\/figure>\n\t\t<figure class='photonic-gallery-4c photonic-level-1 photonic-thumb'  style='--dw: 150; --dh: 150' >\n\t\t\t<a  class='photonic-lb photonic-baguettebox baguettebox'  rel='lightbox-photonic-wp-stream-1'   href=\"https:\/\/agaca.coop\/wp-content\/uploads\/2023\/02\/banner-web-buscamos-1024x533.jpg\" title=\"banner web buscamos\" data-title=\"&lt;a href=&#039;https:\/\/agaca.coop\/gl\/buscanse-5-titulados-ou-estudantes-de-ultimo-ano-da-rama-agraria-para-formarse-sen-custo-sobre-sostibilidade-e-comunicacion-no-marco-dun-programa-europeo\/banner-web-buscamos\/&#039; &gt;banner web buscamos&lt;\/a&gt;\" data-photonic-tooltip=\"banner web buscamos\"   data-photonic-media-type=\"image\"  data-content-type=\"image\"  data-photonic-deep=\"gallery[photonic-wp-stream-1]\/16674\/\" >\n\t\t\t\t<img decoding=\"async\" alt=\"banner web buscamos\" src=\"https:\/\/agaca.coop\/wp-content\/uploads\/2023\/02\/banner-web-buscamos-150x150.jpg\"  class='square'  loading='eager'  width='150' height='150' \/>\n\t\t\t\t\n\t\t\t<\/a>\n\t\t<\/figure>\n\t\t<figure class='photonic-gallery-4c photonic-level-1 photonic-thumb'  style='--dw: 150; --dh: 150' >\n\t\t\t<a  class='photonic-lb photonic-baguettebox baguettebox'  rel='lightbox-photonic-wp-stream-1'   href=\"https:\/\/agaca.coop\/wp-content\/uploads\/2024\/05\/20230417_upfarming-turin-inicio-1-1024x768.jpg\" title=\"20230417_upfarming-turin-inicio (1)\" data-title=\"&lt;a href=&#039;https:\/\/agaca.coop\/gl\/upfarming\/20230417_upfarming-turin-inicio-1-2\/&#039; &gt;20230417_upfarming-turin-inicio (1)&lt;\/a&gt;\" data-photonic-tooltip=\"20230417_upfarming-turin-inicio (1)\"   data-photonic-media-type=\"image\"  data-content-type=\"image\"  data-photonic-deep=\"gallery[photonic-wp-stream-1]\/20544\/\" >\n\t\t\t\t<img decoding=\"async\" alt=\"20230417_upfarming-turin-inicio (1)\" src=\"https:\/\/agaca.coop\/wp-content\/uploads\/2024\/05\/20230417_upfarming-turin-inicio-1-150x150.jpg\"  class='square'  loading='eager'  width='150' height='150' \/>\n\t\t\t\t\n\t\t\t<\/a>\n\t\t<\/figure>\n\t\t<figure class='photonic-gallery-4c photonic-level-1 photonic-thumb'  style='--dw: 150; --dh: 150' >\n\t\t\t<a  class='photonic-lb photonic-baguettebox baguettebox'  rel='lightbox-photonic-wp-stream-1'   href=\"https:\/\/agaca.coop\/wp-content\/uploads\/2024\/05\/20240320_UpFarming-1024x577.jpg\" title=\"20240320_UpFarming\" data-title=\"&lt;a href=&#039;https:\/\/agaca.coop\/gl\/upfarming\/20240320_upfarming-2\/&#039; &gt;20240320_UpFarming&lt;\/a&gt;\" data-photonic-tooltip=\"20240320_UpFarming\"   data-photonic-media-type=\"image\"  data-content-type=\"image\"  data-photonic-deep=\"gallery[photonic-wp-stream-1]\/20540\/\" >\n\t\t\t\t<img decoding=\"async\" alt=\"20240320_UpFarming\" src=\"https:\/\/agaca.coop\/wp-content\/uploads\/2024\/05\/20240320_UpFarming-150x150.jpg\"  class='square'  loading='eager'  width='150' height='150' \/>\n\t\t\t\t\n\t\t\t<\/a>\n\t\t<\/figure>\n\t\t<figure class='photonic-gallery-4c photonic-level-1 photonic-thumb'  style='--dw: 150; --dh: 150' >\n\t\t\t<a  class='photonic-lb photonic-baguettebox baguettebox'  rel='lightbox-photonic-wp-stream-1'   href=\"https:\/\/agaca.coop\/wp-content\/uploads\/2024\/05\/20240419-upfarming-sara_beni_higinio_luigi-1024x768.jpg\" title=\"20240419-upfarming-sara_beni_higinio_luigi\" data-title=\"&lt;a href=&#039;https:\/\/agaca.coop\/gl\/upfarming\/20240419-upfarming-sara_beni_higinio_luigi-2\/&#039; &gt;20240419-upfarming-sara_beni_higinio_luigi&lt;\/a&gt;\" data-photonic-tooltip=\"20240419-upfarming-sara_beni_higinio_luigi\"   data-photonic-media-type=\"image\"  data-content-type=\"image\"  data-photonic-deep=\"gallery[photonic-wp-stream-1]\/20538\/\" >\n\t\t\t\t<img decoding=\"async\" alt=\"20240419-upfarming-sara_beni_higinio_luigi\" src=\"https:\/\/agaca.coop\/wp-content\/uploads\/2024\/05\/20240419-upfarming-sara_beni_higinio_luigi-150x150.jpg\"  class='square'  loading='eager'  width='150' height='150' \/>\n\t\t\t\t\n\t\t\t<\/a>\n\t\t<\/figure>\n\t\t<figure class='photonic-gallery-4c photonic-level-1 photonic-thumb'  style='--dw: 150; --dh: 150' >\n\t\t\t<a  class='photonic-lb photonic-baguettebox baguettebox'  rel='lightbox-photonic-wp-stream-1'   href=\"https:\/\/agaca.coop\/wp-content\/uploads\/2024\/05\/20240508_UpFarming-Sar-de-Serrans-Clun-16-1024x473.jpg\" title=\"20240508_UpFarming-Sar-de-Serrans-Clun (16)\" data-title=\"&lt;a href=&#039;https:\/\/agaca.coop\/gl\/upfarming\/20240508_upfarming-sar-de-serrans-clun-16-2\/&#039; &gt;20240508_UpFarming-Sar-de-Serrans-Clun (16)&lt;\/a&gt;\" data-photonic-tooltip=\"20240508_UpFarming-Sar-de-Serrans-Clun (16)\"   data-photonic-media-type=\"image\"  data-content-type=\"image\"  data-photonic-deep=\"gallery[photonic-wp-stream-1]\/20542\/\" >\n\t\t\t\t<img decoding=\"async\" alt=\"20240508_UpFarming-Sar-de-Serrans-Clun (16)\" src=\"https:\/\/agaca.coop\/wp-content\/uploads\/2024\/05\/20240508_UpFarming-Sar-de-Serrans-Clun-16-150x150.jpg\"  class='square'  loading='eager'  width='150' height='150' \/>\n\t\t\t\t\n\t\t\t<\/a>\n\t\t<\/figure>\n\t<\/div> <!-- .\/photonic-level-1-container -->\n<span id='photonic-wp-stream-1-container-end'><\/span>\n<\/div><!-- .photonic-stream or .photonic-panel -->\n\n<p>[\/vc_column_text][\/vc_column][\/vc_row][vc_row][vc_column][vc_column_text]<\/p>\n<h2>OBXECTIVOS<\/h2>\n<p>UpFarming desenvolveu un curso, que levou a cabo en colaboraci\u00f3n con Disafa e Universidade de Tur\u00edn, para formar consultores\/as capaces de acompa\u00f1ar a profesionais dos sector agrogandeiro ao longo da senda da sustentabilidade.<\/p>\n<p>Isto forma parte de d\u00faas prioridades en materia de educaci\u00f3n e formaci\u00f3n profesional:<\/p>\n<ol>\n<li>Adaptar a educaci\u00f3n e a formaci\u00f3n profesionais \u00e1s necesidades do mercado de traballo, onde se necesita un perfil para axudar a agricultores e agricultoras a traballar nunha tendencia (a atenci\u00f3n \u00e1 sustentabilidade) para evitar un declive econ\u00f3mico do sector. Ademais, a atenci\u00f3n \u00e1 sustentabilidade e \u00e1 sa\u00fade do planeta est\u00e1n a crecer e, se a\u00ednda non hai certificaci\u00f3ns obrigatorias, no futuro poder\u00edan ser introducidas por lei.<\/li>\n<li>Contribu\u00edr \u00e1 innovaci\u00f3n da educaci\u00f3n e a formaci\u00f3n profesional, xa que o curso de formaci\u00f3n proposto \u00e9 completamente novo e intercepta diferentes cuesti\u00f3ns para que profesionais do sector agrogandeiro poidan comprender e ler as necesidades das <em>empresas gandeiras<\/em>, especialmente en termos de comunicaci\u00f3n co p\u00fablico, baixo o enfoque da sustentabilidade e a an\u00e1lise das empresas.<\/li>\n<\/ol>\n<p>Outro obxectivo ref\u00edrese \u00e1 participaci\u00f3n na identificaci\u00f3n dunha metodolox\u00eda \u00fatil para avaliar a sustentabilidade das empresas gandeiras. Isto est\u00e1 vinculado \u00e1 prioridade horizontal do medio ambiente e \u00e1 loita contra o cambio clim\u00e1tico: o v\u00ednculo entre a agricultura e o medio ambiente, especialmente en termos de sustentabilidade ambiental, \u00e9 hoxe un tema moi debatido e contrib\u00fae a crear a opini\u00f3n p\u00fablica e as tendencias alimentarias. UpFarming pretende demostrar que a agricultura ambientalmente sostible \u00e9 posible e xa \u00e9 aplicada por pequenas explotaci\u00f3ns agr\u00edcolas en toda Europa, co desexo de apoiar a transici\u00f3n a unha agricultura sostible onde a\u00ednda non se aplica.<\/p>\n<p>O resultado esperado \u00e9 dobre: os socios pretenden estruturar unha oferta formativa dirixida a alumnado recentemente graduado en ciencias agr\u00edcolas, persoas xa graduadas e traballadoras activas \/ con certa experiencia no sector, para darlles formaci\u00f3n como consultores e consultoras capaces de acompa\u00f1ar \u00e1s explotaci\u00f3ns en v\u00edas de sustentabilidade e fomentar a s\u00faa integraci\u00f3n no mercado laboral, inclu\u00edndo unha parte da aplicaci\u00f3n pr\u00e1ctica das habilidades adquiridas, o que leva a formar a emprendedores agr\u00edcolas m\u00e1is conscientes e capaces de comunicar a s\u00faa sustentabilidade lograda.[\/vc_column_text][\/vc_column][\/vc_row][vc_row][vc_column][vc_column_text]<\/p>\n<h2>FORMACI\u00d3N<\/h2>\n<p>Estes son os materiais formativos que se desenvolveron ao longo do proxecto (en ingl\u00e9s). Podes descargalos facendo click nas ligaz\u00f3ns::<\/p>\n<p><span style=\"color: #177036;\"><a style=\"color: #177036;\"  href=\"https:\/\/agaca.coop\/wp-content\/uploads\/2024\/10\/01-02_Biagini-1_UpdatingSustainability-UPFARMING-TRAINING-UE.pdf\">Updating sustainability application &amp; communication in the livestock farming sector (PDF &#8211; 3.6Mb)<\/a>.<\/span><\/p>\n<p><span style=\"color: #177036;\"><a style=\"color: #177036;\"  href=\"https:\/\/agaca.coop\/wp-content\/uploads\/2024\/10\/03_Biagini-ImprovingSustainability-UPFARMING-TRAINING-UE.pdf\">Improving sustainability (PDF &#8211; 2.5 MB)<\/a>.<\/span><\/p>\n<p><span style=\"color: #177036;\"><a style=\"color: #177036;\"  href=\"https:\/\/agaca.coop\/wp-content\/uploads\/2024\/10\/04_Biagini-3-Comunicate-sustainability-UPFARMING-TRAINING-UE.pdf\">Communicate sustainability (PDF &#8211; 6.9 MB)<\/a>.<\/span><\/p>\n<p><span style=\"color: #177036;\"><a style=\"color: #177036;\"  href=\"https:\/\/agaca.coop\/wp-content\/uploads\/2024\/10\/01-SUSTAINABILITY-STRATEGY-UPFARMING-TRAINING-UE.pdf\">Sustainability strategy (PDF &#8211; 527 KB)<\/a>.<\/span><\/p>\n<p><span style=\"color: #177036;\"><a style=\"color: #177036;\"  href=\"https:\/\/agaca.coop\/wp-content\/uploads\/2024\/10\/02-COMMUNICATING-SUSTAINABILITY-UPFARMING-TRAINING-UE.pdf\">Communicating sustainability: strategy and advice (PDF &#8211; 1 MB)<\/a>.<\/span><\/p>\n<p><span style=\"color: #8bbb41;\"><a style=\"color: #8bbb41;\"  href=\"https:\/\/agaca.coop\/wp-content\/uploads\/2024\/10\/01_Blanc-0-LCA-fundamentals-principles-characteristics-UPFARMING-TRAINING-UE.pdf\">Life Cycle Analysis: fundamentals, principles and characteristics (PDF &#8211; 1.9 MB)<\/a>.<\/span><\/p>\n<p><span style=\"color: #8bbb41;\"><a style=\"color: #8bbb41;\"  href=\"https:\/\/agaca.coop\/wp-content\/uploads\/2024\/10\/02-Blanc-1-Introduction-UPFARMING-TRAINING-UE.pdf\">Introduction to Live cycle Sustainability Assessment (LCSA) (PDF &#8211; 2.7 MB)<\/a>.<\/span><\/p>\n<p><span style=\"color: #8bbb41;\"><a style=\"color: #8bbb41;\"  href=\"https:\/\/agaca.coop\/wp-content\/uploads\/2024\/10\/03-Blanc-2-LCA-Theory-to-practice-UPFARMING-TRAINING-UE.pdf\">Life cycle assessment: from theory to practice (PDF &#8211; 2 MB)<\/a>.<\/span><\/p>\n<p><span style=\"color: #8bbb41;\"><a style=\"color: #8bbb41;\"  href=\"https:\/\/agaca.coop\/wp-content\/uploads\/2024\/10\/04_Biagini-3-Comunicate-sustainability-UPFARMING-TRAINING-UE.pdf\">Tools and methods (PDF &#8211; 1.3 MB)<\/a>.<\/span><\/p>\n<p><span style=\"color: #c2c2c2;\"><a style=\"color: #c2c2c2;\"  href=\"https:\/\/agaca.coop\/wp-content\/uploads\/2024\/10\/01-Dinuccio-CCP-Mitigation-strategies-P1-UPFARMING-TRAINING-UE.pdf\">CCP and mitigation strategies. Part 1 (PDF &#8211; 20.7 MB)<\/a>.<\/span><\/p>\n<p><span style=\"color: #c2c2c2;\"><a style=\"color: #c2c2c2;\"  href=\"https:\/\/agaca.coop\/wp-content\/uploads\/2024\/10\/02-Dinuccio-CCP-Mitigation-strategies-P-UPFARMING-TRAINING-UE.pdf\">CCP and mitigation strategies. Part 2 (PDF &#8211; 21.2 MB)<\/a>.<\/span><\/p>\n<p>Materiais adicionais:<\/p>\n<p><span style=\"color: #0000ff;\"><a style=\"color: #8bbb41;\"  href=\"https:\/\/agaca.coop\/wp-content\/uploads\/2024\/10\/Check-List-grafica_ING-corporate-sustainability-UPFARMING-TRAINING-UE.xlsx\">Checklist: Assessment of Corporate Sustainability (Excel &#8211; 66 KB)<\/a>.<\/span><\/p>\n<p><a  href=\"https:\/\/agaca.coop\/wp-content\/uploads\/2024\/10\/CHECKLIST-farm-inspection-UPFARMING-TRAINING-UE.docx\"><span style=\"color: #8bbb41;\">Checklists for farm inspection (Word &#8211; 62 KB)<\/span><\/a>.<\/p>\n<p><a  href=\"https:\/\/agaca.coop\/wp-content\/uploads\/2024\/10\/03-COMMUNICATION-TOOLKIT-UPFARMING-TRAINING-UE.pdf\"><span style=\"color: #8bbb41;\">Communication Toolkit Infography (PDF &#8211; 116 KB)<\/span><\/a>.[\/vc_column_text][\/vc_column][\/vc_row][vc_row][vc_column][vc_column_text]<\/p>\n<h3>FINANCIAMENTO<\/h3>\n<p>Proxecto financiado polo programa ERASMUS+ &#8211; Acci\u00f3n KA210 &#8211; VET Project n\u00ba 2021-2-IT01-KA210-VET-000048980 OID E10271210 &#8211; CUP G19J21015470006.<\/p>\n<h3>+ informaci\u00f3n:<\/h3>\n<p>Web CIA Agricoltori delle Alpi: <a  href=\"https:\/\/agaca.coop\/gl\/?goto=TEoTW1kWBwFZERkXSUczAQUcSxoeIDoWPQZiJCJZLBE-PRpWRFYRWS0ULQgFQ1M1VTswXSdBWSMkHQ00BDsiFUdfE0JFQgVNVRUVBkJCPAUQGVQdHSAgFDweKm8vQjcdIy5YQF8fFkw2FyNLERtTJFcmMU5q\"><span style=\"color: #0000ff;\">https:\/\/ciadellealpi.it\/up-farming-updating-sustainability-application-communication-in-the-livestock-farming-sector\/<\/span><\/a>[\/vc_column_text][vc_column_text]Financiado pola Uni\u00f3n Europea. Non obstante, as opini\u00f3ns e opini\u00f3ns expresadas son exclusivamente dos autores e non necesariamente reflicten as da Uni\u00f3n Europea ou da autoridade concedente. Nin a Uni\u00f3n Europea nin a autoridade concedente poden ser responsables delas.[\/vc_column_text][\/vc_column][\/vc_row]<\/p>\n","protected":false},"excerpt":{"rendered":"<p>[vc_row][vc_column][vc_column_text] Apoia pequenas empresas agr\u00edcolas e prop\u00f3n soluci\u00f3ns relacionadas coa aplicaci\u00f3n da sostibilidade &nbsp; [\/vc_column_text][\/vc_column][\/vc_row][vc_row][vc_column width=&#8221;1\/4&#8243;][vc_column_text] CONSORCIO AGACA Confederaci\u00f3n Italiana de Agricultores de los Alpes &#8211; CIA Agricoltori delle Alpi (Italia) DURACI\u00d3N O proxecto comeza en xullo 2022 e termina en 2024.[\/vc_column_text][\/vc_column][vc_column width=&#8221;3\/4&#8243;][vc_column_text] CONTEXTO Os socios de UpFarming est\u00e1n a experimentar agora, a trav\u00e9s das [&hellip;]<\/p>\n","protected":false},"author":2,"featured_media":0,"parent":0,"menu_order":0,"comment_status":"closed","ping_status":"closed","template":"","meta":{"_monsterinsights_skip_tracking":false,"_monsterinsights_sitenote_active":false,"_monsterinsights_sitenote_note":"","_monsterinsights_sitenote_category":0,"footnotes":""},"class_list":["post-20620","page","type-page","status-publish","hentry"],"yoast_head":"<!-- This site is optimized with the Yoast SEO plugin v19.11 - https:\/\/yoast.com\/wordpress\/plugins\/seo\/ -->\n<title>UpFarming - AGACA<\/title>\n<meta name=\"robots\" content=\"index, follow, max-snippet:-1, max-image-preview:large, max-video-preview:-1\" \/>\n<link rel=\"canonical\" href=\"https:\/\/agaca.coop\/gl\/upfarming\/\" \/>\n<meta property=\"og:locale\" content=\"gl_ES\" \/>\n<meta property=\"og:type\" content=\"article\" \/>\n<meta property=\"og:title\" content=\"UpFarming - AGACA\" \/>\n<meta property=\"og:description\" content=\"[vc_row][vc_column][vc_column_text] Apoia pequenas empresas agr\u00edcolas e prop\u00f3n soluci\u00f3ns relacionadas coa aplicaci\u00f3n da sostibilidade &nbsp; [\/vc_column_text][\/vc_column][\/vc_row][vc_row][vc_column width=&#8221;1\/4&#8243;][vc_column_text] CONSORCIO AGACA Confederaci\u00f3n Italiana de Agricultores de los Alpes &#8211; CIA Agricoltori delle Alpi (Italia) DURACI\u00d3N O proxecto comeza en xullo 2022 e termina en 2024.[\/vc_column_text][\/vc_column][vc_column width=&#8221;3\/4&#8243;][vc_column_text] CONTEXTO Os socios de UpFarming est\u00e1n a experimentar agora, a trav\u00e9s das [&hellip;]\" \/>\n<meta property=\"og:url\" content=\"https:\/\/agaca.coop\/gl\/upfarming\/\" \/>\n<meta property=\"og:site_name\" content=\"AGACA\" \/>\n<meta property=\"article:modified_time\" content=\"2024-10-02T14:29:07+00:00\" \/>\n<meta property=\"og:image\" content=\"https:\/\/agaca.coop\/wp-content\/uploads\/2024\/09\/UE-upfarming-logo-2024.png\" \/>\n<meta name=\"twitter:card\" content=\"summary_large_image\" \/>\n<meta name=\"twitter:label1\" content=\"Tempo de lectura\" \/>\n\t<meta name=\"twitter:data1\" content=\"4 minutos\" \/>\n<script type=\"application\/ld+json\" class=\"yoast-schema-graph\">{\"@context\":\"https:\/\/schema.org\",\"@graph\":[{\"@type\":\"WebPage\",\"@id\":\"https:\/\/agaca.coop\/gl\/upfarming\/\",\"url\":\"https:\/\/agaca.coop\/gl\/upfarming\/\",\"name\":\"UpFarming - AGACA\",\"isPartOf\":{\"@id\":\"https:\/\/agaca.coop\/#website\"},\"datePublished\":\"2024-06-05T12:11:33+00:00\",\"dateModified\":\"2024-10-02T14:29:07+00:00\",\"breadcrumb\":{\"@id\":\"https:\/\/agaca.coop\/gl\/upfarming\/#breadcrumb\"},\"inLanguage\":\"gl-ES\",\"potentialAction\":[{\"@type\":\"ReadAction\",\"target\":[\"https:\/\/agaca.coop\/gl\/upfarming\/\"]}]},{\"@type\":\"BreadcrumbList\",\"@id\":\"https:\/\/agaca.coop\/gl\/upfarming\/#breadcrumb\",\"itemListElement\":[{\"@type\":\"ListItem\",\"position\":1,\"name\":\"Portada\",\"item\":\"https:\/\/agaca.coop\/gl\/\"},{\"@type\":\"ListItem\",\"position\":2,\"name\":\"UpFarming\"}]},{\"@type\":\"WebSite\",\"@id\":\"https:\/\/agaca.coop\/#website\",\"url\":\"https:\/\/agaca.coop\/\",\"name\":\"AGACA\",\"description\":\"Asociaci\u00f3n Galega de Cooperativas Agrarias\",\"potentialAction\":[{\"@type\":\"SearchAction\",\"target\":{\"@type\":\"EntryPoint\",\"urlTemplate\":\"https:\/\/agaca.coop\/?s={search_term_string}\"},\"query-input\":\"required name=search_term_string\"}],\"inLanguage\":\"gl-ES\"}]}<\/script>\n<!-- \/ Yoast SEO plugin. -->","yoast_head_json":{"title":"UpFarming - AGACA","robots":{"index":"index","follow":"follow","max-snippet":"max-snippet:-1","max-image-preview":"max-image-preview:large","max-video-preview":"max-video-preview:-1"},"canonical":"https:\/\/agaca.coop\/gl\/upfarming\/","og_locale":"gl_ES","og_type":"article","og_title":"UpFarming - AGACA","og_description":"[vc_row][vc_column][vc_column_text] Apoia pequenas empresas agr\u00edcolas e prop\u00f3n soluci\u00f3ns relacionadas coa aplicaci\u00f3n da sostibilidade &nbsp; [\/vc_column_text][\/vc_column][\/vc_row][vc_row][vc_column width=&#8221;1\/4&#8243;][vc_column_text] CONSORCIO AGACA Confederaci\u00f3n Italiana de Agricultores de los Alpes &#8211; CIA Agricoltori delle Alpi (Italia) DURACI\u00d3N O proxecto comeza en xullo 2022 e termina en 2024.[\/vc_column_text][\/vc_column][vc_column width=&#8221;3\/4&#8243;][vc_column_text] CONTEXTO Os socios de UpFarming est\u00e1n a experimentar agora, a trav\u00e9s das [&hellip;]","og_url":"https:\/\/agaca.coop\/gl\/upfarming\/","og_site_name":"AGACA","article_modified_time":"2024-10-02T14:29:07+00:00","og_image":[{"url":"https:\/\/agaca.coop\/wp-content\/uploads\/2024\/09\/UE-upfarming-logo-2024.png"}],"twitter_card":"summary_large_image","twitter_misc":{"Tempo de lectura":"4 minutos"},"schema":{"@context":"https:\/\/schema.org","@graph":[{"@type":"WebPage","@id":"https:\/\/agaca.coop\/gl\/upfarming\/","url":"https:\/\/agaca.coop\/gl\/upfarming\/","name":"UpFarming - AGACA","isPartOf":{"@id":"https:\/\/agaca.coop\/#website"},"datePublished":"2024-06-05T12:11:33+00:00","dateModified":"2024-10-02T14:29:07+00:00","breadcrumb":{"@id":"https:\/\/agaca.coop\/gl\/upfarming\/#breadcrumb"},"inLanguage":"gl-ES","potentialAction":[{"@type":"ReadAction","target":["https:\/\/agaca.coop\/gl\/upfarming\/"]}]},{"@type":"BreadcrumbList","@id":"https:\/\/agaca.coop\/gl\/upfarming\/#breadcrumb","itemListElement":[{"@type":"ListItem","position":1,"name":"Portada","item":"https:\/\/agaca.coop\/gl\/"},{"@type":"ListItem","position":2,"name":"UpFarming"}]},{"@type":"WebSite","@id":"https:\/\/agaca.coop\/#website","url":"https:\/\/agaca.coop\/","name":"AGACA","description":"Asociaci\u00f3n Galega de Cooperativas Agrarias","potentialAction":[{"@type":"SearchAction","target":{"@type":"EntryPoint","urlTemplate":"https:\/\/agaca.coop\/?s={search_term_string}"},"query-input":"required name=search_term_string"}],"inLanguage":"gl-ES"}]}},"_links":{"self":[{"href":"https:\/\/agaca.coop\/gl\/wp-json\/wp\/v2\/pages\/20620","targetHints":{"allow":["GET"]}}],"collection":[{"href":"https:\/\/agaca.coop\/gl\/wp-json\/wp\/v2\/pages"}],"about":[{"href":"https:\/\/agaca.coop\/gl\/wp-json\/wp\/v2\/types\/page"}],"author":[{"embeddable":true,"href":"https:\/\/agaca.coop\/gl\/wp-json\/wp\/v2\/users\/2"}],"replies":[{"embeddable":true,"href":"https:\/\/agaca.coop\/gl\/wp-json\/wp\/v2\/comments?post=20620"}],"version-history":[{"count":18,"href":"https:\/\/agaca.coop\/gl\/wp-json\/wp\/v2\/pages\/20620\/revisions"}],"predecessor-version":[{"id":21874,"href":"https:\/\/agaca.coop\/gl\/wp-json\/wp\/v2\/pages\/20620\/revisions\/21874"}],"wp:attachment":[{"href":"https:\/\/agaca.coop\/gl\/wp-json\/wp\/v2\/media?parent=20620"}],"curies":[{"name":"wp","href":"https:\/\/api.w.org\/{rel}","templated":true}]}}