{"id":19602,"date":"2024-02-27T14:30:47","date_gmt":"2024-02-27T14:30:47","guid":{"rendered":"https:\/\/agaca.coop\/?page_id=19602"},"modified":"2024-09-16T14:54:25","modified_gmt":"2024-09-16T14:54:25","slug":"feader-2023-050b-grupo-operativo-del-olivar-en-galicia-oligalicia","status":"publish","type":"page","link":"https:\/\/agaca.coop\/gl\/feader-2023-050b-grupo-operativo-del-olivar-en-galicia-oligalicia\/","title":{"rendered":"\u2014 FEADER 2023\/050B &#8211; Grupo Operativo del Olivar en Galicia. OLIGALICIA."},"content":{"rendered":"<p>[vc_row][vc_column][vc_column_text]<img loading=\"lazy\" decoding=\"async\" class=\"size-medium wp-image-19597 aligncenter\" src=\"https:\/\/agaca.coop\/wp-content\/uploads\/2024\/02\/logotipo-oligalicia-feader-rectangulo-300x75.jpg\" alt=\"\" width=\"300\" height=\"75\" srcset=\"https:\/\/agaca.coop\/wp-content\/uploads\/2024\/02\/logotipo-oligalicia-feader-rectangulo-300x75.jpg 300w, https:\/\/agaca.coop\/wp-content\/uploads\/2024\/02\/logotipo-oligalicia-feader-rectangulo-1024x257.jpg 1024w, https:\/\/agaca.coop\/wp-content\/uploads\/2024\/02\/logotipo-oligalicia-feader-rectangulo-768x192.jpg 768w, https:\/\/agaca.coop\/wp-content\/uploads\/2024\/02\/logotipo-oligalicia-feader-rectangulo-750x188.jpg 750w, https:\/\/agaca.coop\/wp-content\/uploads\/2024\/02\/logotipo-oligalicia-feader-rectangulo-1140x286.jpg 1140w, https:\/\/agaca.coop\/wp-content\/uploads\/2024\/02\/logotipo-oligalicia-feader-rectangulo.jpg 1305w\" sizes=\"auto, (max-width: 300px) 100vw, 300px\" \/><strong>T\u00edtulo:<\/strong> \u201cGrupo Operativo del Olivar en Galicia. OLIGALICIA. \u201d (FEADER2023\/050B).<\/p>\n<p><strong>Entidades Participantes:<\/strong> Asociaci\u00f3n Galega de Cooperativas Agroalimentarias (Agaca), Centro Tecnol\u00f3xico da Carne (CETECA), Proligal S. Coop. Galega.<\/p>\n<p><strong>Duraci\u00f3n:<\/strong> 2023 &#8211; 2026.<\/p>\n<p><strong>Procedemento:<\/strong> Execuci\u00f3n de proxectos innovadores dos grupos operativos da Asociaci\u00f3n Europea da Innovaci\u00f3n (AEI).<\/p>\n<p><strong>Financiamento:<\/strong> El proyecto cuenta con un presupuesto de 179.955,00\u20ac, financiado por el Fondo Europeo Agr\u00edcola de Desarrollo Rural (Feader), el Ministerio de Agricultura, Pesca y Alimentaci\u00f3n y la Xunta de Galicia..<\/p>\n<p><strong>Problem\u00e1tica que trata: <\/strong>Existe un gran potencial agr\u00edcola para o desenvolvemento de oliveiras en determinadas zonas da xeograf\u00eda galega, por\u00e9n a s\u00faa presenza \u00e9 escasa.<\/p>\n<p>OLIGALICIA pretende estudar diferentes plantaci\u00f3ns galegas para identificar variedades, caracterizar sistemas de produci\u00f3n e identificar posibilidades de optimizaci\u00f3n da produci\u00f3n, coa fin de revalorizar as leiras que acollen este cultivo ou puideren facelo no futuro.<\/p>\n<table>\n<tbody>\n<tr>\n<td><strong>Aplicabilidade ao sector productivo: <\/strong><\/p>\n<p>\u2013 Formularanse recomendaci\u00f3ns \u00fatiles en distintos sectores socioecon\u00f3micos estrat\u00e9xicos:<\/p>\n<ul>\n<li>Olivicultores e olivicultoras.<\/li>\n<li>Administraci\u00f3n p\u00fablica.<\/li>\n<li>Consumidores e consumidoras.<\/li>\n<\/ul>\n<\/td>\n<td><strong>Resultados esperados:<\/strong><\/p>\n<p>1. Inventario das variedades de olivos na cooperativa.<br \/>\n2. Mapa de distribuci\u00f3n xeogr\u00e1fica por variedades.<br \/>\n3. Caracterizaci\u00f3n das particularidades produtivas por variedade.<br \/>\n4. Plans individualizados de emenda e fertilizaci\u00f3n.<br \/>\n5. Sistema de rega axeitado \u00e1s caracter\u00edsticas edafo-clim\u00e1ticas.<br \/>\n6. Protocolo de mantemento do solo.<br \/>\n7. Definici\u00f3n do sistema m\u00e1is acomodado de control de pragas.<br \/>\n8. Estimaci\u00f3n do custo de produci\u00f3n (\u20ac\/kg) de cada variedade.<br \/>\n9. Concentraci\u00f3n de \u00e1cido oleico nas distintas variedades de oliva.<\/td>\n<\/tr>\n<\/tbody>\n<\/table>\n<p><strong>Viabilidade do proxecto:<\/strong><br \/>\nT\u00c9CNICA: Os co\u00f1ecementos e a experiencia das entidades participantes constit\u00faen unha destacada fortaleza desta colaboraci\u00f3n.<br \/>\nECON\u00d3MICA: As entidades participantes dispo\u00f1en da liquidez necesaria para acometer os custos de todas as tarefas do proxecto.<br \/>\nAMBIENTAL: Este proxecto \u00e9 <em>ambientalmente sustentable<\/em>, pois foi dese\u00f1ado en concordancia cos obxectivos do Pacto Verde Europeo.<\/p>\n<p>Descargar\/consultar <a style=\"text-decoration: underline; color: blue;\"  href=\"https:\/\/agaca.coop\/wp-content\/uploads\/2024\/02\/FOLLETO-oligalicia-feader2023-050b.pdf\">folleto informativo (formato PDF). <\/a><\/p>\n<p><strong>Outra informaci\u00f3n<\/strong>:<\/p>\n<p>Nova sobre a presentaci\u00f3n de OLIGALICIA: <span style=\"color: #0000ff;\"><a style=\"color: #0000ff;\"  href=\"https:\/\/agaca.coop\/gl\/nace-o-grupo-operativo-del-olivar-en-galicia-oligalicia\/\">08\/01\/2024<\/a><\/span><\/p>\n<p>Cooperaci\u00f3n Galega, N\u00ba 167 &#8211; marzo 2024, p\u00e1x. 40: <a  href=\"https:\/\/agaca.coop\/gl\/?goto=TEoTW1kWBwFbHxkQTQU8CwsAFBJXFjxcPh88NiIEIhc_KlJRVVEZQipXLUQaU0cgGWNoC2hFVDgqCw1nQGQ\"><span style=\"color: #0000ff;\"><u>\u00abNace o Grupo Operativo do Oliverial, OLIGALICIA\u00bb<\/u><\/span><\/a>.<\/p>\n<p><img loading=\"lazy\" decoding=\"async\" class=\"wp-image-18789 aligncenter\" src=\"https:\/\/agaca.coop\/wp-content\/uploads\/2024\/01\/2023-logos-xunta-mapa-feader.jpg\" alt=\"\" width=\"429\" height=\"40\" srcset=\"https:\/\/agaca.coop\/wp-content\/uploads\/2024\/01\/2023-logos-xunta-mapa-feader.jpg 1113w, https:\/\/agaca.coop\/wp-content\/uploads\/2024\/01\/2023-logos-xunta-mapa-feader-300x28.jpg 300w, https:\/\/agaca.coop\/wp-content\/uploads\/2024\/01\/2023-logos-xunta-mapa-feader-1024x95.jpg 1024w, https:\/\/agaca.coop\/wp-content\/uploads\/2024\/01\/2023-logos-xunta-mapa-feader-768x71.jpg 768w, https:\/\/agaca.coop\/wp-content\/uploads\/2024\/01\/2023-logos-xunta-mapa-feader-750x69.jpg 750w\" sizes=\"auto, (max-width: 429px) 100vw, 429px\" \/>[\/vc_column_text][\/vc_column][\/vc_row]<\/p>\n","protected":false},"excerpt":{"rendered":"<p>[vc_row][vc_column][vc_column_text]T\u00edtulo: \u201cGrupo Operativo del Olivar en Galicia. OLIGALICIA. \u201d (FEADER2023\/050B). Entidades Participantes: Asociaci\u00f3n Galega de Cooperativas Agroalimentarias (Agaca), Centro Tecnol\u00f3xico da Carne (CETECA), Proligal S. Coop. Galega. Duraci\u00f3n: 2023 &#8211; 2026. Procedemento: Execuci\u00f3n de proxectos innovadores dos grupos operativos da Asociaci\u00f3n Europea da Innovaci\u00f3n (AEI). Financiamento: El proyecto cuenta con un presupuesto de 179.955,00\u20ac, financiado [&hellip;]<\/p>\n","protected":false},"author":2,"featured_media":0,"parent":0,"menu_order":0,"comment_status":"closed","ping_status":"closed","template":"","meta":{"_monsterinsights_skip_tracking":false,"_monsterinsights_sitenote_active":false,"_monsterinsights_sitenote_note":"","_monsterinsights_sitenote_category":0,"footnotes":""},"class_list":["post-19602","page","type-page","status-publish","hentry"],"yoast_head":"<!-- This site is optimized with the Yoast SEO plugin v19.11 - https:\/\/yoast.com\/wordpress\/plugins\/seo\/ -->\n<title>\u2014 FEADER 2023\/050B - Grupo Operativo del Olivar en Galicia. OLIGALICIA. - AGACA<\/title>\n<meta name=\"robots\" content=\"index, follow, max-snippet:-1, max-image-preview:large, max-video-preview:-1\" \/>\n<link rel=\"canonical\" href=\"https:\/\/agaca.coop\/gl\/feader-2023-050b-grupo-operativo-del-olivar-en-galicia-oligalicia\/\" \/>\n<meta property=\"og:locale\" content=\"gl_ES\" \/>\n<meta property=\"og:type\" content=\"article\" \/>\n<meta property=\"og:title\" content=\"\u2014 FEADER 2023\/050B - Grupo Operativo del Olivar en Galicia. OLIGALICIA. - AGACA\" \/>\n<meta property=\"og:description\" content=\"[vc_row][vc_column][vc_column_text]T\u00edtulo: \u201cGrupo Operativo del Olivar en Galicia. OLIGALICIA. \u201d (FEADER2023\/050B). Entidades Participantes: Asociaci\u00f3n Galega de Cooperativas Agroalimentarias (Agaca), Centro Tecnol\u00f3xico da Carne (CETECA), Proligal S. Coop. Galega. Duraci\u00f3n: 2023 &#8211; 2026. Procedemento: Execuci\u00f3n de proxectos innovadores dos grupos operativos da Asociaci\u00f3n Europea da Innovaci\u00f3n (AEI). Financiamento: El proyecto cuenta con un presupuesto de 179.955,00\u20ac, financiado [&hellip;]\" \/>\n<meta property=\"og:url\" content=\"https:\/\/agaca.coop\/gl\/feader-2023-050b-grupo-operativo-del-olivar-en-galicia-oligalicia\/\" \/>\n<meta property=\"og:site_name\" content=\"AGACA\" \/>\n<meta property=\"article:modified_time\" content=\"2024-09-16T14:54:25+00:00\" \/>\n<meta property=\"og:image\" content=\"https:\/\/agaca.coop\/wp-content\/uploads\/2024\/02\/logotipo-oligalicia-feader-rectangulo-300x75.jpg\" \/>\n<meta name=\"twitter:card\" content=\"summary_large_image\" \/>\n<meta name=\"twitter:label1\" content=\"Tempo de lectura\" \/>\n\t<meta name=\"twitter:data1\" content=\"2 minutos\" \/>\n<script type=\"application\/ld+json\" class=\"yoast-schema-graph\">{\"@context\":\"https:\/\/schema.org\",\"@graph\":[{\"@type\":\"WebPage\",\"@id\":\"https:\/\/agaca.coop\/gl\/feader-2023-050b-grupo-operativo-del-olivar-en-galicia-oligalicia\/\",\"url\":\"https:\/\/agaca.coop\/gl\/feader-2023-050b-grupo-operativo-del-olivar-en-galicia-oligalicia\/\",\"name\":\"\u2014 FEADER 2023\/050B - Grupo Operativo del Olivar en Galicia. OLIGALICIA. - AGACA\",\"isPartOf\":{\"@id\":\"https:\/\/agaca.coop\/#website\"},\"datePublished\":\"2024-02-27T14:30:47+00:00\",\"dateModified\":\"2024-09-16T14:54:25+00:00\",\"breadcrumb\":{\"@id\":\"https:\/\/agaca.coop\/gl\/feader-2023-050b-grupo-operativo-del-olivar-en-galicia-oligalicia\/#breadcrumb\"},\"inLanguage\":\"gl-ES\",\"potentialAction\":[{\"@type\":\"ReadAction\",\"target\":[\"https:\/\/agaca.coop\/gl\/feader-2023-050b-grupo-operativo-del-olivar-en-galicia-oligalicia\/\"]}]},{\"@type\":\"BreadcrumbList\",\"@id\":\"https:\/\/agaca.coop\/gl\/feader-2023-050b-grupo-operativo-del-olivar-en-galicia-oligalicia\/#breadcrumb\",\"itemListElement\":[{\"@type\":\"ListItem\",\"position\":1,\"name\":\"Portada\",\"item\":\"https:\/\/agaca.coop\/gl\/\"},{\"@type\":\"ListItem\",\"position\":2,\"name\":\"\u2014 FEADER 2023\/050B &#8211; Grupo Operativo del Olivar en Galicia. OLIGALICIA.\"}]},{\"@type\":\"WebSite\",\"@id\":\"https:\/\/agaca.coop\/#website\",\"url\":\"https:\/\/agaca.coop\/\",\"name\":\"AGACA\",\"description\":\"Asociaci\u00f3n Galega de Cooperativas Agrarias\",\"potentialAction\":[{\"@type\":\"SearchAction\",\"target\":{\"@type\":\"EntryPoint\",\"urlTemplate\":\"https:\/\/agaca.coop\/?s={search_term_string}\"},\"query-input\":\"required name=search_term_string\"}],\"inLanguage\":\"gl-ES\"}]}<\/script>\n<!-- \/ Yoast SEO plugin. -->","yoast_head_json":{"title":"\u2014 FEADER 2023\/050B - Grupo Operativo del Olivar en Galicia. OLIGALICIA. - AGACA","robots":{"index":"index","follow":"follow","max-snippet":"max-snippet:-1","max-image-preview":"max-image-preview:large","max-video-preview":"max-video-preview:-1"},"canonical":"https:\/\/agaca.coop\/gl\/feader-2023-050b-grupo-operativo-del-olivar-en-galicia-oligalicia\/","og_locale":"gl_ES","og_type":"article","og_title":"\u2014 FEADER 2023\/050B - Grupo Operativo del Olivar en Galicia. OLIGALICIA. - AGACA","og_description":"[vc_row][vc_column][vc_column_text]T\u00edtulo: \u201cGrupo Operativo del Olivar en Galicia. OLIGALICIA. \u201d (FEADER2023\/050B). Entidades Participantes: Asociaci\u00f3n Galega de Cooperativas Agroalimentarias (Agaca), Centro Tecnol\u00f3xico da Carne (CETECA), Proligal S. Coop. Galega. Duraci\u00f3n: 2023 &#8211; 2026. Procedemento: Execuci\u00f3n de proxectos innovadores dos grupos operativos da Asociaci\u00f3n Europea da Innovaci\u00f3n (AEI). Financiamento: El proyecto cuenta con un presupuesto de 179.955,00\u20ac, financiado [&hellip;]","og_url":"https:\/\/agaca.coop\/gl\/feader-2023-050b-grupo-operativo-del-olivar-en-galicia-oligalicia\/","og_site_name":"AGACA","article_modified_time":"2024-09-16T14:54:25+00:00","og_image":[{"url":"https:\/\/agaca.coop\/wp-content\/uploads\/2024\/02\/logotipo-oligalicia-feader-rectangulo-300x75.jpg"}],"twitter_card":"summary_large_image","twitter_misc":{"Tempo de lectura":"2 minutos"},"schema":{"@context":"https:\/\/schema.org","@graph":[{"@type":"WebPage","@id":"https:\/\/agaca.coop\/gl\/feader-2023-050b-grupo-operativo-del-olivar-en-galicia-oligalicia\/","url":"https:\/\/agaca.coop\/gl\/feader-2023-050b-grupo-operativo-del-olivar-en-galicia-oligalicia\/","name":"\u2014 FEADER 2023\/050B - Grupo Operativo del Olivar en Galicia. OLIGALICIA. - AGACA","isPartOf":{"@id":"https:\/\/agaca.coop\/#website"},"datePublished":"2024-02-27T14:30:47+00:00","dateModified":"2024-09-16T14:54:25+00:00","breadcrumb":{"@id":"https:\/\/agaca.coop\/gl\/feader-2023-050b-grupo-operativo-del-olivar-en-galicia-oligalicia\/#breadcrumb"},"inLanguage":"gl-ES","potentialAction":[{"@type":"ReadAction","target":["https:\/\/agaca.coop\/gl\/feader-2023-050b-grupo-operativo-del-olivar-en-galicia-oligalicia\/"]}]},{"@type":"BreadcrumbList","@id":"https:\/\/agaca.coop\/gl\/feader-2023-050b-grupo-operativo-del-olivar-en-galicia-oligalicia\/#breadcrumb","itemListElement":[{"@type":"ListItem","position":1,"name":"Portada","item":"https:\/\/agaca.coop\/gl\/"},{"@type":"ListItem","position":2,"name":"\u2014 FEADER 2023\/050B &#8211; Grupo Operativo del Olivar en Galicia. OLIGALICIA."}]},{"@type":"WebSite","@id":"https:\/\/agaca.coop\/#website","url":"https:\/\/agaca.coop\/","name":"AGACA","description":"Asociaci\u00f3n Galega de Cooperativas Agrarias","potentialAction":[{"@type":"SearchAction","target":{"@type":"EntryPoint","urlTemplate":"https:\/\/agaca.coop\/?s={search_term_string}"},"query-input":"required name=search_term_string"}],"inLanguage":"gl-ES"}]}},"_links":{"self":[{"href":"https:\/\/agaca.coop\/gl\/wp-json\/wp\/v2\/pages\/19602","targetHints":{"allow":["GET"]}}],"collection":[{"href":"https:\/\/agaca.coop\/gl\/wp-json\/wp\/v2\/pages"}],"about":[{"href":"https:\/\/agaca.coop\/gl\/wp-json\/wp\/v2\/types\/page"}],"author":[{"embeddable":true,"href":"https:\/\/agaca.coop\/gl\/wp-json\/wp\/v2\/users\/2"}],"replies":[{"embeddable":true,"href":"https:\/\/agaca.coop\/gl\/wp-json\/wp\/v2\/comments?post=19602"}],"version-history":[{"count":6,"href":"https:\/\/agaca.coop\/gl\/wp-json\/wp\/v2\/pages\/19602\/revisions"}],"predecessor-version":[{"id":21687,"href":"https:\/\/agaca.coop\/gl\/wp-json\/wp\/v2\/pages\/19602\/revisions\/21687"}],"wp:attachment":[{"href":"https:\/\/agaca.coop\/gl\/wp-json\/wp\/v2\/media?parent=19602"}],"curies":[{"name":"wp","href":"https:\/\/api.w.org\/{rel}","templated":true}]}}