{"id":18171,"date":"2023-10-13T08:45:52","date_gmt":"2023-10-13T08:45:52","guid":{"rendered":"https:\/\/agaca.coop\/?page_id=18171"},"modified":"2023-10-13T10:06:10","modified_gmt":"2023-10-13T10:06:10","slug":"prestacion-de-servizos-de-asesoramento-a-explotacions-agricolas-ou-gandeiras","status":"publish","type":"page","link":"https:\/\/agaca.coop\/gl\/prestacion-de-servizos-de-asesoramento-a-explotacions-agricolas-ou-gandeiras\/","title":{"rendered":"Prestaci\u00f3n de Servizos de Asesoramento a Explotaci\u00f3ns agr\u00edcolas ou gandeiras"},"content":{"rendered":"<p>[vc_row][vc_column width=&#8221;1\/2&#8243;][vc_single_image image=&#8221;18161&#8243; img_size=&#8221;full&#8221;][\/vc_column][vc_column width=&#8221;1\/2&#8243;][vc_column_text]Ata o 30 de setembro de 2023 AGACA (Asociaci\u00f3n Galega de Cooperativas Agroalimentarias) presta asesoramento a m\u00e1is de duascentas persoas f\u00edsicas ou xur\u00eddicas titulares de explotaci\u00f3ns agr\u00edcolas ou gandeiras no \u00e1mbito da Comunidade Aut\u00f3noma de Galicia.<\/p>\n<p>O servizo desenv\u00f3lvese ao abeiro da Orde do 3 de outubro de 2022 pola que se establecen as bases reguladoras das axudas destinadas \u00e1 prestaci\u00f3n de servizos de asesoramento a persoas f\u00edsicas ou xur\u00eddicas titulares de explotaci\u00f3ns agr\u00edcolas ou gandeiras, cofinanciadas co Fondo Europeo Agr\u00edcola de Desenvolvemento Rural (FEADER) no marco do Programa de desenvolvemento rural (PDR) de Galicia 2014-2020, e convocadas para o ano 2022 (c\u00f3digo de procedemento MR616B).[\/vc_column_text][\/vc_column][\/vc_row][vc_row][vc_column][vc_single_image image=&#8221;18165&#8243; img_size=&#8221;full&#8221;][vc_column_text]<\/p>\n","protected":false},"excerpt":{"rendered":"<p>[vc_row][vc_column width=&#8221;1\/2&#8243;][vc_single_image image=&#8221;18161&#8243; img_size=&#8221;full&#8221;][\/vc_column][vc_column width=&#8221;1\/2&#8243;][vc_column_text]Ata o 30 de setembro de 2023 AGACA (Asociaci\u00f3n Galega de Cooperativas Agroalimentarias) presta asesoramento a m\u00e1is de duascentas persoas f\u00edsicas ou xur\u00eddicas titulares de explotaci\u00f3ns agr\u00edcolas ou gandeiras no \u00e1mbito da Comunidade Aut\u00f3noma de Galicia. O servizo desenv\u00f3lvese ao abeiro da Orde do 3 de outubro de 2022 pola que [&hellip;]<\/p>\n","protected":false},"author":2,"featured_media":0,"parent":0,"menu_order":0,"comment_status":"closed","ping_status":"closed","template":"","meta":{"_monsterinsights_skip_tracking":false,"_monsterinsights_sitenote_active":false,"_monsterinsights_sitenote_note":"","_monsterinsights_sitenote_category":0,"footnotes":""},"class_list":["post-18171","page","type-page","status-publish","hentry"],"yoast_head":"<!-- This site is optimized with the Yoast SEO plugin v19.11 - https:\/\/yoast.com\/wordpress\/plugins\/seo\/ -->\n<title>Prestaci\u00f3n de Servizos de Asesoramento a Explotaci\u00f3ns agr\u00edcolas ou gandeiras - AGACA<\/title>\n<meta name=\"robots\" content=\"index, follow, max-snippet:-1, max-image-preview:large, max-video-preview:-1\" \/>\n<link rel=\"canonical\" href=\"https:\/\/agaca.coop\/gl\/prestacion-de-servizos-de-asesoramento-a-explotacions-agricolas-ou-gandeiras\/\" \/>\n<meta property=\"og:locale\" content=\"gl_ES\" \/>\n<meta property=\"og:type\" content=\"article\" \/>\n<meta property=\"og:title\" content=\"Prestaci\u00f3n de Servizos de Asesoramento a Explotaci\u00f3ns agr\u00edcolas ou gandeiras - AGACA\" \/>\n<meta property=\"og:description\" content=\"[vc_row][vc_column width=&#8221;1\/2&#8243;][vc_single_image image=&#8221;18161&#8243; img_size=&#8221;full&#8221;][\/vc_column][vc_column width=&#8221;1\/2&#8243;][vc_column_text]Ata o 30 de setembro de 2023 AGACA (Asociaci\u00f3n Galega de Cooperativas Agroalimentarias) presta asesoramento a m\u00e1is de duascentas persoas f\u00edsicas ou xur\u00eddicas titulares de explotaci\u00f3ns agr\u00edcolas ou gandeiras no \u00e1mbito da Comunidade Aut\u00f3noma de Galicia. O servizo desenv\u00f3lvese ao abeiro da Orde do 3 de outubro de 2022 pola que [&hellip;]\" \/>\n<meta property=\"og:url\" content=\"https:\/\/agaca.coop\/gl\/prestacion-de-servizos-de-asesoramento-a-explotacions-agricolas-ou-gandeiras\/\" \/>\n<meta property=\"og:site_name\" content=\"AGACA\" \/>\n<meta property=\"article:modified_time\" content=\"2023-10-13T10:06:10+00:00\" \/>\n<meta name=\"twitter:card\" content=\"summary_large_image\" \/>\n<meta name=\"twitter:label1\" content=\"Tempo de lectura\" \/>\n\t<meta name=\"twitter:data1\" content=\"1 minuto\" \/>\n<script type=\"application\/ld+json\" class=\"yoast-schema-graph\">{\"@context\":\"https:\/\/schema.org\",\"@graph\":[{\"@type\":\"WebPage\",\"@id\":\"https:\/\/agaca.coop\/gl\/prestacion-de-servizos-de-asesoramento-a-explotacions-agricolas-ou-gandeiras\/\",\"url\":\"https:\/\/agaca.coop\/gl\/prestacion-de-servizos-de-asesoramento-a-explotacions-agricolas-ou-gandeiras\/\",\"name\":\"Prestaci\u00f3n de Servizos de Asesoramento a Explotaci\u00f3ns agr\u00edcolas ou gandeiras - AGACA\",\"isPartOf\":{\"@id\":\"https:\/\/agaca.coop\/#website\"},\"datePublished\":\"2023-10-13T08:45:52+00:00\",\"dateModified\":\"2023-10-13T10:06:10+00:00\",\"breadcrumb\":{\"@id\":\"https:\/\/agaca.coop\/gl\/prestacion-de-servizos-de-asesoramento-a-explotacions-agricolas-ou-gandeiras\/#breadcrumb\"},\"inLanguage\":\"gl-ES\",\"potentialAction\":[{\"@type\":\"ReadAction\",\"target\":[\"https:\/\/agaca.coop\/gl\/prestacion-de-servizos-de-asesoramento-a-explotacions-agricolas-ou-gandeiras\/\"]}]},{\"@type\":\"BreadcrumbList\",\"@id\":\"https:\/\/agaca.coop\/gl\/prestacion-de-servizos-de-asesoramento-a-explotacions-agricolas-ou-gandeiras\/#breadcrumb\",\"itemListElement\":[{\"@type\":\"ListItem\",\"position\":1,\"name\":\"Portada\",\"item\":\"https:\/\/agaca.coop\/gl\/\"},{\"@type\":\"ListItem\",\"position\":2,\"name\":\"Prestaci\u00f3n de Servizos de Asesoramento a Explotaci\u00f3ns agr\u00edcolas ou gandeiras\"}]},{\"@type\":\"WebSite\",\"@id\":\"https:\/\/agaca.coop\/#website\",\"url\":\"https:\/\/agaca.coop\/\",\"name\":\"AGACA\",\"description\":\"Asociaci\u00f3n Galega de Cooperativas Agrarias\",\"potentialAction\":[{\"@type\":\"SearchAction\",\"target\":{\"@type\":\"EntryPoint\",\"urlTemplate\":\"https:\/\/agaca.coop\/?s={search_term_string}\"},\"query-input\":\"required name=search_term_string\"}],\"inLanguage\":\"gl-ES\"}]}<\/script>\n<!-- \/ Yoast SEO plugin. -->","yoast_head_json":{"title":"Prestaci\u00f3n de Servizos de Asesoramento a Explotaci\u00f3ns agr\u00edcolas ou gandeiras - AGACA","robots":{"index":"index","follow":"follow","max-snippet":"max-snippet:-1","max-image-preview":"max-image-preview:large","max-video-preview":"max-video-preview:-1"},"canonical":"https:\/\/agaca.coop\/gl\/prestacion-de-servizos-de-asesoramento-a-explotacions-agricolas-ou-gandeiras\/","og_locale":"gl_ES","og_type":"article","og_title":"Prestaci\u00f3n de Servizos de Asesoramento a Explotaci\u00f3ns agr\u00edcolas ou gandeiras - AGACA","og_description":"[vc_row][vc_column width=&#8221;1\/2&#8243;][vc_single_image image=&#8221;18161&#8243; img_size=&#8221;full&#8221;][\/vc_column][vc_column width=&#8221;1\/2&#8243;][vc_column_text]Ata o 30 de setembro de 2023 AGACA (Asociaci\u00f3n Galega de Cooperativas Agroalimentarias) presta asesoramento a m\u00e1is de duascentas persoas f\u00edsicas ou xur\u00eddicas titulares de explotaci\u00f3ns agr\u00edcolas ou gandeiras no \u00e1mbito da Comunidade Aut\u00f3noma de Galicia. O servizo desenv\u00f3lvese ao abeiro da Orde do 3 de outubro de 2022 pola que [&hellip;]","og_url":"https:\/\/agaca.coop\/gl\/prestacion-de-servizos-de-asesoramento-a-explotacions-agricolas-ou-gandeiras\/","og_site_name":"AGACA","article_modified_time":"2023-10-13T10:06:10+00:00","twitter_card":"summary_large_image","twitter_misc":{"Tempo de lectura":"1 minuto"},"schema":{"@context":"https:\/\/schema.org","@graph":[{"@type":"WebPage","@id":"https:\/\/agaca.coop\/gl\/prestacion-de-servizos-de-asesoramento-a-explotacions-agricolas-ou-gandeiras\/","url":"https:\/\/agaca.coop\/gl\/prestacion-de-servizos-de-asesoramento-a-explotacions-agricolas-ou-gandeiras\/","name":"Prestaci\u00f3n de Servizos de Asesoramento a Explotaci\u00f3ns agr\u00edcolas ou gandeiras - AGACA","isPartOf":{"@id":"https:\/\/agaca.coop\/#website"},"datePublished":"2023-10-13T08:45:52+00:00","dateModified":"2023-10-13T10:06:10+00:00","breadcrumb":{"@id":"https:\/\/agaca.coop\/gl\/prestacion-de-servizos-de-asesoramento-a-explotacions-agricolas-ou-gandeiras\/#breadcrumb"},"inLanguage":"gl-ES","potentialAction":[{"@type":"ReadAction","target":["https:\/\/agaca.coop\/gl\/prestacion-de-servizos-de-asesoramento-a-explotacions-agricolas-ou-gandeiras\/"]}]},{"@type":"BreadcrumbList","@id":"https:\/\/agaca.coop\/gl\/prestacion-de-servizos-de-asesoramento-a-explotacions-agricolas-ou-gandeiras\/#breadcrumb","itemListElement":[{"@type":"ListItem","position":1,"name":"Portada","item":"https:\/\/agaca.coop\/gl\/"},{"@type":"ListItem","position":2,"name":"Prestaci\u00f3n de Servizos de Asesoramento a Explotaci\u00f3ns agr\u00edcolas ou gandeiras"}]},{"@type":"WebSite","@id":"https:\/\/agaca.coop\/#website","url":"https:\/\/agaca.coop\/","name":"AGACA","description":"Asociaci\u00f3n Galega de Cooperativas Agrarias","potentialAction":[{"@type":"SearchAction","target":{"@type":"EntryPoint","urlTemplate":"https:\/\/agaca.coop\/?s={search_term_string}"},"query-input":"required name=search_term_string"}],"inLanguage":"gl-ES"}]}},"_links":{"self":[{"href":"https:\/\/agaca.coop\/gl\/wp-json\/wp\/v2\/pages\/18171","targetHints":{"allow":["GET"]}}],"collection":[{"href":"https:\/\/agaca.coop\/gl\/wp-json\/wp\/v2\/pages"}],"about":[{"href":"https:\/\/agaca.coop\/gl\/wp-json\/wp\/v2\/types\/page"}],"author":[{"embeddable":true,"href":"https:\/\/agaca.coop\/gl\/wp-json\/wp\/v2\/users\/2"}],"replies":[{"embeddable":true,"href":"https:\/\/agaca.coop\/gl\/wp-json\/wp\/v2\/comments?post=18171"}],"version-history":[{"count":9,"href":"https:\/\/agaca.coop\/gl\/wp-json\/wp\/v2\/pages\/18171\/revisions"}],"predecessor-version":[{"id":18194,"href":"https:\/\/agaca.coop\/gl\/wp-json\/wp\/v2\/pages\/18171\/revisions\/18194"}],"wp:attachment":[{"href":"https:\/\/agaca.coop\/gl\/wp-json\/wp\/v2\/media?parent=18171"}],"curies":[{"name":"wp","href":"https:\/\/api.w.org\/{rel}","templated":true}]}}