{"id":16045,"date":"2022-12-30T10:48:46","date_gmt":"2022-12-30T10:48:46","guid":{"rendered":"https:\/\/agaca.coop\/?page_id=16045"},"modified":"2025-02-27T11:59:28","modified_gmt":"2025-02-27T11:59:28","slug":"feader2022-044b-plan-de-accion-para-a-mellora-da-sostibilidade-nas-producions-carnicas-galegas","status":"publish","type":"page","link":"https:\/\/agaca.coop\/gl\/iniciativas-proxectos\/feader2022-044b-plan-de-accion-para-a-mellora-da-sostibilidade-nas-producions-carnicas-galegas\/","title":{"rendered":"\u2014 FEADER2022\/044B &#8211; Plan de acci\u00f3n para a mellora da sostibilidade nas produci\u00f3ns c\u00e1rnicas galegas"},"content":{"rendered":"<p>[vc_row][vc_column][vc_column_text]<strong>T\u00edtulo:<\/strong> \u201cPlan de acci\u00f3n para a mellora da sostibilidade nas produci\u00f3ns c\u00e1rnicas galegas\u201d (FEADER2022\/044B).<\/p>\n<p><strong>Entidades Participantes:<\/strong> Asociaci\u00f3n Galega de Cooperativas Agroalimentarias (Agaca), Centro Tecnol\u00f3xico da Carne (CETECA), Tres Fuci\u00f1os S. Coop. Galega, A Carqueixa S. Coop. Galega e Vanessa D\u00edaz.<\/p>\n<p><strong>Duraci\u00f3n:<\/strong> 2022 &#8211; 2024.<\/p>\n<p><strong>Procedemento:<\/strong> Execuci\u00f3n de proxectos de grupos operativos da AEI en materia de produtividade e sustentabilidade, agr\u00edcola e forestal.<\/p>\n<p><strong>Financiamento:<\/strong> O proxecto ten un orzamento de 145.600\u20ac. Est\u00e1 subvencionado con fondos FEADER, fondos propios da Xunta de Galicia e fondos do Ministerio de Agricultura, Pesca e Alimentaci\u00f3n.<\/p>\n<p><strong>Obxectivo: <\/strong>A Uni\u00f3n Europea desenvolveu unha metodolox\u00eda harmonizada para o c\u00e1lculo da pegada ambiental dos produtos (HAP) que consiste nunha metodolox\u00eda multicriterio para medir o impacto ambiental dun ben ao longo do seu ciclo de vida que contempla non s\u00f3 as emisi\u00f3ns de gases de efecto invernadoiro (pegada de carbono), en\u00f3n tam\u00e9n o impacto sobre a biodiversidade, os recursos naturais e sobre o uso e manexo da auga, entre outros.<\/p>\n<p>O proxecto pretende adaptar o c\u00e1lculo da pegada ambiental \u00e1s produtividades locais c\u00e1rnicas de vac\u00fan, porcino, polo e ovino en extensivo, co fin de proporcionar unha visi\u00f3n realista do seu impacto no territorio, considerando os indicadores m\u00e1is apropiados para cada produci\u00f3n.<\/p>\n<p>B\u00fascase tam\u00e9n promover a potencialidade deste sistema entre a gander\u00eda galega, como ferramenta comparativa entre as distintas rexi\u00f3ns, ao tratarse dun sistema de concienciaci\u00f3n ambiental que implica a toda Europa.<\/p>\n<p><em>Os obxectivos particulares son:<\/em><\/p>\n<ul>\n<li>Analizar o impacto ambiental actual de produci\u00f3ns c\u00e1rnicas de gando bovino, porcino, ovino e aviar en explotaci\u00f3ns extensivas mediante o estudo de An\u00e1lise do Ciclo de Vida.<\/li>\n<li>Dese\u00f1ar e implantar medidas concretas para mellorar os valores de impacto ambiental de produciones c\u00e1rnicas de gando bovino, porcino, ovino e aviar en explotaci\u00f3ns extensivas.<\/li>\n<li>Avaliar a efectividade das diferentes medidas de reduci\u00f3n de impacto ambiental aplicadas en diferentes explotaci\u00f3ns c\u00e1rnicas extensivas de Galicia mediante o c\u00e1lculo do seu impacto ambiental tras a implantaci\u00f3n das mesmas.<\/li>\n<li>Diminu\u00edr a pegada ambiental das produciones extensivas de carne como exemplo de gander\u00eda singular sostible da comunidade galega e propiciar un cambio de paradigma cara a econom\u00eda circular.<\/li>\n<li>Formar ao persoal t\u00e9cnico e directivo daquelas explotaci\u00f3ns gandeiras con interese en co\u00f1ecer os diferentes medios dispo\u00f1ibles para comunicar as vantaxes ambientais dos produtos aos consumidores finais (B2C) e entre empresas (B2B).<\/li>\n<\/ul>\n<p><strong>M\u00e1is informaci\u00f3n<\/strong>:<\/p>\n<p>\u2014 Noticias (p\u00e1x. 48) \u00abEn marcha o proxecto FEADER &#8220;Desenvolvemento de novos produtos c\u00e1rnicos de porco celta sen aditivos artificiais&#8221;\u00bb: <a style=\"color: blue; text-decoration: underline;\"  href=\"https:\/\/agaca.coop\/gl\/?goto=TEoTW1kWBwFbHxkQTQU8CwsAFBJXFjxcPh88NiIEIhc_KlJRVVEZQipXLUQaU0cgGTwxEXQeBGc0AUMwGSk8EwkMVxkYAw\">Cooperaci\u00f3n Galega, n\u00ba 161 (decembro 2022)<\/a>.<br \/>\n\u2014 Caderno t\u00e9cnico: <a style=\"color: blue; text-decoration: underline;\"  href=\"https:\/\/agaca.coop\/gl\/?goto=TEoTW1kWBwFbHxkQTQU8CwsAFBJXFjxcPh88NiIEIhc_KlJRVVEZQipXLUQaU0cgGTwxEXQeAGc_EVQgFjkhURYOVRgF\">Cooperaci\u00f3n Galega, n\u00ba 165 (outubro 2023)<\/a>.<br \/>\n\u2014 Noticia (p\u00e1x. 49) \u00abAGACA estuda a pegada ambiental dos produtos c\u00e1rnicos nun proxecto FEADER\u00bb: <span style=\"color: #0000ff;\"><a style=\"color: #0000ff;\"  href=\"https:\/\/agaca.coop\/gl\/?goto=TEoTW1kWBwFbHxkQTQU8CwsAFBJXFjxcPh88NiIEIhc_KlJRVVEZQipXLUQaU0cgGTM5U2gaBXhkSw\"><u>Cooperaci\u00f3n Galega, n\u00ba 169 (agosto 2024)<\/u><\/a><\/span>.<br \/>\n\u2014 Labranza &#8211; Televisi\u00f3n de Galicia: reportaxe acerca dos resultados do proxecto emitida o 02\/11\/2024. A partir do minuto 26:04: <span style=\"color: #0000ff;\"><a style=\"color: #0000ff; text-decoration: underline;\"  href=\"https:\/\/agaca.coop\/gl\/?goto=TEoTW1kWBwFNDw9dTUw-CAEXWl1XKCIWPh8rJyxYbkloawMXDR8cTCYIK0sMVw1wA2NsEXUaGHthSRJlRn8\">https:\/\/www.agalega.gal\/videos\/181449-labranza-1712-02-11-2024<\/a><\/span><br \/>\n[\/vc_column_text][\/vc_column][\/vc_row][vc_row][vc_column width=&#8221;1\/2&#8243;][vc_column_text]<\/p>\n<div class=\"jeg_video_container jeg_video_content\"><iframe loading=\"lazy\" title=\"Proxecto: Plan de acci\u00f3n para a mellora da sostibilidade nas produci\u00f3ns c\u00e1rnicas galegas\" width=\"500\" height=\"281\" src=\"https:\/\/www.youtube.com\/embed\/Fq34GZ0GY1M?feature=oembed\" frameborder=\"0\" allow=\"accelerometer; autoplay; clipboard-write; encrypted-media; gyroscope; picture-in-picture; web-share\" referrerpolicy=\"strict-origin-when-cross-origin\" allowfullscreen><\/iframe><\/div>\n<p>[\/vc_column_text][\/vc_column][vc_column width=&#8221;1\/2&#8243;][\/vc_column][\/vc_row][vc_row][vc_column][vc_column_text]<img loading=\"lazy\" decoding=\"async\" class=\" wp-image-11409 aligncenter\" src=\"https:\/\/agaca.coop\/wp-content\/uploads\/2021\/12\/2021-logos-xunta-mapa-feader-300x20.jpg\" alt=\"\" width=\"570\" height=\"38\" srcset=\"https:\/\/agaca.coop\/wp-content\/uploads\/2021\/12\/2021-logos-xunta-mapa-feader-300x20.jpg 300w, https:\/\/agaca.coop\/wp-content\/uploads\/2021\/12\/2021-logos-xunta-mapa-feader-1024x68.jpg 1024w, https:\/\/agaca.coop\/wp-content\/uploads\/2021\/12\/2021-logos-xunta-mapa-feader-768x51.jpg 768w, https:\/\/agaca.coop\/wp-content\/uploads\/2021\/12\/2021-logos-xunta-mapa-feader-750x50.jpg 750w, https:\/\/agaca.coop\/wp-content\/uploads\/2021\/12\/2021-logos-xunta-mapa-feader-1140x75.jpg 1140w, https:\/\/agaca.coop\/wp-content\/uploads\/2021\/12\/2021-logos-xunta-mapa-feader.jpg 1514w\" sizes=\"auto, (max-width: 570px) 100vw, 570px\" \/>[\/vc_column_text][\/vc_column][\/vc_row]<\/p>\n","protected":false},"excerpt":{"rendered":"<p>[vc_row][vc_column][vc_column_text]T\u00edtulo: \u201cPlan de acci\u00f3n para a mellora da sostibilidade nas produci\u00f3ns c\u00e1rnicas galegas\u201d (FEADER2022\/044B). Entidades Participantes: Asociaci\u00f3n Galega de Cooperativas Agroalimentarias (Agaca), Centro Tecnol\u00f3xico da Carne (CETECA), Tres Fuci\u00f1os S. Coop. Galega, A Carqueixa S. Coop. Galega e Vanessa D\u00edaz. Duraci\u00f3n: 2022 &#8211; 2024. Procedemento: Execuci\u00f3n de proxectos de grupos operativos da AEI en materia [&hellip;]<\/p>\n","protected":false},"author":2,"featured_media":0,"parent":11780,"menu_order":0,"comment_status":"closed","ping_status":"closed","template":"","meta":{"_monsterinsights_skip_tracking":false,"_monsterinsights_sitenote_active":false,"_monsterinsights_sitenote_note":"","_monsterinsights_sitenote_category":0,"footnotes":""},"class_list":["post-16045","page","type-page","status-publish","hentry"],"yoast_head":"<!-- This site is optimized with the Yoast SEO plugin v19.11 - https:\/\/yoast.com\/wordpress\/plugins\/seo\/ -->\n<title>\u2014 FEADER2022\/044B - Plan de acci\u00f3n para a mellora da sostibilidade nas produci\u00f3ns c\u00e1rnicas galegas - AGACA<\/title>\n<meta name=\"robots\" content=\"index, follow, max-snippet:-1, max-image-preview:large, max-video-preview:-1\" \/>\n<link rel=\"canonical\" href=\"https:\/\/agaca.coop\/gl\/iniciativas-proxectos\/feader2022-044b-plan-de-accion-para-a-mellora-da-sostibilidade-nas-producions-carnicas-galegas\/\" \/>\n<meta property=\"og:locale\" content=\"gl_ES\" \/>\n<meta property=\"og:type\" content=\"article\" \/>\n<meta property=\"og:title\" content=\"\u2014 FEADER2022\/044B - Plan de acci\u00f3n para a mellora da sostibilidade nas produci\u00f3ns c\u00e1rnicas galegas - AGACA\" \/>\n<meta property=\"og:description\" content=\"[vc_row][vc_column][vc_column_text]T\u00edtulo: \u201cPlan de acci\u00f3n para a mellora da sostibilidade nas produci\u00f3ns c\u00e1rnicas galegas\u201d (FEADER2022\/044B). Entidades Participantes: Asociaci\u00f3n Galega de Cooperativas Agroalimentarias (Agaca), Centro Tecnol\u00f3xico da Carne (CETECA), Tres Fuci\u00f1os S. Coop. Galega, A Carqueixa S. Coop. Galega e Vanessa D\u00edaz. Duraci\u00f3n: 2022 &#8211; 2024. Procedemento: Execuci\u00f3n de proxectos de grupos operativos da AEI en materia [&hellip;]\" \/>\n<meta property=\"og:url\" content=\"https:\/\/agaca.coop\/gl\/iniciativas-proxectos\/feader2022-044b-plan-de-accion-para-a-mellora-da-sostibilidade-nas-producions-carnicas-galegas\/\" \/>\n<meta property=\"og:site_name\" content=\"AGACA\" \/>\n<meta property=\"article:modified_time\" content=\"2025-02-27T11:59:28+00:00\" \/>\n<meta property=\"og:image\" content=\"https:\/\/agaca.coop\/wp-content\/uploads\/2021\/12\/2021-logos-xunta-mapa-feader-300x20.jpg\" \/>\n<meta name=\"twitter:card\" content=\"summary_large_image\" \/>\n<meta name=\"twitter:label1\" content=\"Tempo de lectura\" \/>\n\t<meta name=\"twitter:data1\" content=\"3 minutos\" \/>\n<script type=\"application\/ld+json\" class=\"yoast-schema-graph\">{\"@context\":\"https:\/\/schema.org\",\"@graph\":[{\"@type\":\"WebPage\",\"@id\":\"https:\/\/agaca.coop\/gl\/iniciativas-proxectos\/feader2022-044b-plan-de-accion-para-a-mellora-da-sostibilidade-nas-producions-carnicas-galegas\/\",\"url\":\"https:\/\/agaca.coop\/gl\/iniciativas-proxectos\/feader2022-044b-plan-de-accion-para-a-mellora-da-sostibilidade-nas-producions-carnicas-galegas\/\",\"name\":\"\u2014 FEADER2022\/044B - Plan de acci\u00f3n para a mellora da sostibilidade nas produci\u00f3ns c\u00e1rnicas galegas - AGACA\",\"isPartOf\":{\"@id\":\"https:\/\/agaca.coop\/#website\"},\"datePublished\":\"2022-12-30T10:48:46+00:00\",\"dateModified\":\"2025-02-27T11:59:28+00:00\",\"breadcrumb\":{\"@id\":\"https:\/\/agaca.coop\/gl\/iniciativas-proxectos\/feader2022-044b-plan-de-accion-para-a-mellora-da-sostibilidade-nas-producions-carnicas-galegas\/#breadcrumb\"},\"inLanguage\":\"gl-ES\",\"potentialAction\":[{\"@type\":\"ReadAction\",\"target\":[\"https:\/\/agaca.coop\/gl\/iniciativas-proxectos\/feader2022-044b-plan-de-accion-para-a-mellora-da-sostibilidade-nas-producions-carnicas-galegas\/\"]}]},{\"@type\":\"BreadcrumbList\",\"@id\":\"https:\/\/agaca.coop\/gl\/iniciativas-proxectos\/feader2022-044b-plan-de-accion-para-a-mellora-da-sostibilidade-nas-producions-carnicas-galegas\/#breadcrumb\",\"itemListElement\":[{\"@type\":\"ListItem\",\"position\":1,\"name\":\"Portada\",\"item\":\"https:\/\/agaca.coop\/gl\/\"},{\"@type\":\"ListItem\",\"position\":2,\"name\":\"Iniciativas &#8211; Proxectos\",\"item\":\"https:\/\/agaca.coop\/gl\/iniciativas-proxectos\/\"},{\"@type\":\"ListItem\",\"position\":3,\"name\":\"\u2014 FEADER2022\/044B &#8211; Plan de acci\u00f3n para a mellora da sostibilidade nas produci\u00f3ns c\u00e1rnicas galegas\"}]},{\"@type\":\"WebSite\",\"@id\":\"https:\/\/agaca.coop\/#website\",\"url\":\"https:\/\/agaca.coop\/\",\"name\":\"AGACA\",\"description\":\"Asociaci\u00f3n Galega de Cooperativas Agrarias\",\"potentialAction\":[{\"@type\":\"SearchAction\",\"target\":{\"@type\":\"EntryPoint\",\"urlTemplate\":\"https:\/\/agaca.coop\/?s={search_term_string}\"},\"query-input\":\"required name=search_term_string\"}],\"inLanguage\":\"gl-ES\"}]}<\/script>\n<!-- \/ Yoast SEO plugin. -->","yoast_head_json":{"title":"\u2014 FEADER2022\/044B - Plan de acci\u00f3n para a mellora da sostibilidade nas produci\u00f3ns c\u00e1rnicas galegas - AGACA","robots":{"index":"index","follow":"follow","max-snippet":"max-snippet:-1","max-image-preview":"max-image-preview:large","max-video-preview":"max-video-preview:-1"},"canonical":"https:\/\/agaca.coop\/gl\/iniciativas-proxectos\/feader2022-044b-plan-de-accion-para-a-mellora-da-sostibilidade-nas-producions-carnicas-galegas\/","og_locale":"gl_ES","og_type":"article","og_title":"\u2014 FEADER2022\/044B - Plan de acci\u00f3n para a mellora da sostibilidade nas produci\u00f3ns c\u00e1rnicas galegas - AGACA","og_description":"[vc_row][vc_column][vc_column_text]T\u00edtulo: \u201cPlan de acci\u00f3n para a mellora da sostibilidade nas produci\u00f3ns c\u00e1rnicas galegas\u201d (FEADER2022\/044B). Entidades Participantes: Asociaci\u00f3n Galega de Cooperativas Agroalimentarias (Agaca), Centro Tecnol\u00f3xico da Carne (CETECA), Tres Fuci\u00f1os S. Coop. Galega, A Carqueixa S. Coop. Galega e Vanessa D\u00edaz. Duraci\u00f3n: 2022 &#8211; 2024. Procedemento: Execuci\u00f3n de proxectos de grupos operativos da AEI en materia [&hellip;]","og_url":"https:\/\/agaca.coop\/gl\/iniciativas-proxectos\/feader2022-044b-plan-de-accion-para-a-mellora-da-sostibilidade-nas-producions-carnicas-galegas\/","og_site_name":"AGACA","article_modified_time":"2025-02-27T11:59:28+00:00","og_image":[{"url":"https:\/\/agaca.coop\/wp-content\/uploads\/2021\/12\/2021-logos-xunta-mapa-feader-300x20.jpg"}],"twitter_card":"summary_large_image","twitter_misc":{"Tempo de lectura":"3 minutos"},"schema":{"@context":"https:\/\/schema.org","@graph":[{"@type":"WebPage","@id":"https:\/\/agaca.coop\/gl\/iniciativas-proxectos\/feader2022-044b-plan-de-accion-para-a-mellora-da-sostibilidade-nas-producions-carnicas-galegas\/","url":"https:\/\/agaca.coop\/gl\/iniciativas-proxectos\/feader2022-044b-plan-de-accion-para-a-mellora-da-sostibilidade-nas-producions-carnicas-galegas\/","name":"\u2014 FEADER2022\/044B - Plan de acci\u00f3n para a mellora da sostibilidade nas produci\u00f3ns c\u00e1rnicas galegas - AGACA","isPartOf":{"@id":"https:\/\/agaca.coop\/#website"},"datePublished":"2022-12-30T10:48:46+00:00","dateModified":"2025-02-27T11:59:28+00:00","breadcrumb":{"@id":"https:\/\/agaca.coop\/gl\/iniciativas-proxectos\/feader2022-044b-plan-de-accion-para-a-mellora-da-sostibilidade-nas-producions-carnicas-galegas\/#breadcrumb"},"inLanguage":"gl-ES","potentialAction":[{"@type":"ReadAction","target":["https:\/\/agaca.coop\/gl\/iniciativas-proxectos\/feader2022-044b-plan-de-accion-para-a-mellora-da-sostibilidade-nas-producions-carnicas-galegas\/"]}]},{"@type":"BreadcrumbList","@id":"https:\/\/agaca.coop\/gl\/iniciativas-proxectos\/feader2022-044b-plan-de-accion-para-a-mellora-da-sostibilidade-nas-producions-carnicas-galegas\/#breadcrumb","itemListElement":[{"@type":"ListItem","position":1,"name":"Portada","item":"https:\/\/agaca.coop\/gl\/"},{"@type":"ListItem","position":2,"name":"Iniciativas &#8211; Proxectos","item":"https:\/\/agaca.coop\/gl\/iniciativas-proxectos\/"},{"@type":"ListItem","position":3,"name":"\u2014 FEADER2022\/044B &#8211; Plan de acci\u00f3n para a mellora da sostibilidade nas produci\u00f3ns c\u00e1rnicas galegas"}]},{"@type":"WebSite","@id":"https:\/\/agaca.coop\/#website","url":"https:\/\/agaca.coop\/","name":"AGACA","description":"Asociaci\u00f3n Galega de Cooperativas Agrarias","potentialAction":[{"@type":"SearchAction","target":{"@type":"EntryPoint","urlTemplate":"https:\/\/agaca.coop\/?s={search_term_string}"},"query-input":"required name=search_term_string"}],"inLanguage":"gl-ES"}]}},"_links":{"self":[{"href":"https:\/\/agaca.coop\/gl\/wp-json\/wp\/v2\/pages\/16045","targetHints":{"allow":["GET"]}}],"collection":[{"href":"https:\/\/agaca.coop\/gl\/wp-json\/wp\/v2\/pages"}],"about":[{"href":"https:\/\/agaca.coop\/gl\/wp-json\/wp\/v2\/types\/page"}],"author":[{"embeddable":true,"href":"https:\/\/agaca.coop\/gl\/wp-json\/wp\/v2\/users\/2"}],"replies":[{"embeddable":true,"href":"https:\/\/agaca.coop\/gl\/wp-json\/wp\/v2\/comments?post=16045"}],"version-history":[{"count":15,"href":"https:\/\/agaca.coop\/gl\/wp-json\/wp\/v2\/pages\/16045\/revisions"}],"predecessor-version":[{"id":23378,"href":"https:\/\/agaca.coop\/gl\/wp-json\/wp\/v2\/pages\/16045\/revisions\/23378"}],"up":[{"embeddable":true,"href":"https:\/\/agaca.coop\/gl\/wp-json\/wp\/v2\/pages\/11780"}],"wp:attachment":[{"href":"https:\/\/agaca.coop\/gl\/wp-json\/wp\/v2\/media?parent=16045"}],"curies":[{"name":"wp","href":"https:\/\/api.w.org\/{rel}","templated":true}]}}