{"id":15492,"date":"2022-11-25T12:30:44","date_gmt":"2022-11-25T12:30:44","guid":{"rendered":"https:\/\/agaca.coop\/?page_id=15492"},"modified":"2022-11-25T13:56:10","modified_gmt":"2022-11-25T13:56:10","slug":"15492-2","status":"publish","type":"page","link":"https:\/\/agaca.coop\/gl\/15492-2\/","title":{"rendered":"N\u00d3S, AS MULLERES MANIFESTO 25 DE NOVEMBRO"},"content":{"rendered":"<p><strong>MANIFESTO 25 DE NOVEMBRO<\/strong><\/p>\n<p><img loading=\"lazy\" decoding=\"async\" class=\"size-medium wp-image-12769 alignleft\" src=\"https:\/\/agaca.coop\/wp-content\/uploads\/2021\/02\/nos-as-mulleres-logo-fondo-transparente-300x78.png\" alt=\"\" width=\"300\" height=\"78\" \/><\/p>\n<p>&nbsp;<\/p>\n<p>&nbsp;<\/p>\n<p>&nbsp;<\/p>\n<p><span class=\"dropcap \" style=\"background-color: #ffffff; color: #000000; border-color: #ffffff;\">D<\/span>ende a Asociaci\u00f3n Galega de Mulleres de Cooperativas Agroalimentarias, N\u00f3s, \u00c1s Mulleres, xunto coa asociaci\u00f3n Galega de Cooperativas Agroalimentarias (AGACA) da que formamos parte, queremos neste 25 de novembro, D\u00eda Internacional para a Eliminaci\u00f3n da Violencia contra a Muller, manifestar o noso m\u00e1is profundo rexeitamento contra todo tipo de violencia machista. Perc\u00f3rrenos un arrep\u00edo ao dicir que no que vai de ano, no noso pa\u00eds foron asasinadas 38 mulleres a mans das s\u00faas parellas masculinas e outras moitas est\u00e1n sendo maltratadas f\u00edsica e psicoloxicamente, ou sometidas na s\u00faa relaci\u00f3n de parella, situaci\u00f3n que se volta m\u00e1is perigosa cando deciden po\u00f1er fin \u00e1 relaci\u00f3n. No ano 2021, o 55% das mulleres asasinadas pola s\u00faa parella masculina pertenc\u00eda a contornas rurais. Prec\u00edsanse m\u00e1is recursos e vontade pol\u00edtica, ademais do compromiso de toda a sociedade para desterrar esta realidade das pequenas poboaci\u00f3ns, nas que o 72,9% d\u00e1s v\u00edtimas non denuncia aos seus maltratadores e permanecen con eles unha media de vinte anos.<\/p>\n<p>Dende a Asociaci\u00f3n Galega de Mulleres de Cooperativas Agroalimentarias, N\u00f3s, \u00c1s Mulleres, demandamos un compromiso das instituci\u00f3ns p\u00fablicas e \u00e1 concienciaci\u00f3n da sociedade cara ao avance da igualdade real e efectiva entre mulleres e homes e \u00e1 loita contra a violencia de x\u00e9nero:<\/p>\n<p style=\"padding-left: 40px;\"><strong>&#8211; Reclamamos m\u00e1is recursos de todas as entidades p\u00fablicas, tanto auton\u00f3micas como provinciais e locais, para que as mulleres que sofren violencia conten con asistencia psicol\u00f3xica, sanitaria, econ\u00f3mica, laboral,<\/strong><br \/>\n<strong>necesaria para poder sobrevivir \u00e1 violencia.<\/strong><\/p>\n<p style=\"padding-left: 40px;\"><strong>&#8211; Chamamos \u00e1 concienciaci\u00f3n a nivel individual e colectiva, \u00e1 reflexi\u00f3n, \u00e1 transformaci\u00f3n dos nosos comportamentos cara \u00e1 igualdade; desaprendendo o aprendido nun sistema que maltrata, invisibiliza e oprime \u00e1s mulleres e asumindo conxuntamente coas nosas parellas a educaci\u00f3n e o coidado dos nosos fillos e fillas, maiores e dependentes, compartindo as tarefas da casa.<\/strong><\/p>\n<p style=\"padding-left: 40px;\"><strong>&#8211; Queremos po\u00f1er o acento en que a pesar do avance no \u00e1mbito da toma de decisi\u00f3ns por parte das mulleres no sector agroalimentario, xa que m\u00e1is do 50% de mulleres son xefas de explotaci\u00f3ns agrarias, falta que na representatividade estean as mulleres; unha vez m\u00e1is, f\u00e1ltanos visibilidade.<\/strong><\/p>\n<p style=\"padding-left: 40px;\"><strong>&#8211; Demandamos actividades e programas de formaci\u00f3n e sensibilizaci\u00f3n que axuden a rematar con estes estereotipos dende as primeiras etapas escolares ata persoas adultas e maiores.<\/strong><\/p>\n<p style=\"padding-left: 40px;\"><strong>&#8211; Reivindicamos, pois, a necesidade de pol\u00edticas, programas e xesti\u00f3n p\u00fablica efectivos sobre corresponsabilidade e coherentes coa realidade que vivimos as mulleres da contorna rural.<\/strong><\/p>\n<p style=\"padding-left: 40px;\"><strong>&#8211; Demandamos m\u00e1is acci\u00f3ns que favorezan o apoderamento e o acceso das mulleres ao mercado laboral. \u00c9 unha realidade que \u00e9 m\u00e1is f\u00e1cil sa\u00edr da violencia cando as mulleres son independentes economicamente.<\/strong><\/p>\n<p style=\"padding-left: 40px;\"><strong>&#8211; Esiximos un modelo social sostible, que po\u00f1a \u00e1s persoas no centro e baseado na igualdade de oportunidades. Isto pasa por un compromiso das instituci\u00f3ns co fomento de programas de emprego e recursos cara a acabar co desemprego feminino no medio rural.<\/strong><\/p>\n<p>A igualdade de x\u00e9nero plena e total e efectiva \u00e9 unha responsabilidade dos poderes p\u00fablicos e debe ser un compromiso \u00e9tico de toda a sociedade a prol da xustiza social. \u00c9 preciso fomentar o apoderamento das mulleres no medio rural e a visibilizaci\u00f3n, valorizaci\u00f3n e reco\u00f1ecemento do traballo fundamental que vimos realizando dende sempre.<\/p>\n<p>O desenvolvemento sostible do medio rural s\u00f3 pode ser posible nun territorio habitado por unha sociedade xusta e progresista na que todas e todos te\u00f1en as mesmas oportunidades e recursos e desenvolven plenamente todo o seu potencial en todos os \u00e1mbitos da vida, facendo dos seus territorios unha comunidade m\u00e1is rica e diversa.<\/p>\n<p>Demandamos, pois, o compromiso e vontade pol\u00edtica das instituci\u00f3ns e de toda a sociedade para rematar coas desigualdades entre homes e mulleres e cami\u00f1ar cara a comunidades igualitarias, diversas e sostibles.<\/p>\n<p style=\"text-align: right;\"><em>Galicia, 25 de novembro de 2022<\/em><\/p>\n<p><a style=\"color: #a5cd39;\" href=\"https:\/\/agaca.coop\/gl\/asociacion-galega-de-mulleres-de-cooperativas-agroalimentarias-nos-as-mulleres\/\"><strong>M\u00c1IS SOBRE A ASOCIACI\u00d3N<\/strong><\/a><\/p>\n","protected":false},"excerpt":{"rendered":"<p>MANIFESTO 25 DE NOVEMBRO &nbsp; &nbsp; &nbsp; Dende a Asociaci\u00f3n Galega de Mulleres de Cooperativas Agroalimentarias, N\u00f3s, \u00c1s Mulleres, xunto coa asociaci\u00f3n Galega de Cooperativas Agroalimentarias (AGACA) da que formamos parte, queremos neste 25 de novembro, D\u00eda Internacional para a Eliminaci\u00f3n da Violencia contra a Muller, manifestar o noso m\u00e1is profundo rexeitamento contra todo tipo [&hellip;]<\/p>\n","protected":false},"author":2,"featured_media":0,"parent":0,"menu_order":0,"comment_status":"closed","ping_status":"closed","template":"","meta":{"footnotes":""},"class_list":["post-15492","page","type-page","status-publish","hentry"],"yoast_head":"<!-- This site is optimized with the Yoast SEO plugin v19.11 - https:\/\/yoast.com\/wordpress\/plugins\/seo\/ -->\n<title>N\u00d3S, AS MULLERES MANIFESTO 25 DE NOVEMBRO - AGACA<\/title>\n<meta name=\"description\" content=\"MANIFESTO 25 DE NOVEMBRO &nbsp; &nbsp; &nbsp; Dende a Asociaci\u00f3n Galega de Mulleres de Cooperativas Agroalimentarias, N\u00f3s, \u00c1s Mulleres, xunto coa asociaci\u00f3n Galega de Cooperativas Agroalimentarias (AGACA) da que formamos parte, queremos neste 25 de novembro, D\u00eda Internacional para a Eliminaci\u00f3n da Violencia contra a Muller, manifestar o noso m\u00e1is profundo rexeitamento contra todo tipo [&hellip;]\" \/>\n<meta name=\"robots\" content=\"index, follow, max-snippet:-1, max-image-preview:large, max-video-preview:-1\" \/>\n<link rel=\"canonical\" href=\"https:\/\/agaca.coop\/gl\/15492-2\/\" \/>\n<meta property=\"og:locale\" content=\"gl_ES\" \/>\n<meta property=\"og:type\" content=\"article\" \/>\n<meta property=\"og:title\" content=\"N\u00d3S, AS MULLERES MANIFESTO 25 DE NOVEMBRO - AGACA\" \/>\n<meta property=\"og:description\" content=\"MANIFESTO 25 DE NOVEMBRO &nbsp; &nbsp; &nbsp; Dende a Asociaci\u00f3n Galega de Mulleres de Cooperativas Agroalimentarias, N\u00f3s, \u00c1s Mulleres, xunto coa asociaci\u00f3n Galega de Cooperativas Agroalimentarias (AGACA) da que formamos parte, queremos neste 25 de novembro, D\u00eda Internacional para a Eliminaci\u00f3n da Violencia contra a Muller, manifestar o noso m\u00e1is profundo rexeitamento contra todo tipo [&hellip;]\" \/>\n<meta property=\"og:url\" content=\"https:\/\/agaca.coop\/gl\/15492-2\/\" \/>\n<meta property=\"og:site_name\" content=\"AGACA\" \/>\n<meta property=\"article:modified_time\" content=\"2022-11-25T13:56:10+00:00\" \/>\n<meta property=\"og:image\" content=\"https:\/\/agaca.coop\/wp-content\/uploads\/2021\/02\/nos-as-mulleres-logo-fondo-transparente-300x78.png\" \/>\n<meta name=\"twitter:card\" content=\"summary_large_image\" \/>\n<meta name=\"twitter:label1\" content=\"Tempo de lectura\" \/>\n\t<meta name=\"twitter:data1\" content=\"4 minutos\" \/>\n<script type=\"application\/ld+json\" class=\"yoast-schema-graph\">{\"@context\":\"https:\/\/schema.org\",\"@graph\":[{\"@type\":\"WebPage\",\"@id\":\"https:\/\/agaca.coop\/gl\/15492-2\/\",\"url\":\"https:\/\/agaca.coop\/gl\/15492-2\/\",\"name\":\"N\u00d3S, AS MULLERES MANIFESTO 25 DE NOVEMBRO - AGACA\",\"isPartOf\":{\"@id\":\"https:\/\/agaca.coop\/#website\"},\"datePublished\":\"2022-11-25T12:30:44+00:00\",\"dateModified\":\"2022-11-25T13:56:10+00:00\",\"breadcrumb\":{\"@id\":\"https:\/\/agaca.coop\/gl\/15492-2\/#breadcrumb\"},\"inLanguage\":\"gl-ES\",\"potentialAction\":[{\"@type\":\"ReadAction\",\"target\":[\"https:\/\/agaca.coop\/gl\/15492-2\/\"]}]},{\"@type\":\"BreadcrumbList\",\"@id\":\"https:\/\/agaca.coop\/gl\/15492-2\/#breadcrumb\",\"itemListElement\":[{\"@type\":\"ListItem\",\"position\":1,\"name\":\"Portada\",\"item\":\"https:\/\/agaca.coop\/gl\/\"},{\"@type\":\"ListItem\",\"position\":2,\"name\":\"N\u00d3S, AS MULLERES MANIFESTO 25 DE NOVEMBRO\"}]},{\"@type\":\"WebSite\",\"@id\":\"https:\/\/agaca.coop\/#website\",\"url\":\"https:\/\/agaca.coop\/\",\"name\":\"AGACA\",\"description\":\"Asociaci\u00f3n Galega de Cooperativas Agrarias\",\"potentialAction\":[{\"@type\":\"SearchAction\",\"target\":{\"@type\":\"EntryPoint\",\"urlTemplate\":\"https:\/\/agaca.coop\/?s={search_term_string}\"},\"query-input\":\"required name=search_term_string\"}],\"inLanguage\":\"gl-ES\"}]}<\/script>\n<!-- \/ Yoast SEO plugin. -->","yoast_head_json":{"title":"N\u00d3S, AS MULLERES MANIFESTO 25 DE NOVEMBRO - AGACA","description":"MANIFESTO 25 DE NOVEMBRO &nbsp; &nbsp; &nbsp; Dende a Asociaci\u00f3n Galega de Mulleres de Cooperativas Agroalimentarias, N\u00f3s, \u00c1s Mulleres, xunto coa asociaci\u00f3n Galega de Cooperativas Agroalimentarias (AGACA) da que formamos parte, queremos neste 25 de novembro, D\u00eda Internacional para a Eliminaci\u00f3n da Violencia contra a Muller, manifestar o noso m\u00e1is profundo rexeitamento contra todo tipo [&hellip;]","robots":{"index":"index","follow":"follow","max-snippet":"max-snippet:-1","max-image-preview":"max-image-preview:large","max-video-preview":"max-video-preview:-1"},"canonical":"https:\/\/agaca.coop\/gl\/15492-2\/","og_locale":"gl_ES","og_type":"article","og_title":"N\u00d3S, AS MULLERES MANIFESTO 25 DE NOVEMBRO - AGACA","og_description":"MANIFESTO 25 DE NOVEMBRO &nbsp; &nbsp; &nbsp; Dende a Asociaci\u00f3n Galega de Mulleres de Cooperativas Agroalimentarias, N\u00f3s, \u00c1s Mulleres, xunto coa asociaci\u00f3n Galega de Cooperativas Agroalimentarias (AGACA) da que formamos parte, queremos neste 25 de novembro, D\u00eda Internacional para a Eliminaci\u00f3n da Violencia contra a Muller, manifestar o noso m\u00e1is profundo rexeitamento contra todo tipo [&hellip;]","og_url":"https:\/\/agaca.coop\/gl\/15492-2\/","og_site_name":"AGACA","article_modified_time":"2022-11-25T13:56:10+00:00","og_image":[{"url":"https:\/\/agaca.coop\/wp-content\/uploads\/2021\/02\/nos-as-mulleres-logo-fondo-transparente-300x78.png"}],"twitter_card":"summary_large_image","twitter_misc":{"Tempo de lectura":"4 minutos"},"schema":{"@context":"https:\/\/schema.org","@graph":[{"@type":"WebPage","@id":"https:\/\/agaca.coop\/gl\/15492-2\/","url":"https:\/\/agaca.coop\/gl\/15492-2\/","name":"N\u00d3S, AS MULLERES MANIFESTO 25 DE NOVEMBRO - AGACA","isPartOf":{"@id":"https:\/\/agaca.coop\/#website"},"datePublished":"2022-11-25T12:30:44+00:00","dateModified":"2022-11-25T13:56:10+00:00","breadcrumb":{"@id":"https:\/\/agaca.coop\/gl\/15492-2\/#breadcrumb"},"inLanguage":"gl-ES","potentialAction":[{"@type":"ReadAction","target":["https:\/\/agaca.coop\/gl\/15492-2\/"]}]},{"@type":"BreadcrumbList","@id":"https:\/\/agaca.coop\/gl\/15492-2\/#breadcrumb","itemListElement":[{"@type":"ListItem","position":1,"name":"Portada","item":"https:\/\/agaca.coop\/gl\/"},{"@type":"ListItem","position":2,"name":"N\u00d3S, AS MULLERES MANIFESTO 25 DE NOVEMBRO"}]},{"@type":"WebSite","@id":"https:\/\/agaca.coop\/#website","url":"https:\/\/agaca.coop\/","name":"AGACA","description":"Asociaci\u00f3n Galega de Cooperativas Agrarias","potentialAction":[{"@type":"SearchAction","target":{"@type":"EntryPoint","urlTemplate":"https:\/\/agaca.coop\/?s={search_term_string}"},"query-input":"required name=search_term_string"}],"inLanguage":"gl-ES"}]}},"_links":{"self":[{"href":"https:\/\/agaca.coop\/gl\/wp-json\/wp\/v2\/pages\/15492","targetHints":{"allow":["GET"]}}],"collection":[{"href":"https:\/\/agaca.coop\/gl\/wp-json\/wp\/v2\/pages"}],"about":[{"href":"https:\/\/agaca.coop\/gl\/wp-json\/wp\/v2\/types\/page"}],"author":[{"embeddable":true,"href":"https:\/\/agaca.coop\/gl\/wp-json\/wp\/v2\/users\/2"}],"replies":[{"embeddable":true,"href":"https:\/\/agaca.coop\/gl\/wp-json\/wp\/v2\/comments?post=15492"}],"version-history":[{"count":11,"href":"https:\/\/agaca.coop\/gl\/wp-json\/wp\/v2\/pages\/15492\/revisions"}],"predecessor-version":[{"id":15525,"href":"https:\/\/agaca.coop\/gl\/wp-json\/wp\/v2\/pages\/15492\/revisions\/15525"}],"wp:attachment":[{"href":"https:\/\/agaca.coop\/gl\/wp-json\/wp\/v2\/media?parent=15492"}],"curies":[{"name":"wp","href":"https:\/\/api.w.org\/{rel}","templated":true}]}}