{"id":14768,"date":"2022-05-21T08:53:40","date_gmt":"2022-05-21T08:53:40","guid":{"rendered":"https:\/\/agaca.coop\/?page_id=14768"},"modified":"2025-10-24T09:10:39","modified_gmt":"2025-10-24T09:10:39","slug":"consellos-reitores","status":"publish","type":"page","link":"https:\/\/agaca.coop\/gl\/formacion\/consellos-reitores\/","title":{"rendered":"As cooperativas poden solicitar o programa Formaci\u00f3n para Consellos Rectores 2025"},"content":{"rendered":"<p><img loading=\"lazy\" decoding=\"async\" class=\"alignleft wp-image-14714\" src=\"https:\/\/agaca.coop\/wp-content\/uploads\/2021\/02\/20200831-formacion-cr-2020-curso-750x375.jpg\" alt=\"\" width=\"500\" height=\"250\" \/><\/p>\n<p>En virtude do RD 938\/2025, de 21 de outubro, de concesi\u00f3n directa de<br \/>\ndiversas subvenci\u00f3ns en materia agroalimentaria e pesqueira previsto<br \/>\npolo Ministerio de Agricultura, Pesca e Alimentaci\u00f3n e do que \u00e9 entidade<br \/>\nbeneficiaria Cooperativas Agro-alimentarias de Espa\u00f1a, por un importe<br \/>\ntotal de 1.071.162,50\u20ac, arrinca o Programa de Actuaci\u00f3ns 2025, para<br \/>\no desenvolvemento de diversas actividades de mellora da competitividade e<br \/>\nmodernizaci\u00f3n das cooperativas agroalimentarias e para a Formaci\u00f3n,<br \/>\nIgualdade e Remuda Xeracional de Consellos Reitores cos seguintes<br \/>\nobxectivos:<\/p>\n<p>&nbsp;<\/p>\n<ul>\n<li>Dotar aos membros dos Consellos Reitores de ferramentas, co\u00f1ecementos e habilidades para mellorar a s\u00faa profesionalizaci\u00f3n e facilitar o exercicio das s\u00faas funci\u00f3ns.<\/li>\n<li>Mellorar as habilidades dos membros dos Consellos Reitores nas s\u00faas funci\u00f3ns coti\u00e1s, como reuni\u00f3ns ou toma de decisi\u00f3ns.<\/li>\n<li>Sensibilizar ao Consello Reitor cara \u00e1 necesidade de tomar decisi\u00f3ns estrat\u00e9xicas para responder os retos e tendencias que se expo\u00f1en no sector.<\/li>\n<li>Mellorar o funcionamento das sociedades cooperativas como sistemas empresariais competitivos.<\/li>\n<li>Adaptarse aos continuos cambios da contorna, superar os retos dun mercado cada d\u00eda m\u00e1is aberto e global, \u00e1 vez que aproveitar as oportunidades de forma eficiente e sostible.<\/li>\n<li>Formar a futuros conselleiros, prioritariamente novos e mulleres, para asegurar o bo funcionamento futuro das cooperativas.<\/li>\n<li>Pret\u00e9ndese tam\u00e9n favorecer e\/ou profundar nos procesos de integraci\u00f3n cooperativa en curso ou en proxecto co prop\u00f3sito de fomentar f\u00f3rmulas que propicien un maior grao de eficiencia e integraci\u00f3n empresarial.<\/li>\n<li>Favorecer o co\u00f1ecemento entre as distintas persoas e cooperativas, como base para xerar a necesaria confianza que propicie procesos de cooperaci\u00f3n empresarial de car\u00e1cter supra-auton\u00f3mico<\/li>\n<\/ul>\n<p style=\"text-align: center;\"><strong>Tipolox\u00eda das actuaci\u00f3ns<\/strong><\/p>\n<p>O Plan de Formaci\u00f3n de Consellos Reitores est\u00e1 dirixido a membros de consellos reitores e futuros reitores de cooperativas e outras entidades asociativas de car\u00e1cter agroalimentario, da totalidade do territorio do Estado Espa\u00f1ol.<\/p>\n<p>As acci\u00f3ns formativas programadas, baixo a modalidade presencial ou online, constar\u00e1n de m\u00f3dulos formativos adaptables \u00e1s necesidades espec\u00edficas das cooperativas e doutras entidades asociativas de car\u00e1cter agroalimentario, destinatarias da formaci\u00f3n.<\/p>\n<p>As actividades formativas, presenciais e non presenciais, ter\u00e1n unha duraci\u00f3n m\u00ednima de 8 horas que, segundo a modalidade, poder\u00e1n ser impartidas nunha ou varias xornadas. O n\u00famero m\u00ednimo de alumnos ser\u00e1 de 8, a\u00ednda que con alg\u00fan matiz para ter en conta. O contido de cada taller estar\u00e1 formado por un ou varios m\u00f3dulos dos que se detallan a continuaci\u00f3n, cunha duraci\u00f3n m\u00ednima de 2 horas por m\u00f3dulo.<\/p>\n<p>\u2022 M\u00d3DULO DE AN\u00c1LISE DAS NECESIDADE FORMATIVAS DA ENTIDADE<br \/>\n\u2022 M\u00d3DULO MARCO XUR\u00cdDICO DO COOPERATIVISMO-I<br \/>\n\u2022 MODULO MARCO XUR\u00cdDICO DO COOPERATIVISMO-II<br \/>\n\u2022 M\u00d3DULO R\u00c9XIME ECON\u00d3MICO DO COOPERATIVISMO-I<br \/>\n\u2022 M\u00d3DULO R\u00c9XIME ECON\u00d3MICO DO COOPERATIVISMO-II<br \/>\n\u2022 M\u00d3DULO COMPETENCIAS EMPRESARIAIS B\u00c1SICAS: PLANIFICACI\u00d3N ESTRAT\u00c9XICA-I<br \/>\n\u2022 M\u00d3DULO COMPETENCIAS EMPRESARIAIS B\u00c1SICAS: PLANIFICACI\u00d3N ESTRAT\u00c9XICA-II (traballo en equipos)<br \/>\n\u2022 M\u00d3DULO COMPETENCIAS EMPRESARIAIS B\u00c1SICAS: MARKETING-I<br \/>\n\u2022 M\u00d3DULO COMPETENCIAS EMPRESARIAIS B\u00c1SICAS: MARKETING-II<br \/>\n\u2022 M\u00d3DULO COMPETENCIAS EMPRESARIAIS B\u00c1SICAS: CALIDADE E SEGURIDADE ALIMENTARIA:<br \/>\n\u2022 M\u00d3DULO COMPETENCIAS EMPRESARIAIS B\u00c1SICAS: MEDIO AMBIENTE E EFICIENCIA ENERX\u00c9TICA:<br \/>\n\u2022 M\u00d3DULO COMPETENCIAS EMPRESARIAIS B\u00c1SICAS: IGUALDADE DE OPORTUNIDADES ENTRE HOMES E MULLERES EN COOPERATIVAS<br \/>\n\u2022 M\u00d3DULO COMPETENCIAS EMPRESARIAIS B\u00c1SICAS: PREVENCI\u00d3N DE RISCOS LABORAIS<br \/>\n\u2022 M\u00d3DULO SECTOR AGROALIMENTARIO-I<br \/>\n\u2022 M\u00d3DULO SECTOR AGROALIMENTARIO-II<br \/>\n\u2022 M\u00d3DULO HABILIDADES DIRECTIVAS-I, II, III, e IV<br \/>\n\u2022 M\u00d3DULO INTEGRACI\u00d3N COOPERATIVA<br \/>\n\u2022 RETOS E ESTRATEXIAS DA EMPRESA AGROALIMENTARIA E CONTORNA SOCIOECON\u00d3MICA<br \/>\n\u2022 FINANCIAMENTO E AN\u00c1LISE DE INVESTIMENTOS<br \/>\n\u2022 F\u00d3RMULAS DE COOPERACI\u00d3N EMPRESARIAL<br \/>\n\u2022 MODELO DE NEGOCIO DA COOPERATIVA<br \/>\n\u2022 INTERNACIONALIZACI\u00d3N<br \/>\n\u2022 INNOVACI\u00d3N E TIC<br \/>\n\u2022 RESPONSABILIDADE SOCIAL COOPERATIVA<br \/>\n\u2022 O PLAN DE COMUNICACI\u00d3N<br \/>\n\u2022 O GOBERNO DAS COOPERATIVAS<br \/>\n\u2022 CASOS DE \u00c9XITO, VISITAS T\u00c9CNICAS NACIONAIS OU INTERNACIONAIS.<\/p>\n<p>&nbsp;<\/p>\n<h4 style=\"text-align: center;\">M\u00e1is informaci\u00f3n<\/h4>\n<p>Estas actuaci\u00f3ns son financiadas polo Ministerio de Agricultura, Pesca e Alimentaci\u00f3n, a trav\u00e9s do citado Real Decreto.<\/p>\n<p><img loading=\"lazy\" decoding=\"async\" class=\"alignnone wp-image-25149\" src=\"https:\/\/agaca.coop\/wp-content\/uploads\/2025\/10\/Copia-de-asistencia-tecnica-2025-banner-cae-mapa-300x75-600-x-150-px-300x75.png\" alt=\"\" width=\"580\" height=\"145\" srcset=\"https:\/\/agaca.coop\/wp-content\/uploads\/2025\/10\/Copia-de-asistencia-tecnica-2025-banner-cae-mapa-300x75-600-x-150-px-300x75.png 300w, https:\/\/agaca.coop\/wp-content\/uploads\/2025\/10\/Copia-de-asistencia-tecnica-2025-banner-cae-mapa-300x75-600-x-150-px.png 600w\" sizes=\"auto, (max-width: 580px) 100vw, 580px\" \/><\/p>\n<p>Aquelas cooperativas interesadas en participar nes Programa poden solicitar m\u00e1is informaci\u00f3n a:<\/p>\n<p>Uni\u00f3n de Cooperativas Asociaci\u00f3n Galega de Cooperativas Agrarias &#8211;<br \/>\nAGACA<br \/>\nR\/ Tomi\u00f1o, 22 \u2013 Entlo. \u2013 15703 Santiago de Compostela (A Coru\u00f1a)<br \/>\nagaca@agaca.coop Tl: 981584783<\/p>\n<p style=\"text-align: center;\"><strong>Documentos adicionais<\/strong><\/p>\n<p>Solicitude, por parte da Coop. o FUT da formaci\u00f3n<br \/>\n<a  href=\"https:\/\/agaca.coop\/wp-content\/uploads\/2025\/10\/Anejo-1-ficha-de-solicitud.pdf\">(anexo I 2025)<\/a><\/p>\n<p>&nbsp;<\/p>\n<h4><\/h4>\n<p>&nbsp;<\/p>\n","protected":false},"excerpt":{"rendered":"<p>En virtude do RD 938\/2025, de 21 de outubro, de concesi\u00f3n directa de diversas subvenci\u00f3ns en materia agroalimentaria e pesqueira previsto polo Ministerio de Agricultura, Pesca e Alimentaci\u00f3n e do que \u00e9 entidade beneficiaria Cooperativas Agro-alimentarias de Espa\u00f1a, por un importe total de 1.071.162,50\u20ac, arrinca o Programa de Actuaci\u00f3ns 2025, para o desenvolvemento de diversas [&hellip;]<\/p>\n","protected":false},"author":2,"featured_media":0,"parent":11734,"menu_order":0,"comment_status":"closed","ping_status":"closed","template":"","meta":{"_monsterinsights_skip_tracking":false,"_monsterinsights_sitenote_active":false,"_monsterinsights_sitenote_note":"","_monsterinsights_sitenote_category":0,"footnotes":""},"class_list":["post-14768","page","type-page","status-publish","hentry"],"yoast_head":"<!-- This site is optimized with the Yoast SEO plugin v19.11 - https:\/\/yoast.com\/wordpress\/plugins\/seo\/ -->\n<title>As cooperativas poden solicitar o programa Formaci\u00f3n para Consellos Rectores 2025 - AGACA<\/title>\n<meta name=\"robots\" content=\"index, follow, max-snippet:-1, max-image-preview:large, max-video-preview:-1\" \/>\n<link rel=\"canonical\" href=\"https:\/\/agaca.coop\/gl\/formacion\/consellos-reitores\/\" \/>\n<meta property=\"og:locale\" content=\"gl_ES\" \/>\n<meta property=\"og:type\" content=\"article\" \/>\n<meta property=\"og:title\" content=\"As cooperativas poden solicitar o programa Formaci\u00f3n para Consellos Rectores 2025 - AGACA\" \/>\n<meta property=\"og:description\" content=\"En virtude do RD 938\/2025, de 21 de outubro, de concesi\u00f3n directa de diversas subvenci\u00f3ns en materia agroalimentaria e pesqueira previsto polo Ministerio de Agricultura, Pesca e Alimentaci\u00f3n e do que \u00e9 entidade beneficiaria Cooperativas Agro-alimentarias de Espa\u00f1a, por un importe total de 1.071.162,50\u20ac, arrinca o Programa de Actuaci\u00f3ns 2025, para o desenvolvemento de diversas [&hellip;]\" \/>\n<meta property=\"og:url\" content=\"https:\/\/agaca.coop\/gl\/formacion\/consellos-reitores\/\" \/>\n<meta property=\"og:site_name\" content=\"AGACA\" \/>\n<meta property=\"article:modified_time\" content=\"2025-10-24T09:10:39+00:00\" \/>\n<meta property=\"og:image\" content=\"https:\/\/agaca.coop\/wp-content\/uploads\/2021\/02\/20200831-formacion-cr-2020-curso-750x375.jpg\" \/>\n<meta name=\"twitter:card\" content=\"summary_large_image\" \/>\n<meta name=\"twitter:label1\" content=\"Tempo de lectura\" \/>\n\t<meta name=\"twitter:data1\" content=\"4 minutos\" \/>\n<script type=\"application\/ld+json\" class=\"yoast-schema-graph\">{\"@context\":\"https:\/\/schema.org\",\"@graph\":[{\"@type\":\"WebPage\",\"@id\":\"https:\/\/agaca.coop\/gl\/formacion\/consellos-reitores\/\",\"url\":\"https:\/\/agaca.coop\/gl\/formacion\/consellos-reitores\/\",\"name\":\"As cooperativas poden solicitar o programa Formaci\u00f3n para Consellos Rectores 2025 - AGACA\",\"isPartOf\":{\"@id\":\"https:\/\/agaca.coop\/#website\"},\"datePublished\":\"2022-05-21T08:53:40+00:00\",\"dateModified\":\"2025-10-24T09:10:39+00:00\",\"breadcrumb\":{\"@id\":\"https:\/\/agaca.coop\/gl\/formacion\/consellos-reitores\/#breadcrumb\"},\"inLanguage\":\"gl-ES\",\"potentialAction\":[{\"@type\":\"ReadAction\",\"target\":[\"https:\/\/agaca.coop\/gl\/formacion\/consellos-reitores\/\"]}]},{\"@type\":\"BreadcrumbList\",\"@id\":\"https:\/\/agaca.coop\/gl\/formacion\/consellos-reitores\/#breadcrumb\",\"itemListElement\":[{\"@type\":\"ListItem\",\"position\":1,\"name\":\"Portada\",\"item\":\"https:\/\/agaca.coop\/gl\/\"},{\"@type\":\"ListItem\",\"position\":2,\"name\":\"Formaci\u00f3n\",\"item\":\"https:\/\/agaca.coop\/gl\/formacion\/\"},{\"@type\":\"ListItem\",\"position\":3,\"name\":\"As cooperativas poden solicitar o programa Formaci\u00f3n para Consellos Rectores 2025\"}]},{\"@type\":\"WebSite\",\"@id\":\"https:\/\/agaca.coop\/#website\",\"url\":\"https:\/\/agaca.coop\/\",\"name\":\"AGACA\",\"description\":\"Asociaci\u00f3n Galega de Cooperativas Agrarias\",\"potentialAction\":[{\"@type\":\"SearchAction\",\"target\":{\"@type\":\"EntryPoint\",\"urlTemplate\":\"https:\/\/agaca.coop\/?s={search_term_string}\"},\"query-input\":\"required name=search_term_string\"}],\"inLanguage\":\"gl-ES\"}]}<\/script>\n<!-- \/ Yoast SEO plugin. -->","yoast_head_json":{"title":"As cooperativas poden solicitar o programa Formaci\u00f3n para Consellos Rectores 2025 - AGACA","robots":{"index":"index","follow":"follow","max-snippet":"max-snippet:-1","max-image-preview":"max-image-preview:large","max-video-preview":"max-video-preview:-1"},"canonical":"https:\/\/agaca.coop\/gl\/formacion\/consellos-reitores\/","og_locale":"gl_ES","og_type":"article","og_title":"As cooperativas poden solicitar o programa Formaci\u00f3n para Consellos Rectores 2025 - AGACA","og_description":"En virtude do RD 938\/2025, de 21 de outubro, de concesi\u00f3n directa de diversas subvenci\u00f3ns en materia agroalimentaria e pesqueira previsto polo Ministerio de Agricultura, Pesca e Alimentaci\u00f3n e do que \u00e9 entidade beneficiaria Cooperativas Agro-alimentarias de Espa\u00f1a, por un importe total de 1.071.162,50\u20ac, arrinca o Programa de Actuaci\u00f3ns 2025, para o desenvolvemento de diversas [&hellip;]","og_url":"https:\/\/agaca.coop\/gl\/formacion\/consellos-reitores\/","og_site_name":"AGACA","article_modified_time":"2025-10-24T09:10:39+00:00","og_image":[{"url":"https:\/\/agaca.coop\/wp-content\/uploads\/2021\/02\/20200831-formacion-cr-2020-curso-750x375.jpg"}],"twitter_card":"summary_large_image","twitter_misc":{"Tempo de lectura":"4 minutos"},"schema":{"@context":"https:\/\/schema.org","@graph":[{"@type":"WebPage","@id":"https:\/\/agaca.coop\/gl\/formacion\/consellos-reitores\/","url":"https:\/\/agaca.coop\/gl\/formacion\/consellos-reitores\/","name":"As cooperativas poden solicitar o programa Formaci\u00f3n para Consellos Rectores 2025 - AGACA","isPartOf":{"@id":"https:\/\/agaca.coop\/#website"},"datePublished":"2022-05-21T08:53:40+00:00","dateModified":"2025-10-24T09:10:39+00:00","breadcrumb":{"@id":"https:\/\/agaca.coop\/gl\/formacion\/consellos-reitores\/#breadcrumb"},"inLanguage":"gl-ES","potentialAction":[{"@type":"ReadAction","target":["https:\/\/agaca.coop\/gl\/formacion\/consellos-reitores\/"]}]},{"@type":"BreadcrumbList","@id":"https:\/\/agaca.coop\/gl\/formacion\/consellos-reitores\/#breadcrumb","itemListElement":[{"@type":"ListItem","position":1,"name":"Portada","item":"https:\/\/agaca.coop\/gl\/"},{"@type":"ListItem","position":2,"name":"Formaci\u00f3n","item":"https:\/\/agaca.coop\/gl\/formacion\/"},{"@type":"ListItem","position":3,"name":"As cooperativas poden solicitar o programa Formaci\u00f3n para Consellos Rectores 2025"}]},{"@type":"WebSite","@id":"https:\/\/agaca.coop\/#website","url":"https:\/\/agaca.coop\/","name":"AGACA","description":"Asociaci\u00f3n Galega de Cooperativas Agrarias","potentialAction":[{"@type":"SearchAction","target":{"@type":"EntryPoint","urlTemplate":"https:\/\/agaca.coop\/?s={search_term_string}"},"query-input":"required name=search_term_string"}],"inLanguage":"gl-ES"}]}},"_links":{"self":[{"href":"https:\/\/agaca.coop\/gl\/wp-json\/wp\/v2\/pages\/14768","targetHints":{"allow":["GET"]}}],"collection":[{"href":"https:\/\/agaca.coop\/gl\/wp-json\/wp\/v2\/pages"}],"about":[{"href":"https:\/\/agaca.coop\/gl\/wp-json\/wp\/v2\/types\/page"}],"author":[{"embeddable":true,"href":"https:\/\/agaca.coop\/gl\/wp-json\/wp\/v2\/users\/2"}],"replies":[{"embeddable":true,"href":"https:\/\/agaca.coop\/gl\/wp-json\/wp\/v2\/comments?post=14768"}],"version-history":[{"count":14,"href":"https:\/\/agaca.coop\/gl\/wp-json\/wp\/v2\/pages\/14768\/revisions"}],"predecessor-version":[{"id":25155,"href":"https:\/\/agaca.coop\/gl\/wp-json\/wp\/v2\/pages\/14768\/revisions\/25155"}],"up":[{"embeddable":true,"href":"https:\/\/agaca.coop\/gl\/wp-json\/wp\/v2\/pages\/11734"}],"wp:attachment":[{"href":"https:\/\/agaca.coop\/gl\/wp-json\/wp\/v2\/media?parent=14768"}],"curies":[{"name":"wp","href":"https:\/\/api.w.org\/{rel}","templated":true}]}}