{"id":13908,"date":"2022-07-18T09:40:30","date_gmt":"2022-07-18T09:40:30","guid":{"rendered":"https:\/\/agaca.coop\/?page_id=13908"},"modified":"2025-10-23T16:35:57","modified_gmt":"2025-10-23T16:35:57","slug":"divulgacion-convenio-mapa-cooperativas-agro-alimentarias-de-espana-actuacions-apartado-1-1-asistencia-tecnica","status":"publish","type":"page","link":"https:\/\/agaca.coop\/gl\/divulgacion-convenio-mapa-cooperativas-agro-alimentarias-de-espana-actuacions-apartado-1-1-asistencia-tecnica\/","title":{"rendered":"Divulgaci\u00f3n Convenio MAPA-Cooperativas Agro-alimentarias de Espa\u00f1a Actuaci\u00f3ns Apartado 1 (Asistencia T\u00e9cnica)"},"content":{"rendered":"<table>\n<tbody>\n<tr>\n<td width=\"512\"><strong><b>PROGRAMA DE ASISTENCIA T\u00c9CNICA 2025<\/b><\/strong><\/p>\n<p><strong><b>COOPERATIVAS AGRO-ALIMENTARIAS DE ESPA\u00d1A<\/b><\/strong><\/td>\n<\/tr>\n<tr>\n<td width=\"512\">En virtude do RD 938\/2025, de 21 de outubro, de concesi\u00f3n directa de diversas subvenci\u00f3ns en materia agroalimentaria e pesqueira previsto polo Ministerio de Agricultura, Pesca e Alimentaci\u00f3n e do que \u00e9 entidade beneficiaria Cooperativas Agro-alimentarias de Espa\u00f1a, por un importe total de 1 071 162,50 \u20ac, arrinca o Programa de Actuaci\u00f3ns 2025 en materia de Asistencia T\u00e9cnica, que contempla actividades dentro dos seguintes obxectivos:<\/p>\n<p style=\"padding-left: 40px;\">1. Fomento da intercooperaci\u00f3n para o redimensionamiento, vertebraci\u00f3n e integraci\u00f3n cooperativa,<\/p>\n<p style=\"padding-left: 40px;\">2. Fomento da competitividade, eficiencia, modernizaci\u00f3n e innovaci\u00f3n das cooperativas agroalimentarias e os seus produtos,<\/p>\n<p style=\"padding-left: 40px;\">3. Seguimento e co\u00f1ecemento do cooperativismo agroalimentario a trav\u00e9s do Observatorio Socioecon\u00f3mico do Cooperativismo Agroalimentario Espa\u00f1ol (OSCAE).<\/p>\n<p>Estas actuaci\u00f3ns son financiadas polo Ministerio de Agricultura, Pesca e Alimentaci\u00f3n a trav\u00e9s do citado Convenio.<\/p>\n<table>\n<tbody>\n<tr>\n<td><img loading=\"lazy\" decoding=\"async\" class=\"alignnone  wp-image-25149\" src=\"https:\/\/agaca.coop\/wp-content\/uploads\/2025\/10\/Copia-de-asistencia-tecnica-2025-banner-cae-mapa-300x75-600-x-150-px-300x75.png\" alt=\"\" width=\"620\" height=\"155\" srcset=\"https:\/\/agaca.coop\/wp-content\/uploads\/2025\/10\/Copia-de-asistencia-tecnica-2025-banner-cae-mapa-300x75-600-x-150-px-300x75.png 300w, https:\/\/agaca.coop\/wp-content\/uploads\/2025\/10\/Copia-de-asistencia-tecnica-2025-banner-cae-mapa-300x75-600-x-150-px.png 600w\" sizes=\"auto, (max-width: 620px) 100vw, 620px\" \/><\/td>\n<td><\/td>\n<\/tr>\n<\/tbody>\n<\/table>\n<p>Aquelas cooperativas que te\u00f1an interese en participar neste Programa poden solicitar m\u00e1is informaci\u00f3n a:<\/p>\n<p><strong><b>Asociaci\u00f3n Galega de Cooperativas Agro-alimentarias-AGACA<\/b><\/strong><\/p>\n<p>R\/Tomi\u00f1o 22-Etslo -15703- Santiago de Compostela<\/p>\n<p><a  href=\"mailto:agaca@agaca.coop\">agaca@agaca.coop<\/a> Tl: 981 584 783 35<\/td>\n<\/tr>\n<\/tbody>\n<\/table>\n","protected":false},"excerpt":{"rendered":"<p>PROGRAMA DE ASISTENCIA T\u00c9CNICA 2025 COOPERATIVAS AGRO-ALIMENTARIAS DE ESPA\u00d1A En virtude do RD 938\/2025, de 21 de outubro, de concesi\u00f3n directa de diversas subvenci\u00f3ns en materia agroalimentaria e pesqueira previsto polo Ministerio de Agricultura, Pesca e Alimentaci\u00f3n e do que \u00e9 entidade beneficiaria Cooperativas Agro-alimentarias de Espa\u00f1a, por un importe total de 1 071 162,50 [&hellip;]<\/p>\n","protected":false},"author":2,"featured_media":0,"parent":0,"menu_order":0,"comment_status":"closed","ping_status":"closed","template":"","meta":{"_monsterinsights_skip_tracking":false,"_monsterinsights_sitenote_active":false,"_monsterinsights_sitenote_note":"","_monsterinsights_sitenote_category":0,"footnotes":""},"class_list":["post-13908","page","type-page","status-publish","hentry"],"yoast_head":"<!-- This site is optimized with the Yoast SEO plugin v19.11 - https:\/\/yoast.com\/wordpress\/plugins\/seo\/ -->\n<title>Divulgaci\u00f3n Convenio MAPA-Cooperativas Agro-alimentarias de Espa\u00f1a Actuaci\u00f3ns Apartado 1 (Asistencia T\u00e9cnica) - AGACA<\/title>\n<meta name=\"robots\" content=\"index, follow, max-snippet:-1, max-image-preview:large, max-video-preview:-1\" \/>\n<link rel=\"canonical\" href=\"https:\/\/agaca.coop\/gl\/divulgacion-convenio-mapa-cooperativas-agro-alimentarias-de-espana-actuacions-apartado-1-1-asistencia-tecnica\/\" \/>\n<meta property=\"og:locale\" content=\"gl_ES\" \/>\n<meta property=\"og:type\" content=\"article\" \/>\n<meta property=\"og:title\" content=\"Divulgaci\u00f3n Convenio MAPA-Cooperativas Agro-alimentarias de Espa\u00f1a Actuaci\u00f3ns Apartado 1 (Asistencia T\u00e9cnica) - AGACA\" \/>\n<meta property=\"og:description\" content=\"PROGRAMA DE ASISTENCIA T\u00c9CNICA 2025 COOPERATIVAS AGRO-ALIMENTARIAS DE ESPA\u00d1A En virtude do RD 938\/2025, de 21 de outubro, de concesi\u00f3n directa de diversas subvenci\u00f3ns en materia agroalimentaria e pesqueira previsto polo Ministerio de Agricultura, Pesca e Alimentaci\u00f3n e do que \u00e9 entidade beneficiaria Cooperativas Agro-alimentarias de Espa\u00f1a, por un importe total de 1 071 162,50 [&hellip;]\" \/>\n<meta property=\"og:url\" content=\"https:\/\/agaca.coop\/gl\/divulgacion-convenio-mapa-cooperativas-agro-alimentarias-de-espana-actuacions-apartado-1-1-asistencia-tecnica\/\" \/>\n<meta property=\"og:site_name\" content=\"AGACA\" \/>\n<meta property=\"article:modified_time\" content=\"2025-10-23T16:35:57+00:00\" \/>\n<meta property=\"og:image\" content=\"https:\/\/agaca.coop\/wp-content\/uploads\/2025\/10\/Copia-de-asistencia-tecnica-2025-banner-cae-mapa-300x75-600-x-150-px-300x75.png\" \/>\n<meta name=\"twitter:card\" content=\"summary_large_image\" \/>\n<meta name=\"twitter:label1\" content=\"Tempo de lectura\" \/>\n\t<meta name=\"twitter:data1\" content=\"1 minuto\" \/>\n<script type=\"application\/ld+json\" class=\"yoast-schema-graph\">{\"@context\":\"https:\/\/schema.org\",\"@graph\":[{\"@type\":\"WebPage\",\"@id\":\"https:\/\/agaca.coop\/gl\/divulgacion-convenio-mapa-cooperativas-agro-alimentarias-de-espana-actuacions-apartado-1-1-asistencia-tecnica\/\",\"url\":\"https:\/\/agaca.coop\/gl\/divulgacion-convenio-mapa-cooperativas-agro-alimentarias-de-espana-actuacions-apartado-1-1-asistencia-tecnica\/\",\"name\":\"Divulgaci\u00f3n Convenio MAPA-Cooperativas Agro-alimentarias de Espa\u00f1a Actuaci\u00f3ns Apartado 1 (Asistencia T\u00e9cnica) - AGACA\",\"isPartOf\":{\"@id\":\"https:\/\/agaca.coop\/#website\"},\"datePublished\":\"2022-07-18T09:40:30+00:00\",\"dateModified\":\"2025-10-23T16:35:57+00:00\",\"breadcrumb\":{\"@id\":\"https:\/\/agaca.coop\/gl\/divulgacion-convenio-mapa-cooperativas-agro-alimentarias-de-espana-actuacions-apartado-1-1-asistencia-tecnica\/#breadcrumb\"},\"inLanguage\":\"gl-ES\",\"potentialAction\":[{\"@type\":\"ReadAction\",\"target\":[\"https:\/\/agaca.coop\/gl\/divulgacion-convenio-mapa-cooperativas-agro-alimentarias-de-espana-actuacions-apartado-1-1-asistencia-tecnica\/\"]}]},{\"@type\":\"BreadcrumbList\",\"@id\":\"https:\/\/agaca.coop\/gl\/divulgacion-convenio-mapa-cooperativas-agro-alimentarias-de-espana-actuacions-apartado-1-1-asistencia-tecnica\/#breadcrumb\",\"itemListElement\":[{\"@type\":\"ListItem\",\"position\":1,\"name\":\"Portada\",\"item\":\"https:\/\/agaca.coop\/gl\/\"},{\"@type\":\"ListItem\",\"position\":2,\"name\":\"Divulgaci\u00f3n Convenio MAPA-Cooperativas Agro-alimentarias de Espa\u00f1a Actuaci\u00f3ns Apartado 1 (Asistencia T\u00e9cnica)\"}]},{\"@type\":\"WebSite\",\"@id\":\"https:\/\/agaca.coop\/#website\",\"url\":\"https:\/\/agaca.coop\/\",\"name\":\"AGACA\",\"description\":\"Asociaci\u00f3n Galega de Cooperativas Agrarias\",\"potentialAction\":[{\"@type\":\"SearchAction\",\"target\":{\"@type\":\"EntryPoint\",\"urlTemplate\":\"https:\/\/agaca.coop\/?s={search_term_string}\"},\"query-input\":\"required name=search_term_string\"}],\"inLanguage\":\"gl-ES\"}]}<\/script>\n<!-- \/ Yoast SEO plugin. -->","yoast_head_json":{"title":"Divulgaci\u00f3n Convenio MAPA-Cooperativas Agro-alimentarias de Espa\u00f1a Actuaci\u00f3ns Apartado 1 (Asistencia T\u00e9cnica) - AGACA","robots":{"index":"index","follow":"follow","max-snippet":"max-snippet:-1","max-image-preview":"max-image-preview:large","max-video-preview":"max-video-preview:-1"},"canonical":"https:\/\/agaca.coop\/gl\/divulgacion-convenio-mapa-cooperativas-agro-alimentarias-de-espana-actuacions-apartado-1-1-asistencia-tecnica\/","og_locale":"gl_ES","og_type":"article","og_title":"Divulgaci\u00f3n Convenio MAPA-Cooperativas Agro-alimentarias de Espa\u00f1a Actuaci\u00f3ns Apartado 1 (Asistencia T\u00e9cnica) - AGACA","og_description":"PROGRAMA DE ASISTENCIA T\u00c9CNICA 2025 COOPERATIVAS AGRO-ALIMENTARIAS DE ESPA\u00d1A En virtude do RD 938\/2025, de 21 de outubro, de concesi\u00f3n directa de diversas subvenci\u00f3ns en materia agroalimentaria e pesqueira previsto polo Ministerio de Agricultura, Pesca e Alimentaci\u00f3n e do que \u00e9 entidade beneficiaria Cooperativas Agro-alimentarias de Espa\u00f1a, por un importe total de 1 071 162,50 [&hellip;]","og_url":"https:\/\/agaca.coop\/gl\/divulgacion-convenio-mapa-cooperativas-agro-alimentarias-de-espana-actuacions-apartado-1-1-asistencia-tecnica\/","og_site_name":"AGACA","article_modified_time":"2025-10-23T16:35:57+00:00","og_image":[{"url":"https:\/\/agaca.coop\/wp-content\/uploads\/2025\/10\/Copia-de-asistencia-tecnica-2025-banner-cae-mapa-300x75-600-x-150-px-300x75.png"}],"twitter_card":"summary_large_image","twitter_misc":{"Tempo de lectura":"1 minuto"},"schema":{"@context":"https:\/\/schema.org","@graph":[{"@type":"WebPage","@id":"https:\/\/agaca.coop\/gl\/divulgacion-convenio-mapa-cooperativas-agro-alimentarias-de-espana-actuacions-apartado-1-1-asistencia-tecnica\/","url":"https:\/\/agaca.coop\/gl\/divulgacion-convenio-mapa-cooperativas-agro-alimentarias-de-espana-actuacions-apartado-1-1-asistencia-tecnica\/","name":"Divulgaci\u00f3n Convenio MAPA-Cooperativas Agro-alimentarias de Espa\u00f1a Actuaci\u00f3ns Apartado 1 (Asistencia T\u00e9cnica) - AGACA","isPartOf":{"@id":"https:\/\/agaca.coop\/#website"},"datePublished":"2022-07-18T09:40:30+00:00","dateModified":"2025-10-23T16:35:57+00:00","breadcrumb":{"@id":"https:\/\/agaca.coop\/gl\/divulgacion-convenio-mapa-cooperativas-agro-alimentarias-de-espana-actuacions-apartado-1-1-asistencia-tecnica\/#breadcrumb"},"inLanguage":"gl-ES","potentialAction":[{"@type":"ReadAction","target":["https:\/\/agaca.coop\/gl\/divulgacion-convenio-mapa-cooperativas-agro-alimentarias-de-espana-actuacions-apartado-1-1-asistencia-tecnica\/"]}]},{"@type":"BreadcrumbList","@id":"https:\/\/agaca.coop\/gl\/divulgacion-convenio-mapa-cooperativas-agro-alimentarias-de-espana-actuacions-apartado-1-1-asistencia-tecnica\/#breadcrumb","itemListElement":[{"@type":"ListItem","position":1,"name":"Portada","item":"https:\/\/agaca.coop\/gl\/"},{"@type":"ListItem","position":2,"name":"Divulgaci\u00f3n Convenio MAPA-Cooperativas Agro-alimentarias de Espa\u00f1a Actuaci\u00f3ns Apartado 1 (Asistencia T\u00e9cnica)"}]},{"@type":"WebSite","@id":"https:\/\/agaca.coop\/#website","url":"https:\/\/agaca.coop\/","name":"AGACA","description":"Asociaci\u00f3n Galega de Cooperativas Agrarias","potentialAction":[{"@type":"SearchAction","target":{"@type":"EntryPoint","urlTemplate":"https:\/\/agaca.coop\/?s={search_term_string}"},"query-input":"required name=search_term_string"}],"inLanguage":"gl-ES"}]}},"_links":{"self":[{"href":"https:\/\/agaca.coop\/gl\/wp-json\/wp\/v2\/pages\/13908","targetHints":{"allow":["GET"]}}],"collection":[{"href":"https:\/\/agaca.coop\/gl\/wp-json\/wp\/v2\/pages"}],"about":[{"href":"https:\/\/agaca.coop\/gl\/wp-json\/wp\/v2\/types\/page"}],"author":[{"embeddable":true,"href":"https:\/\/agaca.coop\/gl\/wp-json\/wp\/v2\/users\/2"}],"replies":[{"embeddable":true,"href":"https:\/\/agaca.coop\/gl\/wp-json\/wp\/v2\/comments?post=13908"}],"version-history":[{"count":12,"href":"https:\/\/agaca.coop\/gl\/wp-json\/wp\/v2\/pages\/13908\/revisions"}],"predecessor-version":[{"id":25151,"href":"https:\/\/agaca.coop\/gl\/wp-json\/wp\/v2\/pages\/13908\/revisions\/25151"}],"wp:attachment":[{"href":"https:\/\/agaca.coop\/gl\/wp-json\/wp\/v2\/media?parent=13908"}],"curies":[{"name":"wp","href":"https:\/\/api.w.org\/{rel}","templated":true}]}}