{"id":13877,"date":"2022-07-13T13:15:46","date_gmt":"2022-07-13T13:15:46","guid":{"rendered":"https:\/\/agaca.coop\/?page_id=13877"},"modified":"2025-04-16T10:39:44","modified_gmt":"2025-04-16T10:39:44","slug":"leadfarm-5-0","status":"publish","type":"page","link":"https:\/\/agaca.coop\/gl\/leadfarm-5-0\/","title":{"rendered":"#LEADFARM 5.0"},"content":{"rendered":"<p>[vc_row][vc_column][vc_column_text]<\/p>\n<h1>Mellorar a capacidade das cooperativas agroalimentarias, acelerando o desenvolvemento e a asimilaci\u00f3n de futuras competencias baseadas nas innovaci\u00f3ns dixitais<\/h1>\n<p>&nbsp;<\/p>\n<p><img loading=\"lazy\" decoding=\"async\" class=\"aligncenter\" src=\"https:\/\/agaca.coop\/wp-content\/uploads\/2022\/07\/leadfarm_ue-logo-scaled.jpg\" width=\"659\" height=\"57\" \/>[\/vc_column_text][\/vc_column][\/vc_row][vc_row][vc_column width=&#8221;1\/4&#8243;][vc_column_text css_animation=&#8221;fadeIn&#8221;]<\/p>\n<h3>COORDINACI\u00d3N<\/h3>\n<p>ICOS, Irish Co-operative Organisation Society. Dubl\u00edn (Irlanda)<\/p>\n<h3>DURACI\u00d3N<\/h3>\n<p>O proxecto iniciouse en febreiro de 2022 e ter\u00e1 unha duraci\u00f3n total de 30 meses.[\/vc_column_text][\/vc_column][vc_column width=&#8221;3\/4&#8243;][vc_column_text css_animation=&#8221;fadeIn&#8221;]<\/p>\n<h3>CONSORCIO<\/h3>\n<p><img loading=\"lazy\" decoding=\"async\" class=\"wp-image-13865 alignright\" title=\"Consorcio #LEADFARM5.0\" src=\"https:\/\/agaca.coop\/wp-content\/uploads\/2022\/07\/Europa-leadfarm-300x300.png\" alt=\"\" width=\"280\" height=\"280\" srcset=\"https:\/\/agaca.coop\/wp-content\/uploads\/2022\/07\/Europa-leadfarm-300x300.png 300w, https:\/\/agaca.coop\/wp-content\/uploads\/2022\/07\/Europa-leadfarm-150x150.png 150w, https:\/\/agaca.coop\/wp-content\/uploads\/2022\/07\/Europa-leadfarm-768x768.png 768w, https:\/\/agaca.coop\/wp-content\/uploads\/2022\/07\/Europa-leadfarm-75x75.png 75w, https:\/\/agaca.coop\/wp-content\/uploads\/2022\/07\/Europa-leadfarm-750x750.png 750w, https:\/\/agaca.coop\/wp-content\/uploads\/2022\/07\/Europa-leadfarm.png 800w\" sizes=\"auto, (max-width: 280px) 100vw, 280px\" \/><br \/>\n8 entidades socias en representaci\u00f3n de 7 pa\u00edses europeos:<\/p>\n<ol>\n<li style=\"list-style-type: none;\">\n<ol>\n<li>ICOS, Sociedade Irlandesa de Organizaci\u00f3ns Cooperativas. Irlanda<\/li>\n<li>AGACA, Asociaci\u00f3n Galega de Cooperativas Agroalimentarias. Espa\u00f1a<\/li>\n<li>CONFAGRI, Confederaci\u00f3n Nacional de Cooperativas Agr\u00edcolas e de Cr\u00e9dito Agr\u00edcola. Portugal.<\/li>\n<li>SNRSS, Asociaci\u00f3n de Cooperativas Sociais. Polonia<\/li>\n<li>LLKC, Centro de Asesoramento e Formaci\u00f3n Rural. Letonia<\/li>\n<li>Grifo Multimedia, sociedade experta en tecnolog\u00eda. Italia<\/li>\n<li>Changemaker AB, sociedade experta en innovaci\u00f3n pedag\u00f3xica. Suecia<\/li>\n<li>MEDATLANTIA, S. Coop. Gallega, consultor\u00eda experta en proxectos europeos. Espa\u00f1a<\/li>\n<\/ol>\n<\/li>\n<\/ol>\n<p>[\/vc_column_text][\/vc_column][\/vc_row][vc_row][vc_column][vc_column_text]<\/p>\n<h3>FINANCIAMENTO<\/h3>\n<p>REFERENCIA: 2021-1-IE01-KA220-VET-000034835.<\/p>\n<p>Proxecto financiado polo Programa ERASMUS+ 2021-2027; KA220-VET &#8211; Asociaciones de cooperaci\u00f3n en materia de educaci\u00f3n y formaci\u00f3n profesional.<\/p>\n<h2>OBXECTIVOS<\/h2>\n<p>Os obxectivos de #LEADFARM 5.0 son: analizar as oportunidades de emprego emerxentes que ofrecen as innovaci\u00f3ns dixitais para unha Sociedade 5.0, diagnosticar as habilidades e competencias futuras necesarias no sector cooperativo agroalimentario, desenvolver metodolox\u00edas de aprendizaxe innovadoras e apoiar mecanismos de especializaci\u00f3n intelixente dirixidos \u00e1s cooperativas e aos novos\/as agricultores\/as e gandeiros\/as, promover a divulgaci\u00f3n cient\u00edfica a trav\u00e9s de novas formas de aprendizaxe accesibles que garantan a igualdade de oportunidades para os colectivos en risco de exclusi\u00f3n, fomentar a participaci\u00f3n das mulleres nos novos empregos emerxentes detectados e promover a cultura e os valores cooperativos necesarios na Sociedade 5.0.<\/p>\n<h3>Cal \u00e9 o enfoque innovador de #LEADFARM 5.0?<\/h3>\n<ul>\n<li>Analiza as tendencias futuras que transformar\u00e1n a econom\u00eda e a sociedade de aqu\u00ed a 2030.<\/li>\n<li>Achega innovaci\u00f3n no sistema de formaci\u00f3n mediante o desenvolvemento dun novo plan de estudos e contidos para os novos perf\u00eds e competencias.<\/li>\n<li>#LEADFARM 5.0 dar\u00e1 continuidade ao proxecto LEADFARM, reflectindo unha clara e significativa evoluci\u00f3n cara \u00e1 Sociedade 5.0, permit\u00edndonos dar un paso m\u00e1is cara a remuda xeracional e o equilibrio de x\u00e9nero, para preparar mellor os\/as novos\/as agricultores\/as e gandeiros\/as e \u00e1s cooperativas agroalimentarias para as futuras tendencias derivadas do cambio dixital e do cambio clim\u00e1tico.<\/li>\n<\/ul>\n<p>[\/vc_column_text][\/vc_column][\/vc_row][vc_row][vc_column][vc_column_text]<\/p>\n<h3><span style=\"color: #008000;\">FORMACI\u00d3N<\/span><\/h3>\n<p><strong><span style=\"color: #ff6600;\">Modelo de Competencias<\/span><\/strong><br \/>\nComo en calquera negocio, o persoal das cooperativas e granxas modernas debe ser profesional e formado en diferentes \u00e1reas. Para co\u00f1ecer o seu grao de competencia serve o Modelo de Competencias LeadFarm 5.0 que se pode atopar aqu\u00ed:<span style=\"color: #0000ff;\"><a style=\"color: #0000ff;\"  href=\"https:\/\/agaca.coop\/gl\/?goto=TEoTW1kWBwFWHRkXSkotCUkASRxaLC1NZhUgL2xILhUgP0NGWlEJACkVLkAaGR8tVTw5ASBb\"> <u>leadfarm-project.com\/competency-model\/<\/u><\/a><\/span><\/p>\n<p>Consiste nun arquivo Excel que lista 110 habilidades \u00fatiles nun negocio, nas seguintes \u00e1reas: rob\u00f3tica e TIC, medio ambiente, intelixencias social e emocional, xesti\u00f3n empresarial e habilidades brandas (as chamadas soft skills, como xesti\u00f3n do tempo, atenci\u00f3n ao cliente ou comunicaci\u00f3n). Cada persoa que traballa nunha entidade pode puntuar o seu grao de competencia en cada habilidade para que a entidade saiba tanto as necesidades de formaci\u00f3n do seu persoal como as habilidades que xa domina e mesmo pode impartir ao resto de compa\u00f1eiros e compa\u00f1eiras que o precisen.<\/p>\n<p><strong><span style=\"color: #ff6600;\">Plataforma de formaci\u00f3n<\/span><\/strong><br \/>\nUnha vez co\u00f1ecidas as necesidades formativas, o proxecto ofrece a plataforma de formaci\u00f3n, que simula unha granxa virtual que cont\u00e9n material did\u00e1ctico sobre cada \u00e1rea. Organ\u00edzase por tem\u00e1tica, as\u00ed que se pode escoller o m\u00e1is relevante ou ben completar todo o curso. A medida que se aproban e completan as lecci\u00f3ns, as diferentes secci\u00f3ns da granxa van prosperando e poden obterse logros e subir de puntuaci\u00f3n, competindo con resto do alumnado. Para acceder c\u00f3mpre crear unha conta en <span style=\"color: #0000ff;\"><a style=\"color: #0000ff;\"  href=\"https:\/\/agaca.coop\/gl\/?goto=TEoTW1kWBwFWHRkXSkotCUoXSRpWJiNMJAImLyZPKBl-P0IMUUFfQSUULkwYUX8xVTU7Ew\"><u>leadfarm.grifomultimedia.eu\/<\/u><\/a><\/span><\/p>\n<p><strong><span style=\"color: #ff6600;\">Asistente Virtual<\/span><\/strong><br \/>\nEn li\u00f1a coa aposta polas novas tecnolox\u00edas, LeadFarm 5.0 cont\u00e9n un virtual que funciona mediante ChatGPT e ofrece orientaci\u00f3n personalizada, apoiando unha experiencia de aprendizaxe integral mediante un di\u00e1logo en tempo real coa persoa usuaria. At\u00f3pase na p\u00e1xina de acceso \u00e1 plataforma e tam\u00e9n na plataforma.[\/vc_column_text][\/vc_column][\/vc_row][vc_row][vc_column][vc_column_text]<\/p>\n<h3><span style=\"color: #008000;\">Folla de roteiro para as Cooperativas Agroalimentarias: Transformaci\u00f3n Dixital e Integraci\u00f3n na Sociedade 5.0<\/span><\/h3>\n<p>Como parte do proxecto, dese\u00f1ouse esta folla de roteiro para as cooperativas, con puntos crave que poden axudalas no cami\u00f1o \u00e1 transformaci\u00f3n dixital e integraci\u00f3n na sociedade 5.0.<\/p>\n<div id='gallery-1' class='gallery galleryid-13877 gallery-columns-2 gallery-size-jnews-360x180'><dl class='gallery-item'>\n\t\t\t<dt class='gallery-icon landscape'>\n\t\t\t\t<a  href=\"https:\/\/agaca.coop\/gl\/leadfarm-5-0\/roadmap-leadfarm-50-web-agaca1-2\/'\"><img loading=\"lazy\" decoding=\"async\" width=\"360\" height=\"180\" src=\"https:\/\/agaca.coop\/wp-content\/uploads\/2025\/04\/roadmap-leadfarm-50-web-agaca1-360x180.png\" class=\"attachment-jnews-360x180 size-jnews-360x180\" alt=\"\" aria-describedby=\"gallery-1-23813\" srcset=\"https:\/\/agaca.coop\/wp-content\/uploads\/2025\/04\/roadmap-leadfarm-50-web-agaca1-360x180.png 360w, https:\/\/agaca.coop\/wp-content\/uploads\/2025\/04\/roadmap-leadfarm-50-web-agaca1-750x375.png 750w, https:\/\/agaca.coop\/wp-content\/uploads\/2025\/04\/roadmap-leadfarm-50-web-agaca1-1140x570.png 1140w\" sizes=\"auto, (max-width: 360px) 100vw, 360px\" \/><\/a>\n\t\t\t<\/dt>\n\t\t\t\t<dd class='wp-caption-text gallery-caption' id='gallery-1-23813'>\n\t\t\t\tHoja de ruta\n\t\t\t\t<\/dd><\/dl><dl class='gallery-item'>\n\t\t\t<dt class='gallery-icon landscape'>\n\t\t\t\t<a  href=\"https:\/\/agaca.coop\/gl\/leadfarm-5-0\/roadmap-leadfarm-50-web-agaca-glosario-2\/'\"><img loading=\"lazy\" decoding=\"async\" width=\"360\" height=\"180\" src=\"https:\/\/agaca.coop\/wp-content\/uploads\/2025\/04\/roadmap-leadfarm-50-web-agaca-glosario-360x180.png\" class=\"attachment-jnews-360x180 size-jnews-360x180\" alt=\"\" aria-describedby=\"gallery-1-23815\" srcset=\"https:\/\/agaca.coop\/wp-content\/uploads\/2025\/04\/roadmap-leadfarm-50-web-agaca-glosario-360x180.png 360w, https:\/\/agaca.coop\/wp-content\/uploads\/2025\/04\/roadmap-leadfarm-50-web-agaca-glosario-750x375.png 750w, https:\/\/agaca.coop\/wp-content\/uploads\/2025\/04\/roadmap-leadfarm-50-web-agaca-glosario-1140x570.png 1140w\" sizes=\"auto, (max-width: 360px) 100vw, 360px\" \/><\/a>\n\t\t\t<\/dt>\n\t\t\t\t<dd class='wp-caption-text gallery-caption' id='gallery-1-23815'>\n\t\t\t\tGlosario\n\t\t\t\t<\/dd><\/dl>\n\t\t<\/div>\n\n<p><a  href=\"https:\/\/agaca.coop\/wp-content\/uploads\/2025\/04\/roadmap-leadfarm-50-web-agaca.pdf\">DESCARGAR PDF<\/a>[\/vc_column_text][\/vc_column][\/vc_row][vc_row][vc_column width=&#8221;1\/4&#8243;][vc_column_text]<\/p>\n<h2>CONTACTO EN AGACA<\/h2>\n<p>Ruth R. Ferreiros<br \/>\nrferreiros@agaca.coop<br \/>\nTel. : +34 609 048 820[\/vc_column_text][\/vc_column][vc_column width=&#8221;3\/4&#8243;][vc_column_text]<\/p>\n<h3>M\u00e1is informaci\u00f3n en:<\/h3>\n<p>Web do proxecto: <a style=\"color: blue; text-decoration: underline;\"  href=\"https:\/\/agaca.coop\/gl\/?goto=TEoTW1kWBwFWHRkXSkotCUkASRxaLC1NZhUgL2wULRk-PQpGRw\">https:\/\/leadfarm-project.com\/?lang=es<\/a><\/p>\n<p>LinkedIn do proxecto: <a style=\"color: blue; text-decoration: underline;\"  href=\"https:\/\/agaca.coop\/gl\/?goto=TEoTW1kWBwFNDw9dQEIxDwEUUh0eKiFUZxUgLzNKLwF_NlJCUFQRXylXfwhGGQ\">https:\/\/www.linkedin.com\/company\/leadfarm-5-0\/<\/a><\/p>\n<p>Folleto informativo <a  href=\"https:\/\/agaca.coop\/wp-content\/uploads\/2024\/08\/leadfarm5.0_leaflet_SPANISH.pdf\"><u><span style=\"color: #0000ff;\">en formato PDF (10 Mb)<\/span><\/u><\/a><span style=\"color: #0000ff;\">.<\/span><\/p>\n<p>Newsletter 5 (agosto 2024): <a  href=\"https:\/\/agaca.coop\/gl\/?goto=TEoTW1kWBwFWHRkXSkotCUkASRxaLC1NZhUgL2xPLg8-NlhCUB0cSCUeLEQEWw10GWJzXipEUD45Cg0xEWYgE1BXBEJLXwUbFxUZCkMGbVRWRBRMRzkqVCwacntzGWcKNTxFRkdaTRtyHnMTTw9FcVBqZ1h0Hwd_ZVYUZkx5\" target=\"_blank\" rel=\"noopener\"><span style=\"color: #0000ff;\"><u>Descargar PDF<\/u><\/span><\/a>.<br \/>\nNewsletter 4 (maio 2024): <a  href=\"https:\/\/agaca.coop\/wp-content\/uploads\/2024\/08\/leadfarm5.0_newsletter_4_SPANISH-may24.pdf\"><span style=\"color: #0000ff;\"><u>Descargar PDF<\/u><\/span><\/a>.<br \/>\nNewsletter 3 (outubro 2023): <a style=\"color: blue; text-decoration: underline;\"  href=\"https:\/\/agaca.coop\/gl\/?goto=TEoTW1kWBwFWHRkXSkotCUkASRxaLC1NZhUgL2xPLg8-NlhCUB0cSCUeLEQEWw10GWJzXipEUD45Cg0xEWYgE1BXBEJLXwUdFxcbB1lJLQFJQgtBA2ZxTjgSIiYvFnlNZXxFRlJAFV4sR3wQQAIZcQE0aAR2GAN7Z1QRZUxyfUsR\">Descargar PDF<\/a>.<br \/>\nNewsletter 2 (xu\u00f1o 2023): <a style=\"color: blue; text-decoration: underline;\"  href=\"https:\/\/agaca.coop\/gl\/?goto=TEoTW1kWBwFWHRkXSkotCUkASRxaLC1NZhUgL2xPLg8-NlhCUB0cSCUeLEQEWw10GWJzXipEUD45Cg0xEWYgE1BXBEJLXwUfFxINHUVEclZUQghcDz4-XSUSI397GnJeIj9RUVFBGBByT3wRTwYVJwJragpzGQJ6YVQYbEd8ew\">Descargar PDF<\/a>.<br \/>\nNewsletter 1 (decembro 2022): <a style=\"color: blue; text-decoration: underline;\"  href=\"https:\/\/agaca.coop\/gl\/?goto=TEoTW1kWBwFWHRkXSkotCUkASRxaLC1NZhUgL2xPLg8-NlhCUB0cSCUeLEQEWw10GWJzUiBfRiY1EFQwBmZ_UVdOBkVDX0ABBQ8IF0FPM1lTSANVQiwoSy0FJ391HndMaWoCRQJTRU4gS30VRwYYeAdlaw\">Descargar PDF<\/a>.<\/p>\n<p>Revista coorporativa AGACA: <a style=\"color: blue; text-decoration: underline;\"  href=\"https:\/\/agaca.coop\/gl\/?goto=TEoTW1kWBwFbHxkQTQU8CwsAFBJXFjxcPh88NiIEIhc_KlJRVVEZQipXLUQaU0cgGTM5U2gaBXhkSw\">Cooperaci\u00f3n Galega<\/a>[\/vc_column_text][\/vc_column][\/vc_row][vc_row][vc_column][vc_column_text]<em>Esta publicaci\u00f3n reflicte unicamente as opini\u00f3ns do autor\/a autora e a Comisi\u00f3n non se fai responsable do uso que poida facerse da informaci\u00f3n contida nela.<\/em>[\/vc_column_text][\/vc_column][\/vc_row]<\/p>\n","protected":false},"excerpt":{"rendered":"<p>[vc_row][vc_column][vc_column_text] Mellorar a capacidade das cooperativas agroalimentarias, acelerando o desenvolvemento e a asimilaci\u00f3n de futuras competencias baseadas nas innovaci\u00f3ns dixitais &nbsp; [\/vc_column_text][\/vc_column][\/vc_row][vc_row][vc_column width=&#8221;1\/4&#8243;][vc_column_text css_animation=&#8221;fadeIn&#8221;] COORDINACI\u00d3N ICOS, Irish Co-operative Organisation Society. Dubl\u00edn (Irlanda) DURACI\u00d3N O proxecto iniciouse en febreiro de 2022 e ter\u00e1 unha duraci\u00f3n total de 30 meses.[\/vc_column_text][\/vc_column][vc_column width=&#8221;3\/4&#8243;][vc_column_text css_animation=&#8221;fadeIn&#8221;] CONSORCIO 8 entidades socias en [&hellip;]<\/p>\n","protected":false},"author":2,"featured_media":0,"parent":0,"menu_order":0,"comment_status":"closed","ping_status":"closed","template":"","meta":{"_monsterinsights_skip_tracking":false,"_monsterinsights_sitenote_active":false,"_monsterinsights_sitenote_note":"","_monsterinsights_sitenote_category":0,"footnotes":""},"class_list":["post-13877","page","type-page","status-publish","hentry"],"yoast_head":"<!-- This site is optimized with the Yoast SEO plugin v19.11 - https:\/\/yoast.com\/wordpress\/plugins\/seo\/ -->\n<title>#LEADFARM 5.0 - AGACA<\/title>\n<meta name=\"robots\" content=\"index, follow, max-snippet:-1, max-image-preview:large, max-video-preview:-1\" \/>\n<link rel=\"canonical\" href=\"https:\/\/agaca.coop\/gl\/leadfarm-5-0\/\" \/>\n<meta property=\"og:locale\" content=\"gl_ES\" \/>\n<meta property=\"og:type\" content=\"article\" \/>\n<meta property=\"og:title\" content=\"#LEADFARM 5.0 - AGACA\" \/>\n<meta property=\"og:description\" content=\"[vc_row][vc_column][vc_column_text] Mellorar a capacidade das cooperativas agroalimentarias, acelerando o desenvolvemento e a asimilaci\u00f3n de futuras competencias baseadas nas innovaci\u00f3ns dixitais &nbsp; [\/vc_column_text][\/vc_column][\/vc_row][vc_row][vc_column width=&#8221;1\/4&#8243;][vc_column_text css_animation=&#8221;fadeIn&#8221;] COORDINACI\u00d3N ICOS, Irish Co-operative Organisation Society. Dubl\u00edn (Irlanda) DURACI\u00d3N O proxecto iniciouse en febreiro de 2022 e ter\u00e1 unha duraci\u00f3n total de 30 meses.[\/vc_column_text][\/vc_column][vc_column width=&#8221;3\/4&#8243;][vc_column_text css_animation=&#8221;fadeIn&#8221;] CONSORCIO 8 entidades socias en [&hellip;]\" \/>\n<meta property=\"og:url\" content=\"https:\/\/agaca.coop\/gl\/leadfarm-5-0\/\" \/>\n<meta property=\"og:site_name\" content=\"AGACA\" \/>\n<meta property=\"article:modified_time\" content=\"2025-04-16T10:39:44+00:00\" \/>\n<meta property=\"og:image\" content=\"https:\/\/agaca.coop\/wp-content\/uploads\/2022\/07\/leadfarm_ue-logo-scaled.jpg\" \/>\n<meta name=\"twitter:card\" content=\"summary_large_image\" \/>\n<meta name=\"twitter:label1\" content=\"Tempo de lectura\" \/>\n\t<meta name=\"twitter:data1\" content=\"4 minutos\" \/>\n<script type=\"application\/ld+json\" class=\"yoast-schema-graph\">{\"@context\":\"https:\/\/schema.org\",\"@graph\":[{\"@type\":\"WebPage\",\"@id\":\"https:\/\/agaca.coop\/gl\/leadfarm-5-0\/\",\"url\":\"https:\/\/agaca.coop\/gl\/leadfarm-5-0\/\",\"name\":\"#LEADFARM 5.0 - AGACA\",\"isPartOf\":{\"@id\":\"https:\/\/agaca.coop\/#website\"},\"datePublished\":\"2022-07-13T13:15:46+00:00\",\"dateModified\":\"2025-04-16T10:39:44+00:00\",\"breadcrumb\":{\"@id\":\"https:\/\/agaca.coop\/gl\/leadfarm-5-0\/#breadcrumb\"},\"inLanguage\":\"gl-ES\",\"potentialAction\":[{\"@type\":\"ReadAction\",\"target\":[\"https:\/\/agaca.coop\/gl\/leadfarm-5-0\/\"]}]},{\"@type\":\"BreadcrumbList\",\"@id\":\"https:\/\/agaca.coop\/gl\/leadfarm-5-0\/#breadcrumb\",\"itemListElement\":[{\"@type\":\"ListItem\",\"position\":1,\"name\":\"Portada\",\"item\":\"https:\/\/agaca.coop\/gl\/\"},{\"@type\":\"ListItem\",\"position\":2,\"name\":\"#LEADFARM 5.0\"}]},{\"@type\":\"WebSite\",\"@id\":\"https:\/\/agaca.coop\/#website\",\"url\":\"https:\/\/agaca.coop\/\",\"name\":\"AGACA\",\"description\":\"Asociaci\u00f3n Galega de Cooperativas Agrarias\",\"potentialAction\":[{\"@type\":\"SearchAction\",\"target\":{\"@type\":\"EntryPoint\",\"urlTemplate\":\"https:\/\/agaca.coop\/?s={search_term_string}\"},\"query-input\":\"required name=search_term_string\"}],\"inLanguage\":\"gl-ES\"}]}<\/script>\n<!-- \/ Yoast SEO plugin. -->","yoast_head_json":{"title":"#LEADFARM 5.0 - AGACA","robots":{"index":"index","follow":"follow","max-snippet":"max-snippet:-1","max-image-preview":"max-image-preview:large","max-video-preview":"max-video-preview:-1"},"canonical":"https:\/\/agaca.coop\/gl\/leadfarm-5-0\/","og_locale":"gl_ES","og_type":"article","og_title":"#LEADFARM 5.0 - AGACA","og_description":"[vc_row][vc_column][vc_column_text] Mellorar a capacidade das cooperativas agroalimentarias, acelerando o desenvolvemento e a asimilaci\u00f3n de futuras competencias baseadas nas innovaci\u00f3ns dixitais &nbsp; [\/vc_column_text][\/vc_column][\/vc_row][vc_row][vc_column width=&#8221;1\/4&#8243;][vc_column_text css_animation=&#8221;fadeIn&#8221;] COORDINACI\u00d3N ICOS, Irish Co-operative Organisation Society. Dubl\u00edn (Irlanda) DURACI\u00d3N O proxecto iniciouse en febreiro de 2022 e ter\u00e1 unha duraci\u00f3n total de 30 meses.[\/vc_column_text][\/vc_column][vc_column width=&#8221;3\/4&#8243;][vc_column_text css_animation=&#8221;fadeIn&#8221;] CONSORCIO 8 entidades socias en [&hellip;]","og_url":"https:\/\/agaca.coop\/gl\/leadfarm-5-0\/","og_site_name":"AGACA","article_modified_time":"2025-04-16T10:39:44+00:00","og_image":[{"url":"https:\/\/agaca.coop\/wp-content\/uploads\/2022\/07\/leadfarm_ue-logo-scaled.jpg"}],"twitter_card":"summary_large_image","twitter_misc":{"Tempo de lectura":"4 minutos"},"schema":{"@context":"https:\/\/schema.org","@graph":[{"@type":"WebPage","@id":"https:\/\/agaca.coop\/gl\/leadfarm-5-0\/","url":"https:\/\/agaca.coop\/gl\/leadfarm-5-0\/","name":"#LEADFARM 5.0 - AGACA","isPartOf":{"@id":"https:\/\/agaca.coop\/#website"},"datePublished":"2022-07-13T13:15:46+00:00","dateModified":"2025-04-16T10:39:44+00:00","breadcrumb":{"@id":"https:\/\/agaca.coop\/gl\/leadfarm-5-0\/#breadcrumb"},"inLanguage":"gl-ES","potentialAction":[{"@type":"ReadAction","target":["https:\/\/agaca.coop\/gl\/leadfarm-5-0\/"]}]},{"@type":"BreadcrumbList","@id":"https:\/\/agaca.coop\/gl\/leadfarm-5-0\/#breadcrumb","itemListElement":[{"@type":"ListItem","position":1,"name":"Portada","item":"https:\/\/agaca.coop\/gl\/"},{"@type":"ListItem","position":2,"name":"#LEADFARM 5.0"}]},{"@type":"WebSite","@id":"https:\/\/agaca.coop\/#website","url":"https:\/\/agaca.coop\/","name":"AGACA","description":"Asociaci\u00f3n Galega de Cooperativas Agrarias","potentialAction":[{"@type":"SearchAction","target":{"@type":"EntryPoint","urlTemplate":"https:\/\/agaca.coop\/?s={search_term_string}"},"query-input":"required name=search_term_string"}],"inLanguage":"gl-ES"}]}},"_links":{"self":[{"href":"https:\/\/agaca.coop\/gl\/wp-json\/wp\/v2\/pages\/13877","targetHints":{"allow":["GET"]}}],"collection":[{"href":"https:\/\/agaca.coop\/gl\/wp-json\/wp\/v2\/pages"}],"about":[{"href":"https:\/\/agaca.coop\/gl\/wp-json\/wp\/v2\/types\/page"}],"author":[{"embeddable":true,"href":"https:\/\/agaca.coop\/gl\/wp-json\/wp\/v2\/users\/2"}],"replies":[{"embeddable":true,"href":"https:\/\/agaca.coop\/gl\/wp-json\/wp\/v2\/comments?post=13877"}],"version-history":[{"count":20,"href":"https:\/\/agaca.coop\/gl\/wp-json\/wp\/v2\/pages\/13877\/revisions"}],"predecessor-version":[{"id":23820,"href":"https:\/\/agaca.coop\/gl\/wp-json\/wp\/v2\/pages\/13877\/revisions\/23820"}],"wp:attachment":[{"href":"https:\/\/agaca.coop\/gl\/wp-json\/wp\/v2\/media?parent=13877"}],"curies":[{"name":"wp","href":"https:\/\/api.w.org\/{rel}","templated":true}]}}