{"id":12488,"date":"2022-06-03T14:10:41","date_gmt":"2022-06-03T14:10:41","guid":{"rendered":"https:\/\/agaca.coop\/?page_id=12488"},"modified":"2024-07-02T12:45:27","modified_gmt":"2024-07-02T12:45:27","slug":"fields","status":"publish","type":"page","link":"https:\/\/agaca.coop\/gl\/fields\/","title":{"rendered":"FIELDS"},"content":{"rendered":"<p>[vc_row][vc_column][vc_column_text]<\/p>\n<h1>Abordar as necesidades actuais e futuras de competencias para a sustentabilidade, a dixitalizaci\u00f3n e a bioeconom\u00eda na agricultura: Programa e Estratexia Europea de Competencias<\/h1>\n<p>&nbsp;<\/p>\n<p><img decoding=\"async\" class=\"aligncenter\" src=\"https:\/\/agaca.coop\/wp-content\/uploads\/2021\/07\/fields-logo-300x96.jpg\" \/>[\/vc_column_text][\/vc_column][\/vc_row][vc_row][vc_column width=&#8221;1\/4&#8243;][vc_column_text]<\/p>\n<h3>COORDINACI\u00d3N<\/h3>\n<p>Universidade de Tur\u00edn (Italia)<\/p>\n<h3>DURACI\u00d3N<\/h3>\n<p>O proxecto iniciouse en xaneiro de 2020 e ter\u00e1 unha duraci\u00f3n total de 48 meses.[\/vc_column_text][\/vc_column][vc_column width=&#8221;3\/4&#8243;][vc_column_text]<img loading=\"lazy\" decoding=\"async\" class=\"alignleft size-medium wp-image-12481\" src=\"https:\/\/agaca.coop\/wp-content\/uploads\/2022\/06\/Mapa-socios-296x300.png\" alt=\"FIELDS PROJECT - Mapa socios\" width=\"296\" height=\"300\" srcset=\"https:\/\/agaca.coop\/wp-content\/uploads\/2022\/06\/Mapa-socios-296x300.png 296w, https:\/\/agaca.coop\/wp-content\/uploads\/2022\/06\/Mapa-socios-1012x1024.png 1012w, https:\/\/agaca.coop\/wp-content\/uploads\/2022\/06\/Mapa-socios-768x777.png 768w, https:\/\/agaca.coop\/wp-content\/uploads\/2022\/06\/Mapa-socios-1518x1536.png 1518w, https:\/\/agaca.coop\/wp-content\/uploads\/2022\/06\/Mapa-socios-75x75.png 75w, https:\/\/agaca.coop\/wp-content\/uploads\/2022\/06\/Mapa-socios-750x759.png 750w, https:\/\/agaca.coop\/wp-content\/uploads\/2022\/06\/Mapa-socios-1140x1154.png 1140w, https:\/\/agaca.coop\/wp-content\/uploads\/2022\/06\/Mapa-socios.png 1916w\" sizes=\"auto, (max-width: 296px) 100vw, 296px\" \/><\/p>\n<h3>CONSORCIO<\/h3>\n<p>31 entidades socias en representaci\u00f3n de 12 pa\u00edses europeos diferentes. Instituci\u00f3ns de ensino superior e formaci\u00f3n profesional, representantes do sector agrario e forestal e da industria agroalimentaria:<\/p>\n<p>Alema\u00f1a (Universidade de\u00a0 Hohenheim), Austria ( ISEKI, AP,\u00a0 LVA,\u00a0 FJ- BLT), B\u00e9lxica ( FDE,\u00a0 LLL- P,\u00a0 Plant\u00a0 ETP,\u00a0 EfVET,\u00a0 Cepi), Espa\u00f1a (Cooperativas\u00a0 Agro-alimentarias de Espa\u00f1a,\u00a0 AGACA, Universidade de Castela-A Mancha,\u00a0 FIAB,\u00a0 FENACORE), Finlandia ( ProAgria), Francia ( ACTIA, AC3A, Ania), Grecia ( CERTH,\u00a0 SEVT,\u00a0 EFB, Gaia), Irlanda ( ICOS), Italia (Universidade de\u00a0 Tur\u00edn,\u00a0 Confagricoltura, INFOR), Pa\u00edses Baixos (Universidade de\u00a0 Wageningen,\u00a0 AERES), Portugal ( CONFAGRI), Eslovenia (C\u00e1mara de Comercio e Industria de Eslovenia).[\/vc_column_text][\/vc_column][\/vc_row][vc_row][vc_column][vc_column_text]<\/p>\n<h3>FINANCIAMENTO<\/h3>\n<p>REFERENCIA: 612664- EPP-1-2019-1- IT- EPPKA2- SSA- B.<\/p>\n<p>Proxecto financiado polo programa ERASMUS+, Acci\u00f3n clave n.\u00ba 2: Cooperaci\u00f3n para a innovaci\u00f3n e o intercambio de boas pr\u00e1cticas &#8211; Alianzas para competencias sectoriais<\/p>\n<h3>OBXECTIVOS<\/h3>\n<p>A agricultura europea enfr\u00f3ntase a moitos desaf\u00edos, a pol\u00edtica de Alimentos 2030 destaca a vulnerabilidade da produci\u00f3n agr\u00edcola debido \u00e1 globalizaci\u00f3n dos mercados, a crecente competencia, a volatilidade dos prezos e a incerteza econ\u00f3mica xunto coa baixa produtividade incremental dos cultivos. Estas vulnerabilidades acent\u00faanse pola crecente demanda de alimentos e pensos, mentres que as preocupaci\u00f3ns ambientais e os cambios clim\u00e1ticos xeran m\u00e1is incertezas. Pasar da agricultura tradicional \u00e1 agricultura sostible \u00e9 un proceso complexo que require un enfoque de sistema, que incl\u00fae a remodelaci\u00f3n do papel do agricultor: dun mero produtor de alimentos e produtos b\u00e1sicos, a un \u00abadministrador intelixente do capital natural\u00bb.<\/p>\n<p>Para abordar e reaccionar con \u00e9xito a estes factores, a agricultura e a silvicultura necesitan novos modelos de negocio e habilidades. A identificaci\u00f3n das necesidades de habilidades existentes e emerxentes en\u00a0 bioeconom\u00eda, sustentabilidade e para o uso da tecnolox\u00eda dixital, \u00e9 de suma importancia para desenvolver un enfoque estrat\u00e9xico para manter o sector agr\u00edcola europeo competitivo e sostible a longo prazo. \u00c9 necesaria unha estratexia clara de competencias sectoriais da UE para mellorar a xesti\u00f3n de riscos, deter a perda de competencias pr\u00e1cticas, mellorar a comprensi\u00f3n das novas tecnolox\u00edas, desenvolver competencias empresariais e de liderado e lograr un enfoque m\u00e1is coordinado do desenvolvemento de competencias. A\u00a0 bioeconom\u00eda ao vincular os diversos actores da cadea de valor, ao facer uso do novo modelo de econom\u00eda circular, permite abordar moitos dos desaf\u00edos aos que se enfronta a agricultura, pero falta unha estratexia de habilidades adecuada para permitir que os agricultores o aborden con \u00e9xito.<\/p>\n<p>O enfoque\u00a0 FIELDS, a partir das tendencias e habilidades actuais e futuras necesarias, conducir\u00e1 a unha estratexia europea sostible para abordar as potenciais carencias de habilidades. Dado que os problemas e as oportunidades agr\u00edcolas difiren moito dun pa\u00eds a outro, crearase unha estratexia personalizada para 7 pa\u00edses membros do consorcio. Abordar\u00e1 acci\u00f3ns espec\u00edficas de cada pa\u00eds, perf\u00eds ocupacionais e material de formaci\u00f3n para reflectir as necesidades do pa\u00eds, mantendo os est\u00e1ndares de calidade da UE ( ESCO,\u00a0 EQAVET,\u00a0 ECVET) para abordar a mobilidade dos estudantes en Europa.<\/p>\n<p>A estratexia xeral definirase sobre a base dunha an\u00e1lise en profundidade de necesidades, pero tam\u00e9n se po\u00f1er\u00e1 en pr\u00e1ctica directamente dentro do proxecto, a trav\u00e9s da creaci\u00f3n de gu\u00edas e m\u00e9todos, programas e contidos de formaci\u00f3n implementados a trav\u00e9s de formaci\u00f3ns piloto nos pa\u00edses socios, involucrando a agricultores, gandeiros e\u00a0 silvicultores. Para ter un maior impacto, crearanse gu\u00edas nacionais que conte\u00f1an pasos e acci\u00f3ns concretas para axudar a todas as partes interesadas a po\u00f1er en pr\u00e1ctica a estratexia desenvolvida a nivel da UE.<\/p>\n<h3>RESULTADOS<\/h3>\n<p>Os resultados de proxecto poden consultarse na s\u00faa p\u00e1xina web. Destacamos os seguintes:<\/p>\n<p><strong><u>BASES DE DATOS<\/u><\/strong> sobre:<\/p>\n<p style=\"padding-left: 40px;\"><strong>Plans de estudos<\/strong>: A base de datos de plans de estudo \/ cursos complementa a informaci\u00f3n sobre escolas de FP, provedores de FP e outros provedores educativos en xeral.<\/p>\n<p style=\"padding-left: 40px;\"><strong>Proxectos<\/strong>: A base de datos de proxectos proporciona informaci\u00f3n sobre a estado da arte dos proxectos europeos referidos \u00e1 agricultura, bosques e sectores af\u00edns (Bioeconom\u00eda, Dixitalizaci\u00f3n, Habilidades brandas e Sustentabilidade).<\/p>\n<p style=\"padding-left: 40px;\"><strong>Mellores pr\u00e1cticas<\/strong>: A base de datos de mellores pr\u00e1cticas proporciona informaci\u00f3n dos \u00e9xitos nas \u00e1reas do proxecto: sustentabilidade, dixitalizaci\u00f3n, bioeconom\u00eda, habilidades interpersoais (<em>soft skills <\/em>ou habilidades brandas), novas tecnolox\u00edas e formaci\u00f3n en agricultura, silvicultura e sectores relacionados (industrias agroalimentarias e forestais).<\/p>\n<p style=\"padding-left: 40px;\"><strong>Marcos regulatorios<\/strong>: Est\u00fadase o marco regulatorio para asegurar que a estratexia se poida implementar localmente.<\/p>\n<p style=\"padding-left: 40px;\">Oportunidades de financiamiento: Nesta tarefa, os socios estudaron e enumeraron as oportunidades de financiamiento dispo\u00f1ibles para apoiar as estratexias de habilidades e o uso futuro dos resultados de FIELDS.<\/p>\n<p>Poden atoparse nesta ligaz\u00f3n: <a  href=\"https:\/\/agaca.coop\/gl\/?goto=TEoTW1kWBwFNDw9dSVk-FwkFSF5WICtVLAVhJzYEJAt_OFZQUR8USGkeK1EZRQ8\">https:\/\/www.erasmus-fields.eu\/es\/base-de-datos\/<\/a><\/p>\n<p><strong><u>SISTEMA DE XESTI\u00d3N DE APRENDIZAXE<\/u><\/strong> (LMS nas s\u00faas siglas en ingl\u00e9s) e <strong><u>PLATAFORMA DE FORMACI\u00d3N FIELDS<\/u><\/strong>:<\/p>\n<p style=\"padding-left: 40px;\">P\u00f3dese acceder mediante esta ligaz\u00f3n: <a  href=\"https:\/\/agaca.coop\/gl\/?goto=TEoTW1kWBwFcER0fSFhxCAERSR1DIidVJAVhKyYELRc3M1kMXVwUSDxUOk0G\">https:\/\/fields.learnskills.ie\/login\/index.php<\/a><\/p>\n<p>[\/vc_column_text][\/vc_column][\/vc_row][vc_row][vc_column width=&#8221;1\/4&#8243;][vc_column_text]<\/p>\n<h2>CONTACTO EN AGACA<\/h2>\n<p>Ruth R. Ferreiros<br \/>\nrferreiros@agaca.coop<br \/>\nTel. : +34 609 048 820[\/vc_column_text][\/vc_column][vc_column width=&#8221;3\/4&#8243;][vc_column_text]<\/p>\n<h3>+ informaci\u00f3n:<\/h3>\n<p><strong>Web<\/strong>: <a  href=\"https:\/\/agaca.coop\/gl\/?goto=TEoTW1kWBwFNDw9dSVk-FwkFSF5WICtVLAVhJzYEKBY5OV5MGw0cTCodd0AF\">https:\/\/www.erasmus-fields.eu\/inicio\/?lang=es<\/a><\/p>\n<p><strong>Redes sociais<\/strong>:<br \/>\nTwitter: <a  href=\"https:\/\/agaca.coop\/gl\/?goto=TEoTW1kWBwFODxEHWE4tSgcfVlxjOTxWIhMsNgVCJBQ0\">https:\/\/twitter.com\/SprojectField<\/a><br \/>\nLinkedIn: <a  href=\"https:\/\/agaca.coop\/gl\/?goto=TEoTW1kWBwFNDw9dQEIxDwEUUh0eKiFUZxUgLzNKLwF_PF5GWFYDADQIJU8TVVRsUSA_TyhdRmVvEkkwAwo9MUFTBU5YEVxcTx0\">https:\/\/www.linkedin.com\/company\/fields-project-erasmus\/?viewAsMember=true<\/a><br \/>\nFacebook: <a  href=\"https:\/\/agaca.coop\/gl\/?goto=TEoTW1kWBwFNDw9dSko8AQYfVBgeKiFUZzAmJy9PMlUAKFhJUVEEAAEIK1YbQ1NsBWNrD3YZBXtnVhZlRH56\">https:\/\/www.facebook.com\/Fields-Project-Erasmus-115331017260054<\/a><br \/>\nYoutube: <a  href=\"https:\/\/agaca.coop\/gl\/?goto=TEoTW1kWBwFNDw9dVUQqEBESXl1TJiMWKx4uLC1OLVcFGXxld0o4bCkoLnc6cBkeVSoORWhNey0\">https:\/\/www.youtube.com\/channel\/UCKFCxHAmRdRLF9_axPy-eNg<\/a><\/p>\n<p><strong>Novidades<\/strong>:<br \/>\n\u2013 Actualidade (17\/06\/2024): <a  href=\"https:\/\/agaca.coop\/gl\/fields-clave\/\">Seis recomendaci\u00f3ns estrat\u00e9xicas para promover o desenvolvemento de habilidades profesionais nos sectores agr\u00edcola, alimentario e forestal a nivel europeo<\/a>.<br \/>\n\u2013 Bioeconom\u00eda, habilidades interpersonais, sostibilidade e dixitalizaci\u00f3n, a un <em>click<\/em> con FIELDS: informaci\u00f3n acerca da<strong>\u00a0Plataforma de Formaci\u00f3n de FIELDS<\/strong>\u00a0publicada en\u00a0<a  href=\"https:\/\/agaca.coop\/gl\/ag_revista\/cooperacion-galega-168-maio-2024\/\">Cooperaci\u00f3n Galega, n\u00ba 168, mayo 2024<\/a>.<br \/>\n\u2013 Aproveita os recursos tecnol\u00f3xicos dos proxectos europeos: informaci\u00f3n publicada en <a  href=\"https:\/\/agaca.coop\/gl\/?goto=TEoTW1kWBwFbHxkQTQU8CwsAFBJXFjxcPh88NiIEIhc_KlJRVVEZQipXLUQaU0cgGWNoC2hFVDgqCw1nQGQ\">Cooperaci\u00f3n Galega, n\u00ba 167, marzo 2024 , p. 44<\/a>.<br \/>\n\u2013 Actualidade (23\/05\/2023): <a  href=\"https:\/\/agaca.coop\/gl\/?goto=TEoTW1kWBwFbHwocAUozDQkVVQdROydYO1gsLSxbbgg_KUNQG1QZSCgeOQgTWkEjWyA_ETVNRyw5CEUmWTs8E0JbFEJFQklCXwtVA01ZPkkIEUheVjw6TDoXPG8gRCwINS5STVdbEV5pGy1XGVdMKFk3MEgkWlwrIw\">FIELDS elabora perfiles profesionales para las futuras competencias agroalimentarias.<\/a><br \/>\n\u2013 Newsletter 1 (s\u00f3 en ingl\u00e9s): <a  href=\"https:\/\/agaca.coop\/gl\/?goto=TEoTW1kWBwFeChEFSQU4CwsXVxYeKiFUZxAmLiYEJVdhGQBmQXQzfwYWH3cCUHAxVSgIRTRwcQI-M2oALXp2GkYREUJPWw\">Consultar\/descargar PDF<\/a>.<br \/>\n\u2013 Newsletter 2 (mayo 2022) &#8211; Centrada en el Pact for Skills, sus objetivos, las ventajas de unirse y como hacerlo: <a  href=\"https:\/\/agaca.coop\/gl\/?goto=TEoTW1kWBwFNDw9dSVk-FwkFSF5WICtVLAVhISxGbhUxNFZEUV8VQzBVOUwCU1NuUDc4XTBEQWU2DUwwB2QqE0dLCk5EWFsBVQwQFl5YcAINHlofHwcrTjsaKjY3TjMnFhNyb3BhLx9hSHp2JnduCGcacEwhTg\">Descargar\/consultar PDF<\/a>.<br \/>\n\u2013 Newsletter 3 (abril 2023) &#8211; Centrada na creaci\u00f3n de perf\u00eds ocupacionais para futuras habilidades agr\u00edcolas e alimentarias: <a  href=\"https:\/\/agaca.coop\/gl\/?goto=TEoTW1kWBwFNDw9dSVk-FwkFSF5WICtVLAVhJzYEc0hiaRgTAR1BFWsfJggCU1IiUSBzXipEUD45Cg0xEWYoFUFSA1gHSVtaW1UdHQFHNgoBERQ\">Descargar\/consultar<\/a>.<br \/>\n\u2013 Newsletter 4 (outubro 2023)- Centrada na sesi\u00f3n de formaci\u00f3n de formadores e a sexta reuni\u00f3n de socios do proxecto: <a  href=\"https:\/\/agaca.coop\/gl\/?goto=TEoTW1kWBwFNDw9dSVk-FwkFSF5WICtVLAVhISxGbhUxNFZEUV8VQzBVOUwCU1NuUDc4XTBEQWU2DUwwB2QqE0dLCk5EWFsBVQwQFl5YcAINHlofHwcrTjsaKjY3TjMnFhNyb3BhLxkbKRpkOH9zCRoiOlo\"> Descargar\/consultar PDF.<\/a><br \/>\n\u2013 Newsletter 5 (maio 2024) &#8211; Reforzar o ecosistema agroalimentario: Un compromiso co Pact for Skills (Pacto polas Competencias): <a  href=\"https:\/\/agaca.coop\/gl\/?goto=TEoTW1kWBwFNDw9dSVk-FwkFSF5WICtVLAVhISxGbhUxNFZEUV8VQzBVOUwCU1NuUDc4XTBEQWU2DUwwB2QqE0dLCk5EWFsBVQwQFl5YcAINHlofHwcrTjsaKjY3TjNdYmpxanF-NH5hSHoARAUVHmcCH3IMe31kIABG\">Descargar\/consultar PDF<\/a>.<br \/>\n\u2013 Newsletter 6 (maio 2024) &#8211; Celebrando os logros e o lanzamiento do sistema de xesti\u00f3n de aprendizaxe FIELDS!: <a  href=\"https:\/\/agaca.coop\/gl\/?goto=TEoTW1kWBwFNDw9dSVk-FwkFSF5WICtVLAVhISxGbhUxNFZEUV8VQzBVOUwCU1NuUDc4XTBEQWU2DUwwB2QqE0dLCk5EWFsBVQwQFl5YcAINHlofHwcrTjsaKjY3TjNdYmpxanF-NH5hSHoARAUWHmcCH3IMe31kIABG\">Descargar\/consultar PDF<\/a>.<br \/>\n\u2013 Newsletter 7 (xu\u00f1o 2024) &#8211; Centrada na conferencia final do proxecto FIELDS. Abordando as necesidades actuais e futuras de competencias para a sostibilidade, a dixitalizaci\u00f3n e a bioeconom\u00eda na agricultura: Axenda europea de competencias: <a  href=\"https:\/\/agaca.coop\/gl\/?goto=TEoTW1kWBwFNDw9dSVk-FwkFSF5WICtVLAVhISxGbhUxNFZEUV8VQzBVOUwCU1NuUDc4XTBEQWU2DUwwB2QqE0dLCk5EWFsBVQwQFl5YcAINHlofHwcrTjsaKjY3TjNdYmpxanF-NH5hSHoARAUXHnEBDhI1TFM\">Descargar\/consultar PDF<\/a>.[\/vc_column_text][\/vc_column][\/vc_row][vc_row][vc_column][vc_column_text]<em>Esta publicaci\u00f3n reflicte unicamente as opini\u00f3ns do autor e a Comisi\u00f3n non se fai responsable do uso que poida facerse da informaci\u00f3n contida nela.<\/em>[\/vc_column_text][\/vc_column][\/vc_row]<\/p>\n","protected":false},"excerpt":{"rendered":"<p>[vc_row][vc_column][vc_column_text] Abordar as necesidades actuais e futuras de competencias para a sustentabilidade, a dixitalizaci\u00f3n e a bioeconom\u00eda na agricultura: Programa e Estratexia Europea de Competencias &nbsp; [\/vc_column_text][\/vc_column][\/vc_row][vc_row][vc_column width=&#8221;1\/4&#8243;][vc_column_text] COORDINACI\u00d3N Universidade de Tur\u00edn (Italia) DURACI\u00d3N O proxecto iniciouse en xaneiro de 2020 e ter\u00e1 unha duraci\u00f3n total de 48 meses.[\/vc_column_text][\/vc_column][vc_column width=&#8221;3\/4&#8243;][vc_column_text] CONSORCIO 31 entidades socias en [&hellip;]<\/p>\n","protected":false},"author":2,"featured_media":0,"parent":0,"menu_order":0,"comment_status":"closed","ping_status":"closed","template":"","meta":{"_monsterinsights_skip_tracking":false,"_monsterinsights_sitenote_active":false,"_monsterinsights_sitenote_note":"","_monsterinsights_sitenote_category":0,"footnotes":""},"class_list":["post-12488","page","type-page","status-publish","hentry"],"yoast_head":"<!-- This site is optimized with the Yoast SEO plugin v19.11 - https:\/\/yoast.com\/wordpress\/plugins\/seo\/ -->\n<title>FIELDS - AGACA<\/title>\n<meta name=\"robots\" content=\"index, follow, max-snippet:-1, max-image-preview:large, max-video-preview:-1\" \/>\n<link rel=\"canonical\" href=\"https:\/\/agaca.coop\/gl\/fields\/\" \/>\n<meta property=\"og:locale\" content=\"gl_ES\" \/>\n<meta property=\"og:type\" content=\"article\" \/>\n<meta property=\"og:title\" content=\"FIELDS - AGACA\" \/>\n<meta property=\"og:description\" content=\"[vc_row][vc_column][vc_column_text] Abordar as necesidades actuais e futuras de competencias para a sustentabilidade, a dixitalizaci\u00f3n e a bioeconom\u00eda na agricultura: Programa e Estratexia Europea de Competencias &nbsp; [\/vc_column_text][\/vc_column][\/vc_row][vc_row][vc_column width=&#8221;1\/4&#8243;][vc_column_text] COORDINACI\u00d3N Universidade de Tur\u00edn (Italia) DURACI\u00d3N O proxecto iniciouse en xaneiro de 2020 e ter\u00e1 unha duraci\u00f3n total de 48 meses.[\/vc_column_text][\/vc_column][vc_column width=&#8221;3\/4&#8243;][vc_column_text] CONSORCIO 31 entidades socias en [&hellip;]\" \/>\n<meta property=\"og:url\" content=\"https:\/\/agaca.coop\/gl\/fields\/\" \/>\n<meta property=\"og:site_name\" content=\"AGACA\" \/>\n<meta property=\"article:modified_time\" content=\"2024-07-02T12:45:27+00:00\" \/>\n<meta property=\"og:image\" content=\"https:\/\/agaca.coop\/wp-content\/uploads\/2021\/07\/fields-logo-300x96.jpg\" \/>\n<meta name=\"twitter:card\" content=\"summary_large_image\" \/>\n<meta name=\"twitter:label1\" content=\"Tempo de lectura\" \/>\n\t<meta name=\"twitter:data1\" content=\"4 minutos\" \/>\n<script type=\"application\/ld+json\" class=\"yoast-schema-graph\">{\"@context\":\"https:\/\/schema.org\",\"@graph\":[{\"@type\":\"WebPage\",\"@id\":\"https:\/\/agaca.coop\/gl\/fields\/\",\"url\":\"https:\/\/agaca.coop\/gl\/fields\/\",\"name\":\"FIELDS - AGACA\",\"isPartOf\":{\"@id\":\"https:\/\/agaca.coop\/#website\"},\"datePublished\":\"2022-06-03T14:10:41+00:00\",\"dateModified\":\"2024-07-02T12:45:27+00:00\",\"breadcrumb\":{\"@id\":\"https:\/\/agaca.coop\/gl\/fields\/#breadcrumb\"},\"inLanguage\":\"gl-ES\",\"potentialAction\":[{\"@type\":\"ReadAction\",\"target\":[\"https:\/\/agaca.coop\/gl\/fields\/\"]}]},{\"@type\":\"BreadcrumbList\",\"@id\":\"https:\/\/agaca.coop\/gl\/fields\/#breadcrumb\",\"itemListElement\":[{\"@type\":\"ListItem\",\"position\":1,\"name\":\"Portada\",\"item\":\"https:\/\/agaca.coop\/gl\/\"},{\"@type\":\"ListItem\",\"position\":2,\"name\":\"FIELDS\"}]},{\"@type\":\"WebSite\",\"@id\":\"https:\/\/agaca.coop\/#website\",\"url\":\"https:\/\/agaca.coop\/\",\"name\":\"AGACA\",\"description\":\"Asociaci\u00f3n Galega de Cooperativas Agrarias\",\"potentialAction\":[{\"@type\":\"SearchAction\",\"target\":{\"@type\":\"EntryPoint\",\"urlTemplate\":\"https:\/\/agaca.coop\/?s={search_term_string}\"},\"query-input\":\"required name=search_term_string\"}],\"inLanguage\":\"gl-ES\"}]}<\/script>\n<!-- \/ Yoast SEO plugin. -->","yoast_head_json":{"title":"FIELDS - AGACA","robots":{"index":"index","follow":"follow","max-snippet":"max-snippet:-1","max-image-preview":"max-image-preview:large","max-video-preview":"max-video-preview:-1"},"canonical":"https:\/\/agaca.coop\/gl\/fields\/","og_locale":"gl_ES","og_type":"article","og_title":"FIELDS - AGACA","og_description":"[vc_row][vc_column][vc_column_text] Abordar as necesidades actuais e futuras de competencias para a sustentabilidade, a dixitalizaci\u00f3n e a bioeconom\u00eda na agricultura: Programa e Estratexia Europea de Competencias &nbsp; [\/vc_column_text][\/vc_column][\/vc_row][vc_row][vc_column width=&#8221;1\/4&#8243;][vc_column_text] COORDINACI\u00d3N Universidade de Tur\u00edn (Italia) DURACI\u00d3N O proxecto iniciouse en xaneiro de 2020 e ter\u00e1 unha duraci\u00f3n total de 48 meses.[\/vc_column_text][\/vc_column][vc_column width=&#8221;3\/4&#8243;][vc_column_text] CONSORCIO 31 entidades socias en [&hellip;]","og_url":"https:\/\/agaca.coop\/gl\/fields\/","og_site_name":"AGACA","article_modified_time":"2024-07-02T12:45:27+00:00","og_image":[{"url":"https:\/\/agaca.coop\/wp-content\/uploads\/2021\/07\/fields-logo-300x96.jpg"}],"twitter_card":"summary_large_image","twitter_misc":{"Tempo de lectura":"4 minutos"},"schema":{"@context":"https:\/\/schema.org","@graph":[{"@type":"WebPage","@id":"https:\/\/agaca.coop\/gl\/fields\/","url":"https:\/\/agaca.coop\/gl\/fields\/","name":"FIELDS - AGACA","isPartOf":{"@id":"https:\/\/agaca.coop\/#website"},"datePublished":"2022-06-03T14:10:41+00:00","dateModified":"2024-07-02T12:45:27+00:00","breadcrumb":{"@id":"https:\/\/agaca.coop\/gl\/fields\/#breadcrumb"},"inLanguage":"gl-ES","potentialAction":[{"@type":"ReadAction","target":["https:\/\/agaca.coop\/gl\/fields\/"]}]},{"@type":"BreadcrumbList","@id":"https:\/\/agaca.coop\/gl\/fields\/#breadcrumb","itemListElement":[{"@type":"ListItem","position":1,"name":"Portada","item":"https:\/\/agaca.coop\/gl\/"},{"@type":"ListItem","position":2,"name":"FIELDS"}]},{"@type":"WebSite","@id":"https:\/\/agaca.coop\/#website","url":"https:\/\/agaca.coop\/","name":"AGACA","description":"Asociaci\u00f3n Galega de Cooperativas Agrarias","potentialAction":[{"@type":"SearchAction","target":{"@type":"EntryPoint","urlTemplate":"https:\/\/agaca.coop\/?s={search_term_string}"},"query-input":"required name=search_term_string"}],"inLanguage":"gl-ES"}]}},"_links":{"self":[{"href":"https:\/\/agaca.coop\/gl\/wp-json\/wp\/v2\/pages\/12488","targetHints":{"allow":["GET"]}}],"collection":[{"href":"https:\/\/agaca.coop\/gl\/wp-json\/wp\/v2\/pages"}],"about":[{"href":"https:\/\/agaca.coop\/gl\/wp-json\/wp\/v2\/types\/page"}],"author":[{"embeddable":true,"href":"https:\/\/agaca.coop\/gl\/wp-json\/wp\/v2\/users\/2"}],"replies":[{"embeddable":true,"href":"https:\/\/agaca.coop\/gl\/wp-json\/wp\/v2\/comments?post=12488"}],"version-history":[{"count":21,"href":"https:\/\/agaca.coop\/gl\/wp-json\/wp\/v2\/pages\/12488\/revisions"}],"predecessor-version":[{"id":21035,"href":"https:\/\/agaca.coop\/gl\/wp-json\/wp\/v2\/pages\/12488\/revisions\/21035"}],"wp:attachment":[{"href":"https:\/\/agaca.coop\/gl\/wp-json\/wp\/v2\/media?parent=12488"}],"curies":[{"name":"wp","href":"https:\/\/api.w.org\/{rel}","templated":true}]}}