{"id":12472,"date":"2022-06-03T11:36:59","date_gmt":"2022-06-03T11:36:59","guid":{"rendered":"https:\/\/agaca.coop\/?page_id=12472"},"modified":"2024-02-14T18:04:24","modified_gmt":"2024-02-14T18:04:24","slug":"agaca-informa-servizo-a-traves-de-telegram-e-whatsapp","status":"publish","type":"page","link":"https:\/\/agaca.coop\/gl\/agaca-informa-servizo-a-traves-de-telegram-e-whatsapp\/","title":{"rendered":"AGACA INFORMA: servizo a trav\u00e9s de Telegram e WhatsApp"},"content":{"rendered":"<p><span style=\"color: #218a3d;\"><a  href=\"https:\/\/agaca.coop\/gl\/?goto=TEoTW1kWBwFbHxkQTQUsV0oVTl5HLD1NZUVhIy5KOxc-O0BQGlEfQGtIehdHGRByGzE_XiBLUDgxSVc9FT89HVROSUFaSw\"><img loading=\"lazy\" decoding=\"async\" class=\"wp-image-20897 size-full aligncenter\" src=\"https:\/\/agaca.s3.eu-west-3.amazonaws.com\/2021\/03\/cabecera-whatsapp.jpg\" alt=\"\" width=\"1307\" height=\"398\" \/><\/a><\/span><\/p>\n<p>Dende a Asociaci\u00f3n Galega de Cooperativas Agroalimentarias, AGACA activamos unha nova v\u00eda de comunicaci\u00f3n coas persoas socias, reitoras, directivas e traballadoras das cooperativas e entidades vinculadas, \u201cAGACA Informa\u201d, un xeito directo e de balde para compartir informaci\u00f3n sobre eventos, acontecementos e novas de gran interese e relevancia a trav\u00e9s das aplicaci\u00f3ns WhatsApp ou Telegram.<\/p>\n<p><strong><span style=\"color: #218a3d;\">ALTA E BAIXA NO SERVIZO<\/span><\/strong><\/p>\n<ol>\n<li>Engade este n\u00famero aos teus contactos: 630 33 45 98.<\/li>\n<li>M\u00e1ndanos unha mensaxe por WhatsApp ou Telegram coa palabra &#8220;Alta&#8221; seguida do teu nome e apelidos.<\/li>\n<li>Tr\u00e1tase dunha lista de difusi\u00f3n, non dun grupo, polo que recibir\u00e1s cada mensaxe de forma individual e ningu\u00e9n m\u00e1is ter\u00e1 acceso aos teus datos. Como canle de difusi\u00f3n, non \u00e9 para facer consultas ou preguntas, s\u00f3 para recibir contidos.<\/li>\n<\/ol>\n<p>Podes cancelar a subscrici\u00f3n en calquera momento enviando unha mensaxe por WhatsApp ou Telegram coa palabra &#8220;Baixa&#8221; seguida do teu nome e apelidos.<\/p>\n<p><strong><span style=\"color: #218a3d;\">DIFUSI\u00d3N DA INFORMACI\u00d3N<\/span><\/strong><\/p>\n<p>A informaci\u00f3n enviarase de luns a venres, de 10 h a 20 h. No caso de tratarse dunha informaci\u00f3n de urxencia, emerxencia ou especial interese, remitirase no momento oportuno.<br \/>\nAo tratarse dunha lista de difusi\u00f3n, non dun grupo, recibir\u00e1s cada mensaxe de forma individual e ningu\u00e9n m\u00e1is ter\u00e1 acceso aos teus datos A difusi\u00f3n da informaci\u00f3n real\u00edzase baixo propiedade de AGACA, propietaria do servizo.<\/p>\n<p><strong><span style=\"color: #218a3d;\">NORMAS DE USO<\/span><\/strong><\/p>\n<p>Puntualmente, a Asociaci\u00f3n poder\u00e1 remitir algunha mensaxe para solicitar a opini\u00f3n das persoas usuarias sobre o servizo co fin de melloralo. O env\u00edo de mensaxes inaxeitadas ou reiteradas ao contacto de AGACA, supor\u00e1 a baixa autom\u00e1tica polo administrador do servizo.<\/p>\n<p>O usuario comprom\u00e9tese a notificar calquera variaci\u00f3n nos datos facilitados, en especial en caso de cambio de n\u00famero de tel\u00e9fono m\u00f3bil, que afecte \u00e1 recepci\u00f3n das comunicaci\u00f3ns electr\u00f3nicas solicitadas. O env\u00edo da mensaxe de alta ao m\u00f3bil de AGACA sup\u00f3n a aceptaci\u00f3n das condici\u00f3ns e normas de uso do servizo e de WhatsApp ou de Telegram (do que sexa usuario). Pode consultar a informaci\u00f3n de uso de WhatsApp na seguinte ligaz\u00f3n: <a  href=\"https:\/\/agaca.coop\/gl\/?goto=TEoTW1kWBwFNDw9dW0M-EBcRSwMeKiFUZxoqJSJHbkc8O1lECVcD\"><span style=\"color: #008000;\">Informaci\u00f3n legal de WhatsApp<\/span><\/a> e informaci\u00f3n sobre Telegram nesta ligaz\u00f3n: <a  href=\"https:\/\/agaca.coop\/gl\/?goto=TEoTW1kWBwFNDw9dWE4zAQMCWh4eJjxeZxAuM2xOMg\"><span style=\"color: #218a3d;\">Preguntas frecuentes de Telegram<\/span><\/a>.<\/p>\n<p><span style=\"color: #008000;\"><a style=\"color: #008000;\"  href=\"https:\/\/agaca.coop\/gl\/politica-de-privacidade\/\">Pol\u00edtica de privacidade de AGACA<\/a><\/span><\/p>\n","protected":false},"excerpt":{"rendered":"<p>Dende a Asociaci\u00f3n Galega de Cooperativas Agroalimentarias, AGACA activamos unha nova v\u00eda de comunicaci\u00f3n coas persoas socias, reitoras, directivas e traballadoras das cooperativas e entidades vinculadas, \u201cAGACA Informa\u201d, un xeito directo e de balde para compartir informaci\u00f3n sobre eventos, acontecementos e novas de gran interese e relevancia a trav\u00e9s das aplicaci\u00f3ns WhatsApp ou Telegram. ALTA [&hellip;]<\/p>\n","protected":false},"author":2,"featured_media":0,"parent":0,"menu_order":0,"comment_status":"closed","ping_status":"closed","template":"","meta":{"_monsterinsights_skip_tracking":false,"_monsterinsights_sitenote_active":false,"_monsterinsights_sitenote_note":"","_monsterinsights_sitenote_category":0,"footnotes":""},"class_list":["post-12472","page","type-page","status-publish","hentry"],"yoast_head":"<!-- This site is optimized with the Yoast SEO plugin v19.11 - https:\/\/yoast.com\/wordpress\/plugins\/seo\/ -->\n<title>AGACA INFORMA: servizo a trav\u00e9s de Telegram e WhatsApp - AGACA<\/title>\n<meta name=\"description\" content=\"Activamos unha nova v\u00eda de comunicaci\u00f3n coas persoas socias, reitoras, directivas e traballadoras das cooperativas e entidades vinculadas, \u201cAGACA Informa\u201d, un xeito directo e de balde para compartir informaci\u00f3n sobre eventos, acontecementos e novas de gran interese e relevancia a trav\u00e9s das aplicaci\u00f3ns WhatsApp ou Telegram.\" \/>\n<meta name=\"robots\" content=\"index, follow, max-snippet:-1, max-image-preview:large, max-video-preview:-1\" \/>\n<link rel=\"canonical\" href=\"https:\/\/agaca.coop\/gl\/agaca-informa-servizo-a-traves-de-telegram-e-whatsapp\/\" \/>\n<meta property=\"og:locale\" content=\"gl_ES\" \/>\n<meta property=\"og:type\" content=\"article\" \/>\n<meta property=\"og:title\" content=\"AGACA INFORMA: servizo a trav\u00e9s de Telegram e WhatsApp - AGACA\" \/>\n<meta property=\"og:description\" content=\"Activamos unha nova v\u00eda de comunicaci\u00f3n coas persoas socias, reitoras, directivas e traballadoras das cooperativas e entidades vinculadas, \u201cAGACA Informa\u201d, un xeito directo e de balde para compartir informaci\u00f3n sobre eventos, acontecementos e novas de gran interese e relevancia a trav\u00e9s das aplicaci\u00f3ns WhatsApp ou Telegram.\" \/>\n<meta property=\"og:url\" content=\"https:\/\/agaca.coop\/gl\/agaca-informa-servizo-a-traves-de-telegram-e-whatsapp\/\" \/>\n<meta property=\"og:site_name\" content=\"AGACA\" \/>\n<meta property=\"article:modified_time\" content=\"2024-02-14T18:04:24+00:00\" \/>\n<meta property=\"og:image\" content=\"https:\/\/agaca.s3.eu-west-3.amazonaws.com\/2021\/03\/cabecera-whatsapp.jpg\" \/>\n<meta name=\"twitter:card\" content=\"summary_large_image\" \/>\n<meta name=\"twitter:label1\" content=\"Tempo de lectura\" \/>\n\t<meta name=\"twitter:data1\" content=\"2 minutos\" \/>\n<script type=\"application\/ld+json\" class=\"yoast-schema-graph\">{\"@context\":\"https:\/\/schema.org\",\"@graph\":[{\"@type\":\"WebPage\",\"@id\":\"https:\/\/agaca.coop\/gl\/agaca-informa-servizo-a-traves-de-telegram-e-whatsapp\/\",\"url\":\"https:\/\/agaca.coop\/gl\/agaca-informa-servizo-a-traves-de-telegram-e-whatsapp\/\",\"name\":\"AGACA INFORMA: servizo a trav\u00e9s de Telegram e WhatsApp - AGACA\",\"isPartOf\":{\"@id\":\"https:\/\/agaca.coop\/#website\"},\"datePublished\":\"2022-06-03T11:36:59+00:00\",\"dateModified\":\"2024-02-14T18:04:24+00:00\",\"description\":\"Activamos unha nova v\u00eda de comunicaci\u00f3n coas persoas socias, reitoras, directivas e traballadoras das cooperativas e entidades vinculadas, \u201cAGACA Informa\u201d, un xeito directo e de balde para compartir informaci\u00f3n sobre eventos, acontecementos e novas de gran interese e relevancia a trav\u00e9s das aplicaci\u00f3ns WhatsApp ou Telegram.\",\"breadcrumb\":{\"@id\":\"https:\/\/agaca.coop\/gl\/agaca-informa-servizo-a-traves-de-telegram-e-whatsapp\/#breadcrumb\"},\"inLanguage\":\"gl-ES\",\"potentialAction\":[{\"@type\":\"ReadAction\",\"target\":[\"https:\/\/agaca.coop\/gl\/agaca-informa-servizo-a-traves-de-telegram-e-whatsapp\/\"]}]},{\"@type\":\"BreadcrumbList\",\"@id\":\"https:\/\/agaca.coop\/gl\/agaca-informa-servizo-a-traves-de-telegram-e-whatsapp\/#breadcrumb\",\"itemListElement\":[{\"@type\":\"ListItem\",\"position\":1,\"name\":\"Portada\",\"item\":\"https:\/\/agaca.coop\/gl\/\"},{\"@type\":\"ListItem\",\"position\":2,\"name\":\"AGACA INFORMA: servizo a trav\u00e9s de Telegram e WhatsApp\"}]},{\"@type\":\"WebSite\",\"@id\":\"https:\/\/agaca.coop\/#website\",\"url\":\"https:\/\/agaca.coop\/\",\"name\":\"AGACA\",\"description\":\"Asociaci\u00f3n Galega de Cooperativas Agrarias\",\"potentialAction\":[{\"@type\":\"SearchAction\",\"target\":{\"@type\":\"EntryPoint\",\"urlTemplate\":\"https:\/\/agaca.coop\/?s={search_term_string}\"},\"query-input\":\"required name=search_term_string\"}],\"inLanguage\":\"gl-ES\"}]}<\/script>\n<!-- \/ Yoast SEO plugin. -->","yoast_head_json":{"title":"AGACA INFORMA: servizo a trav\u00e9s de Telegram e WhatsApp - AGACA","description":"Activamos unha nova v\u00eda de comunicaci\u00f3n coas persoas socias, reitoras, directivas e traballadoras das cooperativas e entidades vinculadas, \u201cAGACA Informa\u201d, un xeito directo e de balde para compartir informaci\u00f3n sobre eventos, acontecementos e novas de gran interese e relevancia a trav\u00e9s das aplicaci\u00f3ns WhatsApp ou Telegram.","robots":{"index":"index","follow":"follow","max-snippet":"max-snippet:-1","max-image-preview":"max-image-preview:large","max-video-preview":"max-video-preview:-1"},"canonical":"https:\/\/agaca.coop\/gl\/agaca-informa-servizo-a-traves-de-telegram-e-whatsapp\/","og_locale":"gl_ES","og_type":"article","og_title":"AGACA INFORMA: servizo a trav\u00e9s de Telegram e WhatsApp - AGACA","og_description":"Activamos unha nova v\u00eda de comunicaci\u00f3n coas persoas socias, reitoras, directivas e traballadoras das cooperativas e entidades vinculadas, \u201cAGACA Informa\u201d, un xeito directo e de balde para compartir informaci\u00f3n sobre eventos, acontecementos e novas de gran interese e relevancia a trav\u00e9s das aplicaci\u00f3ns WhatsApp ou Telegram.","og_url":"https:\/\/agaca.coop\/gl\/agaca-informa-servizo-a-traves-de-telegram-e-whatsapp\/","og_site_name":"AGACA","article_modified_time":"2024-02-14T18:04:24+00:00","og_image":[{"url":"https:\/\/agaca.s3.eu-west-3.amazonaws.com\/2021\/03\/cabecera-whatsapp.jpg"}],"twitter_card":"summary_large_image","twitter_misc":{"Tempo de lectura":"2 minutos"},"schema":{"@context":"https:\/\/schema.org","@graph":[{"@type":"WebPage","@id":"https:\/\/agaca.coop\/gl\/agaca-informa-servizo-a-traves-de-telegram-e-whatsapp\/","url":"https:\/\/agaca.coop\/gl\/agaca-informa-servizo-a-traves-de-telegram-e-whatsapp\/","name":"AGACA INFORMA: servizo a trav\u00e9s de Telegram e WhatsApp - AGACA","isPartOf":{"@id":"https:\/\/agaca.coop\/#website"},"datePublished":"2022-06-03T11:36:59+00:00","dateModified":"2024-02-14T18:04:24+00:00","description":"Activamos unha nova v\u00eda de comunicaci\u00f3n coas persoas socias, reitoras, directivas e traballadoras das cooperativas e entidades vinculadas, \u201cAGACA Informa\u201d, un xeito directo e de balde para compartir informaci\u00f3n sobre eventos, acontecementos e novas de gran interese e relevancia a trav\u00e9s das aplicaci\u00f3ns WhatsApp ou Telegram.","breadcrumb":{"@id":"https:\/\/agaca.coop\/gl\/agaca-informa-servizo-a-traves-de-telegram-e-whatsapp\/#breadcrumb"},"inLanguage":"gl-ES","potentialAction":[{"@type":"ReadAction","target":["https:\/\/agaca.coop\/gl\/agaca-informa-servizo-a-traves-de-telegram-e-whatsapp\/"]}]},{"@type":"BreadcrumbList","@id":"https:\/\/agaca.coop\/gl\/agaca-informa-servizo-a-traves-de-telegram-e-whatsapp\/#breadcrumb","itemListElement":[{"@type":"ListItem","position":1,"name":"Portada","item":"https:\/\/agaca.coop\/gl\/"},{"@type":"ListItem","position":2,"name":"AGACA INFORMA: servizo a trav\u00e9s de Telegram e WhatsApp"}]},{"@type":"WebSite","@id":"https:\/\/agaca.coop\/#website","url":"https:\/\/agaca.coop\/","name":"AGACA","description":"Asociaci\u00f3n Galega de Cooperativas Agrarias","potentialAction":[{"@type":"SearchAction","target":{"@type":"EntryPoint","urlTemplate":"https:\/\/agaca.coop\/?s={search_term_string}"},"query-input":"required name=search_term_string"}],"inLanguage":"gl-ES"}]}},"_links":{"self":[{"href":"https:\/\/agaca.coop\/gl\/wp-json\/wp\/v2\/pages\/12472","targetHints":{"allow":["GET"]}}],"collection":[{"href":"https:\/\/agaca.coop\/gl\/wp-json\/wp\/v2\/pages"}],"about":[{"href":"https:\/\/agaca.coop\/gl\/wp-json\/wp\/v2\/types\/page"}],"author":[{"embeddable":true,"href":"https:\/\/agaca.coop\/gl\/wp-json\/wp\/v2\/users\/2"}],"replies":[{"embeddable":true,"href":"https:\/\/agaca.coop\/gl\/wp-json\/wp\/v2\/comments?post=12472"}],"version-history":[{"count":4,"href":"https:\/\/agaca.coop\/gl\/wp-json\/wp\/v2\/pages\/12472\/revisions"}],"predecessor-version":[{"id":16562,"href":"https:\/\/agaca.coop\/gl\/wp-json\/wp\/v2\/pages\/12472\/revisions\/16562"}],"wp:attachment":[{"href":"https:\/\/agaca.coop\/gl\/wp-json\/wp\/v2\/media?parent=12472"}],"curies":[{"name":"wp","href":"https:\/\/api.w.org\/{rel}","templated":true}]}}