{"id":12421,"date":"2022-06-01T11:22:58","date_gmt":"2022-06-01T11:22:58","guid":{"rendered":"https:\/\/agaca.coop\/?page_id=12421"},"modified":"2024-07-15T09:21:09","modified_gmt":"2024-07-15T09:21:09","slug":"susbcribete-a-nosa-revista","status":"publish","type":"page","link":"https:\/\/agaca.coop\/gl\/susbcribete-a-nosa-revista\/","title":{"rendered":"Susbcr\u00edbete \u00e1 nosa revista"},"content":{"rendered":"<p>[vc_row][vc_column width=&#8221;1\/6&#8243;][\/vc_column][vc_column width=&#8221;2\/3&#8243;][vc_raw_html]JTNDZGl2JTIwY2xhc3MlM0QlMjJqZWdfYmxvY2tfaGVhZGluZyUyMGplZ19ibG9ja19oZWFkaW5nXzYlMjBqZWdfc3ViY2F0X3JpZ2h0JTIyJTNFJTBBJTIwJTIwJTIwJTIwJTIwJTIwJTIwJTIwJTIwJTIwJTIwJTIwJTIwJTIwJTIwJTIwJTIwJTIwJTIwJTIwJTNDaDMlMjBjbGFzcyUzRCUyMmplZ19ibG9ja190aXRsZSUyMiUzRSUzQ3NwYW4lM0VTVUJTQ1IlQzMlOERCRVRFJTIwJUMzJTgxJTIwTk9TQSUyMFJFVklTVEElMjBDT09QRVJBQ0klQzMlOTNOJTIwR0FMRUdBJTNDJTJGc3BhbiUzRSUzQyUyRmgzJTNFJTBBJTIwJTIwJTIwJTIwJTIwJTIwJTIwJTIwJTIwJTIwJTIwJTIwJTIwJTIwJTIwJTIwJTIwJTIwJTIwJTIwJTBBJTIwJTIwJTIwJTIwJTIwJTIwJTIwJTIwJTIwJTIwJTIwJTIwJTIwJTIwJTIwJTIwJTNDJTJGZGl2JTNF[\/vc_raw_html][vc_column_text]Subscrici\u00f3n anual (5 n\u00fameros por ano). Edici\u00f3n en papel 18\u20ac\/ano.<\/p>\n<div role=\"form\" class=\"wpcf7\" id=\"wpcf7-f12445-o1\" lang=\"es-ES\" dir=\"ltr\">\n<div class=\"screen-reader-response\"><p role=\"status\" aria-live=\"polite\" aria-atomic=\"true\"><\/p> <ul><\/ul><\/div>\n<form action=\"\/gl\/wp-json\/wp\/v2\/pages\/12421#wpcf7-f12445-o1\" method=\"post\" class=\"wpcf7-form init\" novalidate=\"novalidate\" data-status=\"init\">\n<div style=\"display: none;\">\n<input type=\"hidden\" name=\"_wpcf7\" value=\"12445\" \/>\n<input type=\"hidden\" name=\"_wpcf7_version\" value=\"5.5.6.1\" \/>\n<input type=\"hidden\" name=\"_wpcf7_locale\" value=\"es_ES\" \/>\n<input type=\"hidden\" name=\"_wpcf7_unit_tag\" value=\"wpcf7-f12445-o1\" \/>\n<input type=\"hidden\" name=\"_wpcf7_container_post\" value=\"0\" \/>\n<input type=\"hidden\" name=\"_wpcf7_posted_data_hash\" value=\"\" \/>\n<\/div>\n<div class=\"row vc_row wpb_row vc_row-fluid\">\n<div class=\"jeg-vc-wrapper\">\n<div class=\"wpb_column jeg_column vc_column_container vc_col-sm-6 jeg_main_content\">\n<div class=\"jeg_wrapper wpb_wrapper\"><label><span class=\"wpcf7-form-control-wrap your-name\"><input type=\"text\" name=\"your-name\" value=\"\" size=\"40\" class=\"wpcf7-form-control wpcf7-text wpcf7-validates-as-required\" aria-required=\"true\" aria-invalid=\"false\" placeholder=\"Nome e apelidos\" \/><\/span> <\/label><\/div>\n<\/div>\n<div class=\"wpb_column jeg_column vc_column_container vc_col-sm-6 jeg_main_content\">\n<div class=\"jeg_wrapper wpb_wrapper\"><label><span class=\"wpcf7-form-control-wrap direccion\"><input type=\"text\" name=\"direccion\" value=\"\" size=\"40\" class=\"wpcf7-form-control wpcf7-text wpcf7-validates-as-required\" aria-required=\"true\" aria-invalid=\"false\" placeholder=\"Enderezo\" \/><\/span> <\/label><\/div>\n<\/div>\n<\/div>\n<\/div>\n<p><\/p>\n<div class=\"row vc_row wpb_row vc_row-fluid\">\n<div class=\"jeg-vc-wrapper\">\n<div class=\"wpb_column jeg_column vc_column_container vc_col-sm-6 jeg_main_content\">\n<div class=\"jeg_wrapper wpb_wrapper\"><label><span class=\"wpcf7-form-control-wrap localidad\"><input type=\"text\" name=\"localidad\" value=\"\" size=\"40\" class=\"wpcf7-form-control wpcf7-text wpcf7-validates-as-required\" aria-required=\"true\" aria-invalid=\"false\" placeholder=\"Localidade\" \/><\/span> <\/label><\/div>\n<\/div>\n<div class=\"wpb_column jeg_column vc_column_container vc_col-sm-6 jeg_main_content\">\n<div class=\"jeg_wrapper wpb_wrapper\"><label><span class=\"wpcf7-form-control-wrap provincia\"><input type=\"text\" name=\"provincia\" value=\"\" size=\"40\" class=\"wpcf7-form-control wpcf7-text wpcf7-validates-as-required\" aria-required=\"true\" aria-invalid=\"false\" placeholder=\"Provincia\" \/><\/span> <\/label><\/div>\n<\/div>\n<\/div>\n<\/div>\n<p><\/p>\n<div class=\"row vc_row wpb_row vc_row-fluid\">\n<div class=\"jeg-vc-wrapper\">\n<div class=\"wpb_column jeg_column vc_column_container vc_col-sm-6 jeg_main_content\">\n<div class=\"jeg_wrapper wpb_wrapper\"><label><span class=\"wpcf7-form-control-wrap cp\"><input type=\"text\" name=\"cp\" value=\"\" size=\"40\" class=\"wpcf7-form-control wpcf7-text wpcf7-validates-as-required\" aria-required=\"true\" aria-invalid=\"false\" placeholder=\"CP\" \/><\/span> <\/label><\/div>\n<\/div>\n<div class=\"wpb_column jeg_column vc_column_container vc_col-sm-6 jeg_main_content\">\n<div class=\"jeg_wrapper wpb_wrapper\"><label><span class=\"wpcf7-form-control-wrap telefono\"><input type=\"text\" name=\"telefono\" value=\"\" size=\"40\" class=\"wpcf7-form-control wpcf7-text wpcf7-validates-as-required\" aria-required=\"true\" aria-invalid=\"false\" placeholder=\"Tel\u00e9fono\" \/><\/span> <\/label><\/div>\n<\/div>\n<\/div>\n<\/div>\n<p><\/p>\n<div class=\"row vc_row wpb_row vc_row-fluid\">\n<div class=\"jeg-vc-wrapper\">\n<div class=\"wpb_column jeg_column vc_column_container vc_col-sm-6 jeg_main_content\">\n<div class=\"jeg_wrapper wpb_wrapper\"><label><span class=\"wpcf7-form-control-wrap your-email\"><input type=\"email\" name=\"your-email\" value=\"\" size=\"40\" class=\"wpcf7-form-control wpcf7-text wpcf7-email wpcf7-validates-as-required wpcf7-validates-as-email\" aria-required=\"true\" aria-invalid=\"false\" placeholder=\"Email\" \/><\/span> <\/label><\/div>\n<\/div>\n<div class=\"wpb_column jeg_column vc_column_container vc_col-sm-6 jeg_main_content\">\n<div class=\"jeg_wrapper wpb_wrapper\"><\/div>\n<\/div>\n<\/div>\n<\/div>\n<p><\/p>\n<div style=\"font-size:12px;line-height:14px\">\n<h3 style=\"margin-top:50px\">Informaci\u00f3n sobre protecci\u00f3n de datos<\/h3>\n<p>\n<\/p>\n<ul>\n<li><b><i>Responsable de tratamento<\/i><\/b><i>: Os seus datos ser\u00e1n tratados por UNI\u00d3N DE COOPERATIVAS ASOCIACI\u00d3N GALEGA DE COOPERATIVAS AGRARIAS AGACA con domicilio social en  R\u00daA TOMI\u00d1O, 22 ENT., 15703 - SANTIAGO DE COMPOSTELA (A Coru\u00f1a).<\/i><\/li>\n<li><b><i>Finalidade e lexitimaci\u00f3n:<\/i><\/b><i> Os seus datos ser\u00e1n tratados para a inscrici\u00f3n como subscritor\/a da revista e as posteriores gestiones.<\/i><\/li>\n<li><b><i>Cesi\u00f3ns<\/i><\/b><i>: <\/i><i><span style=\"color: #000000;\"> Non ser\u00e1n cedidos a terceiros salvo obriga legal, podendo teren acceso a eles, de forma  incidental, as persnas encargadas de manter a web en funcionamiento ou repartir as revistas.<\/i><\/li>\n<li><b><i>Dereitos<\/i><\/b><i>: Informamos de que pode exercer os seus dereitos de acceso, rectificaci\u00f3n, cancelaci\u00f3n e oposici\u00f3n ao tratamento dos seus<span style=\"color: #000000;\"> datos <\/span>dirix\u00edndose ao seguinte enderezo de correo electr\u00f3nico:  <\/i><i><span lang=\"GL\"><a  href=\"mailto:derechoslopd@agaca.coop\" target=\"_blank\" rel=\"noopener\">derechoslopd@<wbr \/>agaca.coop<\/a><\/span><\/i><i> ou ,tam\u00e9n, <\/i><i><span lang=\"GL\">por escrito, adxuntando unha copia dun documento acreditativo da s\u00faa identidade ao enderezo: R\u00daA TOMI\u00d1O, 22 ENT., 15703 - SANTIAGO DE COMPOSTELA (A Coru\u00f1a) <\/span><\/i><\/li>\n<li><span lang=\"GL\"><b><i>Informaci\u00f3n adicional<\/i><\/b>: Pode consultar a informaci\u00f3n adicional e detallada sobre Protecci\u00f3n de datos na nosa pol\u00edtica de privacidade <a  href=\"https:\/\/agaca.coop\/gl\/?goto=TEoTW1kWBwFbHxkQTQU8CwsAFANfJSdNIRUubydObAgiM0FCV1sUTCBV\" target=\"_blank\" rel=\"noopener\" data-saferedirecturl=\"https:\/\/www.google.com\/url?q=https:\/\/agaca.coop\/politica-de-privacidad\/&amp;source=gmail&amp;ust=1632391062619000&amp;usg=AFQjCNH6nrSvq0REMvBkikIhJxYHgFXUhw\">https:\/\/agaca.<wbr \/>coop\/politica-de-privacidad\/<\/a><\/span><\/li>\n<\/ul>\n<\/div>\n<p>\n<span class=\"wpcf7-form-control-wrap checkbox-684\"><span class=\"wpcf7-form-control wpcf7-checkbox wpcf7-validates-as-required wpcf7-exclusive-checkbox\"><span class=\"wpcf7-list-item first last\"><input type=\"checkbox\" name=\"checkbox-684\" value=\"Lin e autorizo\" \/><span class=\"wpcf7-list-item-label\">Lin e autorizo<\/span><\/span><\/span><\/span><\/p>\n<p><input type=\"submit\" value=\"Enviar\" class=\"wpcf7-form-control has-spinner wpcf7-submit\" \/><\/p>\n<p style=\"display: none !important;\"><label>&#916;<textarea name=\"_wpcf7_ak_hp_textarea\" cols=\"45\" rows=\"8\" maxlength=\"100\"><\/textarea><\/label><input type=\"hidden\" id=\"ak_js_1\" name=\"_wpcf7_ak_js\" value=\"51\"\/><script>document.getElementById( \"ak_js_1\" ).setAttribute( \"value\", ( new Date() ).getTime() );<\/script><\/p><div class=\"wpcf7-response-output\" aria-hidden=\"true\"><\/div><\/form><\/div>[\/vc_column_text][\/vc_column][vc_column width=&#8221;1\/6&#8243;][\/vc_column][\/vc_row]<\/p>\n","protected":false},"excerpt":{"rendered":"<p>[vc_row][vc_column width=&#8221;1\/6&#8243;][\/vc_column][vc_column width=&#8221;2\/3&#8243;][vc_raw_html]JTNDZGl2JTIwY2xhc3MlM0QlMjJqZWdfYmxvY2tfaGVhZGluZyUyMGplZ19ibG9ja19oZWFkaW5nXzYlMjBqZWdfc3ViY2F0X3JpZ2h0JTIyJTNFJTBBJTIwJTIwJTIwJTIwJTIwJTIwJTIwJTIwJTIwJTIwJTIwJTIwJTIwJTIwJTIwJTIwJTIwJTIwJTIwJTIwJTNDaDMlMjBjbGFzcyUzRCUyMmplZ19ibG9ja190aXRsZSUyMiUzRSUzQ3NwYW4lM0VTVUJTQ1IlQzMlOERCRVRFJTIwJUMzJTgxJTIwTk9TQSUyMFJFVklTVEElMjBDT09QRVJBQ0klQzMlOTNOJTIwR0FMRUdBJTNDJTJGc3BhbiUzRSUzQyUyRmgzJTNFJTBBJTIwJTIwJTIwJTIwJTIwJTIwJTIwJTIwJTIwJTIwJTIwJTIwJTIwJTIwJTIwJTIwJTIwJTIwJTIwJTIwJTBBJTIwJTIwJTIwJTIwJTIwJTIwJTIwJTIwJTIwJTIwJTIwJTIwJTIwJTIwJTIwJTIwJTNDJTJGZGl2JTNF[\/vc_raw_html][vc_column_text]Subscrici\u00f3n anual (5 n\u00fameros por ano). Edici\u00f3n en papel 18\u20ac\/ano. [\/vc_column_text][\/vc_column][vc_column width=&#8221;1\/6&#8243;][\/vc_column][\/vc_row]<\/p>\n","protected":false},"author":2,"featured_media":0,"parent":0,"menu_order":0,"comment_status":"closed","ping_status":"closed","template":"","meta":{"_monsterinsights_skip_tracking":false,"_monsterinsights_sitenote_active":false,"_monsterinsights_sitenote_note":"","_monsterinsights_sitenote_category":0,"footnotes":""},"class_list":["post-12421","page","type-page","status-publish","hentry"],"yoast_head":"<!-- This site is optimized with the Yoast SEO plugin v19.11 - https:\/\/yoast.com\/wordpress\/plugins\/seo\/ -->\n<title>Susbcr\u00edbete \u00e1 nosa revista - AGACA<\/title>\n<meta name=\"robots\" content=\"index, follow, max-snippet:-1, max-image-preview:large, max-video-preview:-1\" \/>\n<link rel=\"canonical\" href=\"https:\/\/agaca.coop\/gl\/susbcribete-a-nosa-revista\/\" \/>\n<meta property=\"og:locale\" content=\"gl_ES\" \/>\n<meta property=\"og:type\" content=\"article\" \/>\n<meta property=\"og:title\" content=\"Susbcr\u00edbete \u00e1 nosa revista - AGACA\" \/>\n<meta property=\"og:description\" content=\"[vc_row][vc_column width=&#8221;1\/6&#8243;][\/vc_column][vc_column width=&#8221;2\/3&#8243;][vc_raw_html]JTNDZGl2JTIwY2xhc3MlM0QlMjJqZWdfYmxvY2tfaGVhZGluZyUyMGplZ19ibG9ja19oZWFkaW5nXzYlMjBqZWdfc3ViY2F0X3JpZ2h0JTIyJTNFJTBBJTIwJTIwJTIwJTIwJTIwJTIwJTIwJTIwJTIwJTIwJTIwJTIwJTIwJTIwJTIwJTIwJTIwJTIwJTIwJTIwJTNDaDMlMjBjbGFzcyUzRCUyMmplZ19ibG9ja190aXRsZSUyMiUzRSUzQ3NwYW4lM0VTVUJTQ1IlQzMlOERCRVRFJTIwJUMzJTgxJTIwTk9TQSUyMFJFVklTVEElMjBDT09QRVJBQ0klQzMlOTNOJTIwR0FMRUdBJTNDJTJGc3BhbiUzRSUzQyUyRmgzJTNFJTBBJTIwJTIwJTIwJTIwJTIwJTIwJTIwJTIwJTIwJTIwJTIwJTIwJTIwJTIwJTIwJTIwJTIwJTIwJTIwJTIwJTBBJTIwJTIwJTIwJTIwJTIwJTIwJTIwJTIwJTIwJTIwJTIwJTIwJTIwJTIwJTIwJTIwJTNDJTJGZGl2JTNF[\/vc_raw_html][vc_column_text]Subscrici\u00f3n anual (5 n\u00fameros por ano). Edici\u00f3n en papel 18\u20ac\/ano. [\/vc_column_text][\/vc_column][vc_column width=&#8221;1\/6&#8243;][\/vc_column][\/vc_row]\" \/>\n<meta property=\"og:url\" content=\"https:\/\/agaca.coop\/gl\/susbcribete-a-nosa-revista\/\" \/>\n<meta property=\"og:site_name\" content=\"AGACA\" \/>\n<meta property=\"article:modified_time\" content=\"2024-07-15T09:21:09+00:00\" \/>\n<meta name=\"twitter:card\" content=\"summary_large_image\" \/>\n<meta name=\"twitter:label1\" content=\"Tempo de lectura\" \/>\n\t<meta name=\"twitter:data1\" content=\"1 minuto\" \/>\n<script type=\"application\/ld+json\" class=\"yoast-schema-graph\">{\"@context\":\"https:\/\/schema.org\",\"@graph\":[{\"@type\":\"WebPage\",\"@id\":\"https:\/\/agaca.coop\/gl\/susbcribete-a-nosa-revista\/\",\"url\":\"https:\/\/agaca.coop\/gl\/susbcribete-a-nosa-revista\/\",\"name\":\"Susbcr\u00edbete \u00e1 nosa revista - AGACA\",\"isPartOf\":{\"@id\":\"https:\/\/agaca.coop\/#website\"},\"datePublished\":\"2022-06-01T11:22:58+00:00\",\"dateModified\":\"2024-07-15T09:21:09+00:00\",\"breadcrumb\":{\"@id\":\"https:\/\/agaca.coop\/gl\/susbcribete-a-nosa-revista\/#breadcrumb\"},\"inLanguage\":\"gl-ES\",\"potentialAction\":[{\"@type\":\"ReadAction\",\"target\":[\"https:\/\/agaca.coop\/gl\/susbcribete-a-nosa-revista\/\"]}]},{\"@type\":\"BreadcrumbList\",\"@id\":\"https:\/\/agaca.coop\/gl\/susbcribete-a-nosa-revista\/#breadcrumb\",\"itemListElement\":[{\"@type\":\"ListItem\",\"position\":1,\"name\":\"Portada\",\"item\":\"https:\/\/agaca.coop\/gl\/\"},{\"@type\":\"ListItem\",\"position\":2,\"name\":\"Susbcr\u00edbete \u00e1 nosa revista\"}]},{\"@type\":\"WebSite\",\"@id\":\"https:\/\/agaca.coop\/#website\",\"url\":\"https:\/\/agaca.coop\/\",\"name\":\"AGACA\",\"description\":\"Asociaci\u00f3n Galega de Cooperativas Agrarias\",\"potentialAction\":[{\"@type\":\"SearchAction\",\"target\":{\"@type\":\"EntryPoint\",\"urlTemplate\":\"https:\/\/agaca.coop\/?s={search_term_string}\"},\"query-input\":\"required name=search_term_string\"}],\"inLanguage\":\"gl-ES\"}]}<\/script>\n<!-- \/ Yoast SEO plugin. -->","yoast_head_json":{"title":"Susbcr\u00edbete \u00e1 nosa revista - AGACA","robots":{"index":"index","follow":"follow","max-snippet":"max-snippet:-1","max-image-preview":"max-image-preview:large","max-video-preview":"max-video-preview:-1"},"canonical":"https:\/\/agaca.coop\/gl\/susbcribete-a-nosa-revista\/","og_locale":"gl_ES","og_type":"article","og_title":"Susbcr\u00edbete \u00e1 nosa revista - AGACA","og_description":"[vc_row][vc_column width=&#8221;1\/6&#8243;][\/vc_column][vc_column width=&#8221;2\/3&#8243;][vc_raw_html]JTNDZGl2JTIwY2xhc3MlM0QlMjJqZWdfYmxvY2tfaGVhZGluZyUyMGplZ19ibG9ja19oZWFkaW5nXzYlMjBqZWdfc3ViY2F0X3JpZ2h0JTIyJTNFJTBBJTIwJTIwJTIwJTIwJTIwJTIwJTIwJTIwJTIwJTIwJTIwJTIwJTIwJTIwJTIwJTIwJTIwJTIwJTIwJTIwJTNDaDMlMjBjbGFzcyUzRCUyMmplZ19ibG9ja190aXRsZSUyMiUzRSUzQ3NwYW4lM0VTVUJTQ1IlQzMlOERCRVRFJTIwJUMzJTgxJTIwTk9TQSUyMFJFVklTVEElMjBDT09QRVJBQ0klQzMlOTNOJTIwR0FMRUdBJTNDJTJGc3BhbiUzRSUzQyUyRmgzJTNFJTBBJTIwJTIwJTIwJTIwJTIwJTIwJTIwJTIwJTIwJTIwJTIwJTIwJTIwJTIwJTIwJTIwJTIwJTIwJTIwJTIwJTBBJTIwJTIwJTIwJTIwJTIwJTIwJTIwJTIwJTIwJTIwJTIwJTIwJTIwJTIwJTIwJTIwJTNDJTJGZGl2JTNF[\/vc_raw_html][vc_column_text]Subscrici\u00f3n anual (5 n\u00fameros por ano). Edici\u00f3n en papel 18\u20ac\/ano. [\/vc_column_text][\/vc_column][vc_column width=&#8221;1\/6&#8243;][\/vc_column][\/vc_row]","og_url":"https:\/\/agaca.coop\/gl\/susbcribete-a-nosa-revista\/","og_site_name":"AGACA","article_modified_time":"2024-07-15T09:21:09+00:00","twitter_card":"summary_large_image","twitter_misc":{"Tempo de lectura":"1 minuto"},"schema":{"@context":"https:\/\/schema.org","@graph":[{"@type":"WebPage","@id":"https:\/\/agaca.coop\/gl\/susbcribete-a-nosa-revista\/","url":"https:\/\/agaca.coop\/gl\/susbcribete-a-nosa-revista\/","name":"Susbcr\u00edbete \u00e1 nosa revista - AGACA","isPartOf":{"@id":"https:\/\/agaca.coop\/#website"},"datePublished":"2022-06-01T11:22:58+00:00","dateModified":"2024-07-15T09:21:09+00:00","breadcrumb":{"@id":"https:\/\/agaca.coop\/gl\/susbcribete-a-nosa-revista\/#breadcrumb"},"inLanguage":"gl-ES","potentialAction":[{"@type":"ReadAction","target":["https:\/\/agaca.coop\/gl\/susbcribete-a-nosa-revista\/"]}]},{"@type":"BreadcrumbList","@id":"https:\/\/agaca.coop\/gl\/susbcribete-a-nosa-revista\/#breadcrumb","itemListElement":[{"@type":"ListItem","position":1,"name":"Portada","item":"https:\/\/agaca.coop\/gl\/"},{"@type":"ListItem","position":2,"name":"Susbcr\u00edbete \u00e1 nosa revista"}]},{"@type":"WebSite","@id":"https:\/\/agaca.coop\/#website","url":"https:\/\/agaca.coop\/","name":"AGACA","description":"Asociaci\u00f3n Galega de Cooperativas Agrarias","potentialAction":[{"@type":"SearchAction","target":{"@type":"EntryPoint","urlTemplate":"https:\/\/agaca.coop\/?s={search_term_string}"},"query-input":"required name=search_term_string"}],"inLanguage":"gl-ES"}]}},"_links":{"self":[{"href":"https:\/\/agaca.coop\/gl\/wp-json\/wp\/v2\/pages\/12421","targetHints":{"allow":["GET"]}}],"collection":[{"href":"https:\/\/agaca.coop\/gl\/wp-json\/wp\/v2\/pages"}],"about":[{"href":"https:\/\/agaca.coop\/gl\/wp-json\/wp\/v2\/types\/page"}],"author":[{"embeddable":true,"href":"https:\/\/agaca.coop\/gl\/wp-json\/wp\/v2\/users\/2"}],"replies":[{"embeddable":true,"href":"https:\/\/agaca.coop\/gl\/wp-json\/wp\/v2\/comments?post=12421"}],"version-history":[{"count":6,"href":"https:\/\/agaca.coop\/gl\/wp-json\/wp\/v2\/pages\/12421\/revisions"}],"predecessor-version":[{"id":21136,"href":"https:\/\/agaca.coop\/gl\/wp-json\/wp\/v2\/pages\/12421\/revisions\/21136"}],"wp:attachment":[{"href":"https:\/\/agaca.coop\/gl\/wp-json\/wp\/v2\/media?parent=12421"}],"curies":[{"name":"wp","href":"https:\/\/api.w.org\/{rel}","templated":true}]}}