{"id":12391,"date":"2022-05-31T11:25:46","date_gmt":"2022-05-31T11:25:46","guid":{"rendered":"https:\/\/agaca.coop\/?page_id=12391"},"modified":"2025-05-06T14:35:02","modified_gmt":"2025-05-06T14:35:02","slug":"seguros","status":"publish","type":"page","link":"https:\/\/agaca.coop\/gl\/seguros\/","title":{"rendered":"Seguros"},"content":{"rendered":"<p>[vc_row full_width=&#8221;stretch_row&#8221; parallax=&#8221;content-moving&#8221; enable_overlay=&#8221;yes&#8221; vc_row_background=&#8221;&#8221; css=&#8221;.vc_custom_1603812924228{margin-top: -30px !important;background-image: url(https:\/\/agaca.coop\/wp-content\/uploads\/2020\/10\/prueba-15-scaled.jpg?id=622) !important;}&#8221; overlay_color=&#8221;rgba(72,124,27,0.43)&#8221;][vc_column width=&#8221;1\/2&#8243;][vc_empty_space height=&#8221;20px&#8221;][vc_custom_heading text=&#8221;<strong>Seguros<\/strong>&#8221; font_container=&#8221;tag:h1|font_size:46|text_align:left|color:%23487c1b&#8221; google_fonts=&#8221;font_family:Montserrat%3Aregular%2C700|font_style:700%20bold%20regular%3A700%3Anormal&#8221;][vc_custom_heading text=&#8221;Solucionamos as necesidades en materia de seguros mediante un servizo personalizado de calidade, profesional e a prezos competitivos a trav\u00e9s de UCOGA, corretor\u00eda referente no sector de seguros en Galicia.&#8221; font_container=&#8221;tag:h2|font_size:18|text_align:left&#8221; use_theme_fonts=&#8221;yes&#8221;][vc_custom_heading text=&#8221;A nosa gran vantaxe \u00e9 que temos a posibilidade de traballar con todas as compa\u00f1\u00edas aseguradoras do mercado prestando un servizo m\u00e1is profesional e competitivo. Conseguimos as maiores coberturas, cos menores gastos, para as persoas cooperativistas.&#8221; font_container=&#8221;tag:h2|font_size:18|text_align:left&#8221; use_theme_fonts=&#8221;yes&#8221;][vc_single_image image=&#8221;7038&#8243; img_size=&#8221;100&#215;72&#8243; alignment=&#8221;center&#8221; onclick=&#8221;custom_link&#8221; img_link_target=&#8221;_blank&#8221; link=&#8221;https:\/\/ucoga.es\/agroseguro-2\/&#8221;][vc_empty_space height=&#8221;20px&#8221;][\/vc_column][vc_column width=&#8221;1\/2&#8243;][\/vc_column][\/vc_row][vc_row][vc_column][vc_empty_space height=&#8221;20px&#8221;][vc_row_inner][vc_column_inner][\/vc_column_inner][\/vc_row_inner][vc_row_inner][vc_column_inner][vc_column_text]<\/p>\n<div class=\"jeg_block_heading jeg_block_heading_6 jeg_subcat_right\">\n<h3 class=\"jeg_block_title\">OS NOSOS VALORES<\/h3>\n<\/div>\n<p>[\/vc_column_text][\/vc_column_inner][\/vc_row_inner][vc_row_inner][vc_column_inner width=&#8221;1\/3&#8243;][vc_icon icon_fontawesome=&#8221;fas fa-check&#8221; color=&#8221;green&#8221; align=&#8221;center&#8221; css=&#8221;.vc_custom_1603648251663{margin-bottom: 0px !important;}&#8221;][vc_column_text]<\/p>\n<h4 style=\"text-align: center;\">Transparencia<\/h4>\n<p>[\/vc_column_text][\/vc_column_inner][vc_column_inner width=&#8221;1\/3&#8243;][vc_icon icon_fontawesome=&#8221;fas fa-check&#8221; color=&#8221;green&#8221; align=&#8221;center&#8221; css=&#8221;.vc_custom_1603648251663{margin-bottom: 0px !important;}&#8221;][vc_column_text]<\/p>\n<h4 style=\"text-align: center;\">Persoal t\u00e9cnico cualificado<\/h4>\n<p>[\/vc_column_text][\/vc_column_inner][vc_column_inner width=&#8221;1\/3&#8243;][vc_icon icon_fontawesome=&#8221;fas fa-check&#8221; color=&#8221;green&#8221; align=&#8221;center&#8221; css=&#8221;.vc_custom_1603648251663{margin-bottom: 0px !important;}&#8221;][vc_column_text]<\/p>\n<h4 style=\"text-align: center;\">Trato persoal<\/h4>\n<p>[\/vc_column_text][\/vc_column_inner][\/vc_row_inner][vc_row_inner][vc_column_inner width=&#8221;1\/3&#8243;][vc_icon icon_fontawesome=&#8221;fas fa-check&#8221; color=&#8221;green&#8221; align=&#8221;center&#8221; css=&#8221;.vc_custom_1603648251663{margin-bottom: 0px !important;}&#8221;][vc_column_text]<\/p>\n<h4 style=\"text-align: center;\">Acordos exclusivos coas mellores compa\u00f1\u00edas aseguradoras<\/h4>\n<p>[\/vc_column_text][\/vc_column_inner][vc_column_inner width=&#8221;1\/3&#8243;][vc_icon icon_fontawesome=&#8221;fas fa-check&#8221; color=&#8221;green&#8221; align=&#8221;center&#8221; css=&#8221;.vc_custom_1603648251663{margin-bottom: 0px !important;}&#8221;][vc_column_text]<\/p>\n<h4 style=\"text-align: center;\">Novidades xur\u00eddicas en materia de seguros<\/h4>\n<p>[\/vc_column_text][\/vc_column_inner][vc_column_inner width=&#8221;1\/3&#8243;][vc_icon icon_fontawesome=&#8221;fas fa-check&#8221; color=&#8221;green&#8221; align=&#8221;center&#8221; css=&#8221;.vc_custom_1603648251663{margin-bottom: 0px !important;}&#8221;][vc_column_text]<\/p>\n<h4 style=\"text-align: center;\">Relaci\u00f3n calidade-prezo comprobable<\/h4>\n<p>[\/vc_column_text][\/vc_column_inner][\/vc_row_inner][\/vc_column][\/vc_row][vc_row][vc_column][vc_empty_space height=&#8221;40px&#8221;][vc_column_text css=&#8221;.vc_custom_1638537678396{padding-top: 5px !important;padding-right: 10px !important;padding-bottom: 5px !important;padding-left: 10px !important;}&#8221; el_class=&#8221;titulosColores&#8221;]<\/p>\n<h3 style=\"text-align: center;\"><strong>TIPOS DE SEGUROS<\/strong><\/h3>\n<p>[\/vc_column_text][vc_row_inner][vc_column_inner width=&#8221;1\/2&#8243;][vc_single_image image=&#8221;11168&#8243; img_size=&#8221;370&#215;250&#8243; alignment=&#8221;center&#8221;][vc_column_text]<\/p>\n<h4>SEGUROS DE EXPLOTACI\u00d3N<\/h4>\n<ul>\n<li>Responsabilidade civil para profesionais da gander\u00eda,<\/li>\n<li>Accidentes e baixa a para profesionais da gander\u00eda,<\/li>\n<li>Danos propios de maquinaria agr\u00edcola,<\/li>\n<li>Seguro de convenio para profesionais da gander\u00eda\u2026<\/li>\n<\/ul>\n<p>[\/vc_column_text][\/vc_column_inner][vc_column_inner width=&#8221;1\/2&#8243;][vc_single_image image=&#8221;263&#8243; img_size=&#8221;370&#215;250&#8243; alignment=&#8221;center&#8221;][vc_column_text]<\/p>\n<h4 style=\"text-align: left;\"><span style=\"color: #000000;\">EMPRESAS<\/span><\/h4>\n<ul>\n<li>Cooperativas,<\/li>\n<li>Pemes e comercios,<\/li>\n<li>Responsabilidade Civil,<\/li>\n<li>Responsabilidade de postos Directivos,<\/li>\n<li>Ciberrisco,<\/li>\n<li style=\"font-weight: 400;\" aria-level=\"1\"><span style=\"font-weight: 400;\">Responsabilidade Medioambiental,<\/span><\/li>\n<li style=\"font-weight: 400;\" aria-level=\"1\"><span style=\"font-weight: 400;\">Accidentes de convenio\u2026<\/span><\/li>\n<\/ul>\n<p>[\/vc_column_text][\/vc_column_inner][\/vc_row_inner][vc_row_inner][vc_column_inner width=&#8221;1\/3&#8243;][vc_single_image image=&#8221;11161&#8243; img_size=&#8221;370&#215;250&#8243; alignment=&#8221;center&#8221;][vc_column_text]<\/p>\n<h4 style=\"text-align: left;\"><span style=\"color: #000000;\">AGRARIOS<\/span><\/h4>\n<ul>\n<li>AGROSEGURO.<\/li>\n<li>Gando vac\u00fan.<\/li>\n<li>Retirada de cad\u00e1veres.<\/li>\n<li>Ovino e caprino.<\/li>\n<li>Cultivos forraxeiros.<\/li>\n<li>Uva de vinificaci\u00f3n.<\/li>\n<li>Hortalizas.<\/li>\n<li>Otros.<\/li>\n<\/ul>\n<p>[\/vc_column_text][\/vc_column_inner][vc_column_inner width=&#8221;1\/3&#8243;][vc_single_image image=&#8221;11165&#8243; img_size=&#8221;370&#215;250&#8243; alignment=&#8221;center&#8221;][vc_column_text]<\/p>\n<h4 style=\"text-align: left;\"><span style=\"color: #000000;\">VEH\u00cdCULOS<\/span><\/h4>\n<ul>\n<li>Maquinaria agr\u00edcola, tractores e remolques,<\/li>\n<li>Autom\u00f3bil,<\/li>\n<li>Furgonetas,<\/li>\n<li>Veh\u00edculo comercial,<\/li>\n<li style=\"font-weight: 400;\" aria-level=\"1\"><span style=\"font-weight: 400;\">Asistencia en carretera,<\/span><\/li>\n<li style=\"font-weight: 400;\" aria-level=\"1\"><span style=\"font-weight: 400;\">Veh\u00edculo de substituci\u00f3n\u2026<\/span><\/li>\n<\/ul>\n<p>[\/vc_column_text][\/vc_column_inner][vc_column_inner width=&#8221;1\/3&#8243;][vc_single_image image=&#8221;11163&#8243; img_size=&#8221;370&#215;250&#8243; alignment=&#8221;center&#8221;][vc_column_text]<\/p>\n<h4 style=\"text-align: left;\"><span style=\"color: #000000;\">PARTICULARES E PERSONAIS<br \/>\n<\/span><\/h4>\n<ul>\n<li>Fogar.<\/li>\n<li>Vida risco.<\/li>\n<li>Decesos.<\/li>\n<li>Accidentes.<\/li>\n<li>Sa\u00fade.<\/li>\n<li>Aforro.<\/li>\n<li>Plan de pensi\u00f3ns.<\/li>\n<\/ul>\n<p>[\/vc_column_text][\/vc_column_inner][\/vc_row_inner][vc_empty_space height=&#8221;40px&#8221;][vc_row_inner][vc_column_inner][vc_column_text css=&#8221;.vc_custom_1638537703841{padding-top: 5px !important;padding-right: 10px !important;padding-bottom: 5px !important;padding-left: 10px !important;}&#8221; el_class=&#8221;titulosColores&#8221;]<\/p>\n<h3 style=\"text-align: center;\"><strong>POR QUE TER UN SEGURO<\/strong><\/h3>\n<p>[\/vc_column_text][\/vc_column_inner][\/vc_row_inner][\/vc_column][\/vc_row][vc_row][vc_column width=&#8221;1\/2&#8243;][vc_single_image image=&#8221;10011&#8243; img_size=&#8221;370&#215;250&#8243; alignment=&#8221;center&#8221;][vc_column_text]<\/p>\n<h4><span style=\"color: #000000;\">SEGUROS DE EXPLOTACI\u00d3N<br \/>\n<\/span><\/h4>\n<p>Coberturas negociadas para riscos moi espec\u00edficos.<br \/>\n[\/vc_column_text][\/vc_column][vc_column width=&#8221;1\/2&#8243;][vc_single_image image=&#8221;263&#8243; img_size=&#8221;370&#215;250&#8243; alignment=&#8221;center&#8221;][vc_column_text]<\/p>\n<h4 style=\"text-align: left;\"><span style=\"color: #000000;\">EMPRESA<\/span><\/h4>\n<p style=\"text-align: left;\"><span style=\"font-weight: 400;\">Axud\u00e1mosche a ter todo baixo control no teu negocio, pase o que pase. Personal directivo, frotas de veh\u00edculos, aut\u00f3nomos&#8230; Atoparemos o seguro coas coberturas que necesitas.<\/span><\/p>\n<p>[\/vc_column_text][\/vc_column][\/vc_row][vc_row][vc_column width=&#8221;1\/3&#8243;][vc_single_image image=&#8221;11161&#8243; img_size=&#8221;370&#215;250&#8243;][vc_column_text]<\/p>\n<h4><span style=\"color: #000000;\">AGRARIO<\/span><\/h4>\n<p>Cobre os riscos reais da t\u00faa explotaci\u00f3n gandeira ou agr\u00edcola. Somos especialistas: entendemos as t\u00faas necesidades como profesional do sector primario e atopamos soluci\u00f3ns a medida. Estamos ao teu lado axud\u00e1ndoche en todo o proceso. Co\u00f1ecemos o elevado prezo da maquinaria agr\u00edcola, os enormes riscos que asume un gandeiro ou gandeira durante o seu labor diario, que poden supo\u00f1er un fallo el\u00e9ctrico nunha explotaci\u00f3n, un incendio, un roubo\u2026 sabemos do que falamos e, por iso, desenvolvemos seguros a medida.[\/vc_column_text][\/vc_column][vc_column width=&#8221;1\/3&#8243;][vc_single_image image=&#8221;11165&#8243; img_size=&#8221;370&#215;250&#8243;][vc_column_text]<\/p>\n<h4><span style=\"color: #000000;\">VEH\u00cdCULO<\/span><\/h4>\n<p>Antes de renovar o teu seguro, compara opci\u00f3ns. Atopamos a mellor oferta para ti: aforra tempo e di\u00f1eiro e goza de ter un asesor persoal. Pide o teu orzamento sen compromiso e sorprenderaste.[\/vc_column_text][\/vc_column][vc_column width=&#8221;1\/3&#8243;][vc_single_image image=&#8221;11163&#8243; img_size=&#8221;370&#215;250&#8243;][vc_column_text]<\/p>\n<h4><span style=\"color: #000000;\">PARTICULARES E PERSONAIS<br \/>\n<\/span><\/h4>\n<p>Non che imos a dicir unha vez m\u00e1is o de \u201cpola t\u00faa tranquilidade e a da t\u00faa familia\u201d.<\/p>\n<p>Estamos nun mundo cambiante, cada vez nos enfrontamos a novos riscos ou situaci\u00f3ns de incerteza. Estes seguros est\u00e1n para mitigar as consecuencias de problemas que poden cambiar as nosas vidas por completo. Inf\u00f3rmate.<\/p>\n<p>[\/vc_column_text][\/vc_column][\/vc_row][vc_row][vc_column][vc_empty_space height=&#8221;20px&#8221;][vc_row_inner el_class=&#8221;equipoFotosRedondas&#8221;][vc_column_inner width=&#8221;1\/4&#8243;][vc_single_image image=&#8221;16845&#8243; img_size=&#8221;250&#215;280&#8243; alignment=&#8221;center&#8221;][\/vc_column_inner][vc_column_inner width=&#8221;3\/4&#8243;][vc_column_text]<strong>Montse Ventura<\/strong><\/p>\n<blockquote>\n<p style=\"text-align: left;\"><em>&#8220;Estamos nun mundo cambiante, cada vez nos enfrontamos a novos riscos ou situaci\u00f3ns de incerteza. Estes seguros est\u00e1n para mitigar as consecuencias de problemas que poden cambiar as nosas vidas por completo. Inf\u00f3rmate&#8221;.<\/em><\/p>\n<\/blockquote>\n<p>[\/vc_column_text][vc_column_text]<span style=\"font-weight: 400;\"><strong>Tel\u00e9fono\/WhatsApp<\/strong>: 698 153 510<\/span><\/p>\n<p><span style=\"font-weight: 400;\"><strong>Mail<\/strong>: <a  href=\"mailto:montse@agaca.coop\">montse@agaca.coop<\/a><\/span>[\/vc_column_text][\/vc_column_inner][\/vc_row_inner][vc_row_inner][vc_column_inner][vc_single_image image=&#8221;626&#8243; img_size=&#8221;full&#8221; alignment=&#8221;center&#8221;][vc_column_text]<\/p>\n<h3 style=\"text-align: center;\"><span style=\"color: #339966;\"><strong>QUE \u00c9 UCOGA<\/strong><\/span><\/h3>\n<p>[\/vc_column_text][vc_column_text]<\/p>\n<p>Nacemos en 2013, da man das cooperativas de AGACA. Preocup\u00e1monos por co\u00f1ecer, indagar e buscar soluci\u00f3n aos principais problemas e carencias da contorna rural e agrogandeira, ata ent\u00f3n, algo afastado para as aseguradoras.<\/p>\n<p>A d\u00eda de hoxe traballamos con 30 das mellores compa\u00f1\u00edas aseguradoras do mercado conseguindo contratos exclusivos, adaptados \u00e1s necesidades reais da nosa clientela. Superamos os 10.000 clientes, 24.000 p\u00f3lizas e cubrimos unha media de 20.000 sinistros ao ano.<\/p>\n<p>[\/vc_column_text][\/vc_column_inner][\/vc_row_inner][\/vc_column][vc_column][\/vc_column][\/vc_row][vc_row][vc_column][vc_row_inner][vc_column_inner][vc_column_text]<\/p>\n<h4 style=\"color: #3f3f3f;\">Para efectuar unha consulta ao departamento de Seguros de AGACA, pode chamar ao\u00a0 981 58 47 83 (<em>Montse Ventura<\/em>), enviar un email a <em>montse@agaca.coop<\/em> ou ben completar o formulario seguinte:<\/h4>\n<p>[\/vc_column_text][\/vc_column_inner][\/vc_row_inner]<div role=\"form\" class=\"wpcf7\" id=\"wpcf7-f9456-o1\" lang=\"gl-ES\" dir=\"ltr\">\n<div class=\"screen-reader-response\"><p role=\"status\" aria-live=\"polite\" aria-atomic=\"true\"><\/p> <ul><\/ul><\/div>\n<form action=\"\/gl\/wp-json\/wp\/v2\/pages\/12391#wpcf7-f9456-o1\" method=\"post\" class=\"wpcf7-form init\" novalidate=\"novalidate\" data-status=\"init\">\n<div style=\"display: none;\">\n<input type=\"hidden\" name=\"_wpcf7\" value=\"9456\" \/>\n<input type=\"hidden\" name=\"_wpcf7_version\" value=\"5.5.6.1\" \/>\n<input type=\"hidden\" name=\"_wpcf7_locale\" value=\"gl_ES\" \/>\n<input type=\"hidden\" name=\"_wpcf7_unit_tag\" value=\"wpcf7-f9456-o1\" \/>\n<input type=\"hidden\" name=\"_wpcf7_container_post\" value=\"0\" \/>\n<input type=\"hidden\" name=\"_wpcf7_posted_data_hash\" value=\"\" \/>\n<\/div>\n<p>O teu nome (obrigatorio)<br \/>\n    <span class=\"wpcf7-form-control-wrap your-name\"><input type=\"text\" name=\"your-name\" value=\"\" size=\"40\" class=\"wpcf7-form-control wpcf7-text wpcf7-validates-as-required\" aria-required=\"true\" aria-invalid=\"false\" \/><\/span> <\/p>\n<p>O teu email<br \/>\n    <span class=\"wpcf7-form-control-wrap your-email\"><input type=\"email\" name=\"your-email\" value=\"\" size=\"40\" class=\"wpcf7-form-control wpcf7-text wpcf7-email wpcf7-validates-as-email\" aria-invalid=\"false\" \/><\/span> <\/p>\n<p>O teu tel\u00e9fono<br \/>\n    <span class=\"wpcf7-form-control-wrap your-tel\"><input type=\"tel\" name=\"your-tel\" value=\"\" size=\"40\" class=\"wpcf7-form-control wpcf7-text wpcf7-tel wpcf7-validates-as-tel\" aria-invalid=\"false\" \/><\/span><\/p>\n<p>Asunto: (obrigatorio) <br \/>\n    <span class=\"wpcf7-form-control-wrap your-subject\"><input type=\"text\" name=\"your-subject\" value=\"\" size=\"40\" class=\"wpcf7-form-control wpcf7-text wpcf7-validates-as-required\" aria-required=\"true\" aria-invalid=\"false\" \/><\/span><\/p>\n<p>A t\u00faa mensaxe<br \/>\n    <span class=\"wpcf7-form-control-wrap your-message\"><textarea name=\"your-message\" cols=\"40\" rows=\"10\" class=\"wpcf7-form-control wpcf7-textarea\" aria-invalid=\"false\"><\/textarea><\/span> <\/p>\n<p><strong>Informaci\u00f3n sobre protecci\u00f3n de datos<\/strong><br \/>\n<br \/>\n<span><strong>Responsable do tratamento:<\/strong> UNI\u00d3N DE COOPERATIVAS ASOCIACI\u00d3N GALEGA DE COOPERATIVAS AGRARIAS AGACA, con domicilio social en  R\u00daA TOMI\u00d1O, 22 ENT., 15703 - SANTIAGO DE COMPOSTELA (A Coru\u00f1a) <br \/>\n<strong>Finalidade e lexitimaci\u00f3n: <\/strong> Os seus datos ser\u00e1n tratados para responder coa informaci\u00f3n solicitada sobre seguros, con base legal no consentimento expreso.<br \/>\n<strong>Cesi\u00f3ns:<\/strong> Non ser\u00e1n cedidos a terceiros salvo obrigaci\u00f3n legal, podendo ter acceso a eles, de forma  incidental, os encargados de manter a web en funcionamento, as\u00ed coma, no seu caso, as compa\u00f1\u00edas aseguradoras para formalizar o seguro.<br \/>\n<strong>Prazo:<\/strong>  Os datos ser\u00e1n tratados durante o tempo necesario para o seu tratamento segundo as finalidades descritas, ata a cancelaci\u00f3n por parte do titular dos datos ou a perda de relevancia do seu uso.<br \/>\n<strong>Dereitos:<\/strong> Inform\u00e1moslle que pode exercer os seus dereitos de acceso, rectificaci\u00f3n, cancelaci\u00f3n e oposici\u00f3n ao tratamento dos seus datos a trav\u00e9s deste formulario de contacto ou dirix\u00edndose \u00e1 seguinte direcci\u00f3n de correo electr\u00f3nico:  derechoslopd@agaca.coop<br \/>\nPara m\u00e1is informaci\u00f3n consulte a nosa <a  href=\"https:\/\/agaca.coop\/gl\/politica-de-privacidade\/\" target=\"_blank\">pol\u00edtica de privacidade<\/a><\/span><br \/>\n<br \/>\n<span class=\"wpcf7-form-control-wrap checkbox-684\"><span class=\"wpcf7-form-control wpcf7-checkbox wpcf7-validates-as-required wpcf7-exclusive-checkbox\"><span class=\"wpcf7-list-item first last\"><input type=\"checkbox\" name=\"checkbox-684\" value=\"Lin e autorizo\" \/><span class=\"wpcf7-list-item-label\">Lin e autorizo<\/span><\/span><\/span><\/span><br \/>\n<br \/>\n<span class=\"wpcf7-form-control-wrap checkbox-685\"><span class=\"wpcf7-form-control wpcf7-checkbox\"><span class=\"wpcf7-list-item first last\"><input type=\"checkbox\" name=\"checkbox-685[]\" value=\"Acepto o tratamento de datos con fins comerciais tal como se indica no apartado 6 na pol\u00edtica de privacidade.\" \/><span class=\"wpcf7-list-item-label\">Acepto o tratamento de datos con fins comerciais tal como se indica no apartado 6 na pol\u00edtica de privacidade.<\/span><\/span><\/span><\/span> <\/p>\n<p><input type=\"submit\" value=\"Enviar\" class=\"wpcf7-form-control has-spinner wpcf7-submit\" \/><\/p>\n<p style=\"display: none !important;\"><label>&#916;<textarea name=\"_wpcf7_ak_hp_textarea\" cols=\"45\" rows=\"8\" maxlength=\"100\"><\/textarea><\/label><input type=\"hidden\" id=\"ak_js_1\" name=\"_wpcf7_ak_js\" value=\"171\"\/><script>document.getElementById( \"ak_js_1\" ).setAttribute( \"value\", ( new Date() ).getTime() );<\/script><\/p><div class=\"wpcf7-response-output\" aria-hidden=\"true\"><\/div><\/form><\/div>[vc_column_text]<br \/>\n[\/vc_column_text][\/vc_column][\/vc_row]<\/p>\n","protected":false},"excerpt":{"rendered":"<p>[vc_row full_width=&#8221;stretch_row&#8221; parallax=&#8221;content-moving&#8221; enable_overlay=&#8221;yes&#8221; vc_row_background=&#8221;&#8221; css=&#8221;.vc_custom_1603812924228{margin-top: -30px !important;background-image: url(https:\/\/agaca.coop\/wp-content\/uploads\/2020\/10\/prueba-15-scaled.jpg?id=622) !important;}&#8221; overlay_color=&#8221;rgba(72,124,27,0.43)&#8221;][vc_column width=&#8221;1\/2&#8243;][vc_empty_space height=&#8221;20px&#8221;][vc_custom_heading text=&#8221;Seguros&#8221; font_container=&#8221;tag:h1|font_size:46|text_align:left|color:%23487c1b&#8221; google_fonts=&#8221;font_family:Montserrat%3Aregular%2C700|font_style:700%20bold%20regular%3A700%3Anormal&#8221;][vc_custom_heading text=&#8221;Solucionamos as necesidades en materia de seguros mediante un servizo personalizado de calidade, profesional e a prezos competitivos a trav\u00e9s de UCOGA, corretor\u00eda referente no sector de seguros en Galicia.&#8221; font_container=&#8221;tag:h2|font_size:18|text_align:left&#8221; use_theme_fonts=&#8221;yes&#8221;][vc_custom_heading text=&#8221;A nosa gran vantaxe \u00e9 que temos [&hellip;]<\/p>\n","protected":false},"author":2,"featured_media":0,"parent":0,"menu_order":0,"comment_status":"closed","ping_status":"closed","template":"template-builder.php","meta":{"_monsterinsights_skip_tracking":false,"_monsterinsights_sitenote_active":false,"_monsterinsights_sitenote_note":"","_monsterinsights_sitenote_category":0,"footnotes":""},"class_list":["post-12391","page","type-page","status-publish","hentry"],"yoast_head":"<!-- This site is optimized with the Yoast SEO plugin v19.11 - https:\/\/yoast.com\/wordpress\/plugins\/seo\/ -->\n<title>Seguros - AGACA<\/title>\n<meta name=\"robots\" content=\"index, follow, max-snippet:-1, max-image-preview:large, max-video-preview:-1\" \/>\n<link rel=\"canonical\" href=\"https:\/\/agaca.coop\/gl\/seguros\/\" \/>\n<meta property=\"og:locale\" content=\"gl_ES\" \/>\n<meta property=\"og:type\" content=\"article\" \/>\n<meta property=\"og:title\" content=\"Seguros - AGACA\" \/>\n<meta property=\"og:description\" content=\"[vc_row full_width=&#8221;stretch_row&#8221; parallax=&#8221;content-moving&#8221; enable_overlay=&#8221;yes&#8221; vc_row_background=&#8221;&#8221; css=&#8221;.vc_custom_1603812924228{margin-top: -30px !important;background-image: url(https:\/\/agaca.coop\/wp-content\/uploads\/2020\/10\/prueba-15-scaled.jpg?id=622) !important;}&#8221; overlay_color=&#8221;rgba(72,124,27,0.43)&#8221;][vc_column width=&#8221;1\/2&#8243;][vc_empty_space height=&#8221;20px&#8221;][vc_custom_heading text=&#8221;Seguros&#8221; font_container=&#8221;tag:h1|font_size:46|text_align:left|color:%23487c1b&#8221; google_fonts=&#8221;font_family:Montserrat%3Aregular%2C700|font_style:700%20bold%20regular%3A700%3Anormal&#8221;][vc_custom_heading text=&#8221;Solucionamos as necesidades en materia de seguros mediante un servizo personalizado de calidade, profesional e a prezos competitivos a trav\u00e9s de UCOGA, corretor\u00eda referente no sector de seguros en Galicia.&#8221; font_container=&#8221;tag:h2|font_size:18|text_align:left&#8221; use_theme_fonts=&#8221;yes&#8221;][vc_custom_heading text=&#8221;A nosa gran vantaxe \u00e9 que temos [&hellip;]\" \/>\n<meta property=\"og:url\" content=\"https:\/\/agaca.coop\/gl\/seguros\/\" \/>\n<meta property=\"og:site_name\" content=\"AGACA\" \/>\n<meta property=\"article:modified_time\" content=\"2025-05-06T14:35:02+00:00\" \/>\n<meta name=\"twitter:card\" content=\"summary_large_image\" \/>\n<meta name=\"twitter:label1\" content=\"Tempo de lectura\" \/>\n\t<meta name=\"twitter:data1\" content=\"4 minutos\" \/>\n<script type=\"application\/ld+json\" class=\"yoast-schema-graph\">{\"@context\":\"https:\/\/schema.org\",\"@graph\":[{\"@type\":\"WebPage\",\"@id\":\"https:\/\/agaca.coop\/gl\/seguros\/\",\"url\":\"https:\/\/agaca.coop\/gl\/seguros\/\",\"name\":\"Seguros - AGACA\",\"isPartOf\":{\"@id\":\"https:\/\/agaca.coop\/#website\"},\"datePublished\":\"2022-05-31T11:25:46+00:00\",\"dateModified\":\"2025-05-06T14:35:02+00:00\",\"breadcrumb\":{\"@id\":\"https:\/\/agaca.coop\/gl\/seguros\/#breadcrumb\"},\"inLanguage\":\"gl-ES\",\"potentialAction\":[{\"@type\":\"ReadAction\",\"target\":[\"https:\/\/agaca.coop\/gl\/seguros\/\"]}]},{\"@type\":\"BreadcrumbList\",\"@id\":\"https:\/\/agaca.coop\/gl\/seguros\/#breadcrumb\",\"itemListElement\":[{\"@type\":\"ListItem\",\"position\":1,\"name\":\"Portada\",\"item\":\"https:\/\/agaca.coop\/gl\/\"},{\"@type\":\"ListItem\",\"position\":2,\"name\":\"Seguros\"}]},{\"@type\":\"WebSite\",\"@id\":\"https:\/\/agaca.coop\/#website\",\"url\":\"https:\/\/agaca.coop\/\",\"name\":\"AGACA\",\"description\":\"Asociaci\u00f3n Galega de Cooperativas Agrarias\",\"potentialAction\":[{\"@type\":\"SearchAction\",\"target\":{\"@type\":\"EntryPoint\",\"urlTemplate\":\"https:\/\/agaca.coop\/?s={search_term_string}\"},\"query-input\":\"required name=search_term_string\"}],\"inLanguage\":\"gl-ES\"}]}<\/script>\n<!-- \/ Yoast SEO plugin. -->","yoast_head_json":{"title":"Seguros - AGACA","robots":{"index":"index","follow":"follow","max-snippet":"max-snippet:-1","max-image-preview":"max-image-preview:large","max-video-preview":"max-video-preview:-1"},"canonical":"https:\/\/agaca.coop\/gl\/seguros\/","og_locale":"gl_ES","og_type":"article","og_title":"Seguros - AGACA","og_description":"[vc_row full_width=&#8221;stretch_row&#8221; parallax=&#8221;content-moving&#8221; enable_overlay=&#8221;yes&#8221; vc_row_background=&#8221;&#8221; css=&#8221;.vc_custom_1603812924228{margin-top: -30px !important;background-image: url(https:\/\/agaca.coop\/wp-content\/uploads\/2020\/10\/prueba-15-scaled.jpg?id=622) !important;}&#8221; overlay_color=&#8221;rgba(72,124,27,0.43)&#8221;][vc_column width=&#8221;1\/2&#8243;][vc_empty_space height=&#8221;20px&#8221;][vc_custom_heading text=&#8221;Seguros&#8221; font_container=&#8221;tag:h1|font_size:46|text_align:left|color:%23487c1b&#8221; google_fonts=&#8221;font_family:Montserrat%3Aregular%2C700|font_style:700%20bold%20regular%3A700%3Anormal&#8221;][vc_custom_heading text=&#8221;Solucionamos as necesidades en materia de seguros mediante un servizo personalizado de calidade, profesional e a prezos competitivos a trav\u00e9s de UCOGA, corretor\u00eda referente no sector de seguros en Galicia.&#8221; font_container=&#8221;tag:h2|font_size:18|text_align:left&#8221; use_theme_fonts=&#8221;yes&#8221;][vc_custom_heading text=&#8221;A nosa gran vantaxe \u00e9 que temos [&hellip;]","og_url":"https:\/\/agaca.coop\/gl\/seguros\/","og_site_name":"AGACA","article_modified_time":"2025-05-06T14:35:02+00:00","twitter_card":"summary_large_image","twitter_misc":{"Tempo de lectura":"4 minutos"},"schema":{"@context":"https:\/\/schema.org","@graph":[{"@type":"WebPage","@id":"https:\/\/agaca.coop\/gl\/seguros\/","url":"https:\/\/agaca.coop\/gl\/seguros\/","name":"Seguros - AGACA","isPartOf":{"@id":"https:\/\/agaca.coop\/#website"},"datePublished":"2022-05-31T11:25:46+00:00","dateModified":"2025-05-06T14:35:02+00:00","breadcrumb":{"@id":"https:\/\/agaca.coop\/gl\/seguros\/#breadcrumb"},"inLanguage":"gl-ES","potentialAction":[{"@type":"ReadAction","target":["https:\/\/agaca.coop\/gl\/seguros\/"]}]},{"@type":"BreadcrumbList","@id":"https:\/\/agaca.coop\/gl\/seguros\/#breadcrumb","itemListElement":[{"@type":"ListItem","position":1,"name":"Portada","item":"https:\/\/agaca.coop\/gl\/"},{"@type":"ListItem","position":2,"name":"Seguros"}]},{"@type":"WebSite","@id":"https:\/\/agaca.coop\/#website","url":"https:\/\/agaca.coop\/","name":"AGACA","description":"Asociaci\u00f3n Galega de Cooperativas Agrarias","potentialAction":[{"@type":"SearchAction","target":{"@type":"EntryPoint","urlTemplate":"https:\/\/agaca.coop\/?s={search_term_string}"},"query-input":"required name=search_term_string"}],"inLanguage":"gl-ES"}]}},"_links":{"self":[{"href":"https:\/\/agaca.coop\/gl\/wp-json\/wp\/v2\/pages\/12391","targetHints":{"allow":["GET"]}}],"collection":[{"href":"https:\/\/agaca.coop\/gl\/wp-json\/wp\/v2\/pages"}],"about":[{"href":"https:\/\/agaca.coop\/gl\/wp-json\/wp\/v2\/types\/page"}],"author":[{"embeddable":true,"href":"https:\/\/agaca.coop\/gl\/wp-json\/wp\/v2\/users\/2"}],"replies":[{"embeddable":true,"href":"https:\/\/agaca.coop\/gl\/wp-json\/wp\/v2\/comments?post=12391"}],"version-history":[{"count":16,"href":"https:\/\/agaca.coop\/gl\/wp-json\/wp\/v2\/pages\/12391\/revisions"}],"predecessor-version":[{"id":17045,"href":"https:\/\/agaca.coop\/gl\/wp-json\/wp\/v2\/pages\/12391\/revisions\/17045"}],"wp:attachment":[{"href":"https:\/\/agaca.coop\/gl\/wp-json\/wp\/v2\/media?parent=12391"}],"curies":[{"name":"wp","href":"https:\/\/api.w.org\/{rel}","templated":true}]}}