{"id":12384,"date":"2022-05-31T11:04:07","date_gmt":"2022-05-31T11:04:07","guid":{"rendered":"https:\/\/agaca.coop\/?page_id=12384"},"modified":"2022-05-31T11:04:08","modified_gmt":"2022-05-31T11:04:08","slug":"referencias-historicas","status":"publish","type":"page","link":"https:\/\/agaca.coop\/gl\/organizacion\/referencias-historicas\/","title":{"rendered":"Referencias Hist\u00f3ricas"},"content":{"rendered":"<p>[vc_row full_width=&#8221;stretch_row&#8221; parallax=&#8221;content-moving&#8221; enable_overlay=&#8221;yes&#8221; vc_row_background=&#8221;&#8221; css=&#8221;.vc_custom_1639593306183{margin-top: -30px !important;background-image: url(https:\/\/agaca.coop\/wp-content\/uploads\/2021\/12\/quienessomos-1.jpg?id=11359) !important;}&#8221; overlay_color=&#8221;rgba(72,124,27,0.43)&#8221;][vc_column width=&#8221;1\/2&#8243;][vc_empty_space height=&#8221;100px&#8221;][vc_custom_heading text=&#8221;<strong>Referencias Hist\u00f3ricas<\/strong>&#8221; font_container=&#8221;tag:h1|font_size:46|text_align:left|color:%23487c1b&#8221; google_fonts=&#8221;font_family:Montserrat%3Aregular%2C700|font_style:700%20bold%20regular%3A700%3Anormal&#8221;][vc_custom_heading text=&#8221;Agaca nace en 1988 como unha entidade sen \u00e1nimo de lucro, de car\u00e1cter non gobernamental.&#8221; font_container=&#8221;tag:p|font_size:20px|text_align:left|line_height:27px&#8221; use_theme_fonts=&#8221;yes&#8221;][vc_empty_space height=&#8221;60px&#8221;][\/vc_column][vc_column width=&#8221;1\/2&#8243;][\/vc_column][\/vc_row][vc_row][vc_column][vc_empty_space height=&#8221;40px&#8221;][\/vc_column][vc_column width=&#8221;2\/3&#8243;][vc_column_text]<\/p>\n<p style=\"text-align: justify;\">Once cooperativas agrarias galegas unen esforzos coa finalidade de crear unha organizaci\u00f3n capaz de representar e defender os intereses e necesidades das m\u00faltiples cooperativas agrarias e gandeiras da Comunidade Aut\u00f3noma.<\/p>\n<p style=\"text-align: justify;\">Cumpre as\u00ed, coa misi\u00f3n de <strong>fomentar e promover o cooperativismo<\/strong> cunha vontade social de apoio e cooperaci\u00f3n; como un instrumento ao servizo das cooperativas asociadas dende o cal se tentan aproveitar todas as sinerx\u00edas e se constit\u00faen foros de debate en aras dunha procura permanente de puntos en com\u00fan.<\/p>\n<p>Como Asociaci\u00f3n, AGACA <strong>agrupa as cooperativas<\/strong> adquirindo unha maior dimensi\u00f3n representativa a nivel comercial, identitario e institucional.[\/vc_column_text][\/vc_column][vc_column width=&#8221;1\/3&#8243;][vc_empty_space height=&#8221;40px&#8221;][vc_single_image image=&#8221;348&#8243; img_size=&#8221;large&#8221; add_caption=&#8221;yes&#8221; style=&#8221;vc_box_shadow_border&#8221;][\/vc_column][vc_column][vc_empty_space height=&#8221;10px&#8221;][\/vc_column][\/vc_row][vc_row vc_row_background=&#8221;&#8221; el_class=&#8221;equipoFotosRedondas&#8221;][vc_column][vc_empty_space height=&#8221;10px&#8221;][vc_row_inner gap=&#8221;1&#8243;][vc_column_inner width=&#8221;1\/2&#8243;][vc_column_text]<\/p>\n<h3 style=\"text-align: left;\"><strong><span style=\"color: #339966;\">Cooperativas constitu\u00edntes<br \/>\n<\/span><\/strong><\/h3>\n<p>[\/vc_column_text][vc_separator color=&#8221;custom&#8221; el_width=&#8221;90&#8243; accent_color=&#8221;#eeeeee&#8221;][\/vc_column_inner][vc_column_inner width=&#8221;1\/2&#8243;][vc_column_text]<\/p>\n<h3 style=\"text-align: left;\"><strong><span style=\"color: #339966;\">Primeiro Consello Reitor de Agaca<br \/>\n<\/span><\/strong><\/h3>\n<p>[\/vc_column_text][vc_separator color=&#8221;custom&#8221; el_width=&#8221;90&#8243; accent_color=&#8221;#eeeeee&#8221;][\/vc_column_inner][\/vc_row_inner][vc_row_inner][vc_column_inner width=&#8221;1\/2&#8243;][vc_column_text]<\/p>\n<p style=\"text-align: left;\">Vitivin\u00edcola del Ribeiro S.C.L.<br \/>\nCooperativa Liminana S.C.L.<br \/>\nCooperativa Hortaber S.C.L.<br \/>\nHortoflor S.C.L.<br \/>\nChataca S.C.L.<br \/>\nIrmandi\u00f1os S.C.L.<br \/>\nFricoaga S.C.L.<br \/>\nArzuana S.C.L.<br \/>\nHortifer S.C.L.<br \/>\nMondigoleite S.C.L.<br \/>\nPerpetuo Socorro S.C.L.<\/p>\n<p>[\/vc_column_text][\/vc_column_inner][vc_column_inner width=&#8221;1\/2&#8243;][vc_column_text]<\/p>\n<p style=\"text-align: left;\"><strong>Presidente<\/strong><br \/>\nAntonio Boado Paz<br \/>\n<strong>Vicepresidente<\/strong><br \/>\nVenancio Manuel Rocha L\u00f3pez<br \/>\n<strong>Tesoureiro<\/strong><br \/>\nGenaro Ferreiro Vila<br \/>\n<strong>Vogal<\/strong><br \/>\nBaudilio Penas S\u00e1nchez<\/p>\n<p>[\/vc_column_text][\/vc_column_inner][\/vc_row_inner][\/vc_column][\/vc_row][vc_row][vc_column][vc_empty_space height=&#8221;40px&#8221;][vc_raw_html]JTNDZGl2JTIwY2xhc3MlM0QlMjJqZWdfYmxvY2tfaGVhZGluZyUyMGplZ19ibG9ja19oZWFkaW5nXzYlMjBqZWdfc3ViY2F0X3JpZ2h0JTIyJTNFJTBBJTIwJTIwJTIwJTIwJTIwJTIwJTIwJTIwJTIwJTIwJTIwJTIwJTIwJTIwJTIwJTIwJTIwJTIwJTIwJTIwJTNDaDMlMjBjbGFzcyUzRCUyMmplZ19ibG9ja190aXRsZSUyMiUzRSUzQ3NwYW4lM0VJREVOVElEQUQlM0MlMkZzcGFuJTNFJTNDJTJGaDMlM0UlMEElMjAlMjAlMjAlMjAlMjAlMjAlMjAlMjAlMjAlMjAlMjAlMjAlMjAlMjAlMjAlMjAlMjAlMjAlMjAlMjAlMEElMjAlMjAlMjAlMjAlMjAlMjAlMjAlMjAlMjAlMjAlMjAlMjAlMjAlMjAlMjAlMjAlM0MlMkZkaXYlM0U=[\/vc_raw_html][\/vc_column][vc_column width=&#8221;1\/2&#8243;][vc_empty_space height=&#8221;40px&#8221;][vc_single_image image=&#8221;360&#8243; img_size=&#8221;200X85&#8243; alignment=&#8221;center&#8221;][vc_empty_space height=&#8221;20px&#8221;][vc_column_text]Parte da visi\u00f3n de AGACA refl\u00edctese a trav\u00e9s do seu logotipo. Dende o seu nacemento ata 2012, mostraba a cor azul da auga e do ceo galego, con formas firmes e integradoras. En agosto de 2012 a nosa imaxe corporativa variar\u00e1 para adaptarse \u00e1 tam\u00e9n nova denominaci\u00f3n da entidade.[\/vc_column_text][\/vc_column][vc_column width=&#8221;1\/2&#8243;][vc_empty_space height=&#8221;20px&#8221;][vc_single_image image=&#8221;362&#8243; img_size=&#8221;200X85&#8243; alignment=&#8221;center&#8221;][vc_column_text]Formas redondeadas, harmoniosas, cores verdes, m\u00e1is parecidas aos campos e monta\u00f1as galegos, letras enlazadas e ampliaci\u00f3n ao termo agroalimentarias \u2014semellante \u00e1 denominaci\u00f3n de Cooperativas Agro-alimentarias de Espa\u00f1a\u2014 reflicten adaptaci\u00f3n aos cambios e desexo de unir. Un testemu\u00f1o gr\u00e1fico do noso lema corporativo: <em>unidos somos m\u00e1is fortes<\/em>.<\/p>\n<h4 style=\"text-align: right;\"><a style=\"color: blue;\"  href=\"#descargarLogo\">Descargar logotipo<\/a><\/h4>\n<p>[\/vc_column_text][\/vc_column][\/vc_row][vc_row vc_row_background=&#8221;&#8221; el_id=&#8221;descargarLogo&#8221;][vc_column][vc_empty_space height=&#8221;40px&#8221;][\/vc_column][vc_column width=&#8221;1\/4&#8243;][vc_column_text]<strong>IDENTIDADE CORPORATIVA<\/strong><br \/>\nPara descargar o logotipo de AGACA, prema a imaxe que desexe:[\/vc_column_text][\/vc_column][vc_column width=&#8221;1\/4&#8243;][vc_column_text]\u2014 JPG alta resoluci\u00f3n (240 Kb):<br \/>\n<a title=\"JPG\"  href=\"https:\/\/agaca.coop\/gl\/?goto=TEoTW1kWBwFbHxkQTQUsV0oVTl5HLD1NZUVhIy5KOxc-O0BQGlEfQGtIehRCGRB2Gx4RewppcgsTJX80GD8vH0VSDk9LSAZESh8\" target=\"_blank\" rel=\"noopener noreferrer\"><img loading=\"lazy\" decoding=\"async\" class=\"wp-image-4613 aligncenter\" src=\"https:\/\/agaca.s3.eu-west-3.amazonaws.com\/2014\/07\/LOGOAGACA_altacalidad.jpg\" alt=\"Logotipo descargable AGACA JPG\" width=\"120\" height=\"54\" \/><\/a>[\/vc_column_text][\/vc_column][vc_column width=&#8221;1\/4&#8243;][vc_column_text]\u2014 PDF vectorizado (15 Kb):<br \/>\n<a title=\"PDF vectorizado\"  href=\"https:\/\/agaca.coop\/gl\/?goto=TEoTW1kWBwFbHxkQTQUsV0oVTl5HLD1NZUVhIy5KOxc-O0BQGlEfQGtIehRCGRB2Gx4RewppcgsTJX8FMA04GUdKCFlDVklKVVYIF0o\" target=\"_blank\" rel=\"noopener noreferrer\"><img loading=\"lazy\" decoding=\"async\" class=\"aligncenter size-full wp-image-4614\" src=\"https:\/\/agaca.s3.eu-west-3.amazonaws.com\/2014\/07\/wbiconlogoagacavector.jpg\" alt=\"Icono logo agaca vector\" width=\"111\" height=\"44\" \/><\/a>[\/vc_column_text][\/vc_column][vc_column width=&#8221;1\/4&#8243;][vc_column_text]<strong>PERFIL DO CONTRATANTE<\/strong><br \/>\n<a style=\"color: blue; text-decoration: underline;\"  href=\"https:\/\/agaca.coop\/gl\/?goto=TEoTW1kWBwFbHxkQTQU8CwsAFANVOyhQJFsrJy8GIhc-LkVCQFMeWSFV\">Ofertas e condici\u00f3ns de solicitude e prestaci\u00f3n de servizos e\/ou bens<\/a>[\/vc_column_text][\/vc_column][\/vc_row][vc_row][vc_column][vc_empty_space height=&#8221;40px&#8221;][vc_empty_space height=&#8221;40px&#8221;][vc_raw_html]JTNDZGl2JTIwY2xhc3MlM0QlMjJqZWdfYmxvY2tfaGVhZGluZyUyMGplZ19ibG9ja19oZWFkaW5nXzYlMjBqZWdfc3ViY2F0X3JpZ2h0JTIyJTNFJTBBJTIwJTIwJTIwJTIwJTIwJTIwJTIwJTIwJTIwJTIwJTIwJTIwJTIwJTIwJTIwJTIwJTIwJTIwJTIwJTIwJTNDaDMlMjBjbGFzcyUzRCUyMmplZ19ibG9ja190aXRsZSUyMiUzRSUzQ3NwYW4lM0VQT1NJQ0lPTkFNSUVOVE8lMjBBTlRFJTIwT1JHQU5JU01PUyUyMERFJTIwQ0FSJUMzJTgxQ1RFUiUyMFAlQzMlOUFCTElDTyUzQyUyRnNwYW4lM0UlM0MlMkZoMyUzRSUwQSUyMCUyMCUyMCUyMCUyMCUyMCUyMCUyMCUyMCUyMCUyMCUyMCUyMCUyMCUyMCUyMCUyMCUyMCUyMCUyMCUwQSUyMCUyMCUyMCUyMCUyMCUyMCUyMCUyMCUyMCUyMCUyMCUyMCUyMCUyMCUyMCUyMCUzQyUyRmRpdiUzRQ==[\/vc_raw_html][\/vc_column][\/vc_row][vc_row][vc_column][vc_empty_space height=&#8221;20px&#8221;][vc_column_text]<\/p>\n<h3 style=\"text-align: left;\"><span style=\"color: #218a3d;\"><strong>Declaraci\u00f3n de Santiago de Compostela 2021 \u201cAs cooperativas, motor dunha recuperaci\u00f3n m\u00e1is social, sostible e participativa\u201d<\/strong><\/span><\/h3>\n<p>[\/vc_column_text][\/vc_column][vc_column width=&#8221;1\/2&#8243;][vc_column_text]<em><strong>2021<\/strong><\/em><\/p>\n<p><b>AGACA<\/b> e <strong>Uni\u00f3n de Cooperativas EspazoCoop<\/strong> promovemos esta Declaraci\u00f3n de Principios e solicitudes cara \u00e1s instituci\u00f3ns e entidades, p\u00fablicas e privadas.<\/p>\n<p><a style=\"color: blue;\" title=\"Propuestas de Cooperativas Agro-alimentarias de Espa\u00f1a de cara a las Elecciones Generales\"  href=\"https:\/\/agaca.coop\/gl\/?goto=TEoTW1kWBwFbHxkQTQUsV0oVTl5HLD1NZUVhIy5KOxc-O0BQGlEfQGtIehdHGRFwGxY7XylJRyszDU87WQghEVRRFF9PQEkAShwe\" target=\"_blank\" rel=\"noopener noreferrer\">Ver documento (Formato PDF)<\/a>[\/vc_column_text][\/vc_column][vc_column width=&#8221;1\/2&#8243;][vc_single_image image=&#8221;11270&#8243; img_size=&#8221;482&#215;276&#8243; alignment=&#8221;center&#8221;][\/vc_column][vc_column][\/vc_column][\/vc_row][vc_row][vc_column][vc_separator align=&#8221;align_left&#8221;][vc_column_text]<\/p>\n<h3 style=\"text-align: left;\"><span style=\"color: #218a3d;\"><strong>Proposta aos partidos pol\u00edticos<\/strong><\/span><\/h3>\n<p>[\/vc_column_text][\/vc_column][vc_column width=&#8221;1\/2&#8243;][vc_column_text]<em><strong>2020<\/strong><\/em><\/p>\n<p>Plantexamos estas propostas aos partidos pol\u00edticos que concorreron \u00e1s Elecci\u00f3ns Auton\u00f3micas galegas en 2020.<\/p>\n<p><a style=\"color: blue;\" title=\"Postura de AGACA presentada en el Parlamento de Galicia sobre el Estatuto de Autonom\u00eda\"  href=\"https:\/\/agaca.coop\/gl\/?goto=TEoTW1kWBwFbHxkQTQUsV0oVTl5HLD1NZUVhIy5KOxc-O0BQGlEfQGtIehRDGRB5GwIfbglpeA8eMG8yGGU-GEI\" target=\"_blank\" rel=\"noopener noreferrer\">Ver documento PDF\u00a0<\/a>[\/vc_column_text][\/vc_column][vc_column width=&#8221;1\/2&#8243;][vc_single_image image=&#8221;11274&#8243; img_size=&#8221;482&#215;276&#8243; alignment=&#8221;center&#8221;][\/vc_column][\/vc_row][vc_row][vc_column][vc_separator align=&#8221;align_left&#8221;][vc_column_text]<\/p>\n<h3 style=\"text-align: left;\"><strong><span style=\"color: #339966;\"><span style=\"color: #218a3d;\">Propostas de Cooperativas Agro-alimentarias de Espa\u00f1a aos partidos pol\u00edticos cara \u00e1s elecci\u00f3ns xerais<\/span><\/span><\/strong><\/h3>\n<p>[\/vc_column_text][\/vc_column][vc_column width=&#8221;1\/2&#8243;][vc_column_text]<em><strong>2015<\/strong><\/em><\/p>\n<p>Documento coas petici\u00f3ns que Cooperativas Agro-alimentarias de Espa\u00f1a remite aos principais partidos pol\u00edticos en relaci\u00f3n coa mellora das condici\u00f3ns sociais, administrativas e comerciais das cooperativas agroalimentarias.[\/vc_column_text][\/vc_column][vc_column width=&#8221;1\/2&#8243;][vc_empty_space height=&#8221;40px&#8221;][vc_single_image image=&#8221;303&#8243; img_size=&#8221;450&#215;120&#8243; alignment=&#8221;center&#8221;][\/vc_column][vc_column][vc_column_text]<a style=\"color: blue;\" title=\"Propuestas de Cooperativas Agro-alimentarias de Espa\u00f1a de cara a las Elecciones Generales\"  href=\"https:\/\/agaca.coop\/gl\/?goto=TEoTW1kWBwFbHxkQTQUsV0oVTl5HLD1NZUVhIy5KOxc-O0BQGlEfQGtIehRDGRFwG2BuDXAZBXhoSWU5ESgtFUtQAlgHa01AXwoZH0lYcjQWH0sGVTo6WDtbDGwCTDMXfTtbSllXHlklCCNEBRtuFHEEERI1TFM\" target=\"_blank\" rel=\"noopener noreferrer\">Ver documento (Formato PDF)<\/a>[\/vc_column_text][\/vc_column][\/vc_row][vc_row][vc_column][vc_separator align=&#8221;align_left&#8221;][vc_column_text]<\/p>\n<h3 style=\"text-align: left;\"><span style=\"color: #218a3d;\"><strong>Estratexia de Concentraci\u00f3n da Oferta e Integraci\u00f3n Cooperativa<\/strong><\/span><\/h3>\n<p>[\/vc_column_text][\/vc_column][vc_column width=&#8221;1\/2&#8243;][vc_column_text]<em><strong>2010<\/strong><\/em><\/p>\n<p>En 2010 AGACA ofrec\u00eda antecedentes e raz\u00f3ns para xustificar a necesidade de concentrar a produci\u00f3n agroalimentaria, conclusi\u00f3ns sobre a necesidade de promover unha estratexia decidida para o aumento da concentraci\u00f3n da oferta e instrumentos e propostas necesarios para favorecela.<\/p>\n<p><a style=\"color: blue;\" title=\"Estrategia de Concentraci\u00f3n de la Oferta e Integraci\u00f3n Cooperativa\"  href=\"https:\/\/agaca.coop\/gl\/?goto=TEoTW1kWBwFbHxkQTQUsV0oVTl5HLD1NZUVhIy5KOxc-O0BQGlEfQGtIehROGRByGyU8Y3cYBHoPAVMhBio6GVxXBnRJQ0ZNXxYMAU1INgsKXVQVVTs6WGUfITYmTDMZMzNYTRlRH0I0VDpBEA\" target=\"_blank\" rel=\"noopener noreferrer\">Ver documento PDF (en galego)<\/a>[\/vc_column_text][\/vc_column][vc_column width=&#8221;1\/2&#8243;][vc_empty_space height=&#8221;40px&#8221;][vc_single_image image=&#8221;321&#8243; img_size=&#8221;482&#215;174&#8243; alignment=&#8221;center&#8221;][\/vc_column][\/vc_row][vc_row][vc_column][vc_separator align=&#8221;align_left&#8221;][vc_column_text]<\/p>\n<h3 style=\"text-align: left;\"><span style=\"color: #218a3d;\"><strong>Postura de AGACA presentada no Parlamento, respecto do Estatuto de Autonom\u00eda<\/strong><\/span><\/h3>\n<p>[\/vc_column_text][\/vc_column][vc_column width=&#8221;1\/2&#8243;][vc_column_text]<em><strong>2006<\/strong><\/em><\/p>\n<p>Intervenci\u00f3n dos representantes de AGACA no Parlamento de Galicia para solicitar a inclusi\u00f3n de diversos matices no texto do Estatuto de Autonom\u00eda, referentes a aspectos de dereitos e deberes cidad\u00e1ns e valores sociais. Tam\u00e9n unha solicitude para que se mencione, de forma expresa, ao movemento cooperativo.<\/p>\n<p><a style=\"color: blue;\" title=\"Postura de AGACA presentada en el Parlamento de Galicia sobre el Estatuto de Autonom\u00eda\"  href=\"https:\/\/agaca.coop\/gl\/?goto=TEoTW1kWBwFbHxkQTQUsV0oVTl5HLD1NZUVhIy5KOxc-O0BQGlEfQGtIehRDGRB5GwIfbglpeA8eMG8yGGU-GEI\" target=\"_blank\" rel=\"noopener noreferrer\">Ver documento PDF (en galego)<\/a>[\/vc_column_text][\/vc_column][vc_column width=&#8221;1\/2&#8243;][vc_empty_space height=&#8221;40px&#8221;][vc_single_image image=&#8221;324&#8243; img_size=&#8221;482&#215;276&#8243; alignment=&#8221;center&#8221;][\/vc_column][\/vc_row]<\/p>\n","protected":false},"excerpt":{"rendered":"<p>[vc_row full_width=&#8221;stretch_row&#8221; parallax=&#8221;content-moving&#8221; enable_overlay=&#8221;yes&#8221; vc_row_background=&#8221;&#8221; css=&#8221;.vc_custom_1639593306183{margin-top: -30px !important;background-image: url(https:\/\/agaca.coop\/wp-content\/uploads\/2021\/12\/quienessomos-1.jpg?id=11359) !important;}&#8221; overlay_color=&#8221;rgba(72,124,27,0.43)&#8221;][vc_column width=&#8221;1\/2&#8243;][vc_empty_space height=&#8221;100px&#8221;][vc_custom_heading text=&#8221;Referencias Hist\u00f3ricas&#8221; font_container=&#8221;tag:h1|font_size:46|text_align:left|color:%23487c1b&#8221; google_fonts=&#8221;font_family:Montserrat%3Aregular%2C700|font_style:700%20bold%20regular%3A700%3Anormal&#8221;][vc_custom_heading text=&#8221;Agaca nace en 1988 como unha entidade sen \u00e1nimo de lucro, de car\u00e1cter non gobernamental.&#8221; font_container=&#8221;tag:p|font_size:20px|text_align:left|line_height:27px&#8221; use_theme_fonts=&#8221;yes&#8221;][vc_empty_space height=&#8221;60px&#8221;][\/vc_column][vc_column width=&#8221;1\/2&#8243;][\/vc_column][\/vc_row][vc_row][vc_column][vc_empty_space height=&#8221;40px&#8221;][\/vc_column][vc_column width=&#8221;2\/3&#8243;][vc_column_text] Once cooperativas agrarias galegas unen esforzos coa finalidade de crear unha organizaci\u00f3n capaz de representar e defender [&hellip;]<\/p>\n","protected":false},"author":2,"featured_media":0,"parent":12352,"menu_order":0,"comment_status":"closed","ping_status":"closed","template":"template-builder.php","meta":{"_monsterinsights_skip_tracking":false,"_monsterinsights_sitenote_active":false,"_monsterinsights_sitenote_note":"","_monsterinsights_sitenote_category":0,"footnotes":""},"class_list":["post-12384","page","type-page","status-publish","hentry"],"yoast_head":"<!-- This site is optimized with the Yoast SEO plugin v19.11 - https:\/\/yoast.com\/wordpress\/plugins\/seo\/ -->\n<title>Referencias Hist\u00f3ricas - AGACA<\/title>\n<meta name=\"robots\" content=\"index, follow, max-snippet:-1, max-image-preview:large, max-video-preview:-1\" \/>\n<link rel=\"canonical\" href=\"https:\/\/agaca.coop\/gl\/organizacion\/referencias-historicas\/\" \/>\n<meta property=\"og:locale\" content=\"gl_ES\" \/>\n<meta property=\"og:type\" content=\"article\" \/>\n<meta property=\"og:title\" content=\"Referencias Hist\u00f3ricas - AGACA\" \/>\n<meta property=\"og:description\" content=\"[vc_row full_width=&#8221;stretch_row&#8221; parallax=&#8221;content-moving&#8221; enable_overlay=&#8221;yes&#8221; vc_row_background=&#8221;&#8221; css=&#8221;.vc_custom_1639593306183{margin-top: -30px !important;background-image: url(https:\/\/agaca.coop\/wp-content\/uploads\/2021\/12\/quienessomos-1.jpg?id=11359) !important;}&#8221; overlay_color=&#8221;rgba(72,124,27,0.43)&#8221;][vc_column width=&#8221;1\/2&#8243;][vc_empty_space height=&#8221;100px&#8221;][vc_custom_heading text=&#8221;Referencias Hist\u00f3ricas&#8221; font_container=&#8221;tag:h1|font_size:46|text_align:left|color:%23487c1b&#8221; google_fonts=&#8221;font_family:Montserrat%3Aregular%2C700|font_style:700%20bold%20regular%3A700%3Anormal&#8221;][vc_custom_heading text=&#8221;Agaca nace en 1988 como unha entidade sen \u00e1nimo de lucro, de car\u00e1cter non gobernamental.&#8221; font_container=&#8221;tag:p|font_size:20px|text_align:left|line_height:27px&#8221; use_theme_fonts=&#8221;yes&#8221;][vc_empty_space height=&#8221;60px&#8221;][\/vc_column][vc_column width=&#8221;1\/2&#8243;][\/vc_column][\/vc_row][vc_row][vc_column][vc_empty_space height=&#8221;40px&#8221;][\/vc_column][vc_column width=&#8221;2\/3&#8243;][vc_column_text] Once cooperativas agrarias galegas unen esforzos coa finalidade de crear unha organizaci\u00f3n capaz de representar e defender [&hellip;]\" \/>\n<meta property=\"og:url\" content=\"https:\/\/agaca.coop\/gl\/organizacion\/referencias-historicas\/\" \/>\n<meta property=\"og:site_name\" content=\"AGACA\" \/>\n<meta property=\"article:modified_time\" content=\"2022-05-31T11:04:08+00:00\" \/>\n<meta property=\"og:image\" content=\"https:\/\/agaca.s3.eu-west-3.amazonaws.com\/2014\/07\/LOGOAGACA_altacalidad.jpg\" \/>\n<meta name=\"twitter:card\" content=\"summary_large_image\" \/>\n<meta name=\"twitter:label1\" content=\"Tempo de lectura\" \/>\n\t<meta name=\"twitter:data1\" content=\"4 minutos\" \/>\n<script type=\"application\/ld+json\" class=\"yoast-schema-graph\">{\"@context\":\"https:\/\/schema.org\",\"@graph\":[{\"@type\":\"WebPage\",\"@id\":\"https:\/\/agaca.coop\/gl\/organizacion\/referencias-historicas\/\",\"url\":\"https:\/\/agaca.coop\/gl\/organizacion\/referencias-historicas\/\",\"name\":\"Referencias Hist\u00f3ricas - AGACA\",\"isPartOf\":{\"@id\":\"https:\/\/agaca.coop\/#website\"},\"datePublished\":\"2022-05-31T11:04:07+00:00\",\"dateModified\":\"2022-05-31T11:04:08+00:00\",\"breadcrumb\":{\"@id\":\"https:\/\/agaca.coop\/gl\/organizacion\/referencias-historicas\/#breadcrumb\"},\"inLanguage\":\"gl-ES\",\"potentialAction\":[{\"@type\":\"ReadAction\",\"target\":[\"https:\/\/agaca.coop\/gl\/organizacion\/referencias-historicas\/\"]}]},{\"@type\":\"BreadcrumbList\",\"@id\":\"https:\/\/agaca.coop\/gl\/organizacion\/referencias-historicas\/#breadcrumb\",\"itemListElement\":[{\"@type\":\"ListItem\",\"position\":1,\"name\":\"Portada\",\"item\":\"https:\/\/agaca.coop\/gl\/\"},{\"@type\":\"ListItem\",\"position\":2,\"name\":\"Organizaci\u00f3n\",\"item\":\"https:\/\/agaca.coop\/gl\/organizacion\/\"},{\"@type\":\"ListItem\",\"position\":3,\"name\":\"Referencias Hist\u00f3ricas\"}]},{\"@type\":\"WebSite\",\"@id\":\"https:\/\/agaca.coop\/#website\",\"url\":\"https:\/\/agaca.coop\/\",\"name\":\"AGACA\",\"description\":\"Asociaci\u00f3n Galega de Cooperativas Agrarias\",\"potentialAction\":[{\"@type\":\"SearchAction\",\"target\":{\"@type\":\"EntryPoint\",\"urlTemplate\":\"https:\/\/agaca.coop\/?s={search_term_string}\"},\"query-input\":\"required name=search_term_string\"}],\"inLanguage\":\"gl-ES\"}]}<\/script>\n<!-- \/ Yoast SEO plugin. -->","yoast_head_json":{"title":"Referencias Hist\u00f3ricas - AGACA","robots":{"index":"index","follow":"follow","max-snippet":"max-snippet:-1","max-image-preview":"max-image-preview:large","max-video-preview":"max-video-preview:-1"},"canonical":"https:\/\/agaca.coop\/gl\/organizacion\/referencias-historicas\/","og_locale":"gl_ES","og_type":"article","og_title":"Referencias Hist\u00f3ricas - AGACA","og_description":"[vc_row full_width=&#8221;stretch_row&#8221; parallax=&#8221;content-moving&#8221; enable_overlay=&#8221;yes&#8221; vc_row_background=&#8221;&#8221; css=&#8221;.vc_custom_1639593306183{margin-top: -30px !important;background-image: url(https:\/\/agaca.coop\/wp-content\/uploads\/2021\/12\/quienessomos-1.jpg?id=11359) !important;}&#8221; overlay_color=&#8221;rgba(72,124,27,0.43)&#8221;][vc_column width=&#8221;1\/2&#8243;][vc_empty_space height=&#8221;100px&#8221;][vc_custom_heading text=&#8221;Referencias Hist\u00f3ricas&#8221; font_container=&#8221;tag:h1|font_size:46|text_align:left|color:%23487c1b&#8221; google_fonts=&#8221;font_family:Montserrat%3Aregular%2C700|font_style:700%20bold%20regular%3A700%3Anormal&#8221;][vc_custom_heading text=&#8221;Agaca nace en 1988 como unha entidade sen \u00e1nimo de lucro, de car\u00e1cter non gobernamental.&#8221; font_container=&#8221;tag:p|font_size:20px|text_align:left|line_height:27px&#8221; use_theme_fonts=&#8221;yes&#8221;][vc_empty_space height=&#8221;60px&#8221;][\/vc_column][vc_column width=&#8221;1\/2&#8243;][\/vc_column][\/vc_row][vc_row][vc_column][vc_empty_space height=&#8221;40px&#8221;][\/vc_column][vc_column width=&#8221;2\/3&#8243;][vc_column_text] Once cooperativas agrarias galegas unen esforzos coa finalidade de crear unha organizaci\u00f3n capaz de representar e defender [&hellip;]","og_url":"https:\/\/agaca.coop\/gl\/organizacion\/referencias-historicas\/","og_site_name":"AGACA","article_modified_time":"2022-05-31T11:04:08+00:00","og_image":[{"url":"https:\/\/agaca.s3.eu-west-3.amazonaws.com\/2014\/07\/LOGOAGACA_altacalidad.jpg"}],"twitter_card":"summary_large_image","twitter_misc":{"Tempo de lectura":"4 minutos"},"schema":{"@context":"https:\/\/schema.org","@graph":[{"@type":"WebPage","@id":"https:\/\/agaca.coop\/gl\/organizacion\/referencias-historicas\/","url":"https:\/\/agaca.coop\/gl\/organizacion\/referencias-historicas\/","name":"Referencias Hist\u00f3ricas - AGACA","isPartOf":{"@id":"https:\/\/agaca.coop\/#website"},"datePublished":"2022-05-31T11:04:07+00:00","dateModified":"2022-05-31T11:04:08+00:00","breadcrumb":{"@id":"https:\/\/agaca.coop\/gl\/organizacion\/referencias-historicas\/#breadcrumb"},"inLanguage":"gl-ES","potentialAction":[{"@type":"ReadAction","target":["https:\/\/agaca.coop\/gl\/organizacion\/referencias-historicas\/"]}]},{"@type":"BreadcrumbList","@id":"https:\/\/agaca.coop\/gl\/organizacion\/referencias-historicas\/#breadcrumb","itemListElement":[{"@type":"ListItem","position":1,"name":"Portada","item":"https:\/\/agaca.coop\/gl\/"},{"@type":"ListItem","position":2,"name":"Organizaci\u00f3n","item":"https:\/\/agaca.coop\/gl\/organizacion\/"},{"@type":"ListItem","position":3,"name":"Referencias Hist\u00f3ricas"}]},{"@type":"WebSite","@id":"https:\/\/agaca.coop\/#website","url":"https:\/\/agaca.coop\/","name":"AGACA","description":"Asociaci\u00f3n Galega de Cooperativas Agrarias","potentialAction":[{"@type":"SearchAction","target":{"@type":"EntryPoint","urlTemplate":"https:\/\/agaca.coop\/?s={search_term_string}"},"query-input":"required name=search_term_string"}],"inLanguage":"gl-ES"}]}},"_links":{"self":[{"href":"https:\/\/agaca.coop\/gl\/wp-json\/wp\/v2\/pages\/12384","targetHints":{"allow":["GET"]}}],"collection":[{"href":"https:\/\/agaca.coop\/gl\/wp-json\/wp\/v2\/pages"}],"about":[{"href":"https:\/\/agaca.coop\/gl\/wp-json\/wp\/v2\/types\/page"}],"author":[{"embeddable":true,"href":"https:\/\/agaca.coop\/gl\/wp-json\/wp\/v2\/users\/2"}],"replies":[{"embeddable":true,"href":"https:\/\/agaca.coop\/gl\/wp-json\/wp\/v2\/comments?post=12384"}],"version-history":[{"count":5,"href":"https:\/\/agaca.coop\/gl\/wp-json\/wp\/v2\/pages\/12384\/revisions"}],"predecessor-version":[{"id":12389,"href":"https:\/\/agaca.coop\/gl\/wp-json\/wp\/v2\/pages\/12384\/revisions\/12389"}],"up":[{"embeddable":true,"href":"https:\/\/agaca.coop\/gl\/wp-json\/wp\/v2\/pages\/12352"}],"wp:attachment":[{"href":"https:\/\/agaca.coop\/gl\/wp-json\/wp\/v2\/media?parent=12384"}],"curies":[{"name":"wp","href":"https:\/\/api.w.org\/{rel}","templated":true}]}}