{"id":12378,"date":"2022-05-31T10:30:47","date_gmt":"2022-05-31T10:30:47","guid":{"rendered":"https:\/\/agaca.coop\/?page_id=12378"},"modified":"2026-01-08T15:16:01","modified_gmt":"2026-01-08T15:16:01","slug":"organigrama","status":"publish","type":"page","link":"https:\/\/agaca.coop\/gl\/organizacion\/organigrama\/","title":{"rendered":"Organigrama"},"content":{"rendered":"<p>[vc_row full_width=&#8221;stretch_row&#8221; parallax=&#8221;content-moving&#8221; disable_element=&#8221;yes&#8221; enable_overlay=&#8221;yes&#8221; vc_row_background=&#8221;&#8221; css=&#8221;.vc_custom_1634059634426{margin-top: -30px !important;}&#8221; overlay_color=&#8221;rgba(72,124,27,0.43)&#8221;][vc_column width=&#8221;1\/2&#8243;][vc_empty_space height=&#8221;100px&#8221;][vc_custom_heading text=&#8221;<strong>Organigrama<\/strong>&#8221; font_container=&#8221;tag:h1|font_size:46|text_align:left|color:%23487c1b&#8221; google_fonts=&#8221;font_family:Montserrat%3Aregular%2C700|font_style:700%20bold%20regular%3A700%3Anormal&#8221;][vc_empty_space height=&#8221;120px&#8221;][vc_empty_space height=&#8221;60px&#8221;][\/vc_column][vc_column width=&#8221;1\/2&#8243;][\/vc_column][\/vc_row][vc_row][vc_column][vc_empty_space height=&#8221;40px&#8221;][vc_single_image image=&#8221;25806&#8243; img_size=&#8221;large&#8221; alignment=&#8221;center&#8221;][\/vc_column][\/vc_row][vc_row][vc_column][vc_single_image image=&#8221;25802&#8243; img_size=&#8221;large&#8221; alignment=&#8221;center&#8221;][vc_empty_space height=&#8221;40px&#8221;][\/vc_column][\/vc_row][vc_row vc_row_background=&#8221;&#8221; el_class=&#8221;equipoFotosRedondas soloMovil&#8221;][vc_column][vc_empty_space height=&#8221;40px&#8221;][vc_column_text]<\/p>\n<h3 style=\"text-align: center;\"><strong><span style=\"color: #339966;\">CONSELLO REITOR<\/span><\/strong><\/h3>\n<p>[\/vc_column_text][vc_row_inner gap=&#8221;1&#8243;][vc_column_inner width=&#8221;1\/4&#8243;][vc_column_text]<\/p>\n<h3 style=\"text-align: center;\"><strong><span style=\"color: #339966;\">Presidencia<\/span><\/strong><\/h3>\n<p>[\/vc_column_text][vc_separator color=&#8221;custom&#8221; el_width=&#8221;90&#8243; accent_color=&#8221;#eeeeee&#8221;][vc_single_image image=&#8221;11213&#8243; img_size=&#8221;medium&#8221; alignment=&#8221;center&#8221;][vc_column_text]<\/p>\n<p style=\"text-align: center;\">D.\u00aa Carmen Rodr\u00edguez Rodr\u00edguez<br \/>\nCooperativa CLUN<\/p>\n<p>[\/vc_column_text][\/vc_column_inner][vc_column_inner width=&#8221;1\/4&#8243;][vc_column_text]<\/p>\n<h3 style=\"text-align: center;\"><strong><span style=\"color: #339966;\">Vicepresidencia<br \/>\n<\/span><\/strong><\/h3>\n<p>[\/vc_column_text][vc_separator color=&#8221;custom&#8221; el_width=&#8221;90&#8243; accent_color=&#8221;#eeeeee&#8221;][vc_single_image image=&#8221;25837&#8243; img_size=&#8221;medium&#8221; alignment=&#8221;center&#8221;][vc_column_text]<\/p>\n<p style=\"text-align: center;\">D.\u00aa Ana Mar\u00eda Freire Fern\u00e1ndez<br \/>\nCooperativa AIRA<\/p>\n<p>[\/vc_column_text][\/vc_column_inner][vc_column_inner width=&#8221;1\/4&#8243;][vc_column_text]<\/p>\n<h3 style=\"text-align: center;\"><strong><span style=\"color: #339966;\">Secretar\u00eda<br \/>\n<\/span><\/strong><\/h3>\n<p>[\/vc_column_text][vc_separator color=&#8221;custom&#8221; el_width=&#8221;90&#8243; accent_color=&#8221;#eeeeee&#8221;][vc_single_image image=&#8221;11209&#8243; img_size=&#8221;medium&#8221; alignment=&#8221;center&#8221;][vc_column_text]<\/p>\n<p style=\"text-align: center;\">D. Jos\u00e9 Luis Rey Rodr\u00edguez<br \/>\nCooperativa\u00a0COREN<\/p>\n<p>[\/vc_column_text][\/vc_column_inner][vc_column_inner width=&#8221;1\/4&#8243;][vc_column_text]<\/p>\n<h3 style=\"text-align: center;\"><strong><span style=\"color: #339966;\">Tesourar\u00eda<br \/>\n<\/span><\/strong><\/h3>\n<p>[\/vc_column_text][vc_separator color=&#8221;custom&#8221; el_width=&#8221;90&#8243; accent_color=&#8221;#eeeeee&#8221;][vc_single_image image=&#8221;11207&#8243; img_size=&#8221;medium&#8221; alignment=&#8221;center&#8221;][vc_column_text]<\/p>\n<p style=\"text-align: center;\">D. Javier Iglesias Send\u00edn<br \/>\nCooperativa VI\u00d1A COSTEIRA<\/p>\n<p>[\/vc_column_text][\/vc_column_inner][\/vc_row_inner][vc_row_inner gap=&#8221;1&#8243;][vc_column_inner width=&#8221;1\/4&#8243;][vc_column_text]<\/p>\n<h3 style=\"text-align: center;\"><strong><span style=\"color: #339966;\">Vogal<\/span><\/strong><\/h3>\n<p>[\/vc_column_text][vc_separator color=&#8221;custom&#8221; el_width=&#8221;90&#8243; accent_color=&#8221;#eeeeee&#8221;][vc_single_image image=&#8221;25844&#8243; img_size=&#8221;medium&#8221; alignment=&#8221;center&#8221;][vc_column_text]<\/p>\n<p style=\"text-align: center;\">D. Carlos Carri\u00f3n \u00c1lvarez<br \/>\nVitivin\u00edcola Arousana &#8211; Paco y Lola<\/p>\n<p>[\/vc_column_text][\/vc_column_inner][vc_column_inner width=&#8221;1\/4&#8243;][vc_column_text]<\/p>\n<h3 style=\"text-align: center;\"><strong><span style=\"color: #339966;\">Vogal<\/span><\/strong><\/h3>\n<p>[\/vc_column_text][vc_separator color=&#8221;custom&#8221; el_width=&#8221;90&#8243; accent_color=&#8221;#eeeeee&#8221;][vc_single_image image=&#8221;11203&#8243; img_size=&#8221;medium&#8221; alignment=&#8221;center&#8221;][vc_column_text]<\/p>\n<p style=\"text-align: center;\">D. Rafael Tejeda V\u00e1zquez<br \/>\nProterga<\/p>\n<p>[\/vc_column_text][\/vc_column_inner][vc_column_inner width=&#8221;1\/4&#8243;][vc_column_text]<\/p>\n<h3 style=\"text-align: center;\"><strong><span style=\"color: #339966;\">Vogal<\/span><\/strong><\/h3>\n<p>[\/vc_column_text][vc_separator color=&#8221;custom&#8221; el_width=&#8221;90&#8243; accent_color=&#8221;#eeeeee&#8221;][vc_single_image image=&#8221;11201&#8243; img_size=&#8221;medium&#8221; alignment=&#8221;center&#8221;][vc_column_text]<\/p>\n<p style=\"text-align: center;\">D. Alberto Amil Chaves<br \/>\nHorsal<\/p>\n<p>[\/vc_column_text][\/vc_column_inner][\/vc_row_inner][\/vc_column][vc_column][\/vc_column][\/vc_row][vc_row][vc_column][vc_column_text]<\/p>\n<h2 style=\"text-align: center;\"><strong><span style=\"color: #218a3d;\">XUNTAS SECTORIAIS\u00a0<\/span><\/strong><\/h2>\n<p>[\/vc_column_text][vc_empty_space height=&#8221;40px&#8221;][vc_row_inner][vc_column_inner width=&#8221;1\/2&#8243;][vc_column_text]<\/p>\n<div class=\"wpb_text_column wpb_content_element vc_custom_1434630230490\">\n<div class=\"wpb_wrapper\">\n<ul>\n<li><strong>XUNTA SECTORIAL DE ABASTECEMENTOS E SERVIZOS<\/strong><br \/>\nRepresentante D. Ana Mar\u00eda Freire Fern\u00e1ndez (Aira)<br \/>\nSuplente D. Juan Novo Novo (El Plantel de Betanzos)<\/li>\n<\/ul>\n<\/div>\n<\/div>\n<div class=\"wpb_text_column wpb_content_element vc_custom_1434630272457\">\n<div class=\"wpb_wrapper\">\n<ul>\n<li><strong>XUNTA SECTORIAL DE CARNE DE VAC\u00daN, OVINO, CAPRINO E OUTRAS CARNES<\/strong><br \/>\nRepresentante D. Rafael Tejeda V\u00e1zquez (Proterga)<br \/>\nSuplente D.\u00aa Susana Trastoy Polo (Almoga)<\/li>\n<\/ul>\n<\/div>\n<\/div>\n<div class=\"wpb_text_column wpb_content_element vc_custom_1434630282412\">\n<div class=\"wpb_wrapper\">\n<ul>\n<li><strong>XUNTA SECTORIAL DE GANDER\u00cdA INTENSIVA: AVICULTURA, PORCINO E COELLOS<\/strong><br \/>\nRepresentante D. Jos\u00e9 Luis Rey Rodr\u00edguez (Coren)<br \/>\nSuplente D. Natalio Garc\u00eda Corral (Cogal)<\/li>\n<\/ul>\n<\/div>\n<\/div>\n<div class=\"wpb_text_column wpb_content_element vc_custom_1434630299566\">\n<div class=\"wpb_wrapper\"><\/div>\n<\/div>\n<div class=\"wpb_text_column wpb_content_element vc_custom_1434631266553\">\n<div class=\"wpb_wrapper\">\n<ul>\n<li><strong>XUNTA SECTORIAL DE FROITAS E HORTALIZAS<\/strong><br \/>\nRepresentante D. Alberto Amil Chaves (Horsal)<br \/>\nSuplente D. Jos\u00e9 Rodr\u00edguez Cornes (Erica Mel)<\/li>\n<\/ul>\n<\/div>\n<\/div>\n<div class=\"wpb_text_column wpb_content_element vc_custom_1434630314759\">\n<div class=\"wpb_wrapper\"><\/div>\n<\/div>\n<div class=\"wpb_text_column wpb_content_element vc_custom_1434630324156\">\n<div class=\"wpb_wrapper\"><\/div>\n<\/div>\n<div class=\"wpb_text_column wpb_content_element vc_custom_1434630333257\">\n<div class=\"wpb_wrapper\"><\/div>\n<\/div>\n<div class=\"wpb_text_column wpb_content_element vc_custom_1434630341761\">\n<div class=\"wpb_wrapper\"><\/div>\n<\/div>\n<p>[\/vc_column_text][\/vc_column_inner][vc_column_inner width=&#8221;1\/2&#8243;][vc_column_text]<\/p>\n<div class=\"wpb_text_column wpb_content_element vc_custom_1434630314759\">\n<div class=\"wpb_wrapper\">\n<ul>\n<li><strong>XUNTA SECTORIAL DE LEITE-DERIVADOS L\u00c1CTEOS<\/strong><br \/>\nRepresentante D.\u00aa Carmen Rodr\u00edguez Rodr\u00edguez (Clun)<br \/>\nSuplente D. Jos\u00e9 Antonio Presedo Miranda (Campo Capela)<\/li>\n<\/ul>\n<\/div>\n<\/div>\n<div class=\"wpb_text_column wpb_content_element vc_custom_1434630324156\">\n<div class=\"wpb_wrapper\">\n<ul>\n<li><strong>XUNTA SECTORIAL DE VITIVINICULTURA-INTERIOR<\/strong><br \/>\nRepresentante D. Javier Iglesias Send\u00edn (Vi\u00f1a Costeira)<br \/>\nSuplente D. Manuel Fern\u00e1ndez P\u00e9rez (Jes\u00fas Nazareno)<\/li>\n<\/ul>\n<\/div>\n<\/div>\n<div class=\"wpb_text_column wpb_content_element vc_custom_1434630341761\">\n<div class=\"wpb_wrapper\">\n<ul>\n<li><strong>XUNTA SECTORIAL DE VITIVINICULTURA-COSTA<\/strong><br \/>\nRepresentante D. Carlos Carri\u00f3n \u00c1lvarez (Vitivin\u00edcola Arousana &#8211; Paco y Lola)<br \/>\nSuplente D.\u00aa Dolores Calvo M\u00e9ndez (Condes Albarei)<\/li>\n<\/ul>\n<\/div>\n<\/div>\n<p>[\/vc_column_text][\/vc_column_inner][\/vc_row_inner][\/vc_column][\/vc_row]<\/p>\n","protected":false},"excerpt":{"rendered":"<p>[vc_row full_width=&#8221;stretch_row&#8221; parallax=&#8221;content-moving&#8221; disable_element=&#8221;yes&#8221; enable_overlay=&#8221;yes&#8221; vc_row_background=&#8221;&#8221; css=&#8221;.vc_custom_1634059634426{margin-top: -30px !important;}&#8221; overlay_color=&#8221;rgba(72,124,27,0.43)&#8221;][vc_column width=&#8221;1\/2&#8243;][vc_empty_space height=&#8221;100px&#8221;][vc_custom_heading text=&#8221;Organigrama&#8221; font_container=&#8221;tag:h1|font_size:46|text_align:left|color:%23487c1b&#8221; google_fonts=&#8221;font_family:Montserrat%3Aregular%2C700|font_style:700%20bold%20regular%3A700%3Anormal&#8221;][vc_empty_space height=&#8221;120px&#8221;][vc_empty_space height=&#8221;60px&#8221;][\/vc_column][vc_column width=&#8221;1\/2&#8243;][\/vc_column][\/vc_row][vc_row][vc_column][vc_empty_space height=&#8221;40px&#8221;][vc_single_image image=&#8221;25806&#8243; img_size=&#8221;large&#8221; alignment=&#8221;center&#8221;][\/vc_column][\/vc_row][vc_row][vc_column][vc_single_image image=&#8221;25802&#8243; img_size=&#8221;large&#8221; alignment=&#8221;center&#8221;][vc_empty_space height=&#8221;40px&#8221;][\/vc_column][\/vc_row][vc_row vc_row_background=&#8221;&#8221; el_class=&#8221;equipoFotosRedondas soloMovil&#8221;][vc_column][vc_empty_space height=&#8221;40px&#8221;][vc_column_text] CONSELLO REITOR [\/vc_column_text][vc_row_inner gap=&#8221;1&#8243;][vc_column_inner width=&#8221;1\/4&#8243;][vc_column_text] Presidencia [\/vc_column_text][vc_separator color=&#8221;custom&#8221; el_width=&#8221;90&#8243; accent_color=&#8221;#eeeeee&#8221;][vc_single_image image=&#8221;11213&#8243; img_size=&#8221;medium&#8221; alignment=&#8221;center&#8221;][vc_column_text] D.\u00aa Carmen Rodr\u00edguez Rodr\u00edguez Cooperativa CLUN [\/vc_column_text][\/vc_column_inner][vc_column_inner width=&#8221;1\/4&#8243;][vc_column_text] Vicepresidencia [\/vc_column_text][vc_separator color=&#8221;custom&#8221; el_width=&#8221;90&#8243; [&hellip;]<\/p>\n","protected":false},"author":2,"featured_media":0,"parent":12352,"menu_order":0,"comment_status":"closed","ping_status":"closed","template":"","meta":{"_monsterinsights_skip_tracking":false,"_monsterinsights_sitenote_active":false,"_monsterinsights_sitenote_note":"","_monsterinsights_sitenote_category":0,"footnotes":""},"class_list":["post-12378","page","type-page","status-publish","hentry"],"yoast_head":"<!-- This site is optimized with the Yoast SEO plugin v19.11 - https:\/\/yoast.com\/wordpress\/plugins\/seo\/ -->\n<title>Organigrama - AGACA<\/title>\n<meta name=\"robots\" content=\"index, follow, max-snippet:-1, max-image-preview:large, max-video-preview:-1\" \/>\n<link rel=\"canonical\" href=\"https:\/\/agaca.coop\/gl\/organizacion\/organigrama\/\" \/>\n<meta property=\"og:locale\" content=\"gl_ES\" \/>\n<meta property=\"og:type\" content=\"article\" \/>\n<meta property=\"og:title\" content=\"Organigrama - AGACA\" \/>\n<meta property=\"og:description\" content=\"[vc_row full_width=&#8221;stretch_row&#8221; parallax=&#8221;content-moving&#8221; disable_element=&#8221;yes&#8221; enable_overlay=&#8221;yes&#8221; vc_row_background=&#8221;&#8221; css=&#8221;.vc_custom_1634059634426{margin-top: -30px !important;}&#8221; overlay_color=&#8221;rgba(72,124,27,0.43)&#8221;][vc_column width=&#8221;1\/2&#8243;][vc_empty_space height=&#8221;100px&#8221;][vc_custom_heading text=&#8221;Organigrama&#8221; font_container=&#8221;tag:h1|font_size:46|text_align:left|color:%23487c1b&#8221; google_fonts=&#8221;font_family:Montserrat%3Aregular%2C700|font_style:700%20bold%20regular%3A700%3Anormal&#8221;][vc_empty_space height=&#8221;120px&#8221;][vc_empty_space height=&#8221;60px&#8221;][\/vc_column][vc_column width=&#8221;1\/2&#8243;][\/vc_column][\/vc_row][vc_row][vc_column][vc_empty_space height=&#8221;40px&#8221;][vc_single_image image=&#8221;25806&#8243; img_size=&#8221;large&#8221; alignment=&#8221;center&#8221;][\/vc_column][\/vc_row][vc_row][vc_column][vc_single_image image=&#8221;25802&#8243; img_size=&#8221;large&#8221; alignment=&#8221;center&#8221;][vc_empty_space height=&#8221;40px&#8221;][\/vc_column][\/vc_row][vc_row vc_row_background=&#8221;&#8221; el_class=&#8221;equipoFotosRedondas soloMovil&#8221;][vc_column][vc_empty_space height=&#8221;40px&#8221;][vc_column_text] CONSELLO REITOR [\/vc_column_text][vc_row_inner gap=&#8221;1&#8243;][vc_column_inner width=&#8221;1\/4&#8243;][vc_column_text] Presidencia [\/vc_column_text][vc_separator color=&#8221;custom&#8221; el_width=&#8221;90&#8243; accent_color=&#8221;#eeeeee&#8221;][vc_single_image image=&#8221;11213&#8243; img_size=&#8221;medium&#8221; alignment=&#8221;center&#8221;][vc_column_text] D.\u00aa Carmen Rodr\u00edguez Rodr\u00edguez Cooperativa CLUN [\/vc_column_text][\/vc_column_inner][vc_column_inner width=&#8221;1\/4&#8243;][vc_column_text] Vicepresidencia [\/vc_column_text][vc_separator color=&#8221;custom&#8221; el_width=&#8221;90&#8243; [&hellip;]\" \/>\n<meta property=\"og:url\" content=\"https:\/\/agaca.coop\/gl\/organizacion\/organigrama\/\" \/>\n<meta property=\"og:site_name\" content=\"AGACA\" \/>\n<meta property=\"article:modified_time\" content=\"2026-01-08T15:16:01+00:00\" \/>\n<meta name=\"twitter:card\" content=\"summary_large_image\" \/>\n<meta name=\"twitter:label1\" content=\"Tempo de lectura\" \/>\n\t<meta name=\"twitter:data1\" content=\"2 minutos\" \/>\n<script type=\"application\/ld+json\" class=\"yoast-schema-graph\">{\"@context\":\"https:\/\/schema.org\",\"@graph\":[{\"@type\":\"WebPage\",\"@id\":\"https:\/\/agaca.coop\/gl\/organizacion\/organigrama\/\",\"url\":\"https:\/\/agaca.coop\/gl\/organizacion\/organigrama\/\",\"name\":\"Organigrama - AGACA\",\"isPartOf\":{\"@id\":\"https:\/\/agaca.coop\/#website\"},\"datePublished\":\"2022-05-31T10:30:47+00:00\",\"dateModified\":\"2026-01-08T15:16:01+00:00\",\"breadcrumb\":{\"@id\":\"https:\/\/agaca.coop\/gl\/organizacion\/organigrama\/#breadcrumb\"},\"inLanguage\":\"gl-ES\",\"potentialAction\":[{\"@type\":\"ReadAction\",\"target\":[\"https:\/\/agaca.coop\/gl\/organizacion\/organigrama\/\"]}]},{\"@type\":\"BreadcrumbList\",\"@id\":\"https:\/\/agaca.coop\/gl\/organizacion\/organigrama\/#breadcrumb\",\"itemListElement\":[{\"@type\":\"ListItem\",\"position\":1,\"name\":\"Portada\",\"item\":\"https:\/\/agaca.coop\/gl\/\"},{\"@type\":\"ListItem\",\"position\":2,\"name\":\"Organizaci\u00f3n\",\"item\":\"https:\/\/agaca.coop\/gl\/organizacion\/\"},{\"@type\":\"ListItem\",\"position\":3,\"name\":\"Organigrama\"}]},{\"@type\":\"WebSite\",\"@id\":\"https:\/\/agaca.coop\/#website\",\"url\":\"https:\/\/agaca.coop\/\",\"name\":\"AGACA\",\"description\":\"Asociaci\u00f3n Galega de Cooperativas Agrarias\",\"potentialAction\":[{\"@type\":\"SearchAction\",\"target\":{\"@type\":\"EntryPoint\",\"urlTemplate\":\"https:\/\/agaca.coop\/?s={search_term_string}\"},\"query-input\":\"required name=search_term_string\"}],\"inLanguage\":\"gl-ES\"}]}<\/script>\n<!-- \/ Yoast SEO plugin. -->","yoast_head_json":{"title":"Organigrama - AGACA","robots":{"index":"index","follow":"follow","max-snippet":"max-snippet:-1","max-image-preview":"max-image-preview:large","max-video-preview":"max-video-preview:-1"},"canonical":"https:\/\/agaca.coop\/gl\/organizacion\/organigrama\/","og_locale":"gl_ES","og_type":"article","og_title":"Organigrama - AGACA","og_description":"[vc_row full_width=&#8221;stretch_row&#8221; parallax=&#8221;content-moving&#8221; disable_element=&#8221;yes&#8221; enable_overlay=&#8221;yes&#8221; vc_row_background=&#8221;&#8221; css=&#8221;.vc_custom_1634059634426{margin-top: -30px !important;}&#8221; overlay_color=&#8221;rgba(72,124,27,0.43)&#8221;][vc_column width=&#8221;1\/2&#8243;][vc_empty_space height=&#8221;100px&#8221;][vc_custom_heading text=&#8221;Organigrama&#8221; font_container=&#8221;tag:h1|font_size:46|text_align:left|color:%23487c1b&#8221; google_fonts=&#8221;font_family:Montserrat%3Aregular%2C700|font_style:700%20bold%20regular%3A700%3Anormal&#8221;][vc_empty_space height=&#8221;120px&#8221;][vc_empty_space height=&#8221;60px&#8221;][\/vc_column][vc_column width=&#8221;1\/2&#8243;][\/vc_column][\/vc_row][vc_row][vc_column][vc_empty_space height=&#8221;40px&#8221;][vc_single_image image=&#8221;25806&#8243; img_size=&#8221;large&#8221; alignment=&#8221;center&#8221;][\/vc_column][\/vc_row][vc_row][vc_column][vc_single_image image=&#8221;25802&#8243; img_size=&#8221;large&#8221; alignment=&#8221;center&#8221;][vc_empty_space height=&#8221;40px&#8221;][\/vc_column][\/vc_row][vc_row vc_row_background=&#8221;&#8221; el_class=&#8221;equipoFotosRedondas soloMovil&#8221;][vc_column][vc_empty_space height=&#8221;40px&#8221;][vc_column_text] CONSELLO REITOR [\/vc_column_text][vc_row_inner gap=&#8221;1&#8243;][vc_column_inner width=&#8221;1\/4&#8243;][vc_column_text] Presidencia [\/vc_column_text][vc_separator color=&#8221;custom&#8221; el_width=&#8221;90&#8243; accent_color=&#8221;#eeeeee&#8221;][vc_single_image image=&#8221;11213&#8243; img_size=&#8221;medium&#8221; alignment=&#8221;center&#8221;][vc_column_text] D.\u00aa Carmen Rodr\u00edguez Rodr\u00edguez Cooperativa CLUN [\/vc_column_text][\/vc_column_inner][vc_column_inner width=&#8221;1\/4&#8243;][vc_column_text] Vicepresidencia [\/vc_column_text][vc_separator color=&#8221;custom&#8221; el_width=&#8221;90&#8243; [&hellip;]","og_url":"https:\/\/agaca.coop\/gl\/organizacion\/organigrama\/","og_site_name":"AGACA","article_modified_time":"2026-01-08T15:16:01+00:00","twitter_card":"summary_large_image","twitter_misc":{"Tempo de lectura":"2 minutos"},"schema":{"@context":"https:\/\/schema.org","@graph":[{"@type":"WebPage","@id":"https:\/\/agaca.coop\/gl\/organizacion\/organigrama\/","url":"https:\/\/agaca.coop\/gl\/organizacion\/organigrama\/","name":"Organigrama - AGACA","isPartOf":{"@id":"https:\/\/agaca.coop\/#website"},"datePublished":"2022-05-31T10:30:47+00:00","dateModified":"2026-01-08T15:16:01+00:00","breadcrumb":{"@id":"https:\/\/agaca.coop\/gl\/organizacion\/organigrama\/#breadcrumb"},"inLanguage":"gl-ES","potentialAction":[{"@type":"ReadAction","target":["https:\/\/agaca.coop\/gl\/organizacion\/organigrama\/"]}]},{"@type":"BreadcrumbList","@id":"https:\/\/agaca.coop\/gl\/organizacion\/organigrama\/#breadcrumb","itemListElement":[{"@type":"ListItem","position":1,"name":"Portada","item":"https:\/\/agaca.coop\/gl\/"},{"@type":"ListItem","position":2,"name":"Organizaci\u00f3n","item":"https:\/\/agaca.coop\/gl\/organizacion\/"},{"@type":"ListItem","position":3,"name":"Organigrama"}]},{"@type":"WebSite","@id":"https:\/\/agaca.coop\/#website","url":"https:\/\/agaca.coop\/","name":"AGACA","description":"Asociaci\u00f3n Galega de Cooperativas Agrarias","potentialAction":[{"@type":"SearchAction","target":{"@type":"EntryPoint","urlTemplate":"https:\/\/agaca.coop\/?s={search_term_string}"},"query-input":"required name=search_term_string"}],"inLanguage":"gl-ES"}]}},"_links":{"self":[{"href":"https:\/\/agaca.coop\/gl\/wp-json\/wp\/v2\/pages\/12378","targetHints":{"allow":["GET"]}}],"collection":[{"href":"https:\/\/agaca.coop\/gl\/wp-json\/wp\/v2\/pages"}],"about":[{"href":"https:\/\/agaca.coop\/gl\/wp-json\/wp\/v2\/types\/page"}],"author":[{"embeddable":true,"href":"https:\/\/agaca.coop\/gl\/wp-json\/wp\/v2\/users\/2"}],"replies":[{"embeddable":true,"href":"https:\/\/agaca.coop\/gl\/wp-json\/wp\/v2\/comments?post=12378"}],"version-history":[{"count":20,"href":"https:\/\/agaca.coop\/gl\/wp-json\/wp\/v2\/pages\/12378\/revisions"}],"predecessor-version":[{"id":25847,"href":"https:\/\/agaca.coop\/gl\/wp-json\/wp\/v2\/pages\/12378\/revisions\/25847"}],"up":[{"embeddable":true,"href":"https:\/\/agaca.coop\/gl\/wp-json\/wp\/v2\/pages\/12352"}],"wp:attachment":[{"href":"https:\/\/agaca.coop\/gl\/wp-json\/wp\/v2\/media?parent=12378"}],"curies":[{"name":"wp","href":"https:\/\/api.w.org\/{rel}","templated":true}]}}