{"id":12366,"date":"2022-05-31T09:52:36","date_gmt":"2022-05-31T09:52:36","guid":{"rendered":"https:\/\/agaca.coop\/?page_id=12366"},"modified":"2023-04-05T13:51:13","modified_gmt":"2023-04-05T13:51:13","slug":"localizacion-y-contacto","status":"publish","type":"page","link":"https:\/\/agaca.coop\/gl\/organizacion\/localizacion-y-contacto\/","title":{"rendered":"Localizaci\u00f3n e contacto"},"content":{"rendered":"<p>[vc_row full_width=&#8221;stretch_row&#8221; parallax=&#8221;content-moving&#8221; enable_overlay=&#8221;yes&#8221; vc_row_background=&#8221;&#8221; css=&#8221;.vc_custom_1640426069860{margin-top: -30px !important;background-image: url(https:\/\/agaca.coop\/wp-content\/uploads\/2021\/10\/quienessomos-1.jpg?id=11233) !important;}&#8221; overlay_color=&#8221;rgba(72,124,27,0.43)&#8221;][vc_column width=&#8221;1\/2&#8243;][vc_empty_space height=&#8221;100px&#8221;][vc_custom_heading text=&#8221;<strong>Localizaci\u00f3n<\/strong><br \/>\n<strong>e Contacto<\/strong>&#8221; font_container=&#8221;tag:h1|font_size:46|text_align:left|color:%23487c1b&#8221; google_fonts=&#8221;font_family:Montserrat%3Aregular%2C700|font_style:700%20bold%20regular%3A700%3Anormal&#8221;][vc_empty_space height=&#8221;120px&#8221;][vc_empty_space height=&#8221;60px&#8221;][\/vc_column][vc_column width=&#8221;1\/2&#8243;][\/vc_column][\/vc_row][vc_row][vc_column][vc_empty_space height=&#8221;40px&#8221;][vc_row_inner][vc_column_inner width=&#8221;2\/3&#8243;][vc_single_image image=&#8221;554&#8243; img_size=&#8221;full&#8221;][\/vc_column_inner][vc_column_inner width=&#8221;1\/3&#8243;][vc_column_text]<\/p>\n<h3 style=\"text-align: center;\"><strong><span style=\"color: #339966;\">Sede Central<\/span><\/strong><\/h3>\n<h3 style=\"text-align: center;\"><strong><span style=\"color: #339966;\">SANTIAGO DE COMPOSTELA<\/span><\/strong><\/h3>\n<p>[\/vc_column_text][vc_column_text]<\/p>\n<p style=\"color: #000000; text-align: center;\">R\u00faa Tomi\u00f1o, n\u00ba 22 &#8211; Entresollado, 15703, Santiago de Compostela (A CORU\u00d1A)<\/p>\n<p>[\/vc_column_text]<div  class=\"jeg_iconlink jeg_col_2o3 jnews_module__0_69d32a288477c   \">                \n                <a class=\"jeg_block_icon_link\"  href=\"tel:981584783\" >\n                    <i class=\"fas fa-phone-volume\"><\/i>\n                <\/a>\n                <div class=\"jeg_block_icon_desc\">\n                    <a class=\"jeg_block_icon_title\"  href=\"tel:981584783\" ><h3>981 58 47 83<\/h3><\/a>\n                    <a class=\"jeg_block_icon_desc_span\"  href=\"tel:981584783\" ><span><\/span><\/a>\n                <\/div>\n            <\/div><div  class=\"jeg_iconlink jeg_col_2o3 jnews_module__1_69d32a28847f4   \">                \n                <a class=\"jeg_block_icon_link\"  href=\"\" >\n                    <i class=\"fas fa-fax\"><\/i>\n                <\/a>\n                <div class=\"jeg_block_icon_desc\">\n                    <a class=\"jeg_block_icon_title\"  href=\"\" ><h3>981 57 17 30<\/h3><\/a>\n                    <a class=\"jeg_block_icon_desc_span\"  href=\"\" ><span><\/span><\/a>\n                <\/div>\n            <\/div><div  class=\"jeg_iconlink jeg_col_2o3 jnews_module__2_69d32a2884835   \">                \n                <a class=\"jeg_block_icon_link\"  href=\"mailto:agaca@agaca.coop\" >\n                    <i class=\"fas fa-at\"><\/i>\n                <\/a>\n                <div class=\"jeg_block_icon_desc\">\n                    <a class=\"jeg_block_icon_title\"  href=\"mailto:agaca@agaca.coop\" ><h3>agaca@agaca.coop<\/h3><\/a>\n                    <a class=\"jeg_block_icon_desc_span\"  href=\"mailto:agaca@agaca.coop\" ><span><\/span><\/a>\n                <\/div>\n            <\/div>[vc_column_text]<\/p>\n<p style=\"text-align: right;\"><a style=\"color: #0000ff;\"  href=\"https:\/\/agaca.coop\/gl\/?goto=TEoTW1kWBwFNDw9dS0QwAwgVFRBfJGFUKQY8bTNHIBs1dXZQW1EZTCcTb2ZFE2JyWnkZXSlEUC0xT2QwXwghE1RbFUpeRV5PSVM5FF5EPggNHV4dRCg8UCkFYAJ3GW9AaGwHGgweXRVqT3kTQg4UdhhjaUZqTFQ-MVkBZhl6b0hGD0YfRxkJHVdMWUJfGycAVhVdFgV4KFgqRn9ycxp7SCg5VhRRAUdJJ09yFEIAGXYAc2ZRdwkGLmRWDm1MfX5FHB9TTwcUBhsJTEpKGhQ3CFkVSA\" target=\"_blank\" rel=\"noopener noreferrer\">Como chegar<\/a><\/p>\n<p>[\/vc_column_text][\/vc_column_inner][\/vc_row_inner][\/vc_column][\/vc_row][vc_row][vc_column][vc_empty_space height=&#8221;40px&#8221;][vc_row_inner][vc_column_inner width=&#8221;1\/4&#8243;][vc_column_text]<\/p>\n<h3 style=\"text-align: center;\"><strong><span style=\"color: #339966;\">Delegaci\u00f3n LUGO<\/span><\/strong><\/h3>\n<p>[\/vc_column_text][vc_column_text]<\/p>\n<p style=\"color: #000000; text-align: center;\">R\u00faa Poeta Noriega Varela, 30 &#8211; Entresollado A, 27004, Lugo (LUGO)<\/p>\n<p>[\/vc_column_text]<div  class=\"jeg_iconlink jeg_col_2o3 jnews_module__3_69d32a288486d   \">                \n                <a class=\"jeg_block_icon_link\"  href=\"tel:981584783\" >\n                    <i class=\"fas fa-phone-volume\"><\/i>\n                <\/a>\n                <div class=\"jeg_block_icon_desc\">\n                    <a class=\"jeg_block_icon_title\"  href=\"tel:981584783\" ><h3>982 20 15 14<\/h3><\/a>\n                    <a class=\"jeg_block_icon_desc_span\"  href=\"tel:981584783\" ><span><\/span><\/a>\n                <\/div>\n            <\/div><div  class=\"jeg_iconlink jeg_col_2o3 jnews_module__4_69d32a28848a2   \">                \n                <a class=\"jeg_block_icon_link\"  href=\"\" >\n                    <i class=\"fas fa-fax\"><\/i>\n                <\/a>\n                <div class=\"jeg_block_icon_desc\">\n                    <a class=\"jeg_block_icon_title\"  href=\"\" ><h3>982 20 15 43<\/h3><\/a>\n                    <a class=\"jeg_block_icon_desc_span\"  href=\"\" ><span><\/span><\/a>\n                <\/div>\n            <\/div><div  class=\"jeg_iconlink jeg_col_2o3 jnews_module__5_69d32a28848d2   \">                \n                <a class=\"jeg_block_icon_link\"  href=\"mailto:agacalugo@agaca.coop\" >\n                    <i class=\"fas fa-at\"><\/i>\n                <\/a>\n                <div class=\"jeg_block_icon_desc\">\n                    <a class=\"jeg_block_icon_title\"  href=\"mailto:agacalugo@agaca.coop\" ><h3>agacalugo@agaca.coop<\/h3><\/a>\n                    <a class=\"jeg_block_icon_desc_span\"  href=\"mailto:agacalugo@agaca.coop\" ><span><\/span><\/a>\n                <\/div>\n            <\/div>[vc_column_text]<\/p>\n<p style=\"text-align: right;\"><a style=\"color: #0000ff;\"  href=\"https:\/\/agaca.coop\/gl\/?goto=TEoTW1kWBwFNDw9dS0QwAwgVFRBfJGFUKQY8bTNHIBs1dWUGdwFVbwUbYWsZREkkUzN1aiRaUCYxT3A6ET8vUA8NVwcBHh8eCkxTP1lMMEskRAhdAHl3D31HeG5uHG9NZmgEFgQFXBxzAGVBF0JBfBVmMwRkGVh4cVZNZFV6PT1jfyRqBgd6e3tTNhxeQjoDBVttEkIsIlhjJiAnN0pqVHtpBwgYGUIadEp-DjpDRy4fHgt7CgNya2MJFHRFOH4EQA1WSE8UHhlZQEtLTxlmXlQIXkUAeXlceEV3IHEcdUpnbxYbWQBRHiBOeQtGBhl4BGBmHXFMGH1-URZmRXx4RA\" target=\"_blank\" rel=\"noopener noreferrer\">Como chegar<\/a><\/p>\n<p>[\/vc_column_text][\/vc_column_inner][vc_column_inner width=&#8221;3\/4&#8243;][vc_single_image image=&#8221;577&#8243; img_size=&#8221;full&#8221;][\/vc_column_inner][\/vc_row_inner][\/vc_column][\/vc_row][vc_row][vc_column][vc_empty_space height=&#8221;40px&#8221;][vc_row_inner][vc_column_inner width=&#8221;2\/3&#8243;][vc_single_image image=&#8221;554&#8243; img_size=&#8221;full&#8221;][\/vc_column_inner][vc_column_inner width=&#8221;1\/3&#8243;][vc_column_text]<\/p>\n<h3 style=\"text-align: center;\"><strong><span style=\"color: #339966;\">Delegaci\u00f3n OURENSE<\/span><\/strong><\/h3>\n<p>[\/vc_column_text][vc_column_text]<\/p>\n<p style=\"color: #000000; text-align: center;\">R\u00faa Bedoia, 7 &#8211; 2\u00ba (OF. 1), 32004, Ourense (OURENSE)<\/p>\n<p>[\/vc_column_text]<div  class=\"jeg_iconlink jeg_col_2o3 jnews_module__6_69d32a2884900   \">                \n                <a class=\"jeg_block_icon_link\"  href=\"tel:988242481\" >\n                    <i class=\"fas fa-phone-volume\"><\/i>\n                <\/a>\n                <div class=\"jeg_block_icon_desc\">\n                    <a class=\"jeg_block_icon_title\"  href=\"tel:988242481\" ><h3>988 24 24 81<\/h3><\/a>\n                    <a class=\"jeg_block_icon_desc_span\"  href=\"tel:988242481\" ><span><\/span><\/a>\n                <\/div>\n            <\/div><div  class=\"jeg_iconlink jeg_col_2o3 jnews_module__7_69d32a288492c   \">                \n                <a class=\"jeg_block_icon_link\"  href=\"\" >\n                    <i class=\"fas fa-fax\"><\/i>\n                <\/a>\n                <div class=\"jeg_block_icon_desc\">\n                    <a class=\"jeg_block_icon_title\"  href=\"\" ><h3>988 24 24 80<\/h3><\/a>\n                    <a class=\"jeg_block_icon_desc_span\"  href=\"\" ><span><\/span><\/a>\n                <\/div>\n            <\/div><div  class=\"jeg_iconlink jeg_col_2o3 jnews_module__8_69d32a2884957   \">                \n                <a class=\"jeg_block_icon_link\"  href=\"mailto:agacaourense@agaca.coop\" >\n                    <i class=\"fas fa-at\"><\/i>\n                <\/a>\n                <div class=\"jeg_block_icon_desc\">\n                    <a class=\"jeg_block_icon_title\"  href=\"mailto:agacaourense@agaca.coop\" ><h3>agacaourense@agaca.coop<\/h3><\/a>\n                    <a class=\"jeg_block_icon_desc_span\"  href=\"mailto:agacaourense@agaca.coop\" ><span><\/span><\/a>\n                <\/div>\n            <\/div>[vc_column_text]<\/p>\n<p style=\"text-align: right;\"><a style=\"color: #0000ff;\"  href=\"https:\/\/agaca.coop\/gl\/?goto=TEoTW1kWBwFNDw9dS0QwAwgVFRBfJGFUKQY8bTNHIBs1dXZQW1EZTCcTb2ZFE2JyWnkZXSlEUC0xT2QwXwghE1RbFUpeRV5PSVM5FF5KLQ0FAxQzBHtgCnxGeXJ3HG1VZ3QPFQAERxR8VnsSDBlEIEAzYx12RQRrZAYRdEAmf08FDwocCx9FGBtJC0NUT20CAhVZRFV-fAhwECwkeRs5TWdtAxUMC0cVcUp-E0YERGAGIQwZBhsQCBEFCxcRLyEFRRJMHAYHGxwKSExYY14tAQoDXlIDK38YcBt9Y3BPdUp-aQMTAgJAFWVOLghBGBh3BmZmCX0JBidkRREmRDMqTkJYAkkdSR8cC0AeEEoRbxxTFgoQVXEtXCxDeHEnGHVBcWJaERUBFBl2VHkRRgAQcQxzalhoHxtyZlYUbUFzcRRIAwJY\" target=\"_blank\" rel=\"noopener noreferrer\">Como chegar<\/a><\/p>\n<p>[\/vc_column_text][\/vc_column_inner][\/vc_row_inner][\/vc_column][\/vc_row][vc_row][vc_column][vc_empty_space height=&#8221;40px&#8221;][\/vc_column][\/vc_row][vc_row full_width=&#8221;stretch_row&#8221; vc_row_background=&#8221;&#8221; css=&#8221;.vc_custom_1603648690027{background-color: #eeeeee !important;background-position: center !important;background-repeat: no-repeat !important;background-size: cover !important;}&#8221;][vc_column width=&#8221;1\/4&#8243;][vc_empty_space height=&#8221;80px&#8221;][vc_single_image image=&#8221;583&#8243; img_size=&#8221;full&#8221; alignment=&#8221;right&#8221;][\/vc_column][vc_column width=&#8221;3\/4&#8243;][vc_empty_space height=&#8221;40px&#8221;][vc_column_text]<\/p>\n<h3 style=\"text-align: left;\"><span style=\"color: #339966;\"><strong>Tam\u00e9n pode po\u00f1erse en contacto connosco a trav\u00e9s do seguinte formulario:<\/strong><\/span><\/h3>\n<div role=\"form\" class=\"wpcf7\" id=\"wpcf7-f17000-o1\" lang=\"es-ES\" dir=\"ltr\">\n<div class=\"screen-reader-response\"><p role=\"status\" aria-live=\"polite\" aria-atomic=\"true\"><\/p> <ul><\/ul><\/div>\n<form action=\"\/gl\/wp-json\/wp\/v2\/pages\/12366#wpcf7-f17000-o1\" method=\"post\" class=\"wpcf7-form init\" novalidate=\"novalidate\" data-status=\"init\">\n<div style=\"display: none;\">\n<input type=\"hidden\" name=\"_wpcf7\" value=\"17000\" \/>\n<input type=\"hidden\" name=\"_wpcf7_version\" value=\"5.5.6.1\" \/>\n<input type=\"hidden\" name=\"_wpcf7_locale\" value=\"es_ES\" \/>\n<input type=\"hidden\" name=\"_wpcf7_unit_tag\" value=\"wpcf7-f17000-o1\" \/>\n<input type=\"hidden\" name=\"_wpcf7_container_post\" value=\"0\" \/>\n<input type=\"hidden\" name=\"_wpcf7_posted_data_hash\" value=\"\" \/>\n<\/div>\n<p>O seu nome (requirido)<br \/>\n    <span class=\"wpcf7-form-control-wrap your-name\"><input type=\"text\" name=\"your-name\" value=\"\" size=\"40\" class=\"wpcf7-form-control wpcf7-text wpcf7-validates-as-required\" aria-required=\"true\" aria-invalid=\"false\" \/><\/span> <\/p>\n<p>O seu e-mail (requirido)<br \/>\n    <span class=\"wpcf7-form-control-wrap your-email\"><input type=\"email\" name=\"your-email\" value=\"\" size=\"40\" class=\"wpcf7-form-control wpcf7-text wpcf7-email wpcf7-validates-as-required wpcf7-validates-as-email\" aria-required=\"true\" aria-invalid=\"false\" \/><\/span> <\/p>\n<p>Asunto (requirido)<br \/>\n    <span class=\"wpcf7-form-control-wrap your-subject\"><input type=\"text\" name=\"your-subject\" value=\"\" size=\"40\" class=\"wpcf7-form-control wpcf7-text wpcf7-validates-as-required\" aria-required=\"true\" aria-invalid=\"false\" \/><\/span> <\/p>\n<p>A s\u00faa mensaxe<br \/>\n    <span class=\"wpcf7-form-control-wrap your-message\"><textarea name=\"your-message\" cols=\"40\" rows=\"10\" class=\"wpcf7-form-control wpcf7-textarea\" aria-invalid=\"false\"><\/textarea><\/span> <\/p>\n<p><strong>Informaci\u00f3n sobre protecci\u00f3n de datos<\/strong><br \/>\n<br \/>\n<span><strong>Responsable do tratamento:<\/strong> UNI\u00d3N DE COOPERATIVAS ASOCIACI\u00d3N GALEGA DE COOPERATIVAS AGRARIAS AGACA, con domicilio social en  R\u00daA TOMI\u00d1O, 22 ENT., 15703 - SANTIAGO DE COMPOSTELA (A Coru\u00f1a) <br \/>\n<strong>Finalidade e lexitimaci\u00f3n:<\/strong> Os seus datos ser\u00e1n tratados para os fins especificados no motivo de contacto e para dar resposta \u00e1s s\u00faas petici\u00f3ns ou consultas, con base legal no consentimento expreso.<br \/>\n<strong>Cesi\u00f3ns:<\/strong> Non ser\u00e1n cedidos a terceiros salvo obriga legal, podendo ter acceso a estes, de forma incidental, os encargados de manter a web en funcionamento.<br \/>\n<strong>Prazo:<\/strong> Os datos ser\u00e1n tratados durante o tempo necesario para o seu tratamento segundo as finalidades descritas, ata a cancelaci\u00f3n por parte do titular dos datos ou a perda de relevancia do seu uso.<br \/>\n<strong>Dereitos:<\/strong> Inform\u00e1moslle que pode exercer os seus dereitos de acceso, rectificaci\u00f3n, cancelaci\u00f3n e oposici\u00f3n ao tratamento dos seus datos a trav\u00e9s deste formulario de contacto ou dirix\u00edndose \u00e1 seguinte direcci\u00f3n de correo electr\u00f3nico: \u00a0derechoslopd@agaca.coop<br \/>\nPara m\u00e1is informaci\u00f3n consulte a <a  href=\"https:\/\/agaca.coop\/gl\/politica-de-privacidade\/\" target=\"_blank\"><u>pol\u00edtica de privacidade<\/u><\/a><\/span><br \/>\n<br \/>\n<span class=\"wpcf7-form-control-wrap checkbox-684\"><span class=\"wpcf7-form-control wpcf7-checkbox wpcf7-validates-as-required wpcf7-exclusive-checkbox\"><span class=\"wpcf7-list-item first last\"><input type=\"checkbox\" name=\"checkbox-684\" value=\"Lin e autorizo\" \/><span class=\"wpcf7-list-item-label\">Lin e autorizo<\/span><\/span><\/span><\/span><\/p>\n<p><input type=\"submit\" value=\"Enviar\" class=\"wpcf7-form-control has-spinner wpcf7-submit\" \/><\/p>\n<p style=\"display: none !important;\"><label>&#916;<textarea name=\"_wpcf7_ak_hp_textarea\" cols=\"45\" rows=\"8\" maxlength=\"100\"><\/textarea><\/label><input type=\"hidden\" id=\"ak_js_1\" name=\"_wpcf7_ak_js\" value=\"17\"\/><script>document.getElementById( \"ak_js_1\" ).setAttribute( \"value\", ( new Date() ).getTime() );<\/script><\/p><div class=\"wpcf7-response-output\" aria-hidden=\"true\"><\/div><\/form><\/div>[\/vc_column_text][vc_column_text]<br \/>\n[\/vc_column_text][vc_empty_space height=&#8221;40px&#8221;][\/vc_column][\/vc_row]<\/p>\n","protected":false},"excerpt":{"rendered":"<p>[vc_row full_width=&#8221;stretch_row&#8221; parallax=&#8221;content-moving&#8221; enable_overlay=&#8221;yes&#8221; vc_row_background=&#8221;&#8221; css=&#8221;.vc_custom_1640426069860{margin-top: -30px !important;background-image: url(https:\/\/agaca.coop\/wp-content\/uploads\/2021\/10\/quienessomos-1.jpg?id=11233) !important;}&#8221; overlay_color=&#8221;rgba(72,124,27,0.43)&#8221;][vc_column width=&#8221;1\/2&#8243;][vc_empty_space height=&#8221;100px&#8221;][vc_custom_heading text=&#8221;Localizaci\u00f3n e Contacto&#8221; font_container=&#8221;tag:h1|font_size:46|text_align:left|color:%23487c1b&#8221; google_fonts=&#8221;font_family:Montserrat%3Aregular%2C700|font_style:700%20bold%20regular%3A700%3Anormal&#8221;][vc_empty_space height=&#8221;120px&#8221;][vc_empty_space height=&#8221;60px&#8221;][\/vc_column][vc_column width=&#8221;1\/2&#8243;][\/vc_column][\/vc_row][vc_row][vc_column][vc_empty_space height=&#8221;40px&#8221;][vc_row_inner][vc_column_inner width=&#8221;2\/3&#8243;][vc_single_image image=&#8221;554&#8243; img_size=&#8221;full&#8221;][\/vc_column_inner][vc_column_inner width=&#8221;1\/3&#8243;][vc_column_text] Sede Central SANTIAGO DE COMPOSTELA [\/vc_column_text][vc_column_text] R\u00faa Tomi\u00f1o, n\u00ba 22 &#8211; Entresollado, 15703, Santiago de Compostela (A CORU\u00d1A) [\/vc_column_text][vc_column_text] Como chegar [\/vc_column_text][\/vc_column_inner][\/vc_row_inner][\/vc_column][\/vc_row][vc_row][vc_column][vc_empty_space height=&#8221;40px&#8221;][vc_row_inner][vc_column_inner width=&#8221;1\/4&#8243;][vc_column_text] Delegaci\u00f3n LUGO [\/vc_column_text][vc_column_text] R\u00faa Poeta [&hellip;]<\/p>\n","protected":false},"author":2,"featured_media":0,"parent":12352,"menu_order":0,"comment_status":"closed","ping_status":"closed","template":"template-builder.php","meta":{"_monsterinsights_skip_tracking":false,"_monsterinsights_sitenote_active":false,"_monsterinsights_sitenote_note":"","_monsterinsights_sitenote_category":0,"footnotes":""},"class_list":["post-12366","page","type-page","status-publish","hentry"],"yoast_head":"<!-- This site is optimized with the Yoast SEO plugin v19.11 - https:\/\/yoast.com\/wordpress\/plugins\/seo\/ -->\n<title>Localizaci\u00f3n e contacto - AGACA<\/title>\n<meta name=\"robots\" content=\"index, follow, max-snippet:-1, max-image-preview:large, max-video-preview:-1\" \/>\n<link rel=\"canonical\" href=\"https:\/\/agaca.coop\/gl\/organizacion\/localizacion-y-contacto\/\" \/>\n<meta property=\"og:locale\" content=\"gl_ES\" \/>\n<meta property=\"og:type\" content=\"article\" \/>\n<meta property=\"og:title\" content=\"Localizaci\u00f3n e contacto - AGACA\" \/>\n<meta property=\"og:description\" content=\"[vc_row full_width=&#8221;stretch_row&#8221; parallax=&#8221;content-moving&#8221; enable_overlay=&#8221;yes&#8221; vc_row_background=&#8221;&#8221; css=&#8221;.vc_custom_1640426069860{margin-top: -30px !important;background-image: url(https:\/\/agaca.coop\/wp-content\/uploads\/2021\/10\/quienessomos-1.jpg?id=11233) !important;}&#8221; overlay_color=&#8221;rgba(72,124,27,0.43)&#8221;][vc_column width=&#8221;1\/2&#8243;][vc_empty_space height=&#8221;100px&#8221;][vc_custom_heading text=&#8221;Localizaci\u00f3n e Contacto&#8221; font_container=&#8221;tag:h1|font_size:46|text_align:left|color:%23487c1b&#8221; google_fonts=&#8221;font_family:Montserrat%3Aregular%2C700|font_style:700%20bold%20regular%3A700%3Anormal&#8221;][vc_empty_space height=&#8221;120px&#8221;][vc_empty_space height=&#8221;60px&#8221;][\/vc_column][vc_column width=&#8221;1\/2&#8243;][\/vc_column][\/vc_row][vc_row][vc_column][vc_empty_space height=&#8221;40px&#8221;][vc_row_inner][vc_column_inner width=&#8221;2\/3&#8243;][vc_single_image image=&#8221;554&#8243; img_size=&#8221;full&#8221;][\/vc_column_inner][vc_column_inner width=&#8221;1\/3&#8243;][vc_column_text] Sede Central SANTIAGO DE COMPOSTELA [\/vc_column_text][vc_column_text] R\u00faa Tomi\u00f1o, n\u00ba 22 &#8211; Entresollado, 15703, Santiago de Compostela (A CORU\u00d1A) [\/vc_column_text][vc_column_text] Como chegar [\/vc_column_text][\/vc_column_inner][\/vc_row_inner][\/vc_column][\/vc_row][vc_row][vc_column][vc_empty_space height=&#8221;40px&#8221;][vc_row_inner][vc_column_inner width=&#8221;1\/4&#8243;][vc_column_text] Delegaci\u00f3n LUGO [\/vc_column_text][vc_column_text] R\u00faa Poeta [&hellip;]\" \/>\n<meta property=\"og:url\" content=\"https:\/\/agaca.coop\/gl\/organizacion\/localizacion-y-contacto\/\" \/>\n<meta property=\"og:site_name\" content=\"AGACA\" \/>\n<meta property=\"article:modified_time\" content=\"2023-04-05T13:51:13+00:00\" \/>\n<meta name=\"twitter:card\" content=\"summary_large_image\" \/>\n<meta name=\"twitter:label1\" content=\"Tempo de lectura\" \/>\n\t<meta name=\"twitter:data1\" content=\"2 minutos\" \/>\n<script type=\"application\/ld+json\" class=\"yoast-schema-graph\">{\"@context\":\"https:\/\/schema.org\",\"@graph\":[{\"@type\":\"WebPage\",\"@id\":\"https:\/\/agaca.coop\/gl\/organizacion\/localizacion-y-contacto\/\",\"url\":\"https:\/\/agaca.coop\/gl\/organizacion\/localizacion-y-contacto\/\",\"name\":\"Localizaci\u00f3n e contacto - AGACA\",\"isPartOf\":{\"@id\":\"https:\/\/agaca.coop\/#website\"},\"datePublished\":\"2022-05-31T09:52:36+00:00\",\"dateModified\":\"2023-04-05T13:51:13+00:00\",\"breadcrumb\":{\"@id\":\"https:\/\/agaca.coop\/gl\/organizacion\/localizacion-y-contacto\/#breadcrumb\"},\"inLanguage\":\"gl-ES\",\"potentialAction\":[{\"@type\":\"ReadAction\",\"target\":[\"https:\/\/agaca.coop\/gl\/organizacion\/localizacion-y-contacto\/\"]}]},{\"@type\":\"BreadcrumbList\",\"@id\":\"https:\/\/agaca.coop\/gl\/organizacion\/localizacion-y-contacto\/#breadcrumb\",\"itemListElement\":[{\"@type\":\"ListItem\",\"position\":1,\"name\":\"Portada\",\"item\":\"https:\/\/agaca.coop\/gl\/\"},{\"@type\":\"ListItem\",\"position\":2,\"name\":\"Organizaci\u00f3n\",\"item\":\"https:\/\/agaca.coop\/gl\/organizacion\/\"},{\"@type\":\"ListItem\",\"position\":3,\"name\":\"Localizaci\u00f3n e contacto\"}]},{\"@type\":\"WebSite\",\"@id\":\"https:\/\/agaca.coop\/#website\",\"url\":\"https:\/\/agaca.coop\/\",\"name\":\"AGACA\",\"description\":\"Asociaci\u00f3n Galega de Cooperativas Agrarias\",\"potentialAction\":[{\"@type\":\"SearchAction\",\"target\":{\"@type\":\"EntryPoint\",\"urlTemplate\":\"https:\/\/agaca.coop\/?s={search_term_string}\"},\"query-input\":\"required name=search_term_string\"}],\"inLanguage\":\"gl-ES\"}]}<\/script>\n<!-- \/ Yoast SEO plugin. -->","yoast_head_json":{"title":"Localizaci\u00f3n e contacto - AGACA","robots":{"index":"index","follow":"follow","max-snippet":"max-snippet:-1","max-image-preview":"max-image-preview:large","max-video-preview":"max-video-preview:-1"},"canonical":"https:\/\/agaca.coop\/gl\/organizacion\/localizacion-y-contacto\/","og_locale":"gl_ES","og_type":"article","og_title":"Localizaci\u00f3n e contacto - AGACA","og_description":"[vc_row full_width=&#8221;stretch_row&#8221; parallax=&#8221;content-moving&#8221; enable_overlay=&#8221;yes&#8221; vc_row_background=&#8221;&#8221; css=&#8221;.vc_custom_1640426069860{margin-top: -30px !important;background-image: url(https:\/\/agaca.coop\/wp-content\/uploads\/2021\/10\/quienessomos-1.jpg?id=11233) !important;}&#8221; overlay_color=&#8221;rgba(72,124,27,0.43)&#8221;][vc_column width=&#8221;1\/2&#8243;][vc_empty_space height=&#8221;100px&#8221;][vc_custom_heading text=&#8221;Localizaci\u00f3n e Contacto&#8221; font_container=&#8221;tag:h1|font_size:46|text_align:left|color:%23487c1b&#8221; google_fonts=&#8221;font_family:Montserrat%3Aregular%2C700|font_style:700%20bold%20regular%3A700%3Anormal&#8221;][vc_empty_space height=&#8221;120px&#8221;][vc_empty_space height=&#8221;60px&#8221;][\/vc_column][vc_column width=&#8221;1\/2&#8243;][\/vc_column][\/vc_row][vc_row][vc_column][vc_empty_space height=&#8221;40px&#8221;][vc_row_inner][vc_column_inner width=&#8221;2\/3&#8243;][vc_single_image image=&#8221;554&#8243; img_size=&#8221;full&#8221;][\/vc_column_inner][vc_column_inner width=&#8221;1\/3&#8243;][vc_column_text] Sede Central SANTIAGO DE COMPOSTELA [\/vc_column_text][vc_column_text] R\u00faa Tomi\u00f1o, n\u00ba 22 &#8211; Entresollado, 15703, Santiago de Compostela (A CORU\u00d1A) [\/vc_column_text][vc_column_text] Como chegar [\/vc_column_text][\/vc_column_inner][\/vc_row_inner][\/vc_column][\/vc_row][vc_row][vc_column][vc_empty_space height=&#8221;40px&#8221;][vc_row_inner][vc_column_inner width=&#8221;1\/4&#8243;][vc_column_text] Delegaci\u00f3n LUGO [\/vc_column_text][vc_column_text] R\u00faa Poeta [&hellip;]","og_url":"https:\/\/agaca.coop\/gl\/organizacion\/localizacion-y-contacto\/","og_site_name":"AGACA","article_modified_time":"2023-04-05T13:51:13+00:00","twitter_card":"summary_large_image","twitter_misc":{"Tempo de lectura":"2 minutos"},"schema":{"@context":"https:\/\/schema.org","@graph":[{"@type":"WebPage","@id":"https:\/\/agaca.coop\/gl\/organizacion\/localizacion-y-contacto\/","url":"https:\/\/agaca.coop\/gl\/organizacion\/localizacion-y-contacto\/","name":"Localizaci\u00f3n e contacto - AGACA","isPartOf":{"@id":"https:\/\/agaca.coop\/#website"},"datePublished":"2022-05-31T09:52:36+00:00","dateModified":"2023-04-05T13:51:13+00:00","breadcrumb":{"@id":"https:\/\/agaca.coop\/gl\/organizacion\/localizacion-y-contacto\/#breadcrumb"},"inLanguage":"gl-ES","potentialAction":[{"@type":"ReadAction","target":["https:\/\/agaca.coop\/gl\/organizacion\/localizacion-y-contacto\/"]}]},{"@type":"BreadcrumbList","@id":"https:\/\/agaca.coop\/gl\/organizacion\/localizacion-y-contacto\/#breadcrumb","itemListElement":[{"@type":"ListItem","position":1,"name":"Portada","item":"https:\/\/agaca.coop\/gl\/"},{"@type":"ListItem","position":2,"name":"Organizaci\u00f3n","item":"https:\/\/agaca.coop\/gl\/organizacion\/"},{"@type":"ListItem","position":3,"name":"Localizaci\u00f3n e contacto"}]},{"@type":"WebSite","@id":"https:\/\/agaca.coop\/#website","url":"https:\/\/agaca.coop\/","name":"AGACA","description":"Asociaci\u00f3n Galega de Cooperativas Agrarias","potentialAction":[{"@type":"SearchAction","target":{"@type":"EntryPoint","urlTemplate":"https:\/\/agaca.coop\/?s={search_term_string}"},"query-input":"required name=search_term_string"}],"inLanguage":"gl-ES"}]}},"_links":{"self":[{"href":"https:\/\/agaca.coop\/gl\/wp-json\/wp\/v2\/pages\/12366","targetHints":{"allow":["GET"]}}],"collection":[{"href":"https:\/\/agaca.coop\/gl\/wp-json\/wp\/v2\/pages"}],"about":[{"href":"https:\/\/agaca.coop\/gl\/wp-json\/wp\/v2\/types\/page"}],"author":[{"embeddable":true,"href":"https:\/\/agaca.coop\/gl\/wp-json\/wp\/v2\/users\/2"}],"replies":[{"embeddable":true,"href":"https:\/\/agaca.coop\/gl\/wp-json\/wp\/v2\/comments?post=12366"}],"version-history":[{"count":8,"href":"https:\/\/agaca.coop\/gl\/wp-json\/wp\/v2\/pages\/12366\/revisions"}],"predecessor-version":[{"id":17001,"href":"https:\/\/agaca.coop\/gl\/wp-json\/wp\/v2\/pages\/12366\/revisions\/17001"}],"up":[{"embeddable":true,"href":"https:\/\/agaca.coop\/gl\/wp-json\/wp\/v2\/pages\/12352"}],"wp:attachment":[{"href":"https:\/\/agaca.coop\/gl\/wp-json\/wp\/v2\/media?parent=12366"}],"curies":[{"name":"wp","href":"https:\/\/api.w.org\/{rel}","templated":true}]}}