{"id":12329,"date":"2022-05-30T14:08:40","date_gmt":"2022-05-30T14:08:40","guid":{"rendered":"https:\/\/agaca.coop\/?page_id=12329"},"modified":"2026-02-04T14:52:59","modified_gmt":"2026-02-04T14:52:59","slug":"calidade","status":"publish","type":"page","link":"https:\/\/agaca.coop\/gl\/calidade\/","title":{"rendered":"Calidade"},"content":{"rendered":"<p>[vc_row full_width=&#8221;stretch_row&#8221; parallax=&#8221;content-moving&#8221; enable_overlay=&#8221;yes&#8221; vc_row_background=&#8221;&#8221; css=&#8221;.vc_custom_1634061639767{margin-top: -30px !important;background-image: url(https:\/\/agaca.coop\/wp-content\/uploads\/2021\/10\/revista-agaca-154_v4.jpg?id=11214) !important;}&#8221; overlay_color=&#8221;rgba(72,124,27,0.43)&#8221;][vc_column width=&#8221;1\/2&#8243;][vc_empty_space height=&#8221;20px&#8221;][vc_custom_heading text=&#8221;<strong>Calidade<\/strong>&#8221; font_container=&#8221;tag:h1|font_size:46|text_align:left|color:%23487c1b&#8221; google_fonts=&#8221;font_family:Montserrat%3Aregular%2C700|font_style:700%20bold%20regular%3A700%3Anormal&#8221;][vc_custom_heading text=&#8221;Especializados en calidade, hixiene e seguridade alimentaria, ofrecemos un asesoramento transparente e responsable, adaptado \u00e1s necesidades particulares de cada cooperativa ou empresa agroalimentaria.&#8221; font_container=&#8221;tag:h2|font_size:18px|text_align:left|line_height:24px&#8221; use_theme_fonts=&#8221;yes&#8221;][vc_custom_heading text=&#8221;O noso equipo de Calidade \u2014profesionais de ingener\u00eda t\u00e9cnica agr\u00edcola e veterinaria; auditores en ISO 9001:2008 (Sistemas de Xesti\u00f3n da Calidade) e ISO 22000 (Xesti\u00f3n da Inocuidade dos Alimentos) traballan, de xeito conxunto, coas cooperativas para facilitar e certifican que cumpran todos os protocolos de calidade vixente: BRC, IFS, Benestar Animal e Pastoreo.&#8221; font_container=&#8221;tag:h2|font_size:18px|text_align:left|line_height:24px&#8221; use_theme_fonts=&#8221;yes&#8221;][vc_empty_space height=&#8221;20px&#8221;][\/vc_column][vc_column width=&#8221;1\/2&#8243;][\/vc_column][\/vc_row][vc_row disable_element=&#8221;yes&#8221; vc_row_background=&#8221;&#8221;][vc_column][vc_empty_space height=&#8221;40px&#8221;][vc_column_text]<\/p>\n<h4><span style=\"color: #339966;\">O noso equipo de Calidade \u2014profesionais de ingener\u00eda t\u00e9cnica agr\u00edcola e veterinaria; auditores en ISO 9001:2008 (Sistemas de Xesti\u00f3n da Calidade) e ISO 22000 (Xesti\u00f3n da Inocuidade dos Alimentos) traballan, de xeito conxunto, coas cooperativas para facilitar e certifican que cumpran todos os protocolos de calidade vixente: BRC, IFS, Benestar Animal e Pastoreo.<\/span><\/h4>\n<p>[\/vc_column_text][\/vc_column][\/vc_row][vc_row][vc_column][vc_empty_space height=&#8221;40px&#8221;][vc_raw_html]JTNDZGl2JTIwY2xhc3MlM0QlMjJqZWdfYmxvY2tfaGVhZGluZyUyMGplZ19ibG9ja19oZWFkaW5nXzYlMjBqZWdfc3ViY2F0X3JpZ2h0JTIyJTNFJTBBJTIwJTIwJTIwJTIwJTIwJTIwJTIwJTIwJTIwJTIwJTIwJTIwJTIwJTIwJTIwJTIwJTIwJTIwJTIwJTIwJTNDaDMlMjBjbGFzcyUzRCUyMmplZ19ibG9ja190aXRsZSUyMiUzRSUzQ3NwYW4lM0VDQUxJREFERSUzQyUyRnNwYW4lM0UlM0MlMkZoMyUzRSUwQSUyMCUyMCUyMCUyMCUyMCUyMCUyMCUyMCUyMCUyMCUyMCUyMCUyMCUyMCUyMCUyMCUyMCUyMCUyMCUyMCUwQSUyMCUyMCUyMCUyMCUyMCUyMCUyMCUyMCUyMCUyMCUyMCUyMCUyMCUyMCUyMCUyMCUzQyUyRmRpdiUzRQ==[\/vc_raw_html][\/vc_column][\/vc_row][vc_row][vc_column width=&#8221;1\/3&#8243;][vc_icon icon_fontawesome=&#8221;fas fa-check&#8221; color=&#8221;green&#8221; align=&#8221;center&#8221; css=&#8221;.vc_custom_1603648251663{margin-bottom: 0px !important;}&#8221;][vc_column_text]<\/p>\n<h4 style=\"text-align: center;\">Implantaci\u00f3n de Sistemas de Xesti\u00f3n de Calidade ISO 9001:2008<\/h4>\n<p>[\/vc_column_text][\/vc_column][vc_column width=&#8221;1\/3&#8243;][vc_icon icon_fontawesome=&#8221;fas fa-check&#8221; color=&#8221;green&#8221; align=&#8221;center&#8221; css=&#8221;.vc_custom_1603648251663{margin-bottom: 0px !important;}&#8221;][vc_column_text]<\/p>\n<h4 style=\"text-align: center;\">Redacci\u00f3n de Manuais de Calidade<\/h4>\n<p>[\/vc_column_text][\/vc_column][vc_column width=&#8221;1\/3&#8243;][vc_icon icon_fontawesome=&#8221;fas fa-check&#8221; color=&#8221;green&#8221; align=&#8221;center&#8221; css=&#8221;.vc_custom_1603648251663{margin-bottom: 0px !important;}&#8221;][vc_column_text]<\/p>\n<h4 style=\"text-align: center;\">Realizaci\u00f3n de auditor\u00edas internas<\/h4>\n<p>[\/vc_column_text][\/vc_column][\/vc_row][vc_row][vc_column width=&#8221;1\/3&#8243;][vc_icon icon_fontawesome=&#8221;fas fa-check&#8221; color=&#8221;green&#8221; align=&#8221;center&#8221; css=&#8221;.vc_custom_1603648251663{margin-bottom: 0px !important;}&#8221;][vc_column_text]<\/p>\n<h4 style=\"text-align: center;\">Implantaci\u00f3n do Referencial de Leite de Vaca Certificado de Cooperativa (RLVCC)<\/h4>\n<p>[\/vc_column_text][\/vc_column][vc_column width=&#8221;1\/3&#8243;][vc_icon icon_fontawesome=&#8221;fas fa-check&#8221; color=&#8221;green&#8221; align=&#8221;center&#8221; css=&#8221;.vc_custom_1603648251663{margin-bottom: 0px !important;}&#8221;][vc_column_text]<\/p>\n<h4 style=\"text-align: center;\">Implantaci\u00f3n de Esquemas de Leite de Pastoreo<\/h4>\n<p>[\/vc_column_text][\/vc_column][vc_column width=&#8221;1\/3&#8243;][vc_icon icon_fontawesome=&#8221;fas fa-check&#8221; color=&#8221;green&#8221; align=&#8221;center&#8221; css=&#8221;.vc_custom_1603648251663{margin-bottom: 0px !important;}&#8221;][vc_column_text]<\/p>\n<h4 style=\"text-align: center;\">Implantaci\u00f3n de Esquemas de Certificaci\u00f3n de Benestar Animal baseados nos protocolos Welfare Quality e Awin<\/h4>\n<p>[\/vc_column_text][\/vc_column][\/vc_row][vc_row][vc_column][vc_empty_space height=&#8221;40px&#8221;][vc_raw_html]JTNDZGl2JTIwY2xhc3MlM0QlMjJqZWdfYmxvY2tfaGVhZGluZyUyMGplZ19ibG9ja19oZWFkaW5nXzYlMjBqZWdfc3ViY2F0X3JpZ2h0JTIyJTNFJTBBJTIwJTIwJTIwJTIwJTIwJTIwJTIwJTIwJTIwJTIwJTIwJTIwJTIwJTIwJTIwJTIwJTIwJTIwJTIwJTIwJTNDaDMlMjBjbGFzcyUzRCUyMmplZ19ibG9ja190aXRsZSUyMiUzRSUzQ3NwYW4lM0VTRUdVUklEQURFJTIwRSUyMEhJWElFTkUlMjBBTElNRU5UQVJJQSUzQyUyRnNwYW4lM0UlM0MlMkZoMyUzRSUwQSUyMCUyMCUyMCUyMCUyMCUyMCUyMCUyMCUyMCUyMCUyMCUyMCUyMCUyMCUyMCUyMCUyMCUyMCUyMCUyMCUwQSUyMCUyMCUyMCUyMCUyMCUyMCUyMCUyMCUyMCUyMCUyMCUyMCUyMCUyMCUyMCUyMCUzQyUyRmRpdiUzRQ==[\/vc_raw_html][\/vc_column][\/vc_row][vc_row][vc_column width=&#8221;1\/4&#8243;][vc_icon icon_fontawesome=&#8221;fas fa-check&#8221; color=&#8221;green&#8221; align=&#8221;center&#8221; css=&#8221;.vc_custom_1603648251663{margin-bottom: 0px !important;}&#8221;][vc_column_text]<\/p>\n<h4 style=\"text-align: center;\">Redacci\u00f3n de Manuais APPCC<\/h4>\n<p>[\/vc_column_text][\/vc_column][vc_column width=&#8221;1\/4&#8243;][vc_icon icon_fontawesome=&#8221;fas fa-check&#8221; color=&#8221;green&#8221; align=&#8221;center&#8221; css=&#8221;.vc_custom_1603648251663{margin-bottom: 0px !important;}&#8221;][vc_column_text]<\/p>\n<h4 style=\"text-align: center;\">Auditor\u00edas internas de sistemas de APPCC<\/h4>\n<p>[\/vc_column_text][\/vc_column][vc_column width=&#8221;1\/4&#8243;][vc_icon icon_fontawesome=&#8221;fas fa-check&#8221; color=&#8221;green&#8221; align=&#8221;center&#8221; css=&#8221;.vc_custom_1603648251663{margin-bottom: 0px !important;}&#8221;][vc_column_text]<\/p>\n<h4 style=\"text-align: center;\">Implantaci\u00f3n do Sistema APPCC na empresa<\/h4>\n<p>[\/vc_column_text][\/vc_column][vc_column width=&#8221;1\/4&#8243;][vc_icon icon_fontawesome=&#8221;fas fa-check&#8221; color=&#8221;green&#8221; align=&#8221;center&#8221; css=&#8221;.vc_custom_1603648251663{margin-bottom: 0px !important;}&#8221;][vc_column_text]<\/p>\n<h4 style=\"text-align: center;\">Tramitaci\u00f3n de Rexistros Sanitarios de Alimentos<\/h4>\n<p>[\/vc_column_text][\/vc_column][\/vc_row][vc_row][vc_column width=&#8221;1\/3&#8243;][vc_icon icon_fontawesome=&#8221;fas fa-check&#8221; color=&#8221;green&#8221; align=&#8221;center&#8221; css=&#8221;.vc_custom_1603648251663{margin-bottom: 0px !important;}&#8221;][vc_column_text]<\/p>\n<h4 style=\"text-align: center;\">Redacci\u00f3n de Gu\u00edas de Pr\u00e1cticas Correctas de Hixiene<\/h4>\n<p>[\/vc_column_text][\/vc_column][vc_column width=&#8221;1\/3&#8243;][vc_icon icon_fontawesome=&#8221;fas fa-check&#8221; color=&#8221;green&#8221; align=&#8221;center&#8221; css=&#8221;.vc_custom_1603648251663{margin-bottom: 0px !important;}&#8221;][vc_column_text]<\/p>\n<h4 style=\"text-align: center;\">Avaliaci\u00f3n de limpeza e desinfecci\u00f3n e de rastrexabilidade nos roteiros de recollida de leite cru e centros de recollida<\/h4>\n<p>[\/vc_column_text][\/vc_column][vc_column width=&#8221;1\/3&#8243;][vc_icon icon_fontawesome=&#8221;fas fa-check&#8221; color=&#8221;green&#8221; align=&#8221;center&#8221; css=&#8221;.vc_custom_1603648251663{margin-bottom: 0px !important;}&#8221;][vc_column_text]<\/p>\n<h4 style=\"text-align: center;\">Implantaci\u00f3n de sistemas: ISO 22000, GLOBAL G.A.P., IFS e BRC<\/h4>\n<p>[\/vc_column_text][\/vc_column][\/vc_row][vc_row][vc_column][vc_empty_space height=&#8221;40px&#8221;][vc_column_text el_class=&#8221;titulosColores&#8221;]<\/p>\n<h3 style=\"text-align: center;\"><strong>ORGANISMO INTERNO DE CONTROL DE CALIDADE<br \/>\n<\/strong><\/h3>\n<p>[\/vc_column_text][\/vc_column][\/vc_row][vc_row][vc_column][vc_column_text]<\/p>\n<h4 style=\"text-align: center;\"><span style=\"font-weight: 400;\">Cada ano realizamos centenares de auditor\u00edas internas e visitas rutineiras, tomas e an\u00e1lises de mostras, apoios na elaboraci\u00f3n e establecemento de puntos de control de calidade nas instalaci\u00f3ns das cooperativas, etc. Actuamos as\u00ed, como organismo interno de control de calidade, seguindo as recomendaci\u00f3ns de seguridade e calidade nas explotaci\u00f3ns agroalimentarias.<\/span><\/h4>\n<h4 style=\"text-align: center;\">O noso compromiso e o das nosas cooperativas, garantindo a rastrexabilidade aos consumidores \u00e9 unha m\u00e1xima prioridade.<\/h4>\n<p>[\/vc_column_text][\/vc_column][\/vc_row][vc_row][vc_column][vc_empty_space height=&#8221;40px&#8221;][\/vc_column][\/vc_row][vc_row full_width=&#8221;stretch_row&#8221; vc_row_background=&#8221;&#8221; css=&#8221;.vc_custom_1618849859494{background-color: #eeeeee !important;}&#8221;][vc_column width=&#8221;1\/6&#8243;][vc_empty_space height=&#8221;40px&#8221;][\/vc_column][vc_column width=&#8221;2\/3&#8243;][vc_empty_space height=&#8221;40px&#8221;][vc_column_text]<\/p>\n<h3 style=\"text-align: center;\"><span style=\"color: #339966;\"><strong>Documentos<\/strong><\/span><\/h3>\n<p>[\/vc_column_text][vc_empty_space height=&#8221;40px&#8221;][vc_row_inner][vc_column_inner width=&#8221;1\/2&#8243;][vc_single_image image=&#8221;612&#8243; img_size=&#8221;400&#215;280&#8243; alignment=&#8221;center&#8221;][vc_column_text css=&#8221;.vc_custom_1618850381216{margin-bottom: 0px !important;}&#8221;]<\/p>\n<h4 style=\"text-align: left;\"><span style=\"color: #339966;\">Referencial de leite de vaca certificada de cooperativa<\/span><\/h4>\n<p>[\/vc_column_text][vc_column_text el_class=&#8221;jeg_post_meta&#8221; css=&#8221;.vc_custom_1618850352660{margin-bottom: 0px !important;}&#8221;]<\/p>\n<p style=\"text-align: left;\">Febrero de 2012<\/p>\n<p>[\/vc_column_text][vc_column_text]<\/p>\n<p style=\"text-align: left;\">Regulamento xeral. Requisitos de diferenciaci\u00f3n de calidade da produci\u00f3n l\u00e1ctea cooperativa<br \/>\n<a title=\"Referencial de leche de vaca certificada de cooperativa - Reglamento General\"  href=\"https:\/\/agaca.coop\/gl\/?goto=TEoTW1kWBwFbHxkQTQUsV0oVTl5HLD1NZUVhIy5KOxc-O0BQGlEfQGtIehRCGRB2GwA7WylJWC8-EE94Ey4gGVZfCwZ4SU5LSB0WEEVKM0kAFRYfVSomXGUALiEiBiIdIi5eRV1REUklVylKGUZFM1UmN0okBVMvMkkSZUV5YAxAWA\" target=\"_blank\" rel=\"noopener noreferrer\">Ver documento (209 Kb)<\/a><\/p>\n<p>[\/vc_column_text][\/vc_column_inner][vc_column_inner width=&#8221;1\/2&#8243;][vc_single_image image=&#8221;610&#8243; img_size=&#8221;400&#215;280&#8243; alignment=&#8221;center&#8221;][vc_column_text css=&#8221;.vc_custom_1618850385965{margin-bottom: 0px !important;}&#8221;]<\/p>\n<h4 style=\"text-align: left;\"><span style=\"color: #218a3d;\">Referencial de leite de vaca certificada de cooperativa<\/span><\/h4>\n<p>[\/vc_column_text][vc_column_text el_class=&#8221;jeg_post_meta&#8221; css=&#8221;.vc_custom_1618850358317{margin-bottom: 0px !important;}&#8221;]Febrero de 2012[\/vc_column_text][vc_column_text]Regulamento T\u00e9cnico. Puntos de control e criterios de cumprimento.<br \/>\n<a title=\"Referencial de leche de vaca certificada de cooperativa - Reglamento T\u00e9cnico\"  href=\"https:\/\/agaca.coop\/gl\/?goto=TEoTW1kWBwFbHxkQTQUsV0oVTl5HLD1NZUVhIy5KOxc-O0BQGlEfQGtIehRDGRB1GyU7Xhp6UC08BU0wGj8hI1BbBEVDT0dxaB0eFl5OMQcNEVcsHSUrWiATECEmWTURNjNUQlBTL04rFTp6EFNCcwRjaxI1TFM\" target=\"_blank\" rel=\"noopener noreferrer\">Ver documento (566 Kb)<\/a>[\/vc_column_text][\/vc_column_inner][\/vc_row_inner][\/vc_column][vc_column width=&#8221;1\/6&#8243;][\/vc_column][\/vc_row][vc_row][vc_column][vc_empty_space height=&#8221;20px&#8221;][vc_row_inner el_class=&#8221;equipoFotosRedondas&#8221;][vc_column_inner width=&#8221;1\/4&#8243;][vc_single_image image=&#8221;23183&#8243; alignment=&#8221;center&#8221;][\/vc_column_inner][vc_column_inner width=&#8221;3\/4&#8243;][vc_column_text]<\/p>\n<blockquote>\n<p><em>\u201cGarantir confianza \u00e9 o fin \u00faltimo das certificaci\u00f3ns, que hoxe xa non son unha opci\u00f3n se non unha necesidade para demostrar que apostamos por unha agrogander\u00eda de calidade, sostible, eficiente e respectuosa co medio\u201d.<\/em><\/p>\n<\/blockquote>\n<p>[\/vc_column_text][vc_empty_space height=&#8221;20px&#8221;][vc_column_text]<strong>V\u00edctor Coira<\/strong><\/p>\n<p><strong>Tfno\/Whatsapp<\/strong>: 663 761 067<br \/>\n<strong>Mail<\/strong>: <a  href=\"mailto:vcoira@agaca.coop\">vcoira@agaca.coop<\/a>[\/vc_column_text][\/vc_column_inner][\/vc_row_inner][\/vc_column][vc_column][\/vc_column][\/vc_row]<\/p>\n","protected":false},"excerpt":{"rendered":"<p>[vc_row full_width=&#8221;stretch_row&#8221; parallax=&#8221;content-moving&#8221; enable_overlay=&#8221;yes&#8221; vc_row_background=&#8221;&#8221; css=&#8221;.vc_custom_1634061639767{margin-top: -30px !important;background-image: url(https:\/\/agaca.coop\/wp-content\/uploads\/2021\/10\/revista-agaca-154_v4.jpg?id=11214) !important;}&#8221; overlay_color=&#8221;rgba(72,124,27,0.43)&#8221;][vc_column width=&#8221;1\/2&#8243;][vc_empty_space height=&#8221;20px&#8221;][vc_custom_heading text=&#8221;Calidade&#8221; font_container=&#8221;tag:h1|font_size:46|text_align:left|color:%23487c1b&#8221; google_fonts=&#8221;font_family:Montserrat%3Aregular%2C700|font_style:700%20bold%20regular%3A700%3Anormal&#8221;][vc_custom_heading text=&#8221;Especializados en calidade, hixiene e seguridade alimentaria, ofrecemos un asesoramento transparente e responsable, adaptado \u00e1s necesidades particulares de cada cooperativa ou empresa agroalimentaria.&#8221; font_container=&#8221;tag:h2|font_size:18px|text_align:left|line_height:24px&#8221; use_theme_fonts=&#8221;yes&#8221;][vc_custom_heading text=&#8221;O noso equipo de Calidade \u2014profesionais de ingener\u00eda t\u00e9cnica agr\u00edcola e veterinaria; auditores en [&hellip;]<\/p>\n","protected":false},"author":2,"featured_media":0,"parent":0,"menu_order":0,"comment_status":"closed","ping_status":"closed","template":"template-builder.php","meta":{"_monsterinsights_skip_tracking":false,"_monsterinsights_sitenote_active":false,"_monsterinsights_sitenote_note":"","_monsterinsights_sitenote_category":0,"footnotes":""},"class_list":["post-12329","page","type-page","status-publish","hentry"],"yoast_head":"<!-- This site is optimized with the Yoast SEO plugin v19.11 - https:\/\/yoast.com\/wordpress\/plugins\/seo\/ -->\n<title>Calidade - AGACA<\/title>\n<meta name=\"robots\" content=\"index, follow, max-snippet:-1, max-image-preview:large, max-video-preview:-1\" \/>\n<link rel=\"canonical\" href=\"https:\/\/agaca.coop\/gl\/calidade\/\" \/>\n<meta property=\"og:locale\" content=\"gl_ES\" \/>\n<meta property=\"og:type\" content=\"article\" \/>\n<meta property=\"og:title\" content=\"Calidade - AGACA\" \/>\n<meta property=\"og:description\" content=\"[vc_row full_width=&#8221;stretch_row&#8221; parallax=&#8221;content-moving&#8221; enable_overlay=&#8221;yes&#8221; vc_row_background=&#8221;&#8221; css=&#8221;.vc_custom_1634061639767{margin-top: -30px !important;background-image: url(https:\/\/agaca.coop\/wp-content\/uploads\/2021\/10\/revista-agaca-154_v4.jpg?id=11214) !important;}&#8221; overlay_color=&#8221;rgba(72,124,27,0.43)&#8221;][vc_column width=&#8221;1\/2&#8243;][vc_empty_space height=&#8221;20px&#8221;][vc_custom_heading text=&#8221;Calidade&#8221; font_container=&#8221;tag:h1|font_size:46|text_align:left|color:%23487c1b&#8221; google_fonts=&#8221;font_family:Montserrat%3Aregular%2C700|font_style:700%20bold%20regular%3A700%3Anormal&#8221;][vc_custom_heading text=&#8221;Especializados en calidade, hixiene e seguridade alimentaria, ofrecemos un asesoramento transparente e responsable, adaptado \u00e1s necesidades particulares de cada cooperativa ou empresa agroalimentaria.&#8221; font_container=&#8221;tag:h2|font_size:18px|text_align:left|line_height:24px&#8221; use_theme_fonts=&#8221;yes&#8221;][vc_custom_heading text=&#8221;O noso equipo de Calidade \u2014profesionais de ingener\u00eda t\u00e9cnica agr\u00edcola e veterinaria; auditores en [&hellip;]\" \/>\n<meta property=\"og:url\" content=\"https:\/\/agaca.coop\/gl\/calidade\/\" \/>\n<meta property=\"og:site_name\" content=\"AGACA\" \/>\n<meta property=\"article:modified_time\" content=\"2026-02-04T14:52:59+00:00\" \/>\n<meta name=\"twitter:card\" content=\"summary_large_image\" \/>\n<meta name=\"twitter:label1\" content=\"Tempo de lectura\" \/>\n\t<meta name=\"twitter:data1\" content=\"3 minutos\" \/>\n<script type=\"application\/ld+json\" class=\"yoast-schema-graph\">{\"@context\":\"https:\/\/schema.org\",\"@graph\":[{\"@type\":\"WebPage\",\"@id\":\"https:\/\/agaca.coop\/gl\/calidade\/\",\"url\":\"https:\/\/agaca.coop\/gl\/calidade\/\",\"name\":\"Calidade - AGACA\",\"isPartOf\":{\"@id\":\"https:\/\/agaca.coop\/#website\"},\"datePublished\":\"2022-05-30T14:08:40+00:00\",\"dateModified\":\"2026-02-04T14:52:59+00:00\",\"breadcrumb\":{\"@id\":\"https:\/\/agaca.coop\/gl\/calidade\/#breadcrumb\"},\"inLanguage\":\"gl-ES\",\"potentialAction\":[{\"@type\":\"ReadAction\",\"target\":[\"https:\/\/agaca.coop\/gl\/calidade\/\"]}]},{\"@type\":\"BreadcrumbList\",\"@id\":\"https:\/\/agaca.coop\/gl\/calidade\/#breadcrumb\",\"itemListElement\":[{\"@type\":\"ListItem\",\"position\":1,\"name\":\"Portada\",\"item\":\"https:\/\/agaca.coop\/gl\/\"},{\"@type\":\"ListItem\",\"position\":2,\"name\":\"Calidade\"}]},{\"@type\":\"WebSite\",\"@id\":\"https:\/\/agaca.coop\/#website\",\"url\":\"https:\/\/agaca.coop\/\",\"name\":\"AGACA\",\"description\":\"Asociaci\u00f3n Galega de Cooperativas Agrarias\",\"potentialAction\":[{\"@type\":\"SearchAction\",\"target\":{\"@type\":\"EntryPoint\",\"urlTemplate\":\"https:\/\/agaca.coop\/?s={search_term_string}\"},\"query-input\":\"required name=search_term_string\"}],\"inLanguage\":\"gl-ES\"}]}<\/script>\n<!-- \/ Yoast SEO plugin. -->","yoast_head_json":{"title":"Calidade - AGACA","robots":{"index":"index","follow":"follow","max-snippet":"max-snippet:-1","max-image-preview":"max-image-preview:large","max-video-preview":"max-video-preview:-1"},"canonical":"https:\/\/agaca.coop\/gl\/calidade\/","og_locale":"gl_ES","og_type":"article","og_title":"Calidade - AGACA","og_description":"[vc_row full_width=&#8221;stretch_row&#8221; parallax=&#8221;content-moving&#8221; enable_overlay=&#8221;yes&#8221; vc_row_background=&#8221;&#8221; css=&#8221;.vc_custom_1634061639767{margin-top: -30px !important;background-image: url(https:\/\/agaca.coop\/wp-content\/uploads\/2021\/10\/revista-agaca-154_v4.jpg?id=11214) !important;}&#8221; overlay_color=&#8221;rgba(72,124,27,0.43)&#8221;][vc_column width=&#8221;1\/2&#8243;][vc_empty_space height=&#8221;20px&#8221;][vc_custom_heading text=&#8221;Calidade&#8221; font_container=&#8221;tag:h1|font_size:46|text_align:left|color:%23487c1b&#8221; google_fonts=&#8221;font_family:Montserrat%3Aregular%2C700|font_style:700%20bold%20regular%3A700%3Anormal&#8221;][vc_custom_heading text=&#8221;Especializados en calidade, hixiene e seguridade alimentaria, ofrecemos un asesoramento transparente e responsable, adaptado \u00e1s necesidades particulares de cada cooperativa ou empresa agroalimentaria.&#8221; font_container=&#8221;tag:h2|font_size:18px|text_align:left|line_height:24px&#8221; use_theme_fonts=&#8221;yes&#8221;][vc_custom_heading text=&#8221;O noso equipo de Calidade \u2014profesionais de ingener\u00eda t\u00e9cnica agr\u00edcola e veterinaria; auditores en [&hellip;]","og_url":"https:\/\/agaca.coop\/gl\/calidade\/","og_site_name":"AGACA","article_modified_time":"2026-02-04T14:52:59+00:00","twitter_card":"summary_large_image","twitter_misc":{"Tempo de lectura":"3 minutos"},"schema":{"@context":"https:\/\/schema.org","@graph":[{"@type":"WebPage","@id":"https:\/\/agaca.coop\/gl\/calidade\/","url":"https:\/\/agaca.coop\/gl\/calidade\/","name":"Calidade - AGACA","isPartOf":{"@id":"https:\/\/agaca.coop\/#website"},"datePublished":"2022-05-30T14:08:40+00:00","dateModified":"2026-02-04T14:52:59+00:00","breadcrumb":{"@id":"https:\/\/agaca.coop\/gl\/calidade\/#breadcrumb"},"inLanguage":"gl-ES","potentialAction":[{"@type":"ReadAction","target":["https:\/\/agaca.coop\/gl\/calidade\/"]}]},{"@type":"BreadcrumbList","@id":"https:\/\/agaca.coop\/gl\/calidade\/#breadcrumb","itemListElement":[{"@type":"ListItem","position":1,"name":"Portada","item":"https:\/\/agaca.coop\/gl\/"},{"@type":"ListItem","position":2,"name":"Calidade"}]},{"@type":"WebSite","@id":"https:\/\/agaca.coop\/#website","url":"https:\/\/agaca.coop\/","name":"AGACA","description":"Asociaci\u00f3n Galega de Cooperativas Agrarias","potentialAction":[{"@type":"SearchAction","target":{"@type":"EntryPoint","urlTemplate":"https:\/\/agaca.coop\/?s={search_term_string}"},"query-input":"required name=search_term_string"}],"inLanguage":"gl-ES"}]}},"_links":{"self":[{"href":"https:\/\/agaca.coop\/gl\/wp-json\/wp\/v2\/pages\/12329","targetHints":{"allow":["GET"]}}],"collection":[{"href":"https:\/\/agaca.coop\/gl\/wp-json\/wp\/v2\/pages"}],"about":[{"href":"https:\/\/agaca.coop\/gl\/wp-json\/wp\/v2\/types\/page"}],"author":[{"embeddable":true,"href":"https:\/\/agaca.coop\/gl\/wp-json\/wp\/v2\/users\/2"}],"replies":[{"embeddable":true,"href":"https:\/\/agaca.coop\/gl\/wp-json\/wp\/v2\/comments?post=12329"}],"version-history":[{"count":14,"href":"https:\/\/agaca.coop\/gl\/wp-json\/wp\/v2\/pages\/12329\/revisions"}],"predecessor-version":[{"id":26568,"href":"https:\/\/agaca.coop\/gl\/wp-json\/wp\/v2\/pages\/12329\/revisions\/26568"}],"wp:attachment":[{"href":"https:\/\/agaca.coop\/gl\/wp-json\/wp\/v2\/media?parent=12329"}],"curies":[{"name":"wp","href":"https:\/\/api.w.org\/{rel}","templated":true}]}}