{"id":11966,"date":"2022-03-14T13:33:03","date_gmt":"2022-03-14T13:33:03","guid":{"rendered":"https:\/\/agaca.coop\/?page_id=11966"},"modified":"2024-09-17T14:10:05","modified_gmt":"2024-09-17T14:10:05","slug":"feader2021-066a-posta-en-valor-da-faba-de-lourenza","status":"publish","type":"page","link":"https:\/\/agaca.coop\/gl\/iniciativas-proxectos\/feader2021-066a-posta-en-valor-da-faba-de-lourenza\/","title":{"rendered":"FEADER2021\/066A &#8211; Posta en valor da Faba de Lourenz\u00e1: sanidade da semente, cultivo e comercializaci\u00f3n"},"content":{"rendered":"<p>[vc_row][vc_column][vc_column_text]<strong><img loading=\"lazy\" decoding=\"async\" class=\" wp-image-11408 alignright\" src=\"https:\/\/agaca.coop\/wp-content\/uploads\/2021\/12\/CARTEL-FEADER2021-066A-FABA-xenerico-212x300.png\" alt=\"\" width=\"255\" height=\"361\" srcset=\"https:\/\/agaca.coop\/wp-content\/uploads\/2021\/12\/CARTEL-FEADER2021-066A-FABA-xenerico-212x300.png 212w, https:\/\/agaca.coop\/wp-content\/uploads\/2021\/12\/CARTEL-FEADER2021-066A-FABA-xenerico-724x1024.png 724w, https:\/\/agaca.coop\/wp-content\/uploads\/2021\/12\/CARTEL-FEADER2021-066A-FABA-xenerico-768x1086.png 768w, https:\/\/agaca.coop\/wp-content\/uploads\/2021\/12\/CARTEL-FEADER2021-066A-FABA-xenerico-1086x1536.png 1086w, https:\/\/agaca.coop\/wp-content\/uploads\/2021\/12\/CARTEL-FEADER2021-066A-FABA-xenerico-750x1061.png 750w, https:\/\/agaca.coop\/wp-content\/uploads\/2021\/12\/CARTEL-FEADER2021-066A-FABA-xenerico-1140x1612.png 1140w, https:\/\/agaca.coop\/wp-content\/uploads\/2021\/12\/CARTEL-FEADER2021-066A-FABA-xenerico.png 1414w\" sizes=\"auto, (max-width: 255px) 100vw, 255px\" \/>T\u00edtulo:<\/strong> \u201cPosta en valor da faba de Lourenz\u00e1: sanidade da semente, cultivo e comercializaci\u00f3n\u201d (FEADER 2021\/066A)<\/p>\n<p><strong>Entidades Participantes:<\/strong> Asociaci\u00f3n Galega de Cooperativas Agroalimentarias (Agaca), Centro Tecnol\u00f3xico da Carne (CETECA), Universidade de Santiago de Compostela e Terras da Mari\u00f1a S. Coop. Galega.<\/p>\n<p><strong>Duraci\u00f3n:<\/strong> 2021 &#8211; 2023.<\/p>\n<p><strong>Financiamento:<\/strong> Orzamento 136.834,00\u20ac subvencionado ao 80% con fondos FEADER, fondos propios da Xunta de Galicia e fondos do Ministerio de Agricultura, Pesca e Alimentaci\u00f3n.<\/p>\n<p><strong>Convocatoria:<\/strong> RESOLUCI\u00d3N do 3 de febreiro de 2021 pola que se establecen as bases reguladoras da concesi\u00f3n, en r\u00e9xime de concorrencia competitiva, das axudas para o apoio de proxectos piloto, desenvolvemento de novos produtos, pr\u00e1cticas, procesos e tecnolox\u00edas no \u00e1mbito agroforestal, cofinanciadas co Fondo Europeo Agr\u00edcola de Desenvolvemento Rural (Feader) no marco do Programa de desenvolvemento rural (PDR) de Galicia 2014-2020, e se convocan para o ano 2021 (DOG N\u00fam. 33, 18 de febreiro de 2021).<\/p>\n<p><strong>Obxectivo: <\/strong>O obxectivo principal do proxecto \u00e9 profesionalizar o cultivo de horta da Faba de Lourenz\u00e1, mellorando a s\u00faa produci\u00f3n sen minguar a calidade e achegando valor no seu procesado e posterior comercializaci\u00f3n. O proxecto engloba varios \u00e1mbitos, empezando pola avaliaci\u00f3n da sanidade dos lotes de semente e o seguimento epidemiol\u00f3xico para atopar as mellores t\u00e9cnicas de cultivo, de protecci\u00f3n e de selecci\u00f3n da semente. Para iso, traballa na creaci\u00f3n dun kit de an\u00e1lise de potyvirus e Ps. Ph. que axude a mellorar a sanidade das plantas, diminu\u00edndo a incidencia de viroses e a perda de produci\u00f3n que ocasionan.<\/p>\n<p>Busca, ademais, homoxeneizar a calidade da faba e crear un programa de trazabilidade e xesti\u00f3n integral deste produto, con datos dende a s\u00faa procedencia a ata a traxectoria dos lotes. No que respecta \u00e1 comercializaci\u00f3n, aspira a revalorizar a Faba de Lourenz\u00e1 con novos produtos como o hummus de faba, que acheguen valor engadido mantendo unha produci\u00f3n sostible e respectuosa co medio e a tradici\u00f3n.<\/p>\n<p>Preme nas imaxes para ver paneis informativos.<\/p>\n<div id='gallery-1' class='gallery galleryid-11966 gallery-columns-3 gallery-size-jnews-360x180'><dl class='gallery-item'>\n\t\t\t<dt class='gallery-icon portrait'>\n\t\t\t\t<a  href=\"https:\/\/agaca.coop\/gl\/iniciativas-proxectos\/feader2021-066a-posta-en-valor-da-faba-de-lourenza\/fader-2021-066a-faba-lourenza-obxectivos-2\/'\"><img loading=\"lazy\" decoding=\"async\" width=\"360\" height=\"180\" src=\"https:\/\/agaca.coop\/wp-content\/uploads\/2024\/02\/fader-2021-066A-faba-lourenza-obxectivos-360x180.jpg\" class=\"attachment-jnews-360x180 size-jnews-360x180\" alt=\"\" aria-describedby=\"gallery-1-19619\" srcset=\"https:\/\/agaca.coop\/wp-content\/uploads\/2024\/02\/fader-2021-066A-faba-lourenza-obxectivos-360x180.jpg 360w, https:\/\/agaca.coop\/wp-content\/uploads\/2024\/02\/fader-2021-066A-faba-lourenza-obxectivos-750x375.jpg 750w, https:\/\/agaca.coop\/wp-content\/uploads\/2024\/02\/fader-2021-066A-faba-lourenza-obxectivos-1140x570.jpg 1140w\" sizes=\"auto, (max-width: 360px) 100vw, 360px\" \/><\/a>\n\t\t\t<\/dt>\n\t\t\t\t<dd class='wp-caption-text gallery-caption' id='gallery-1-19619'>\n\t\t\t\tFEADER 2021\/066A Posta en valor da Faba de Lourenz\u00e1: sanidade da semente, cultivo e comercializaci\u00f3n. OBXECTIVOS.\n\t\t\t\t<\/dd><\/dl><dl class='gallery-item'>\n\t\t\t<dt class='gallery-icon portrait'>\n\t\t\t\t<a  href=\"https:\/\/agaca.coop\/gl\/iniciativas-proxectos\/feader2021-066a-posta-en-valor-da-faba-de-lourenza\/fader-2021-066a-faba-lourenza-resultados-2\/'\"><img loading=\"lazy\" decoding=\"async\" width=\"360\" height=\"180\" src=\"https:\/\/agaca.coop\/wp-content\/uploads\/2024\/02\/fader-2021-066A-faba-lourenza-resultados-360x180.jpg\" class=\"attachment-jnews-360x180 size-jnews-360x180\" alt=\"\" aria-describedby=\"gallery-1-19621\" srcset=\"https:\/\/agaca.coop\/wp-content\/uploads\/2024\/02\/fader-2021-066A-faba-lourenza-resultados-360x180.jpg 360w, https:\/\/agaca.coop\/wp-content\/uploads\/2024\/02\/fader-2021-066A-faba-lourenza-resultados-750x375.jpg 750w, https:\/\/agaca.coop\/wp-content\/uploads\/2024\/02\/fader-2021-066A-faba-lourenza-resultados-1140x570.jpg 1140w\" sizes=\"auto, (max-width: 360px) 100vw, 360px\" \/><\/a>\n\t\t\t<\/dt>\n\t\t\t\t<dd class='wp-caption-text gallery-caption' id='gallery-1-19621'>\n\t\t\t\tFEADER 2021\/066A Posta en valor da Faba de Lourenz\u00e1: sanidade da semente, cultivo e comercializaci\u00f3n. RESULTADOS.\n\t\t\t\t<\/dd><\/dl>\n\t\t<\/div>\n\n<p><a class=\"btn btn-success\"  href=\"https:\/\/agaca.coop\/wp-content\/uploads\/2021\/12\/FOLLETO-FEADER2021-066A-faba-wb.pdf\">Descargar folleto PDF. <\/a><\/p>\n<p>[\/vc_column_text][\/vc_column][\/vc_row][vc_row][vc_column][vc_column_text]<strong>M\u00e1is informaci\u00f3n:<\/strong>[\/vc_column_text][\/vc_column][\/vc_row][vc_row][vc_column width=&#8221;1\/2&#8243;][vc_column_text]- M\u00edrao na nosa revista <a style=\"color: blue; text-decoration: underline;\"  href=\"https:\/\/agaca.coop\/gl\/?goto=TEoTW1kWBwFbHxkQTQU8CwsAFBJXFjxcPh88NiIEIhc_KlJRVVEZQipXLUQaU0cgGTwxEXQdAGc_EVQgFjkhURYOVRoF\">Cooperaci\u00f3n Galega, n\u00ba 155 (outubro 2021)<\/a>.<\/p>\n<p>&#8211; Noticia sobre a presentaci\u00f3n do proxecto: <a style=\"color: blue; text-decoration: underline;\"  href=\"https:\/\/agaca.coop\/gl\/hoy-se-presento-el-proyecto-posta-en-valor-da-faba-de-lourenza-sanidade-da-semente-cultivo-e-comercializacion\/\">15\/10\/2021<\/a><\/p>\n<p><img loading=\"lazy\" decoding=\"async\" class=\"wp-image-11405 aligncenter\" src=\"https:\/\/agaca.coop\/wp-content\/uploads\/2021\/12\/20211015_FEADER-2021-066A-faba-presentacion-wb.jpg\" alt=\"\" width=\"353\" height=\"184\" srcset=\"https:\/\/agaca.coop\/wp-content\/uploads\/2021\/12\/20211015_FEADER-2021-066A-faba-presentacion-wb.jpg 2000w, https:\/\/agaca.coop\/wp-content\/uploads\/2021\/12\/20211015_FEADER-2021-066A-faba-presentacion-wb-300x156.jpg 300w, https:\/\/agaca.coop\/wp-content\/uploads\/2021\/12\/20211015_FEADER-2021-066A-faba-presentacion-wb-1024x534.jpg 1024w, https:\/\/agaca.coop\/wp-content\/uploads\/2021\/12\/20211015_FEADER-2021-066A-faba-presentacion-wb-768x400.jpg 768w, https:\/\/agaca.coop\/wp-content\/uploads\/2021\/12\/20211015_FEADER-2021-066A-faba-presentacion-wb-1536x800.jpg 1536w, https:\/\/agaca.coop\/wp-content\/uploads\/2021\/12\/20211015_FEADER-2021-066A-faba-presentacion-wb-750x391.jpg 750w, https:\/\/agaca.coop\/wp-content\/uploads\/2021\/12\/20211015_FEADER-2021-066A-faba-presentacion-wb-1140x594.jpg 1140w\" sizes=\"auto, (max-width: 353px) 100vw, 353px\" \/>[\/vc_column_text][\/vc_column][vc_column width=&#8221;1\/2&#8243;][vc_column_text]- IV Foro da Innovaci\u00f3n Produtiva do Sector Agrario (02\/02\/2024)[\/vc_column_text][vc_column_text]https:\/\/www.youtube.com\/watch?v=6wQ483AqG0I[\/vc_column_text][\/vc_column][\/vc_row][vc_row][vc_column][vc_empty_space][\/vc_column][\/vc_row][vc_row][vc_column][vc_column_text]<img loading=\"lazy\" decoding=\"async\" class=\" wp-image-11409 aligncenter\" src=\"https:\/\/agaca.coop\/wp-content\/uploads\/2021\/12\/2021-logos-xunta-mapa-feader.jpg\" alt=\"\" width=\"570\" height=\"38\" srcset=\"https:\/\/agaca.coop\/wp-content\/uploads\/2021\/12\/2021-logos-xunta-mapa-feader.jpg 1514w, https:\/\/agaca.coop\/wp-content\/uploads\/2021\/12\/2021-logos-xunta-mapa-feader-300x20.jpg 300w, https:\/\/agaca.coop\/wp-content\/uploads\/2021\/12\/2021-logos-xunta-mapa-feader-1024x68.jpg 1024w, https:\/\/agaca.coop\/wp-content\/uploads\/2021\/12\/2021-logos-xunta-mapa-feader-768x51.jpg 768w, https:\/\/agaca.coop\/wp-content\/uploads\/2021\/12\/2021-logos-xunta-mapa-feader-750x50.jpg 750w, https:\/\/agaca.coop\/wp-content\/uploads\/2021\/12\/2021-logos-xunta-mapa-feader-1140x75.jpg 1140w\" sizes=\"auto, (max-width: 570px) 100vw, 570px\" \/>[\/vc_column_text][\/vc_column][\/vc_row]<\/p>\n","protected":false},"excerpt":{"rendered":"<p>[vc_row][vc_column][vc_column_text]T\u00edtulo: \u201cPosta en valor da faba de Lourenz\u00e1: sanidade da semente, cultivo e comercializaci\u00f3n\u201d (FEADER 2021\/066A) Entidades Participantes: Asociaci\u00f3n Galega de Cooperativas Agroalimentarias (Agaca), Centro Tecnol\u00f3xico da Carne (CETECA), Universidade de Santiago de Compostela e Terras da Mari\u00f1a S. Coop. Galega. Duraci\u00f3n: 2021 &#8211; 2023. Financiamento: Orzamento 136.834,00\u20ac subvencionado ao 80% con fondos FEADER, fondos [&hellip;]<\/p>\n","protected":false},"author":2,"featured_media":0,"parent":11780,"menu_order":0,"comment_status":"closed","ping_status":"closed","template":"","meta":{"_monsterinsights_skip_tracking":false,"_monsterinsights_sitenote_active":false,"_monsterinsights_sitenote_note":"","_monsterinsights_sitenote_category":0,"footnotes":""},"class_list":["post-11966","page","type-page","status-publish","hentry"],"yoast_head":"<!-- This site is optimized with the Yoast SEO plugin v19.11 - https:\/\/yoast.com\/wordpress\/plugins\/seo\/ -->\n<title>FEADER2021\/066A - Posta en valor da Faba de Lourenz\u00e1: sanidade da semente, cultivo e comercializaci\u00f3n - AGACA<\/title>\n<meta name=\"robots\" content=\"index, follow, max-snippet:-1, max-image-preview:large, max-video-preview:-1\" \/>\n<link rel=\"canonical\" href=\"https:\/\/agaca.coop\/gl\/iniciativas-proxectos\/feader2021-066a-posta-en-valor-da-faba-de-lourenza\/\" \/>\n<meta property=\"og:locale\" content=\"gl_ES\" \/>\n<meta property=\"og:type\" content=\"article\" \/>\n<meta property=\"og:title\" content=\"FEADER2021\/066A - Posta en valor da Faba de Lourenz\u00e1: sanidade da semente, cultivo e comercializaci\u00f3n - AGACA\" \/>\n<meta property=\"og:description\" content=\"[vc_row][vc_column][vc_column_text]T\u00edtulo: \u201cPosta en valor da faba de Lourenz\u00e1: sanidade da semente, cultivo e comercializaci\u00f3n\u201d (FEADER 2021\/066A) Entidades Participantes: Asociaci\u00f3n Galega de Cooperativas Agroalimentarias (Agaca), Centro Tecnol\u00f3xico da Carne (CETECA), Universidade de Santiago de Compostela e Terras da Mari\u00f1a S. Coop. Galega. Duraci\u00f3n: 2021 &#8211; 2023. Financiamento: Orzamento 136.834,00\u20ac subvencionado ao 80% con fondos FEADER, fondos [&hellip;]\" \/>\n<meta property=\"og:url\" content=\"https:\/\/agaca.coop\/gl\/iniciativas-proxectos\/feader2021-066a-posta-en-valor-da-faba-de-lourenza\/\" \/>\n<meta property=\"og:site_name\" content=\"AGACA\" \/>\n<meta property=\"article:modified_time\" content=\"2024-09-17T14:10:05+00:00\" \/>\n<meta property=\"og:image\" content=\"https:\/\/agaca.coop\/wp-content\/uploads\/2024\/02\/fader-2021-066A-faba-lourenza-obxectivos-360x180.jpg\" \/>\n<meta name=\"twitter:card\" content=\"summary_large_image\" \/>\n<meta name=\"twitter:label1\" content=\"Tempo de lectura\" \/>\n\t<meta name=\"twitter:data1\" content=\"3 minutos\" \/>\n<script type=\"application\/ld+json\" class=\"yoast-schema-graph\">{\"@context\":\"https:\/\/schema.org\",\"@graph\":[{\"@type\":\"WebPage\",\"@id\":\"https:\/\/agaca.coop\/gl\/iniciativas-proxectos\/feader2021-066a-posta-en-valor-da-faba-de-lourenza\/\",\"url\":\"https:\/\/agaca.coop\/gl\/iniciativas-proxectos\/feader2021-066a-posta-en-valor-da-faba-de-lourenza\/\",\"name\":\"FEADER2021\/066A - Posta en valor da Faba de Lourenz\u00e1: sanidade da semente, cultivo e comercializaci\u00f3n - AGACA\",\"isPartOf\":{\"@id\":\"https:\/\/agaca.coop\/#website\"},\"datePublished\":\"2022-03-14T13:33:03+00:00\",\"dateModified\":\"2024-09-17T14:10:05+00:00\",\"breadcrumb\":{\"@id\":\"https:\/\/agaca.coop\/gl\/iniciativas-proxectos\/feader2021-066a-posta-en-valor-da-faba-de-lourenza\/#breadcrumb\"},\"inLanguage\":\"gl-ES\",\"potentialAction\":[{\"@type\":\"ReadAction\",\"target\":[\"https:\/\/agaca.coop\/gl\/iniciativas-proxectos\/feader2021-066a-posta-en-valor-da-faba-de-lourenza\/\"]}]},{\"@type\":\"BreadcrumbList\",\"@id\":\"https:\/\/agaca.coop\/gl\/iniciativas-proxectos\/feader2021-066a-posta-en-valor-da-faba-de-lourenza\/#breadcrumb\",\"itemListElement\":[{\"@type\":\"ListItem\",\"position\":1,\"name\":\"Portada\",\"item\":\"https:\/\/agaca.coop\/gl\/\"},{\"@type\":\"ListItem\",\"position\":2,\"name\":\"Iniciativas &#8211; Proxectos\",\"item\":\"https:\/\/agaca.coop\/gl\/iniciativas-proxectos\/\"},{\"@type\":\"ListItem\",\"position\":3,\"name\":\"FEADER2021\/066A &#8211; Posta en valor da Faba de Lourenz\u00e1: sanidade da semente, cultivo e comercializaci\u00f3n\"}]},{\"@type\":\"WebSite\",\"@id\":\"https:\/\/agaca.coop\/#website\",\"url\":\"https:\/\/agaca.coop\/\",\"name\":\"AGACA\",\"description\":\"Asociaci\u00f3n Galega de Cooperativas Agrarias\",\"potentialAction\":[{\"@type\":\"SearchAction\",\"target\":{\"@type\":\"EntryPoint\",\"urlTemplate\":\"https:\/\/agaca.coop\/?s={search_term_string}\"},\"query-input\":\"required name=search_term_string\"}],\"inLanguage\":\"gl-ES\"}]}<\/script>\n<!-- \/ Yoast SEO plugin. -->","yoast_head_json":{"title":"FEADER2021\/066A - Posta en valor da Faba de Lourenz\u00e1: sanidade da semente, cultivo e comercializaci\u00f3n - AGACA","robots":{"index":"index","follow":"follow","max-snippet":"max-snippet:-1","max-image-preview":"max-image-preview:large","max-video-preview":"max-video-preview:-1"},"canonical":"https:\/\/agaca.coop\/gl\/iniciativas-proxectos\/feader2021-066a-posta-en-valor-da-faba-de-lourenza\/","og_locale":"gl_ES","og_type":"article","og_title":"FEADER2021\/066A - Posta en valor da Faba de Lourenz\u00e1: sanidade da semente, cultivo e comercializaci\u00f3n - AGACA","og_description":"[vc_row][vc_column][vc_column_text]T\u00edtulo: \u201cPosta en valor da faba de Lourenz\u00e1: sanidade da semente, cultivo e comercializaci\u00f3n\u201d (FEADER 2021\/066A) Entidades Participantes: Asociaci\u00f3n Galega de Cooperativas Agroalimentarias (Agaca), Centro Tecnol\u00f3xico da Carne (CETECA), Universidade de Santiago de Compostela e Terras da Mari\u00f1a S. Coop. Galega. Duraci\u00f3n: 2021 &#8211; 2023. Financiamento: Orzamento 136.834,00\u20ac subvencionado ao 80% con fondos FEADER, fondos [&hellip;]","og_url":"https:\/\/agaca.coop\/gl\/iniciativas-proxectos\/feader2021-066a-posta-en-valor-da-faba-de-lourenza\/","og_site_name":"AGACA","article_modified_time":"2024-09-17T14:10:05+00:00","og_image":[{"url":"https:\/\/agaca.coop\/wp-content\/uploads\/2024\/02\/fader-2021-066A-faba-lourenza-obxectivos-360x180.jpg"}],"twitter_card":"summary_large_image","twitter_misc":{"Tempo de lectura":"3 minutos"},"schema":{"@context":"https:\/\/schema.org","@graph":[{"@type":"WebPage","@id":"https:\/\/agaca.coop\/gl\/iniciativas-proxectos\/feader2021-066a-posta-en-valor-da-faba-de-lourenza\/","url":"https:\/\/agaca.coop\/gl\/iniciativas-proxectos\/feader2021-066a-posta-en-valor-da-faba-de-lourenza\/","name":"FEADER2021\/066A - Posta en valor da Faba de Lourenz\u00e1: sanidade da semente, cultivo e comercializaci\u00f3n - AGACA","isPartOf":{"@id":"https:\/\/agaca.coop\/#website"},"datePublished":"2022-03-14T13:33:03+00:00","dateModified":"2024-09-17T14:10:05+00:00","breadcrumb":{"@id":"https:\/\/agaca.coop\/gl\/iniciativas-proxectos\/feader2021-066a-posta-en-valor-da-faba-de-lourenza\/#breadcrumb"},"inLanguage":"gl-ES","potentialAction":[{"@type":"ReadAction","target":["https:\/\/agaca.coop\/gl\/iniciativas-proxectos\/feader2021-066a-posta-en-valor-da-faba-de-lourenza\/"]}]},{"@type":"BreadcrumbList","@id":"https:\/\/agaca.coop\/gl\/iniciativas-proxectos\/feader2021-066a-posta-en-valor-da-faba-de-lourenza\/#breadcrumb","itemListElement":[{"@type":"ListItem","position":1,"name":"Portada","item":"https:\/\/agaca.coop\/gl\/"},{"@type":"ListItem","position":2,"name":"Iniciativas &#8211; Proxectos","item":"https:\/\/agaca.coop\/gl\/iniciativas-proxectos\/"},{"@type":"ListItem","position":3,"name":"FEADER2021\/066A &#8211; Posta en valor da Faba de Lourenz\u00e1: sanidade da semente, cultivo e comercializaci\u00f3n"}]},{"@type":"WebSite","@id":"https:\/\/agaca.coop\/#website","url":"https:\/\/agaca.coop\/","name":"AGACA","description":"Asociaci\u00f3n Galega de Cooperativas Agrarias","potentialAction":[{"@type":"SearchAction","target":{"@type":"EntryPoint","urlTemplate":"https:\/\/agaca.coop\/?s={search_term_string}"},"query-input":"required name=search_term_string"}],"inLanguage":"gl-ES"}]}},"_links":{"self":[{"href":"https:\/\/agaca.coop\/gl\/wp-json\/wp\/v2\/pages\/11966","targetHints":{"allow":["GET"]}}],"collection":[{"href":"https:\/\/agaca.coop\/gl\/wp-json\/wp\/v2\/pages"}],"about":[{"href":"https:\/\/agaca.coop\/gl\/wp-json\/wp\/v2\/types\/page"}],"author":[{"embeddable":true,"href":"https:\/\/agaca.coop\/gl\/wp-json\/wp\/v2\/users\/2"}],"replies":[{"embeddable":true,"href":"https:\/\/agaca.coop\/gl\/wp-json\/wp\/v2\/comments?post=11966"}],"version-history":[{"count":10,"href":"https:\/\/agaca.coop\/gl\/wp-json\/wp\/v2\/pages\/11966\/revisions"}],"predecessor-version":[{"id":21704,"href":"https:\/\/agaca.coop\/gl\/wp-json\/wp\/v2\/pages\/11966\/revisions\/21704"}],"up":[{"embeddable":true,"href":"https:\/\/agaca.coop\/gl\/wp-json\/wp\/v2\/pages\/11780"}],"wp:attachment":[{"href":"https:\/\/agaca.coop\/gl\/wp-json\/wp\/v2\/media?parent=11966"}],"curies":[{"name":"wp","href":"https:\/\/api.w.org\/{rel}","templated":true}]}}