{"id":11950,"date":"2022-03-14T13:21:22","date_gmt":"2022-03-14T13:21:22","guid":{"rendered":"https:\/\/agaca.coop\/?page_id=11950"},"modified":"2023-04-04T11:42:33","modified_gmt":"2023-04-04T11:42:33","slug":"feader2020-020a-localizacion-de-explotacions","status":"publish","type":"page","link":"https:\/\/agaca.coop\/gl\/iniciativas-proxectos\/feader2020-020a-localizacion-de-explotacions\/","title":{"rendered":"FEADER2020\/020A: Localizaci\u00f3n de explotaci\u00f3ns"},"content":{"rendered":"<p><img loading=\"lazy\" decoding=\"async\" class=\"aligncenter wp-image-21072 \" src=\"https:\/\/agaca.coop\/wp-content\/uploads\/2021\/12\/FEADER2020_020A-localizacion-explotacions-placa-wb.png\" alt=\"\" width=\"800\" height=\"540\" \/><\/p>\n<p><strong> &#8211; T\u00edtulo: <\/strong>FEADER 2020\/020A, \u201cSistema de axuda \u00e1 decisi\u00f3n para a localizaci\u00f3n de novas explotaci\u00f3ns agrarias.<\/p>\n<p><strong>&#8211; Data de desenvolvemento<\/strong>: 13\/03\/2020 \u2014 30\/06\/2022<\/p>\n<p><strong>&#8211; Socios que interve\u00f1en:<\/strong> Entidade Beneficiaria: Agaca; Entidades Colaboradoras: Universidad de Santiago de Compostela<\/p>\n<p><strong>&#8211; Obxectivo: <\/strong>O obxectivo fundamental do proxecto \u00e9 a creaci\u00f3n e posta a disposici\u00f3n de agricultores\/as e gandeiros\/as dunha ferramenta TIC de acceso p\u00fablico e gratu\u00edto que, empregando criterios cient\u00edfico-t\u00e9cnicos e legais, permita determinar as localizaci\u00f3ns dos terreos m\u00e1is axeitados para unha explotaci\u00f3n dun determinado sector produtivo.<\/p>\n<p>Debido ao amplo rango de requirimentos normativos e t\u00e9cnicos espec\u00edficos dos distintos sectores, este obxectivo xeral desagr\u00e9gase en:<\/p>\n<p style=\"padding-left: 40px;\">\u2013 Estudo e definici\u00f3n das variables e capas de informaci\u00f3n territorial dispo\u00f1ibles en bases de datos p\u00fablicas m\u00e1is relevantes para a localizaci\u00f3n de explotaci\u00f3ns agrarias.<\/p>\n<p style=\"padding-left: 40px;\">\u2013 Dese\u00f1o e implementaci\u00f3n dunha ferramenta TIC para dispositivos m\u00f3biles e de escritorio que incorpore un sistema de axuda a decisi\u00f3n para a localizaci\u00f3n de novas explotaci\u00f3ns: <a style=\"color: blue; text-decoration: underline;\"  href=\"https:\/\/agaca.coop\/gl\/?goto=TEoTW1kWBwFbHxkQTQUzBQYfSRJELGBcO1k\" rel=\"noopener\" target=\"_blank\">SixTuaTe<\/a><\/p>\n<p style=\"padding-left: 40px;\">\u2013 Validaci\u00f3n da ferramenta dese\u00f1ada mediante a an\u00e1lise da viabilidade dos resultados por parte de agricultores, membros e t\u00e9cnicos de cooperativas representativos dos distintos sectores.<\/p>\n<p>Cara \u00e1 obtenci\u00f3n duns resultados contrastables e \u00e1 an\u00e1lise da s\u00faa viabilidade a trav\u00e9s dun proxecto piloto, ac\u00f3utanse os obxectivos tendo en conta os sectores onde se detecta unha aplicaci\u00f3n pr\u00e1ctica m\u00e1is inmediata ou urxente e as comarcas onde os resultados poden ser m\u00e1is \u00fatiles. As\u00ed, os obxectivos espec\u00edficos son:<\/p>\n<p style=\"padding-left: 40px;\">\u2013 Detecci\u00f3n de localizaci\u00f3ns \u00f3ptimas para o sector do vi\u00f1o nas comarcas de Ribeiro, Ulla e Valdeorras.<\/p>\n<p style=\"padding-left: 40px;\">\u2013 Detecci\u00f3n de localizaci\u00f3ns \u00f3ptimas para o sector da horta nas comarcas de O Saln\u00e9s e Mari\u00f1a Luguesa.<\/p>\n<p style=\"padding-left: 40px;\">\u2013 Detecci\u00f3n de localizaci\u00f3ns \u00f3ptimas para o cultivo do kiwi nas comarcas de Terra de Montes e Ferrolterra.<\/p>\n<p style=\"padding-left: 40px;\">\u2013 Detecci\u00f3n de localizaci\u00f3ns \u00f3ptimas para o sector porcino intensivo no concello de Rodeiro.<\/p>\n<p>Este proxecto conta co apoio da Xunta de Galicia e do FEADER (Fondo Europeo Agr\u00edcola de Desenvolvemento Rural) mediante o programa de axudas para proxectos piloto para o desenvolvemento de novos produtos, pr\u00e1cticas, procesos e tecnolox\u00edas no \u00e1mbito agroforestal.<\/p>\n<p><a class=\"btn btn-success\"  href=\"https:\/\/agaca.coop\/wp-content\/uploads\/2022\/03\/Folleto-ONLINE-FEADER2020-020A-Localizacion-Explotacions.pdf\">Descargar folleto pdf<\/a><\/p>\n<p><img loading=\"lazy\" decoding=\"async\" class=\"size-medium wp-image-16876 alignright\" src=\"https:\/\/agaca.coop\/wp-content\/uploads\/2023\/03\/20230329-sergio-garcia-feader2020-020a_sixtuate-300x259.jpg\" alt=\"\" width=\"300\" height=\"259\" srcset=\"https:\/\/agaca.coop\/wp-content\/uploads\/2023\/03\/20230329-sergio-garcia-feader2020-020a_sixtuate-300x259.jpg 300w, https:\/\/agaca.coop\/wp-content\/uploads\/2023\/03\/20230329-sergio-garcia-feader2020-020a_sixtuate-1024x884.jpg 1024w, https:\/\/agaca.coop\/wp-content\/uploads\/2023\/03\/20230329-sergio-garcia-feader2020-020a_sixtuate-768x663.jpg 768w, https:\/\/agaca.coop\/wp-content\/uploads\/2023\/03\/20230329-sergio-garcia-feader2020-020a_sixtuate-750x647.jpg 750w, https:\/\/agaca.coop\/wp-content\/uploads\/2023\/03\/20230329-sergio-garcia-feader2020-020a_sixtuate-1140x984.jpg 1140w, https:\/\/agaca.coop\/wp-content\/uploads\/2023\/03\/20230329-sergio-garcia-feader2020-020a_sixtuate.jpg 1390w\" sizes=\"auto, (max-width: 300px) 100vw, 300px\" \/><\/p>\n<p>M\u00e1is informaci\u00f3n na nosa revista:<\/p>\n<ul>\n<li><a style=\"color: blue; text-decoration: underline;\"  href=\"https:\/\/agaca.coop\/gl\/?goto=TEoTW1kWBwFbHxkQTQU8CwsAFBJXFjxcPh88NiIEIhc_KlJRVVEZQipXLUQaU0cgGTwxEXQdAGc_EVQgFjkhURYOVRoF\">Cooperaci\u00f3n Galega, n\u00ba 155 (outubro 2021)<\/a>.<\/li>\n<li><a style=\"color: blue; text-decoration: underline;\"  href=\"https:\/\/agaca.coop\/gl\/?goto=TEoTW1kWBwFbHxkQTQU8CwsAFBJXFjxcPh88NiIEIhc_KlJRVVEZQipXLUQaU0cgGTwxEXQeBWc_EVQgFjkhURYOVRkF\">Cooperaci\u00f3n Galega, n\u00ba 160 (outubro 2022)<\/a>.<\/li>\n<\/ul>\n<p>O 29 de marzo do 2023, durante o III Foro de Innovaci\u00f3n Produtiva do Sector Agrario que se celebrou no Centro de Formaci\u00f3n e Experimentaci\u00f3n Agroforestal de Sergude, o responsable de \u00e1rea de Calidade de AGACA, Sergio Garc\u00eda, informou acerca deste proxecto nun acto ao que acudiu o conselleiro do Medio Rural, Jos\u00e9 Gonz\u00e1lez.<\/p>\n","protected":false},"excerpt":{"rendered":"<p>&#8211; T\u00edtulo: FEADER 2020\/020A, \u201cSistema de axuda \u00e1 decisi\u00f3n para a localizaci\u00f3n de novas explotaci\u00f3ns agrarias. &#8211; Data de desenvolvemento: 13\/03\/2020 \u2014 30\/06\/2022 &#8211; Socios que interve\u00f1en: Entidade Beneficiaria: Agaca; Entidades Colaboradoras: Universidad de Santiago de Compostela &#8211; Obxectivo: O obxectivo fundamental do proxecto \u00e9 a creaci\u00f3n e posta a disposici\u00f3n de agricultores\/as e gandeiros\/as [&hellip;]<\/p>\n","protected":false},"author":2,"featured_media":0,"parent":11780,"menu_order":0,"comment_status":"closed","ping_status":"closed","template":"","meta":{"_monsterinsights_skip_tracking":false,"_monsterinsights_sitenote_active":false,"_monsterinsights_sitenote_note":"","_monsterinsights_sitenote_category":0,"footnotes":""},"class_list":["post-11950","page","type-page","status-publish","hentry"],"yoast_head":"<!-- This site is optimized with the Yoast SEO plugin v19.11 - https:\/\/yoast.com\/wordpress\/plugins\/seo\/ -->\n<title>FEADER2020\/020A: Localizaci\u00f3n de explotaci\u00f3ns - AGACA<\/title>\n<meta name=\"robots\" content=\"index, follow, max-snippet:-1, max-image-preview:large, max-video-preview:-1\" \/>\n<link rel=\"canonical\" href=\"https:\/\/agaca.coop\/gl\/iniciativas-proxectos\/feader2020-020a-localizacion-de-explotacions\/\" \/>\n<meta property=\"og:locale\" content=\"gl_ES\" \/>\n<meta property=\"og:type\" content=\"article\" \/>\n<meta property=\"og:title\" content=\"FEADER2020\/020A: Localizaci\u00f3n de explotaci\u00f3ns - AGACA\" \/>\n<meta property=\"og:description\" content=\"&#8211; T\u00edtulo: FEADER 2020\/020A, \u201cSistema de axuda \u00e1 decisi\u00f3n para a localizaci\u00f3n de novas explotaci\u00f3ns agrarias. &#8211; Data de desenvolvemento: 13\/03\/2020 \u2014 30\/06\/2022 &#8211; Socios que interve\u00f1en: Entidade Beneficiaria: Agaca; Entidades Colaboradoras: Universidad de Santiago de Compostela &#8211; Obxectivo: O obxectivo fundamental do proxecto \u00e9 a creaci\u00f3n e posta a disposici\u00f3n de agricultores\/as e gandeiros\/as [&hellip;]\" \/>\n<meta property=\"og:url\" content=\"https:\/\/agaca.coop\/gl\/iniciativas-proxectos\/feader2020-020a-localizacion-de-explotacions\/\" \/>\n<meta property=\"og:site_name\" content=\"AGACA\" \/>\n<meta property=\"article:modified_time\" content=\"2023-04-04T11:42:33+00:00\" \/>\n<meta property=\"og:image\" content=\"https:\/\/agaca.coop\/wp-content\/uploads\/2021\/12\/FEADER2020_020A-localizacion-explotacions-placa-wb.png\" \/>\n<meta name=\"twitter:card\" content=\"summary_large_image\" \/>\n<meta name=\"twitter:label1\" content=\"Tempo de lectura\" \/>\n\t<meta name=\"twitter:data1\" content=\"3 minutos\" \/>\n<script type=\"application\/ld+json\" class=\"yoast-schema-graph\">{\"@context\":\"https:\/\/schema.org\",\"@graph\":[{\"@type\":\"WebPage\",\"@id\":\"https:\/\/agaca.coop\/gl\/iniciativas-proxectos\/feader2020-020a-localizacion-de-explotacions\/\",\"url\":\"https:\/\/agaca.coop\/gl\/iniciativas-proxectos\/feader2020-020a-localizacion-de-explotacions\/\",\"name\":\"FEADER2020\/020A: Localizaci\u00f3n de explotaci\u00f3ns - AGACA\",\"isPartOf\":{\"@id\":\"https:\/\/agaca.coop\/#website\"},\"datePublished\":\"2022-03-14T13:21:22+00:00\",\"dateModified\":\"2023-04-04T11:42:33+00:00\",\"breadcrumb\":{\"@id\":\"https:\/\/agaca.coop\/gl\/iniciativas-proxectos\/feader2020-020a-localizacion-de-explotacions\/#breadcrumb\"},\"inLanguage\":\"gl-ES\",\"potentialAction\":[{\"@type\":\"ReadAction\",\"target\":[\"https:\/\/agaca.coop\/gl\/iniciativas-proxectos\/feader2020-020a-localizacion-de-explotacions\/\"]}]},{\"@type\":\"BreadcrumbList\",\"@id\":\"https:\/\/agaca.coop\/gl\/iniciativas-proxectos\/feader2020-020a-localizacion-de-explotacions\/#breadcrumb\",\"itemListElement\":[{\"@type\":\"ListItem\",\"position\":1,\"name\":\"Portada\",\"item\":\"https:\/\/agaca.coop\/gl\/\"},{\"@type\":\"ListItem\",\"position\":2,\"name\":\"Iniciativas &#8211; Proxectos\",\"item\":\"https:\/\/agaca.coop\/gl\/iniciativas-proxectos\/\"},{\"@type\":\"ListItem\",\"position\":3,\"name\":\"FEADER2020\/020A: Localizaci\u00f3n de explotaci\u00f3ns\"}]},{\"@type\":\"WebSite\",\"@id\":\"https:\/\/agaca.coop\/#website\",\"url\":\"https:\/\/agaca.coop\/\",\"name\":\"AGACA\",\"description\":\"Asociaci\u00f3n Galega de Cooperativas Agrarias\",\"potentialAction\":[{\"@type\":\"SearchAction\",\"target\":{\"@type\":\"EntryPoint\",\"urlTemplate\":\"https:\/\/agaca.coop\/?s={search_term_string}\"},\"query-input\":\"required name=search_term_string\"}],\"inLanguage\":\"gl-ES\"}]}<\/script>\n<!-- \/ Yoast SEO plugin. -->","yoast_head_json":{"title":"FEADER2020\/020A: Localizaci\u00f3n de explotaci\u00f3ns - AGACA","robots":{"index":"index","follow":"follow","max-snippet":"max-snippet:-1","max-image-preview":"max-image-preview:large","max-video-preview":"max-video-preview:-1"},"canonical":"https:\/\/agaca.coop\/gl\/iniciativas-proxectos\/feader2020-020a-localizacion-de-explotacions\/","og_locale":"gl_ES","og_type":"article","og_title":"FEADER2020\/020A: Localizaci\u00f3n de explotaci\u00f3ns - AGACA","og_description":"&#8211; T\u00edtulo: FEADER 2020\/020A, \u201cSistema de axuda \u00e1 decisi\u00f3n para a localizaci\u00f3n de novas explotaci\u00f3ns agrarias. &#8211; Data de desenvolvemento: 13\/03\/2020 \u2014 30\/06\/2022 &#8211; Socios que interve\u00f1en: Entidade Beneficiaria: Agaca; Entidades Colaboradoras: Universidad de Santiago de Compostela &#8211; Obxectivo: O obxectivo fundamental do proxecto \u00e9 a creaci\u00f3n e posta a disposici\u00f3n de agricultores\/as e gandeiros\/as [&hellip;]","og_url":"https:\/\/agaca.coop\/gl\/iniciativas-proxectos\/feader2020-020a-localizacion-de-explotacions\/","og_site_name":"AGACA","article_modified_time":"2023-04-04T11:42:33+00:00","og_image":[{"url":"https:\/\/agaca.coop\/wp-content\/uploads\/2021\/12\/FEADER2020_020A-localizacion-explotacions-placa-wb.png"}],"twitter_card":"summary_large_image","twitter_misc":{"Tempo de lectura":"3 minutos"},"schema":{"@context":"https:\/\/schema.org","@graph":[{"@type":"WebPage","@id":"https:\/\/agaca.coop\/gl\/iniciativas-proxectos\/feader2020-020a-localizacion-de-explotacions\/","url":"https:\/\/agaca.coop\/gl\/iniciativas-proxectos\/feader2020-020a-localizacion-de-explotacions\/","name":"FEADER2020\/020A: Localizaci\u00f3n de explotaci\u00f3ns - AGACA","isPartOf":{"@id":"https:\/\/agaca.coop\/#website"},"datePublished":"2022-03-14T13:21:22+00:00","dateModified":"2023-04-04T11:42:33+00:00","breadcrumb":{"@id":"https:\/\/agaca.coop\/gl\/iniciativas-proxectos\/feader2020-020a-localizacion-de-explotacions\/#breadcrumb"},"inLanguage":"gl-ES","potentialAction":[{"@type":"ReadAction","target":["https:\/\/agaca.coop\/gl\/iniciativas-proxectos\/feader2020-020a-localizacion-de-explotacions\/"]}]},{"@type":"BreadcrumbList","@id":"https:\/\/agaca.coop\/gl\/iniciativas-proxectos\/feader2020-020a-localizacion-de-explotacions\/#breadcrumb","itemListElement":[{"@type":"ListItem","position":1,"name":"Portada","item":"https:\/\/agaca.coop\/gl\/"},{"@type":"ListItem","position":2,"name":"Iniciativas &#8211; Proxectos","item":"https:\/\/agaca.coop\/gl\/iniciativas-proxectos\/"},{"@type":"ListItem","position":3,"name":"FEADER2020\/020A: Localizaci\u00f3n de explotaci\u00f3ns"}]},{"@type":"WebSite","@id":"https:\/\/agaca.coop\/#website","url":"https:\/\/agaca.coop\/","name":"AGACA","description":"Asociaci\u00f3n Galega de Cooperativas Agrarias","potentialAction":[{"@type":"SearchAction","target":{"@type":"EntryPoint","urlTemplate":"https:\/\/agaca.coop\/?s={search_term_string}"},"query-input":"required name=search_term_string"}],"inLanguage":"gl-ES"}]}},"_links":{"self":[{"href":"https:\/\/agaca.coop\/gl\/wp-json\/wp\/v2\/pages\/11950","targetHints":{"allow":["GET"]}}],"collection":[{"href":"https:\/\/agaca.coop\/gl\/wp-json\/wp\/v2\/pages"}],"about":[{"href":"https:\/\/agaca.coop\/gl\/wp-json\/wp\/v2\/types\/page"}],"author":[{"embeddable":true,"href":"https:\/\/agaca.coop\/gl\/wp-json\/wp\/v2\/users\/2"}],"replies":[{"embeddable":true,"href":"https:\/\/agaca.coop\/gl\/wp-json\/wp\/v2\/comments?post=11950"}],"version-history":[{"count":11,"href":"https:\/\/agaca.coop\/gl\/wp-json\/wp\/v2\/pages\/11950\/revisions"}],"predecessor-version":[{"id":15314,"href":"https:\/\/agaca.coop\/gl\/wp-json\/wp\/v2\/pages\/11950\/revisions\/15314"}],"up":[{"embeddable":true,"href":"https:\/\/agaca.coop\/gl\/wp-json\/wp\/v2\/pages\/11780"}],"wp:attachment":[{"href":"https:\/\/agaca.coop\/gl\/wp-json\/wp\/v2\/media?parent=11950"}],"curies":[{"name":"wp","href":"https:\/\/api.w.org\/{rel}","templated":true}]}}