{"id":11938,"date":"2022-03-14T12:57:59","date_gmt":"2022-03-14T12:57:59","guid":{"rendered":"https:\/\/agaca.coop\/?page_id=11938"},"modified":"2023-04-04T11:35:58","modified_gmt":"2023-04-04T11:35:58","slug":"feader2019-024a-implantacion-de-producions-mais-sostibles-e-ecoloxicas","status":"publish","type":"page","link":"https:\/\/agaca.coop\/gl\/iniciativas-proxectos\/feader2019-024a-implantacion-de-producions-mais-sostibles-e-ecoloxicas\/","title":{"rendered":"FEADER2019\/024A &#8211; Implantaci\u00f3n de produci\u00f3ns m\u00e1is sostibles e ecol\u00f3xicas"},"content":{"rendered":"<p>[vc_row][vc_column][vc_column_text]<a  href=\"https:\/\/agaca.coop\/wp-content\/uploads\/2021\/12\/FEADER2019_24A-horta-sostible-ecoloxica-placa-wb.png\"><img loading=\"lazy\" decoding=\"async\" class=\"alignnone wp-image-21071 aligncenter\" src=\"https:\/\/agaca.coop\/wp-content\/uploads\/2021\/12\/FEADER2019_24A-horta-sostible-ecoloxica-placa-wb.png\" alt=\"\" width=\"800\" height=\"540\" \/><\/a><br \/>\n<strong>T\u00edtulo:<\/strong> \u201cImplantaci\u00f3n de produci\u00f3ns m\u00e1is sostibles e ecol\u00f3xicas en cultivos de horta extensiva en Galicia\u201d (FEADER 2019\/024A).<\/p>\n<p><strong>Entidades Participantes:<\/strong> Asociaci\u00f3n Galega de Cooperativas Agroalimentarias (Agaca), Centro Tecnol\u00f3xico da Carne (CETECA) e Postoiro S. Coop. Galega.<\/p>\n<p><strong>Duraci\u00f3n:<\/strong> marzo 2019 a outubro 2021.<\/p>\n<p><strong>Financiamento:<\/strong> Orzamento 96.011,50 \u20ac subvencionado ao 80% e financiado cun 75% con fondos FEADER, 22,5 % fondos propios da Xunta de Galicia e 2,5 % fondos do Ministeri de Agricultura, Pesca e Alimentaci\u00f3n.<\/p>\n<p><strong>Convocatoria:<\/strong> RESOLUCI\u00d3N do 26 de decembro de 2018 pola que se establecen as bases reguladoras para a concesi\u00f3n, en r\u00e9xime de concorrencia competitiva, das axudas para o apoio de proxectos piloto para o desenvolvemento de novos produtos, pr\u00e1cticas, procesos e tecnolox\u00edas no \u00e1mbito agroforestal, cofinanciadas co Fondo Europeo Agr\u00edcola de Desenvolvemento Rural (Feader) no marco do Programa de desenvolvemento rural (PDR) de Galicia 2014-2020, e se convocan para o ano 2019. (DOG N\u00fam. 26, 6 de febreiro de 2019).<\/p>\n<p><strong>Obxectivo:<\/strong> O proxecto de innovaci\u00f3n titulado \u201cImplantaci\u00f3n de produci\u00f3ns m\u00e1is sostibles e ecol\u00f3xicas en cultivos de horta extensiva en Galicia\u201d est\u00e1 liderado pola Asociaci\u00f3n Galega de Cooperativas Agroalimentarias (AGACA) e pretende acadar a posta a punto da produci\u00f3n en ecol\u00f3xico de cinco cultivos diferentes: brassicas como repolo, br\u00f3coli, romanesco e verza, as\u00ed como de cebola chata do pa\u00eds. Esta produci\u00f3n en ecol\u00f3xico basease na implementaci\u00f3n nestes cultivos do rego por goteo e da fertirrigaci\u00f3n.<\/p>\n<p>As\u00ed mesmo, levaranse a cabo ensaios para adaptar a produci\u00f3n convencional destes ata a agricultura ecol\u00f3xica, incrementando o valor do produto a trav\u00e9s da calidade, a sustentabilidade e a innovaci\u00f3n. Desta maneira, acadarase unha maior eficiencia no uso da auga grazas \u00e1 reduci\u00f3n do volume desta e da enerx\u00eda empregados. Establecerase o fertilizado mediante fertirrega nestas brassicas e cebolas para unha mellor xesti\u00f3n dos fertilizantes, diminu\u00edndo a lixiviaci\u00f3n de nutrientes que poidan contaminar os acu\u00edferos. Paralelamente a todo isto, buscarase unha produci\u00f3n cun m\u00ednimo emprego de pesticidas e fertilizantes sint\u00e9ticos, enfocada \u00e1 produci\u00f3n ecol\u00f3xica. Tr\u00e1tase dun proxecto de tres anos de duraci\u00f3n que se desenvolver\u00e1 na comarca de A Limia.<\/p>\n<p>A uni\u00f3n de cooperativas AGACA coordina o proxecto e enc\u00e1rgase das actividades de seguimento, en colaboraci\u00f3n co socio Centro Tecnol\u00f3xico da Carne (CETECA), que implicar\u00e1 os seus recursos propios para o estudo da calidade das colleitas, as\u00ed como para o asesoramento agron\u00f3mico, e coa participaci\u00f3n da cooperativa Postoiro S. Coop. Galega, que realizar\u00e1 o plan experimental cos produtos de horta.<\/p>\n<p>Este proxecto conta co apoio da Xunta de Galicia e do FEADER (Fondo Europeo Agr\u00edcola de Desenvolvemento Rural) mediante o programa de axudas para proxectos piloto para o desenvolvemento de novos produtos, pr\u00e1cticas, procesos e tecnolox\u00edas no \u00e1mbito agroforestal.<\/p>\n<p><a class=\"btn btn-success\"  href=\"https:\/\/agaca.coop\/wp-content\/uploads\/2022\/03\/FOLLETO-web-FEADER2019024A-PRODUCION-ECO.pdf\">Descargar folleto PDF.<\/a><\/p>\n<p>M\u00edrao na nosa revista <a style=\"color: blue; text-decoration: underline;\"  href=\"https:\/\/agaca.coop\/gl\/?goto=TEoTW1kWBwFbHxkQTQU8CwsAFBJXFjxcPh88NiIEIhc_KlJRVVEZQipXLUQaU0cgGTwxEXQdAGc_EVQgFjkhURYOVRoF\">Cooperaci\u00f3n Galega, n\u00ba 155 (outubro 2021)<\/a>.[\/vc_column_text][\/vc_column][\/vc_row][vc_row][vc_column][vc_empty_space][\/vc_column][\/vc_row][vc_row][vc_column][vc_media_grid grid_id=&#8221;vc_gid:1680608082747-a5dbe269-86ac-3&#8243; include=&#8221;11415,11417,11419,11421,11423,11425&#8243;][\/vc_column][\/vc_row]<\/p>\n","protected":false},"excerpt":{"rendered":"<p>[vc_row][vc_column][vc_column_text] T\u00edtulo: \u201cImplantaci\u00f3n de produci\u00f3ns m\u00e1is sostibles e ecol\u00f3xicas en cultivos de horta extensiva en Galicia\u201d (FEADER 2019\/024A). Entidades Participantes: Asociaci\u00f3n Galega de Cooperativas Agroalimentarias (Agaca), Centro Tecnol\u00f3xico da Carne (CETECA) e Postoiro S. Coop. Galega. Duraci\u00f3n: marzo 2019 a outubro 2021. Financiamento: Orzamento 96.011,50 \u20ac subvencionado ao 80% e financiado cun 75% con fondos [&hellip;]<\/p>\n","protected":false},"author":2,"featured_media":0,"parent":11780,"menu_order":0,"comment_status":"closed","ping_status":"closed","template":"","meta":{"_monsterinsights_skip_tracking":false,"_monsterinsights_sitenote_active":false,"_monsterinsights_sitenote_note":"","_monsterinsights_sitenote_category":0,"footnotes":""},"class_list":["post-11938","page","type-page","status-publish","hentry"],"yoast_head":"<!-- This site is optimized with the Yoast SEO plugin v19.11 - https:\/\/yoast.com\/wordpress\/plugins\/seo\/ -->\n<title>FEADER2019\/024A - Implantaci\u00f3n de produci\u00f3ns m\u00e1is sostibles e ecol\u00f3xicas - AGACA<\/title>\n<meta name=\"robots\" content=\"index, follow, max-snippet:-1, max-image-preview:large, max-video-preview:-1\" \/>\n<link rel=\"canonical\" href=\"https:\/\/agaca.coop\/gl\/iniciativas-proxectos\/feader2019-024a-implantacion-de-producions-mais-sostibles-e-ecoloxicas\/\" \/>\n<meta property=\"og:locale\" content=\"gl_ES\" \/>\n<meta property=\"og:type\" content=\"article\" \/>\n<meta property=\"og:title\" content=\"FEADER2019\/024A - Implantaci\u00f3n de produci\u00f3ns m\u00e1is sostibles e ecol\u00f3xicas - AGACA\" \/>\n<meta property=\"og:description\" content=\"[vc_row][vc_column][vc_column_text] T\u00edtulo: \u201cImplantaci\u00f3n de produci\u00f3ns m\u00e1is sostibles e ecol\u00f3xicas en cultivos de horta extensiva en Galicia\u201d (FEADER 2019\/024A). Entidades Participantes: Asociaci\u00f3n Galega de Cooperativas Agroalimentarias (Agaca), Centro Tecnol\u00f3xico da Carne (CETECA) e Postoiro S. Coop. Galega. Duraci\u00f3n: marzo 2019 a outubro 2021. Financiamento: Orzamento 96.011,50 \u20ac subvencionado ao 80% e financiado cun 75% con fondos [&hellip;]\" \/>\n<meta property=\"og:url\" content=\"https:\/\/agaca.coop\/gl\/iniciativas-proxectos\/feader2019-024a-implantacion-de-producions-mais-sostibles-e-ecoloxicas\/\" \/>\n<meta property=\"og:site_name\" content=\"AGACA\" \/>\n<meta property=\"article:modified_time\" content=\"2023-04-04T11:35:58+00:00\" \/>\n<meta property=\"og:image\" content=\"https:\/\/agaca.coop\/wp-content\/uploads\/2021\/12\/FEADER2019_24A-horta-sostible-ecoloxica-placa-wb.png\" \/>\n<meta name=\"twitter:card\" content=\"summary_large_image\" \/>\n<meta name=\"twitter:label1\" content=\"Tempo de lectura\" \/>\n\t<meta name=\"twitter:data1\" content=\"3 minutos\" \/>\n<script type=\"application\/ld+json\" class=\"yoast-schema-graph\">{\"@context\":\"https:\/\/schema.org\",\"@graph\":[{\"@type\":\"WebPage\",\"@id\":\"https:\/\/agaca.coop\/gl\/iniciativas-proxectos\/feader2019-024a-implantacion-de-producions-mais-sostibles-e-ecoloxicas\/\",\"url\":\"https:\/\/agaca.coop\/gl\/iniciativas-proxectos\/feader2019-024a-implantacion-de-producions-mais-sostibles-e-ecoloxicas\/\",\"name\":\"FEADER2019\/024A - Implantaci\u00f3n de produci\u00f3ns m\u00e1is sostibles e ecol\u00f3xicas - AGACA\",\"isPartOf\":{\"@id\":\"https:\/\/agaca.coop\/#website\"},\"datePublished\":\"2022-03-14T12:57:59+00:00\",\"dateModified\":\"2023-04-04T11:35:58+00:00\",\"breadcrumb\":{\"@id\":\"https:\/\/agaca.coop\/gl\/iniciativas-proxectos\/feader2019-024a-implantacion-de-producions-mais-sostibles-e-ecoloxicas\/#breadcrumb\"},\"inLanguage\":\"gl-ES\",\"potentialAction\":[{\"@type\":\"ReadAction\",\"target\":[\"https:\/\/agaca.coop\/gl\/iniciativas-proxectos\/feader2019-024a-implantacion-de-producions-mais-sostibles-e-ecoloxicas\/\"]}]},{\"@type\":\"BreadcrumbList\",\"@id\":\"https:\/\/agaca.coop\/gl\/iniciativas-proxectos\/feader2019-024a-implantacion-de-producions-mais-sostibles-e-ecoloxicas\/#breadcrumb\",\"itemListElement\":[{\"@type\":\"ListItem\",\"position\":1,\"name\":\"Portada\",\"item\":\"https:\/\/agaca.coop\/gl\/\"},{\"@type\":\"ListItem\",\"position\":2,\"name\":\"Iniciativas &#8211; Proxectos\",\"item\":\"https:\/\/agaca.coop\/gl\/iniciativas-proxectos\/\"},{\"@type\":\"ListItem\",\"position\":3,\"name\":\"FEADER2019\/024A &#8211; Implantaci\u00f3n de produci\u00f3ns m\u00e1is sostibles e ecol\u00f3xicas\"}]},{\"@type\":\"WebSite\",\"@id\":\"https:\/\/agaca.coop\/#website\",\"url\":\"https:\/\/agaca.coop\/\",\"name\":\"AGACA\",\"description\":\"Asociaci\u00f3n Galega de Cooperativas Agrarias\",\"potentialAction\":[{\"@type\":\"SearchAction\",\"target\":{\"@type\":\"EntryPoint\",\"urlTemplate\":\"https:\/\/agaca.coop\/?s={search_term_string}\"},\"query-input\":\"required name=search_term_string\"}],\"inLanguage\":\"gl-ES\"}]}<\/script>\n<!-- \/ Yoast SEO plugin. -->","yoast_head_json":{"title":"FEADER2019\/024A - Implantaci\u00f3n de produci\u00f3ns m\u00e1is sostibles e ecol\u00f3xicas - AGACA","robots":{"index":"index","follow":"follow","max-snippet":"max-snippet:-1","max-image-preview":"max-image-preview:large","max-video-preview":"max-video-preview:-1"},"canonical":"https:\/\/agaca.coop\/gl\/iniciativas-proxectos\/feader2019-024a-implantacion-de-producions-mais-sostibles-e-ecoloxicas\/","og_locale":"gl_ES","og_type":"article","og_title":"FEADER2019\/024A - Implantaci\u00f3n de produci\u00f3ns m\u00e1is sostibles e ecol\u00f3xicas - AGACA","og_description":"[vc_row][vc_column][vc_column_text] T\u00edtulo: \u201cImplantaci\u00f3n de produci\u00f3ns m\u00e1is sostibles e ecol\u00f3xicas en cultivos de horta extensiva en Galicia\u201d (FEADER 2019\/024A). Entidades Participantes: Asociaci\u00f3n Galega de Cooperativas Agroalimentarias (Agaca), Centro Tecnol\u00f3xico da Carne (CETECA) e Postoiro S. Coop. Galega. Duraci\u00f3n: marzo 2019 a outubro 2021. Financiamento: Orzamento 96.011,50 \u20ac subvencionado ao 80% e financiado cun 75% con fondos [&hellip;]","og_url":"https:\/\/agaca.coop\/gl\/iniciativas-proxectos\/feader2019-024a-implantacion-de-producions-mais-sostibles-e-ecoloxicas\/","og_site_name":"AGACA","article_modified_time":"2023-04-04T11:35:58+00:00","og_image":[{"url":"https:\/\/agaca.coop\/wp-content\/uploads\/2021\/12\/FEADER2019_24A-horta-sostible-ecoloxica-placa-wb.png"}],"twitter_card":"summary_large_image","twitter_misc":{"Tempo de lectura":"3 minutos"},"schema":{"@context":"https:\/\/schema.org","@graph":[{"@type":"WebPage","@id":"https:\/\/agaca.coop\/gl\/iniciativas-proxectos\/feader2019-024a-implantacion-de-producions-mais-sostibles-e-ecoloxicas\/","url":"https:\/\/agaca.coop\/gl\/iniciativas-proxectos\/feader2019-024a-implantacion-de-producions-mais-sostibles-e-ecoloxicas\/","name":"FEADER2019\/024A - Implantaci\u00f3n de produci\u00f3ns m\u00e1is sostibles e ecol\u00f3xicas - AGACA","isPartOf":{"@id":"https:\/\/agaca.coop\/#website"},"datePublished":"2022-03-14T12:57:59+00:00","dateModified":"2023-04-04T11:35:58+00:00","breadcrumb":{"@id":"https:\/\/agaca.coop\/gl\/iniciativas-proxectos\/feader2019-024a-implantacion-de-producions-mais-sostibles-e-ecoloxicas\/#breadcrumb"},"inLanguage":"gl-ES","potentialAction":[{"@type":"ReadAction","target":["https:\/\/agaca.coop\/gl\/iniciativas-proxectos\/feader2019-024a-implantacion-de-producions-mais-sostibles-e-ecoloxicas\/"]}]},{"@type":"BreadcrumbList","@id":"https:\/\/agaca.coop\/gl\/iniciativas-proxectos\/feader2019-024a-implantacion-de-producions-mais-sostibles-e-ecoloxicas\/#breadcrumb","itemListElement":[{"@type":"ListItem","position":1,"name":"Portada","item":"https:\/\/agaca.coop\/gl\/"},{"@type":"ListItem","position":2,"name":"Iniciativas &#8211; Proxectos","item":"https:\/\/agaca.coop\/gl\/iniciativas-proxectos\/"},{"@type":"ListItem","position":3,"name":"FEADER2019\/024A &#8211; Implantaci\u00f3n de produci\u00f3ns m\u00e1is sostibles e ecol\u00f3xicas"}]},{"@type":"WebSite","@id":"https:\/\/agaca.coop\/#website","url":"https:\/\/agaca.coop\/","name":"AGACA","description":"Asociaci\u00f3n Galega de Cooperativas Agrarias","potentialAction":[{"@type":"SearchAction","target":{"@type":"EntryPoint","urlTemplate":"https:\/\/agaca.coop\/?s={search_term_string}"},"query-input":"required name=search_term_string"}],"inLanguage":"gl-ES"}]}},"_links":{"self":[{"href":"https:\/\/agaca.coop\/gl\/wp-json\/wp\/v2\/pages\/11938","targetHints":{"allow":["GET"]}}],"collection":[{"href":"https:\/\/agaca.coop\/gl\/wp-json\/wp\/v2\/pages"}],"about":[{"href":"https:\/\/agaca.coop\/gl\/wp-json\/wp\/v2\/types\/page"}],"author":[{"embeddable":true,"href":"https:\/\/agaca.coop\/gl\/wp-json\/wp\/v2\/users\/2"}],"replies":[{"embeddable":true,"href":"https:\/\/agaca.coop\/gl\/wp-json\/wp\/v2\/comments?post=11938"}],"version-history":[{"count":8,"href":"https:\/\/agaca.coop\/gl\/wp-json\/wp\/v2\/pages\/11938\/revisions"}],"predecessor-version":[{"id":16985,"href":"https:\/\/agaca.coop\/gl\/wp-json\/wp\/v2\/pages\/11938\/revisions\/16985"}],"up":[{"embeddable":true,"href":"https:\/\/agaca.coop\/gl\/wp-json\/wp\/v2\/pages\/11780"}],"wp:attachment":[{"href":"https:\/\/agaca.coop\/gl\/wp-json\/wp\/v2\/media?parent=11938"}],"curies":[{"name":"wp","href":"https:\/\/api.w.org\/{rel}","templated":true}]}}