{"id":11734,"date":"2022-01-13T18:23:53","date_gmt":"2022-01-13T18:23:53","guid":{"rendered":"https:\/\/agaca.coop\/?page_id=11734"},"modified":"2026-02-03T12:07:18","modified_gmt":"2026-02-03T12:07:18","slug":"formacion","status":"publish","type":"page","link":"https:\/\/agaca.coop\/gl\/formacion\/","title":{"rendered":"Formaci\u00f3n"},"content":{"rendered":"<p>[vc_row full_width=&#8221;stretch_row&#8221; parallax=&#8221;content-moving&#8221; enable_overlay=&#8221;yes&#8221; vc_row_background=&#8221;&#8221; css=&#8221;.vc_custom_1603879323866{margin-top: -30px !important;background-image: url(https:\/\/agaca.coop\/wp-content\/uploads\/2020\/10\/Formacion-scaled.jpg?id=676) !important;}&#8221; overlay_color=&#8221;rgba(72,124,27,0.43)&#8221;][vc_column width=&#8221;1\/2&#8243;][vc_empty_space height=&#8221;60px&#8221;][vc_custom_heading text=&#8221;<strong>Formaci\u00f3n<\/strong>&#8221; font_container=&#8221;tag:h1|font_size:46|text_align:left|color:%23487c1b&#8221; google_fonts=&#8221;font_family:Montserrat%3Aregular%2C700|font_style:700%20bold%20regular%3A700%3Anormal&#8221;][vc_custom_heading text=&#8221;Te\u00f3rica e pr\u00e1ctica. Contamos cun cadro docente cualificado e anos de experiencia na xesti\u00f3n, coordinaci\u00f3n e impartici\u00f3n formativa tanto a persoal traballador, como a cadros directivos ou de representaci\u00f3n, persoas emprendedoras ou aspirantes.&#8221; font_container=&#8221;tag:p|font_size:18px|text_align:left|line_height:24px&#8221; use_theme_fonts=&#8221;yes&#8221;][vc_empty_space height=&#8221;60px&#8221;][\/vc_column][vc_column width=&#8221;1\/2&#8243;][\/vc_column][\/vc_row][vc_row][vc_column][vc_empty_space height=&#8221;60px&#8221;][vc_row_inner][vc_column_inner width=&#8221;1\/4&#8243;][vc_icon icon_fontawesome=&#8221;fas fa-check&#8221; color=&#8221;green&#8221; align=&#8221;center&#8221; css=&#8221;.vc_custom_1603648251663{margin-bottom: 0px !important;}&#8221;][vc_column_text]<\/p>\n<h4 style=\"text-align: center;\">Ampla oferta formativa especializada<\/h4>\n<p>[\/vc_column_text][vc_empty_space height=&#8221;30px&#8221;][vc_icon icon_fontawesome=&#8221;fas fa-check&#8221; color=&#8221;green&#8221; align=&#8221;center&#8221; css=&#8221;.vc_custom_1603648251663{margin-bottom: 0px !important;}&#8221;][vc_column_text]<\/p>\n<h4 style=\"text-align: center;\">Formaci\u00f3n dese\u00f1ada para a s\u00faa aplicaci\u00f3n directa \u00e1 actividade laboral<\/h4>\n<p>[\/vc_column_text][\/vc_column_inner][vc_column_inner width=&#8221;1\/4&#8243;][vc_icon icon_fontawesome=&#8221;fas fa-check&#8221; color=&#8221;green&#8221; align=&#8221;center&#8221; css=&#8221;.vc_custom_1603648251663{margin-bottom: 0px !important;}&#8221;][vc_column_text]<\/p>\n<h4 style=\"text-align: center;\">Cursos presenciais, a distancia e teleformaci\u00f3n<\/h4>\n<p>[\/vc_column_text][vc_empty_space height=&#8221;30px&#8221;][vc_icon icon_fontawesome=&#8221;fas fa-check&#8221; color=&#8221;green&#8221; align=&#8221;center&#8221; css=&#8221;.vc_custom_1603648251663{margin-bottom: 0px !important;}&#8221;][vc_column_text]<\/p>\n<h4 style=\"text-align: center;\">Formaci\u00f3n homologada<\/h4>\n<p>[\/vc_column_text][\/vc_column_inner][vc_column_inner width=&#8221;1\/4&#8243;][vc_icon icon_fontawesome=&#8221;fas fa-check&#8221; color=&#8221;green&#8221; align=&#8221;center&#8221; css=&#8221;.vc_custom_1603648251663{margin-bottom: 0px !important;}&#8221;][vc_column_text]<\/p>\n<h4 style=\"text-align: center;\">Xornadas sectoriais, Meetings\u2026<\/h4>\n<p>[\/vc_column_text][vc_empty_space height=&#8221;30px&#8221;][vc_icon icon_fontawesome=&#8221;fas fa-check&#8221; color=&#8221;green&#8221; align=&#8221;center&#8221; css=&#8221;.vc_custom_1603648251663{margin-bottom: 0px !important;}&#8221;][vc_column_text]<\/p>\n<h4 style=\"text-align: center;\">Oportunidades de Negocio<\/h4>\n<p>[\/vc_column_text][\/vc_column_inner][vc_column_inner width=&#8221;1\/4&#8243;][vc_icon icon_fontawesome=&#8221;fas fa-check&#8221; color=&#8221;green&#8221; align=&#8221;center&#8221; css=&#8221;.vc_custom_1603648251663{margin-bottom: 0px !important;}&#8221;][vc_column_text]<\/p>\n<h4 style=\"text-align: center;\">Flexibilidade horaria<\/h4>\n<p>[\/vc_column_text][vc_empty_space height=&#8221;55px&#8221;][vc_icon icon_fontawesome=&#8221;fas fa-check&#8221; color=&#8221;green&#8221; align=&#8221;center&#8221; css=&#8221;.vc_custom_1603648251663{margin-bottom: 0px !important;}&#8221;][vc_column_text]<\/p>\n<h4 style=\"text-align: center;\">Todos os niveis formativos<\/h4>\n<p>[\/vc_column_text][\/vc_column_inner][\/vc_row_inner][vc_empty_space height=&#8221;60px&#8221;][\/vc_column][\/vc_row][vc_row vc_row_background=&#8221;&#8221;][vc_column width=&#8221;1\/3&#8243;][vc_raw_html css=&#8221;.vc_custom_1638882428838{margin-right: 20px !important;}&#8221;]JTVCam5ld3NfYmxvY2tfMyUyMGNvbXBhdGlibGVfY29sdW1uX25vdGljZSUzRCUyMiUyMiUyMHBvc3RfdHlwZSUzRCUyMmFnX2N1cnNvJTIyJTIwbnVtYmVyX3Bvc3QlM0QlMjI0JTIyJTIwcG9zdF9vZmZzZXQlM0QlMjIwJTIyJTIwZXhjZXJwdF9sZW5ndGglM0QlMjIyMCUyMiUyMGJveGVkJTNEJTIydHJ1ZSUyMiUyMGZpcnN0X3RpdGxlJTNEJTIyQ1VSU09TJTIyJTVEJTVCJTJGam5ld3NfYmxvY2tfMyU1RA==[\/vc_raw_html][\/vc_column][vc_column width=&#8221;2\/3&#8243;][vc_column_text el_class=&#8221;titulosColores&#8221;]<\/p>\n<h3 style=\"text-align: center;\"><strong>CERTIFICADOS DE PROFESIONALIDADE<br \/>\n<\/strong><\/h3>\n<p>[\/vc_column_text][vc_column_text]<\/p>\n<p style=\"text-align: center;\">Estamos homologados para impartir certificados de profesionalidade<\/p>\n<p>[\/vc_column_text][vc_column_text]Os certificados de profesionalidade enm\u00e1rcanse dentro do Sistema Nacional de Cualificaci\u00f3ns e Formaci\u00f3n Profesional, polo que <strong>son reco\u00f1ecidos polo Ministerio de Educaci\u00f3n mediante a convalidaci\u00f3n de m\u00f3dulos correspondentes aos t\u00edtulos de Formaci\u00f3n Profesional<\/strong>.<\/p>\n<p><strong>Acreditan<\/strong> o conxunto de <strong>competencias profesionais que capacitan para o desenvolvemento dunha actividade laboral<\/strong> identificable no sistema produtivo.<\/p>\n<p><strong>Te\u00f1en car\u00e1cter oficial e validez en todo o territorio nacional<\/strong>. Son expedidos polo SEPE (Servizo P\u00fablico de Emprego Estatal) e as Comunidades Aut\u00f3nomas.<\/p>\n<blockquote><p><strong>Posu\u00edr un certificado de profesionalidade completa un curr\u00edculo profesional; ao ser un documento oficial que pode ser valorado en calquera proceso de selecci\u00f3n convocado polas Administraci\u00f3ns P\u00fablicas ou a empresa privada. Para o traballador\/a que non ten outra titulaci\u00f3n pero si co\u00f1ecementos e experiencia profesional, pode abrirlle a porta do mercado laboral..<\/strong><\/p><\/blockquote>\n<p>Os certificados de profesionalidade constan de tres niveis de cualificaci\u00f3n profesional, sendo 1 o m\u00e1is b\u00e1sico e 3 o m\u00e1is complexo.<\/p>\n<h4><\/h4>\n<p style=\"text-align: center;\"><a class=\"btn btn-default\"  href=\"https:\/\/agaca.coop\/gl\/formacion\/certificados-profesionalidade\/\">Ver informaci\u00f3n dos certificados<\/a><\/p>\n<p>[\/vc_column_text][vc_empty_space height=&#8221;40px&#8221;][vc_column_text el_class=&#8221;titulosColores&#8221;]<\/p>\n<h3 style=\"text-align: center;\"><strong>FITOSANITARIOS<\/strong><\/h3>\n<p>[\/vc_column_text][vc_row_inner][vc_column_inner width=&#8221;1\/4&#8243;][vc_empty_space height=&#8221;30px&#8221;][vc_single_image image=&#8221;672&#8243; img_size=&#8221;270&#215;170&#8243; alignment=&#8221;center&#8221;][\/vc_column_inner][vc_column_inner width=&#8221;3\/4&#8243; css=&#8221;.vc_custom_1724746786789{border-bottom-width: 1px !important;border-bottom-color: #218a3d !important;border-bottom-style: dotted !important;}&#8221;][vc_column_text]O <a style=\"color: blue; , text-decoration: underline;\"  href=\"https:\/\/agaca.coop\/gl\/?goto=TEoTWxADB1lND1YRQ05xARdfWRxVZipQKQVgcHMac1dgYxgSAR0ASSIJZWc5cw0AGWBuDXcFBHtmVBV7BC8o\" target=\"_blank\" rel=\"noopener noreferrer\">Real Decreto 1311\/2012<\/a> establece a obriga de contar cun carn\u00e9 que acredite que se conta cos co\u00f1ecementos necesarios para adquirir e traballar axeitadamente con produtos fitosanitarios.<\/p>\n<p>AGACA imparte<strong> cursos de nivel b\u00e1sico e cursos cualificados, homologados pola Conseller\u00eda do Medio Rural,<\/strong> para poder obter a acreditaci\u00f3n de Aplicador \/Manipulador de Produtos Fitosanitarios, con plans de estudos que inclu\u00faen todos os m\u00f3dulos, pr\u00e1cticos e te\u00f3ricos, necesarios.<\/p>\n<p style=\"text-align: left;\"><strong>Adapt\u00e1monos \u00e1s necesidades de cada cooperativa en canto a horario e lugar de impartici\u00f3n.<\/strong><\/p>\n<p>[\/vc_column_text][\/vc_column_inner][\/vc_row_inner][\/vc_column][\/vc_row][vc_row][vc_column width=&#8221;1\/4&#8243;][vc_single_image image=&#8221;14758&#8243; img_size=&#8221;full&#8221;][\/vc_column][vc_column width=&#8221;3\/4&#8243;][vc_column_text]<\/p>\n<h1><span style=\"color: #008000;\"><strong>Formaci\u00f3n a C<\/strong><\/span><span style=\"color: #008000;\"><strong>onsellos Reitores 2025<br \/>\n<\/strong><\/span><\/h1>\n<p>[\/vc_column_text][vc_column_text]En virtude do Convenio entre Cooperativas Agro-alimentarias de Espa\u00f1a e o Ministerio de Agricultura, Pesca e Alimentaci\u00f3n arrinca o programa de actuaci\u00f3ns 2025 para a formaci\u00f3n, igualdade e relevo xeracional de consellos reitores, con varios obxectivos que poden consultarse na seguinte ligaz\u00f3n:<\/p>\n<p><a style=\"color: blue; text-decoration: underline;\"  href=\"https:\/\/agaca.coop\/gl\/formacion\/consellos-reitores\/\" target=\"_blank\" rel=\"noopener\">M\u00e1is informaci\u00f3n<\/a>[\/vc_column_text][\/vc_column][\/vc_row][vc_row][vc_column width=&#8221;1\/4&#8243;][vc_single_image source=&#8221;external_link&#8221; external_img_size=&#8221;full&#8221; custom_src=&#8221;https:\/\/agaca.s3.eu-west-3.amazonaws.com\/2022\/05\/2022-logo-curso-info-gegrafica-esri.jpg&#8221;][\/vc_column][vc_column width=&#8221;3\/4&#8243;][vc_column_text]<\/p>\n<h1><span style=\"color: #008000;\"><strong>Uso da informaci\u00f3n xeogr\u00e1fica en cooperativas agroalimentarias en contorno ARCGIS HUB<\/strong><\/span><span style=\"color: #008000;\"><strong><br \/>\n<\/strong><\/span><\/h1>\n<p>[\/vc_column_text][vc_column_text]En virtude da execuci\u00f3n de acci\u00f3ns de formaci\u00f3n non regrada e adquisici\u00f3n de competencias en dixitalizaci\u00f3n dentro do paquete de dixitalizaci\u00f3n promovido polo Ministerio de Agricultura, Pesca e Alimentaci\u00f3n, Cooperativas Agro-alimentarias de Espa\u00f1a pon en marcha este programa de formaci\u00f3n, a trav\u00e9s de AGACA.<\/p>\n<p>Vai dirixido aos servizos agron\u00f3micos das cooperativas agroalimentarias, as\u00ed como a profesionais que traballen nas Federaci\u00f3ns e Uni\u00f3ns Territoriais (FUTs). A realizacion do curso permitir\u00e1 o acceso posterior da cooperativa a unha licenza de acceso ao sistema SIGCEX e ao Caderno de Explotaci\u00f3n.<strong><br \/>\n<\/strong><\/p>\n<p><a style=\"color: blue; text-decoration: underline;\"  href=\"https:\/\/agaca.coop\/gl\/formacion-sobre-el-paquete-de-digitalizacion-entorno-arcgis-hub\/\" target=\"_blank\" rel=\"noopener\">M\u00e1is informaci\u00f3n<\/a>[\/vc_column_text][\/vc_column][\/vc_row][vc_row][vc_column width=&#8221;1\/4&#8243;][vc_single_image image=&#8221;14195&#8243; img_size=&#8221;full&#8221;][vc_single_image image=&#8221;21324&#8243; img_size=&#8221;full&#8221;][\/vc_column][vc_column width=&#8221;3\/4&#8243;][vc_column_text]<\/p>\n<h1><span style=\"color: #008000;\"><strong>CULTIVA: estad\u00edas formativas <\/strong><\/span><span style=\"color: #008000;\"><strong>para persoas mozas <\/strong><\/span><span style=\"color: #008000;\"><strong>en explotaci\u00f3ns modelo<br \/>\n<\/strong><\/span><\/h1>\n<p>[\/vc_column_text][vc_column_text]Cultiva \u00e9 o Programa de Estad\u00edas Formativas de Xuventude Agricultora en Explotaci\u00f3ns Modelo. Ofrece estad\u00edas gratu\u00edtas de 5 a 14 d\u00edas, en explotaci\u00f3ns de Espa\u00f1a.<\/p>\n<blockquote><p>O per\u00edodo de solicitude remata o 9 de xullo de 2025.<\/p><\/blockquote>\n<p>Dir\u00edxese a persoas menores de 41 anos incorporadas \u00e1 actividade agraria como titulares de explotaci\u00f3n e tam\u00e9n a quen se incorporou despois do 1 de xaneiro de 2019, tendo menos de 41 anos.<\/p>\n<p>\u00c9 unha iniciativa fianciada e desenvolvida polo Ministerio de Agricultura, Pesca e Alimentaci\u00f3n (MAPA).<\/p>\n<p><a style=\"color: blue; text-decoration: underline;\"  href=\"https:\/\/agaca.coop\/gl\/aberta-a-convocatoria-do-programa-cultiva-2025-para-mozos-e-mozas\/\" target=\"_blank\" rel=\"noopener\">M\u00e1is informaci\u00f3n<\/a>[\/vc_column_text][\/vc_column][\/vc_row][vc_row][vc_column][vc_column_text]<\/p>\n<hr \/>\n<p>[\/vc_column_text][\/vc_column][\/vc_row][vc_row][vc_column][vc_column_text]<\/p>\n<blockquote><p><em>\u201cProfesionalizarse para ser eficiente e competitivo \u00e9 doado aproveitando as oportunidades formativas\u201d.<\/em><\/p><\/blockquote>\n<p>[\/vc_column_text][\/vc_column][\/vc_row][vc_row][vc_column][vc_empty_space height=&#8221;20px&#8221;][vc_row_inner el_class=&#8221;equipoFotosRedondas&#8221;][vc_column_inner width=&#8221;1\/4&#8243;][vc_single_image image=&#8221;10883&#8243; img_size=&#8221;250&#215;280&#8243; alignment=&#8221;center&#8221;][\/vc_column_inner][vc_column_inner width=&#8221;1\/4&#8243;][vc_column_text]<strong>Loli Couso<\/strong><\/p>\n<p><strong>Tfno\/Whatsapp<\/strong>: 609 070 135<br \/>\n<strong>Mail<\/strong>: <a  href=\"mailto:loli@agaca.coop\">loli@agaca.coop<\/a>[\/vc_column_text][vc_column_text][\/vc_column_text][\/vc_column_inner][vc_column_inner width=&#8221;1\/4&#8243;][vc_single_image source=&#8221;external_link&#8221; external_img_size=&#8221;240&#215;270&#8243; alignment=&#8221;center&#8221; custom_src=&#8221;https:\/\/agaca.coop\/wp-content\/uploads\/2020\/10\/wbberta-230&#215;300.jpg&#8221;][\/vc_column_inner][vc_column_inner width=&#8221;1\/4&#8243;][vc_column_text]<strong>Loli Couso<\/strong><\/p>\n<p><strong>Tfno\/Whatsapp<\/strong>: 621 152 722<br \/>\n<strong>Mail<\/strong>: <a  href=\"mailto:berta.agaca@gmail.com\">berta.agaca@gmail.com<\/a>[\/vc_column_text][\/vc_column_inner][\/vc_row_inner][\/vc_column][vc_column][\/vc_column][\/vc_row]<\/p>\n","protected":false},"excerpt":{"rendered":"<p>[vc_row full_width=&#8221;stretch_row&#8221; parallax=&#8221;content-moving&#8221; enable_overlay=&#8221;yes&#8221; vc_row_background=&#8221;&#8221; css=&#8221;.vc_custom_1603879323866{margin-top: -30px !important;background-image: url(https:\/\/agaca.coop\/wp-content\/uploads\/2020\/10\/Formacion-scaled.jpg?id=676) !important;}&#8221; overlay_color=&#8221;rgba(72,124,27,0.43)&#8221;][vc_column width=&#8221;1\/2&#8243;][vc_empty_space height=&#8221;60px&#8221;][vc_custom_heading text=&#8221;Formaci\u00f3n&#8221; font_container=&#8221;tag:h1|font_size:46|text_align:left|color:%23487c1b&#8221; google_fonts=&#8221;font_family:Montserrat%3Aregular%2C700|font_style:700%20bold%20regular%3A700%3Anormal&#8221;][vc_custom_heading text=&#8221;Te\u00f3rica e pr\u00e1ctica. Contamos cun cadro docente cualificado e anos de experiencia na xesti\u00f3n, coordinaci\u00f3n e impartici\u00f3n formativa tanto a persoal traballador, como a cadros directivos ou de representaci\u00f3n, persoas emprendedoras ou aspirantes.&#8221; font_container=&#8221;tag:p|font_size:18px|text_align:left|line_height:24px&#8221; use_theme_fonts=&#8221;yes&#8221;][vc_empty_space height=&#8221;60px&#8221;][\/vc_column][vc_column width=&#8221;1\/2&#8243;][\/vc_column][\/vc_row][vc_row][vc_column][vc_empty_space height=&#8221;60px&#8221;][vc_row_inner][vc_column_inner width=&#8221;1\/4&#8243;][vc_icon [&hellip;]<\/p>\n","protected":false},"author":2,"featured_media":0,"parent":0,"menu_order":0,"comment_status":"closed","ping_status":"closed","template":"template-builder.php","meta":{"_monsterinsights_skip_tracking":false,"_monsterinsights_sitenote_active":false,"_monsterinsights_sitenote_note":"","_monsterinsights_sitenote_category":0,"footnotes":""},"class_list":["post-11734","page","type-page","status-publish","hentry"],"yoast_head":"<!-- This site is optimized with the Yoast SEO plugin v19.11 - https:\/\/yoast.com\/wordpress\/plugins\/seo\/ -->\n<title>Formaci\u00f3n - AGACA<\/title>\n<meta name=\"robots\" content=\"index, follow, max-snippet:-1, max-image-preview:large, max-video-preview:-1\" \/>\n<link rel=\"canonical\" href=\"https:\/\/agaca.coop\/gl\/formacion\/\" \/>\n<meta property=\"og:locale\" content=\"gl_ES\" \/>\n<meta property=\"og:type\" content=\"article\" \/>\n<meta property=\"og:title\" content=\"Formaci\u00f3n - AGACA\" \/>\n<meta property=\"og:description\" content=\"[vc_row full_width=&#8221;stretch_row&#8221; parallax=&#8221;content-moving&#8221; enable_overlay=&#8221;yes&#8221; vc_row_background=&#8221;&#8221; css=&#8221;.vc_custom_1603879323866{margin-top: -30px !important;background-image: url(https:\/\/agaca.coop\/wp-content\/uploads\/2020\/10\/Formacion-scaled.jpg?id=676) !important;}&#8221; overlay_color=&#8221;rgba(72,124,27,0.43)&#8221;][vc_column width=&#8221;1\/2&#8243;][vc_empty_space height=&#8221;60px&#8221;][vc_custom_heading text=&#8221;Formaci\u00f3n&#8221; font_container=&#8221;tag:h1|font_size:46|text_align:left|color:%23487c1b&#8221; google_fonts=&#8221;font_family:Montserrat%3Aregular%2C700|font_style:700%20bold%20regular%3A700%3Anormal&#8221;][vc_custom_heading text=&#8221;Te\u00f3rica e pr\u00e1ctica. Contamos cun cadro docente cualificado e anos de experiencia na xesti\u00f3n, coordinaci\u00f3n e impartici\u00f3n formativa tanto a persoal traballador, como a cadros directivos ou de representaci\u00f3n, persoas emprendedoras ou aspirantes.&#8221; font_container=&#8221;tag:p|font_size:18px|text_align:left|line_height:24px&#8221; use_theme_fonts=&#8221;yes&#8221;][vc_empty_space height=&#8221;60px&#8221;][\/vc_column][vc_column width=&#8221;1\/2&#8243;][\/vc_column][\/vc_row][vc_row][vc_column][vc_empty_space height=&#8221;60px&#8221;][vc_row_inner][vc_column_inner width=&#8221;1\/4&#8243;][vc_icon [&hellip;]\" \/>\n<meta property=\"og:url\" content=\"https:\/\/agaca.coop\/gl\/formacion\/\" \/>\n<meta property=\"og:site_name\" content=\"AGACA\" \/>\n<meta property=\"article:modified_time\" content=\"2026-02-03T12:07:18+00:00\" \/>\n<meta name=\"twitter:card\" content=\"summary_large_image\" \/>\n<meta name=\"twitter:label1\" content=\"Tempo de lectura\" \/>\n\t<meta name=\"twitter:data1\" content=\"4 minutos\" \/>\n<script type=\"application\/ld+json\" class=\"yoast-schema-graph\">{\"@context\":\"https:\/\/schema.org\",\"@graph\":[{\"@type\":\"WebPage\",\"@id\":\"https:\/\/agaca.coop\/gl\/formacion\/\",\"url\":\"https:\/\/agaca.coop\/gl\/formacion\/\",\"name\":\"Formaci\u00f3n - AGACA\",\"isPartOf\":{\"@id\":\"https:\/\/agaca.coop\/#website\"},\"datePublished\":\"2022-01-13T18:23:53+00:00\",\"dateModified\":\"2026-02-03T12:07:18+00:00\",\"breadcrumb\":{\"@id\":\"https:\/\/agaca.coop\/gl\/formacion\/#breadcrumb\"},\"inLanguage\":\"gl-ES\",\"potentialAction\":[{\"@type\":\"ReadAction\",\"target\":[\"https:\/\/agaca.coop\/gl\/formacion\/\"]}]},{\"@type\":\"BreadcrumbList\",\"@id\":\"https:\/\/agaca.coop\/gl\/formacion\/#breadcrumb\",\"itemListElement\":[{\"@type\":\"ListItem\",\"position\":1,\"name\":\"Portada\",\"item\":\"https:\/\/agaca.coop\/gl\/\"},{\"@type\":\"ListItem\",\"position\":2,\"name\":\"Formaci\u00f3n\"}]},{\"@type\":\"WebSite\",\"@id\":\"https:\/\/agaca.coop\/#website\",\"url\":\"https:\/\/agaca.coop\/\",\"name\":\"AGACA\",\"description\":\"Asociaci\u00f3n Galega de Cooperativas Agrarias\",\"potentialAction\":[{\"@type\":\"SearchAction\",\"target\":{\"@type\":\"EntryPoint\",\"urlTemplate\":\"https:\/\/agaca.coop\/?s={search_term_string}\"},\"query-input\":\"required name=search_term_string\"}],\"inLanguage\":\"gl-ES\"}]}<\/script>\n<!-- \/ Yoast SEO plugin. -->","yoast_head_json":{"title":"Formaci\u00f3n - AGACA","robots":{"index":"index","follow":"follow","max-snippet":"max-snippet:-1","max-image-preview":"max-image-preview:large","max-video-preview":"max-video-preview:-1"},"canonical":"https:\/\/agaca.coop\/gl\/formacion\/","og_locale":"gl_ES","og_type":"article","og_title":"Formaci\u00f3n - AGACA","og_description":"[vc_row full_width=&#8221;stretch_row&#8221; parallax=&#8221;content-moving&#8221; enable_overlay=&#8221;yes&#8221; vc_row_background=&#8221;&#8221; css=&#8221;.vc_custom_1603879323866{margin-top: -30px !important;background-image: url(https:\/\/agaca.coop\/wp-content\/uploads\/2020\/10\/Formacion-scaled.jpg?id=676) !important;}&#8221; overlay_color=&#8221;rgba(72,124,27,0.43)&#8221;][vc_column width=&#8221;1\/2&#8243;][vc_empty_space height=&#8221;60px&#8221;][vc_custom_heading text=&#8221;Formaci\u00f3n&#8221; font_container=&#8221;tag:h1|font_size:46|text_align:left|color:%23487c1b&#8221; google_fonts=&#8221;font_family:Montserrat%3Aregular%2C700|font_style:700%20bold%20regular%3A700%3Anormal&#8221;][vc_custom_heading text=&#8221;Te\u00f3rica e pr\u00e1ctica. Contamos cun cadro docente cualificado e anos de experiencia na xesti\u00f3n, coordinaci\u00f3n e impartici\u00f3n formativa tanto a persoal traballador, como a cadros directivos ou de representaci\u00f3n, persoas emprendedoras ou aspirantes.&#8221; font_container=&#8221;tag:p|font_size:18px|text_align:left|line_height:24px&#8221; use_theme_fonts=&#8221;yes&#8221;][vc_empty_space height=&#8221;60px&#8221;][\/vc_column][vc_column width=&#8221;1\/2&#8243;][\/vc_column][\/vc_row][vc_row][vc_column][vc_empty_space height=&#8221;60px&#8221;][vc_row_inner][vc_column_inner width=&#8221;1\/4&#8243;][vc_icon [&hellip;]","og_url":"https:\/\/agaca.coop\/gl\/formacion\/","og_site_name":"AGACA","article_modified_time":"2026-02-03T12:07:18+00:00","twitter_card":"summary_large_image","twitter_misc":{"Tempo de lectura":"4 minutos"},"schema":{"@context":"https:\/\/schema.org","@graph":[{"@type":"WebPage","@id":"https:\/\/agaca.coop\/gl\/formacion\/","url":"https:\/\/agaca.coop\/gl\/formacion\/","name":"Formaci\u00f3n - AGACA","isPartOf":{"@id":"https:\/\/agaca.coop\/#website"},"datePublished":"2022-01-13T18:23:53+00:00","dateModified":"2026-02-03T12:07:18+00:00","breadcrumb":{"@id":"https:\/\/agaca.coop\/gl\/formacion\/#breadcrumb"},"inLanguage":"gl-ES","potentialAction":[{"@type":"ReadAction","target":["https:\/\/agaca.coop\/gl\/formacion\/"]}]},{"@type":"BreadcrumbList","@id":"https:\/\/agaca.coop\/gl\/formacion\/#breadcrumb","itemListElement":[{"@type":"ListItem","position":1,"name":"Portada","item":"https:\/\/agaca.coop\/gl\/"},{"@type":"ListItem","position":2,"name":"Formaci\u00f3n"}]},{"@type":"WebSite","@id":"https:\/\/agaca.coop\/#website","url":"https:\/\/agaca.coop\/","name":"AGACA","description":"Asociaci\u00f3n Galega de Cooperativas Agrarias","potentialAction":[{"@type":"SearchAction","target":{"@type":"EntryPoint","urlTemplate":"https:\/\/agaca.coop\/?s={search_term_string}"},"query-input":"required name=search_term_string"}],"inLanguage":"gl-ES"}]}},"_links":{"self":[{"href":"https:\/\/agaca.coop\/gl\/wp-json\/wp\/v2\/pages\/11734","targetHints":{"allow":["GET"]}}],"collection":[{"href":"https:\/\/agaca.coop\/gl\/wp-json\/wp\/v2\/pages"}],"about":[{"href":"https:\/\/agaca.coop\/gl\/wp-json\/wp\/v2\/types\/page"}],"author":[{"embeddable":true,"href":"https:\/\/agaca.coop\/gl\/wp-json\/wp\/v2\/users\/2"}],"replies":[{"embeddable":true,"href":"https:\/\/agaca.coop\/gl\/wp-json\/wp\/v2\/comments?post=11734"}],"version-history":[{"count":47,"href":"https:\/\/agaca.coop\/gl\/wp-json\/wp\/v2\/pages\/11734\/revisions"}],"predecessor-version":[{"id":26486,"href":"https:\/\/agaca.coop\/gl\/wp-json\/wp\/v2\/pages\/11734\/revisions\/26486"}],"wp:attachment":[{"href":"https:\/\/agaca.coop\/gl\/wp-json\/wp\/v2\/media?parent=11734"}],"curies":[{"name":"wp","href":"https:\/\/api.w.org\/{rel}","templated":true}]}}