{"id":11725,"date":"2022-01-13T09:20:05","date_gmt":"2022-01-13T09:20:05","guid":{"rendered":"https:\/\/agaca.coop\/?page_id=11725"},"modified":"2023-11-27T15:08:34","modified_gmt":"2023-11-27T15:08:34","slug":"agricoopvalue","status":"publish","type":"page","link":"https:\/\/agaca.coop\/gl\/agricoopvalue\/","title":{"rendered":"AgriCoopValue"},"content":{"rendered":"<p>[vc_row full_width=&#8221;stretch_row&#8221; vc_row_background=&#8221;&#8221;][vc_column][vc_column_text]<a  href=\"https:\/\/agaca.coop\/gl\/?goto=TEoTW1kWBwFbHwoaT0QwFBIRVwZVZytMZw\"><img loading=\"lazy\" decoding=\"async\" class=\"size-full wp-image-20787 alignleft\" title=\"Visitar sitio\" src=\"https:\/\/agaca.s3.eu-west-3.amazonaws.com\/2021\/03\/agricoopvalue-logo-final.jpg\" alt=\"AgriCoopValue\" width=\"200\" height=\"88\" \/><\/a><span style=\"color: #5e6000;\"><strong>\u201cMonetizaci\u00f3n do valor social das cooperativas agroalimentarias no rural europeo\u201d<\/strong><\/span><\/p>\n<p>AgriCoopValue \u00e9 un proxecto de formaci\u00f3n que ten como obxectivo crear un marco propicio para a aplicaci\u00f3n dun sistema de contabilidade social unificado para as cooperativas agroalimentarias a nivel europeo, co fin de monetizar o seu valor social e determinar a s\u00faa capacidade de multiplicaci\u00f3n nos \u00e1mbitos rurais da Uni\u00f3n Europea.[\/vc_column_text][\/vc_column][\/vc_row][vc_row][vc_column width=&#8221;1\/3&#8243;][vc_column_text]<strong><span style=\"color: #5e6000;\">Duraci\u00f3n:<\/span> <\/strong><\/p>\n<p>O proxecto iniciouse o 01\/10\/2020, en previsi\u00f3n de durar 24 meses. Rematou o 30\/09\/2023, logo de ser ampliado ata os 36 meses.[\/vc_column_text][\/vc_column][vc_column width=&#8221;1\/3&#8243;][vc_column_text]<a  href=\"https:\/\/agaca.coop\/gl\/?goto=TEoTW1kWBwFbHxkQTQUsV0oVTl5HLD1NZUVhIy5KOxc-O0BQGlEfQGtIehdHGRByGz4xWypbVy8-AUY8FyonDkFNAllLX0VbSRQdFVh0Ohc7QBUZQC4\"><img loading=\"lazy\" decoding=\"async\" class=\"size-medium wp-image-20779 alignright\" src=\"https:\/\/agaca.s3.eu-west-3.amazonaws.com\/2021\/03\/logosbeneficaireserasmusleft_es_0-300x66.jpg\" alt=\"\" width=\"300\" height=\"66\" \/><\/a>[\/vc_column_text][\/vc_column][vc_column width=&#8221;1\/3&#8243;][vc_column_text]<\/p>\n<h6><em>Este proxecto foi financiado co apoio da Comisi\u00f3n Europea, Programa ERASMUS + 2014-2020.<br \/>\nAcci\u00f3n clave 2: asociaci\u00f3ns estrat\u00e9xicas que apoian a innovaci\u00f3n no campo da formaci\u00f3n<\/em><br \/>\n<em>Proxecto No: 2020-1-ES01-KA202-083200<\/em><\/h6>\n<p>[\/vc_column_text][\/vc_column][\/vc_row][vc_row][vc_column][vc_column_text]<span style=\"color: #5e6000;\"><strong>Partenariado<\/strong>:<\/span><\/p>\n<p>O consorcio est\u00e1 formado por sete socios de diferentes pa\u00edses da UE. Estes incl\u00faen, Croacia, Grecia, Irlanda, Letonia, Portugal e Espa\u00f1a:<\/p>\n<ul>\n<li style=\"list-style-type: none;\">\n<ul>\n<li><strong>AGACA (<\/strong>coordinadora).<\/li>\n<li><strong>AGRRA<\/strong> \u00e9 Axencia de Desenvolvemento Rural do Condado de Zadar en Croacia.<\/li>\n<li><strong>Atlantis Engineering S.A<\/strong>. \u00e9 unha empresa de tecnolox\u00eda da informaci\u00f3n e as comunicaci\u00f3ns (TIC) en Grecia.<\/li>\n<li><strong>CONFAGRI<\/strong> \u00e9 a Confederaci\u00f3n Nacional de Cooperativas Agr\u00edcolas e de Cr\u00e9dito Agr\u00edcola de Portugal.<\/li>\n<li><strong>GEAccounting<\/strong> \u00e9 un Grupo de Interese Econ\u00f3mico sen \u00e1nimo de lucro en Espa\u00f1a.<\/li>\n<li><strong>ICOS <\/strong>\u00e9 a asociaci\u00f3n nacional de cooperativas agroalimentarias de Irlanda.<\/li>\n<li><strong>LLKC<\/strong> \u00e9 a Axencia P\u00fablica do Ministerio de Agricultura de Letonia para o centro de asesoramento e formaci\u00f3n rural para cooperativas.<\/li>\n<\/ul>\n<\/li>\n<\/ul>\n<p><span style=\"color: #5e6000;\"><strong>Obxectivos espec\u00edficos:<\/strong><\/span><\/p>\n<p>O proxecto prop\u00f3n como obxectivos espec\u00edficos os seguintes:<\/p>\n<p style=\"padding-left: 40px;\"><span style=\"color: #aba507;\">\u2756<\/span> Formar persoal t\u00e9cnico e formador das organizaci\u00f3ns que representan \u00e1s cooperativas agroalimentarias na utilizaci\u00f3n do proceso de c\u00e1lculo metodol\u00f3xico SPOLY, co fin de monetizar o valor social dunha organizaci\u00f3n.<\/p>\n<p style=\"padding-left: 40px;\"><span style=\"color: #aba507;\">\u2756<\/span> Avanzar na mellora da metodolox\u00eda SPOLY mediante aplicaci\u00f3ns espec\u00edficas nos diferentes subsectores agroalimentarios (l\u00e1cteos, c\u00e1rnicos, froitas e hortalizas, vi\u00f1o, aceite de oliva etc.), a nivel europeo.<\/p>\n<p style=\"padding-left: 40px;\"><span style=\"color: #aba507;\">\u2756<\/span> Formar e informar a cooperativas agroalimentarias en canto \u00e1 rendibilidade do valor social xerado poolas s\u00faas propias empresas.<\/p>\n<p style=\"padding-left: 40px;\"><span style=\"color: #aba507;\">\u2756<\/span> Sensibilizar sobre a importancia da contabilidade social fronte \u00e1 contabilidade tradicional no sector da econom\u00eda social.<\/p>\n<p style=\"padding-left: 40px;\"><span style=\"color: #aba507;\">\u2756<\/span> Consolidar a aceptaci\u00f3n e reco\u00f1ecemento internacional do proceso metodol\u00f3xico de c\u00e1lculo desenvolvido e promover a transferencia de resultados a nivel internacional.<\/p>\n<p style=\"padding-left: 40px;\"><span style=\"color: #aba507;\">\u2756<\/span> Mellorar a imaxe das cooperativas agroalimentarias europeas, destacando o seu atractivo, contribu\u00edndo as\u00ed \u00e1 mellora da s\u00faa competitividade nun mercado cada vez m\u00e1is globalizado.<\/p>\n<p><span style=\"color: #5e6000;\"><strong>Destinatarios:<\/strong><\/span><\/p>\n<p style=\"padding-left: 40px;\"><span style=\"color: #aba507;\">\u2756<\/span> Asesores\/as agr\u00edcolas.<\/p>\n<p style=\"padding-left: 40px;\"><span style=\"color: #aba507;\">\u2756<\/span> Equipo directivo de cooperativas.<\/p>\n<p style=\"padding-left: 40px;\"><span style=\"color: #aba507;\">\u2756<\/span> Mocidade agricultora.<\/p>\n<p style=\"padding-left: 40px;\"><span style=\"color: #aba507;\">\u2756<\/span> Cooperativas agr\u00edcolas.<\/p>\n<p style=\"padding-left: 40px;\"><span style=\"color: #aba507;\">\u2756<\/span> Organizaci\u00f3ns p\u00fablicas e privadas que traballan en todo o sector cooperativo, en particular coas cooperativas agroalimentarias.<\/p>\n<p style=\"padding-left: 40px;\"><span style=\"color: #aba507;\">\u2756<\/span> A sociedade no seu conxunto.<\/p>\n<p><span style=\"color: #5e6000;\"><strong>+ informaci\u00f3n:<\/strong><\/span><\/p>\n<ul>\n<li><strong>WEB do proxecto<\/strong>: <span style=\"color: #0000ff;\"><a style=\"color: #0000ff;\"  href=\"https:\/\/agaca.coop\/gl\/?goto=TEoTW1kWBwFbHwoaT0QwFBIRVwZVZytMZxM8bTNKJhE-OxpTRlseTi0KK0lbBA8\">https:\/\/agricoopvalue.eu\/<\/a><\/span><\/li>\n<li>Facebook do proxecto: <span style=\"color: #0000ff;\"><a style=\"color: #0000ff;\"  href=\"https:\/\/agaca.coop\/gl\/?goto=TEoTW1kWBwFXVh4ST049CwsbFRBfJGFYLwQmISxEMQ4xNkJGGw\">https:\/\/m.facebook.com\/agricoopvalue\/<\/a><\/span><\/li>\n<li>Twitter do proxecto: <span style=\"color: #0000ff;\"><a style=\"color: #0000ff;\"  href=\"https:\/\/agaca.coop\/gl\/?goto=TEoTW1kWBwFODxEHWE4tSgcfVlxmKCJMLTUgLTM\">https:\/\/twitter.com\/ValueCoop<\/a><\/span><\/li>\n<li>Linkedin do proxecto:<span style=\"color: #0000ff;\"> <a style=\"color: #0000ff;\"  href=\"https:\/\/agaca.coop\/gl\/?goto=TEoTW1kWBwFdClYfRUU0AQAZVV1TJiMWIRhgIyRZKBs_NUdVVV4FSGkKOEocU0M1GWJsBXMeDHhgUQ\">https:\/\/gr.linkedin.com\/in\/agricoopvalue-project-029669205<\/a><\/span><\/li>\n<li>Newsletter del proyecto (3\u00ba edici\u00f3n: setembro 2022):\u00a0 <span style=\"color: #0000ff;\"><a style=\"color: #0000ff;\"  href=\"https:\/\/agaca.coop\/wp-content\/uploads\/2022\/12\/AgriCoopValue-3-Newsletter-03092022.pdf\">arquivo PDF<\/a><\/span><\/li>\n<\/ul>\n<p><span style=\"font-size: 10px;\"><em>Esta publicaci\u00f3n reflicte unicamente as opini\u00f3ns do autor e a Comisi\u00f3n non se fai responsable do uso que poida facerse da informaci\u00f3n contida nela.<\/em><\/span>[\/vc_column_text][\/vc_column][\/vc_row]<\/p>\n","protected":false},"excerpt":{"rendered":"<p>[vc_row full_width=&#8221;stretch_row&#8221; vc_row_background=&#8221;&#8221;][vc_column][vc_column_text]\u201cMonetizaci\u00f3n do valor social das cooperativas agroalimentarias no rural europeo\u201d AgriCoopValue \u00e9 un proxecto de formaci\u00f3n que ten como obxectivo crear un marco propicio para a aplicaci\u00f3n dun sistema de contabilidade social unificado para as cooperativas agroalimentarias a nivel europeo, co fin de monetizar o seu valor social e determinar a s\u00faa capacidade [&hellip;]<\/p>\n","protected":false},"author":2,"featured_media":0,"parent":0,"menu_order":0,"comment_status":"closed","ping_status":"closed","template":"template-builder.php","meta":{"_monsterinsights_skip_tracking":false,"_monsterinsights_sitenote_active":false,"_monsterinsights_sitenote_note":"","_monsterinsights_sitenote_category":0,"footnotes":""},"class_list":["post-11725","page","type-page","status-publish","hentry"],"yoast_head":"<!-- This site is optimized with the Yoast SEO plugin v19.11 - https:\/\/yoast.com\/wordpress\/plugins\/seo\/ -->\n<title>AgriCoopValue - AGACA<\/title>\n<meta name=\"robots\" content=\"index, follow, max-snippet:-1, max-image-preview:large, max-video-preview:-1\" \/>\n<link rel=\"canonical\" href=\"https:\/\/agaca.coop\/gl\/agricoopvalue\/\" \/>\n<meta property=\"og:locale\" content=\"gl_ES\" \/>\n<meta property=\"og:type\" content=\"article\" \/>\n<meta property=\"og:title\" content=\"AgriCoopValue - AGACA\" \/>\n<meta property=\"og:description\" content=\"[vc_row full_width=&#8221;stretch_row&#8221; vc_row_background=&#8221;&#8221;][vc_column][vc_column_text]\u201cMonetizaci\u00f3n do valor social das cooperativas agroalimentarias no rural europeo\u201d AgriCoopValue \u00e9 un proxecto de formaci\u00f3n que ten como obxectivo crear un marco propicio para a aplicaci\u00f3n dun sistema de contabilidade social unificado para as cooperativas agroalimentarias a nivel europeo, co fin de monetizar o seu valor social e determinar a s\u00faa capacidade [&hellip;]\" \/>\n<meta property=\"og:url\" content=\"https:\/\/agaca.coop\/gl\/agricoopvalue\/\" \/>\n<meta property=\"og:site_name\" content=\"AGACA\" \/>\n<meta property=\"article:modified_time\" content=\"2023-11-27T15:08:34+00:00\" \/>\n<meta property=\"og:image\" content=\"https:\/\/agaca.s3.eu-west-3.amazonaws.com\/2021\/03\/agricoopvalue-logo-final.jpg\" \/>\n<meta name=\"twitter:card\" content=\"summary_large_image\" \/>\n<meta name=\"twitter:label1\" content=\"Tempo de lectura\" \/>\n\t<meta name=\"twitter:data1\" content=\"3 minutos\" \/>\n<script type=\"application\/ld+json\" class=\"yoast-schema-graph\">{\"@context\":\"https:\/\/schema.org\",\"@graph\":[{\"@type\":\"WebPage\",\"@id\":\"https:\/\/agaca.coop\/gl\/agricoopvalue\/\",\"url\":\"https:\/\/agaca.coop\/gl\/agricoopvalue\/\",\"name\":\"AgriCoopValue - AGACA\",\"isPartOf\":{\"@id\":\"https:\/\/agaca.coop\/#website\"},\"datePublished\":\"2022-01-13T09:20:05+00:00\",\"dateModified\":\"2023-11-27T15:08:34+00:00\",\"breadcrumb\":{\"@id\":\"https:\/\/agaca.coop\/gl\/agricoopvalue\/#breadcrumb\"},\"inLanguage\":\"gl-ES\",\"potentialAction\":[{\"@type\":\"ReadAction\",\"target\":[\"https:\/\/agaca.coop\/gl\/agricoopvalue\/\"]}]},{\"@type\":\"BreadcrumbList\",\"@id\":\"https:\/\/agaca.coop\/gl\/agricoopvalue\/#breadcrumb\",\"itemListElement\":[{\"@type\":\"ListItem\",\"position\":1,\"name\":\"Portada\",\"item\":\"https:\/\/agaca.coop\/gl\/\"},{\"@type\":\"ListItem\",\"position\":2,\"name\":\"AgriCoopValue\"}]},{\"@type\":\"WebSite\",\"@id\":\"https:\/\/agaca.coop\/#website\",\"url\":\"https:\/\/agaca.coop\/\",\"name\":\"AGACA\",\"description\":\"Asociaci\u00f3n Galega de Cooperativas Agrarias\",\"potentialAction\":[{\"@type\":\"SearchAction\",\"target\":{\"@type\":\"EntryPoint\",\"urlTemplate\":\"https:\/\/agaca.coop\/?s={search_term_string}\"},\"query-input\":\"required name=search_term_string\"}],\"inLanguage\":\"gl-ES\"}]}<\/script>\n<!-- \/ Yoast SEO plugin. -->","yoast_head_json":{"title":"AgriCoopValue - AGACA","robots":{"index":"index","follow":"follow","max-snippet":"max-snippet:-1","max-image-preview":"max-image-preview:large","max-video-preview":"max-video-preview:-1"},"canonical":"https:\/\/agaca.coop\/gl\/agricoopvalue\/","og_locale":"gl_ES","og_type":"article","og_title":"AgriCoopValue - AGACA","og_description":"[vc_row full_width=&#8221;stretch_row&#8221; vc_row_background=&#8221;&#8221;][vc_column][vc_column_text]\u201cMonetizaci\u00f3n do valor social das cooperativas agroalimentarias no rural europeo\u201d AgriCoopValue \u00e9 un proxecto de formaci\u00f3n que ten como obxectivo crear un marco propicio para a aplicaci\u00f3n dun sistema de contabilidade social unificado para as cooperativas agroalimentarias a nivel europeo, co fin de monetizar o seu valor social e determinar a s\u00faa capacidade [&hellip;]","og_url":"https:\/\/agaca.coop\/gl\/agricoopvalue\/","og_site_name":"AGACA","article_modified_time":"2023-11-27T15:08:34+00:00","og_image":[{"url":"https:\/\/agaca.s3.eu-west-3.amazonaws.com\/2021\/03\/agricoopvalue-logo-final.jpg"}],"twitter_card":"summary_large_image","twitter_misc":{"Tempo de lectura":"3 minutos"},"schema":{"@context":"https:\/\/schema.org","@graph":[{"@type":"WebPage","@id":"https:\/\/agaca.coop\/gl\/agricoopvalue\/","url":"https:\/\/agaca.coop\/gl\/agricoopvalue\/","name":"AgriCoopValue - AGACA","isPartOf":{"@id":"https:\/\/agaca.coop\/#website"},"datePublished":"2022-01-13T09:20:05+00:00","dateModified":"2023-11-27T15:08:34+00:00","breadcrumb":{"@id":"https:\/\/agaca.coop\/gl\/agricoopvalue\/#breadcrumb"},"inLanguage":"gl-ES","potentialAction":[{"@type":"ReadAction","target":["https:\/\/agaca.coop\/gl\/agricoopvalue\/"]}]},{"@type":"BreadcrumbList","@id":"https:\/\/agaca.coop\/gl\/agricoopvalue\/#breadcrumb","itemListElement":[{"@type":"ListItem","position":1,"name":"Portada","item":"https:\/\/agaca.coop\/gl\/"},{"@type":"ListItem","position":2,"name":"AgriCoopValue"}]},{"@type":"WebSite","@id":"https:\/\/agaca.coop\/#website","url":"https:\/\/agaca.coop\/","name":"AGACA","description":"Asociaci\u00f3n Galega de Cooperativas Agrarias","potentialAction":[{"@type":"SearchAction","target":{"@type":"EntryPoint","urlTemplate":"https:\/\/agaca.coop\/?s={search_term_string}"},"query-input":"required name=search_term_string"}],"inLanguage":"gl-ES"}]}},"_links":{"self":[{"href":"https:\/\/agaca.coop\/gl\/wp-json\/wp\/v2\/pages\/11725","targetHints":{"allow":["GET"]}}],"collection":[{"href":"https:\/\/agaca.coop\/gl\/wp-json\/wp\/v2\/pages"}],"about":[{"href":"https:\/\/agaca.coop\/gl\/wp-json\/wp\/v2\/types\/page"}],"author":[{"embeddable":true,"href":"https:\/\/agaca.coop\/gl\/wp-json\/wp\/v2\/users\/2"}],"replies":[{"embeddable":true,"href":"https:\/\/agaca.coop\/gl\/wp-json\/wp\/v2\/comments?post=11725"}],"version-history":[{"count":10,"href":"https:\/\/agaca.coop\/gl\/wp-json\/wp\/v2\/pages\/11725\/revisions"}],"predecessor-version":[{"id":18543,"href":"https:\/\/agaca.coop\/gl\/wp-json\/wp\/v2\/pages\/11725\/revisions\/18543"}],"wp:attachment":[{"href":"https:\/\/agaca.coop\/gl\/wp-json\/wp\/v2\/media?parent=11725"}],"curies":[{"name":"wp","href":"https:\/\/api.w.org\/{rel}","templated":true}]}}